{"id":8219,"date":"2021-12-23T10:57:51","date_gmt":"2021-12-23T09:57:51","guid":{"rendered":"https:\/\/vilagrasa.omitsisdev.com\/politique-en-matiere-de-cookies\/"},"modified":"2024-11-12T08:52:50","modified_gmt":"2024-11-12T07:52:50","slug":"politique-en-matiere-de-cookies","status":"publish","type":"page","link":"https:\/\/vilagrasa.com\/fr\/politique-en-matiere-de-cookies\/","title":{"rendered":"Politique en mati\u00e8re de cookies"},"content":{"rendered":"<p>[et_pb_section fb_built=&#8221;1&#8243; _builder_version=&#8221;4.27.0&#8243; hover_enabled=&#8221;0&#8243; global_colors_info=&#8221;{}&#8221; background_color=&#8221;#DDD7D3&#8243; sticky_enabled=&#8221;0&#8243;][et_pb_row _builder_version=&#8221;4.27.0&#8243; _module_preset=&#8221;default&#8221; locked=&#8221;off&#8221; custom_padding=&#8221;||6px|||&#8221;][et_pb_column _builder_version=&#8221;4.27.0&#8243; _module_preset=&#8221;default&#8221; type=&#8221;4_4&#8243;][et_pb_heading title=&#8221;@ET-DC@eyJkeW5hbWljIjp0cnVlLCJjb250ZW50IjoicG9zdF90aXRsZSIsInNldHRpbmdzIjp7ImJlZm9yZSI6IiIsImFmdGVyIjoiIn19@&#8221; _builder_version=&#8221;4.27.2&#8243; _dynamic_attributes=&#8221;title&#8221; _module_preset=&#8221;default&#8221; title_text_align=&#8221;left&#8221; title_text_color=&#8221;#000000&#8243; title_font_size=&#8221;70px&#8221; global_colors_info=&#8221;{}&#8221; locked=&#8221;off&#8221;][\/et_pb_heading][\/et_pb_column][\/et_pb_row][et_pb_row _builder_version=&#8221;4.16&#8243; background_size=&#8221;initial&#8221; background_position=&#8221;top_left&#8221; background_repeat=&#8221;repeat&#8221; global_colors_info=&#8221;{}&#8221;][et_pb_column type=&#8221;4_4&#8243; _builder_version=&#8221;4.16&#8243; custom_padding=&#8221;|||&#8221; pac_dcm_carousel_specific_module_num=&#8221;0&#8243; global_colors_info=&#8221;{}&#8221; custom_padding__hover=&#8221;|||&#8221;][et_pb_text _builder_version=&#8221;4.27.0&#8243; background_size=&#8221;initial&#8221; background_position=&#8221;top_left&#8221; background_repeat=&#8221;repeat&#8221; hover_enabled=&#8221;0&#8243; global_colors_info=&#8221;{}&#8221; sticky_enabled=&#8221;0&#8243;]<\/p>\n<h4>Qu\u2019est-ce qu\u2019un cookie ?<\/h4>\n<p>Un cookie est un fichier qui est t\u00e9l\u00e9charg\u00e9 sur votre ordinateur lorsque l\u2019utilisateur acc\u00e8de \u00e0 certaines pages web. Les cookies permettent \u00e0 un site web, entre autres, de stocker et de r\u00e9cup\u00e9rer des informations sur les habitudes de navigation d\u2019un utilisateur ou de son ordinateur et, en fonction des informations qu\u2019ils contiennent et de la fa\u00e7on dont il utilise son ordinateur, ils peuvent \u00eatre utilis\u00e9s pour reconna\u00eetre l\u2019utilisateur.<\/p>\n<h4>Quels types de cookies existe-t-il ?<\/h4>\n<p>Il existe plusieurs types de cookies en fonction de diff\u00e9rents crit\u00e8res :<\/p>\n<p>Selon le temps qu\u2019ils restent activ\u00e9s :<\/p>\n<ul>\n<li>Cookies de session : Con\u00e7us pour collecter et stocker des donn\u00e9es lorsque l\u2019utilisateur acc\u00e8de \u00e0 un site web.<\/li>\n<li>Cookies permanents : Donn\u00e9es stock\u00e9es dans le terminal pour une p\u00e9riode d\u00e9finie par le responsable du cookie.<\/li>\n<\/ul>\n<p>En fonction de la propri\u00e9t\u00e9 :<\/p>\n<ul>\n<li>Ses propres cookies : Ceux qui appartiennent \u00e0 VILAGRASA.<\/li>\n<li>Cookies de tierces parties : Appartiennent \u00e0 un tiers autre que VILAGRASA.<\/li>\n<\/ul>\n<p>En fonction de leur objectif :<\/p>\n<ul>\n<li>Cookies techniques et\/ou de personnalisation : Am\u00e9liorent le service, localisent les incidents, reconnaissent l\u2019utilisateur, etc.<\/li>\n<li>Cookies d\u2019analyse et\/ou de publicit\u00e9 : Analysent les informations de navigation et proposent des publicit\u00e9s, g\u00e9n\u00e9riques ou personnalis\u00e9es.<\/li>\n<\/ul>\n<h4>Quels sont les types de cookies les plus courants ?<\/h4>\n<p>TECHNIQUE : Cookies de session, d\u2019identification, de configuration et d\u2019enregistrement, strictement n\u00e9cessaires \u00e0 l\u2019identification de l\u2019utilisateur et \u00e0 la fourniture des services demand\u00e9s. Trait\u00e9s uniquement par VILAGRASA.<\/p>\n<p>ANALYSE : Permettent de quantifier le nombre d\u2019utilisateurs et d\u2019analyser statistiquement l\u2019utilisation faite du service. Navigation analys\u00e9e pour am\u00e9liorer l\u2019offre de produits\/services.<\/p>\n<p>PUBLICIT\u00c9 : G\u00e8rent efficacement les espaces publicitaires et stockent des informations sur le comportement de l\u2019utilisateur pour proposer des publicit\u00e9s adapt\u00e9es \u00e0 leur profil de navigation.<\/p>\n<h4>\u00c0 quoi sert un cookie ?<\/h4>\n<p>Les cookies sont utilis\u00e9s pour vous offrir des services et\/ou des publicit\u00e9s personnalis\u00e9s, analyser le fonctionnement du syst\u00e8me, vous reconna\u00eetre lorsque vous acc\u00e9dez en tant qu\u2019utilisateur, localiser les incidents et analyser l\u2019utilisation du site web.<\/p>\n<h4>Mon consentement est-il n\u00e9cessaire pour installer un cookie ?<\/h4>\n<p>Le consentement n\u2019est pas requis pour les cookies techniques ou ceux strictement n\u00e9cessaires \u00e0 la fourniture d\u2019un service demand\u00e9. Pour les autres, le consentement peut \u00eatre r\u00e9voqu\u00e9 \u00e0 tout moment.<\/p>\n<h4>Quels types de cookies ce site web utilise-t-il ?<\/h4>\n<p>Cookies techniques : Cr\u00e9\u00e9s et g\u00e9r\u00e9s uniquement par nous, permettant la navigation et l\u2019acc\u00e8s aux zones restreintes sur notre site web.<\/p>\n<p>Le site web de VILAGRASA utilise (ou pourrait utiliser) Google Analytics, un outil d\u2019analyse web de Google. Google Analytics utilise des cookies pour collecter des informations, y compris l\u2019adresse IP de l\u2019utilisateur.<\/p>\n<p>Pour plus d\u2019informations, voir :<\/p>\n<p>https:\/\/developers.google.com\/analytics\/devguides\/collection\/analyticsjs\/cookie-usage<\/p>\n<p>Le domaine web www.vilagrasa.com utilise les types de cookies suivants :<\/p>\n<table>\n<tr>\n<td>Nom du cookie<\/td>\n<td>Objectif<\/td>\n<td>Expire<\/td>\n<\/tr>\n<tr>\n<td>_ga<\/td>\n<td>Cookie de Google Analytics utilis\u00e9 pour distinguer les utilisateurs.<\/td>\n<td>2 ans<\/td>\n<\/tr>\n<tr>\n<td>_gat_gtag_UA_11739236_37<\/td>\n<td>Utilis\u00e9 par Google Analytics pour collecter des informations de navigation.<\/td>\n<td>Cl\u00f4ture de la session<\/td>\n<\/tr>\n<tr>\n<td>_gid<\/td>\n<td>Cookie de Google Analytics utilis\u00e9 pour distinguer les utilisateurs.<\/td>\n<td>24 heures<\/td>\n<\/tr>\n<tr>\n<td>1P_JAR<\/td>\n<td>Cookie de Google. Transf\u00e8re des donn\u00e9es \u00e0 Google.<\/td>\n<td>1 semaine<\/td>\n<\/tr>\n<tr>\n<td>ANID<\/td>\n<td>Cookie publicitaire. Mesure les performances des publicit\u00e9s.<\/td>\n<td>1 an<\/td>\n<\/tr>\n<tr>\n<td>CONSENTEMENT<\/td>\n<td>Impl\u00e9mente certains utilitaires Google et peut enregistrer certaines pr\u00e9f\u00e9rences.<\/td>\n<td>2 ans<\/td>\n<\/tr>\n<tr>\n<td>NID<\/td>\n<td>Impl\u00e9mente certains utilitaires Google et peut enregistrer certaines pr\u00e9f\u00e9rences.<\/td>\n<td>6 mois<\/td>\n<\/tr>\n<\/table>\n<h4>Comment d\u00e9sactiver les cookies ?<\/h4>\n<p>Vous pouvez autoriser, bloquer ou supprimer les cookies install\u00e9s sur votre ordinateur en configurant les options de votre navigateur :<\/p>\n<ul>\n<li>Firefox : <a href=\"https:\/\/support.mozilla.org\/es\/kb\/habilitar-y-deshabilitar-cookies-sitios-web-rastrear-preferencias?redirectlocale=es&#038;redirectslug=habilitar-y-deshabilitar-cookies-que-los-sitios-we\">Aide<\/a><\/li>\n<li>Chrome : <a href=\"https:\/\/support.google.com\/chrome\/answer\/95647?hl=es\">Aide<\/a><\/li>\n<li>Internet Explorer : <a href=\"https:\/\/support.microsoft.com\/es-es\/products\/windows?os=windows-10\">Aide<\/a><\/li>\n<li>Safari : <a href=\"https:\/\/support.apple.com\/kb\/ph5042?locale=es_ES\">Aide<\/a><\/li>\n<li>Safari pour iOS : <a href=\"https:\/\/support.apple.com\/es-es\/HT201265\">Aide<\/a><\/li>\n<\/ul>\n<p>[\/et_pb_text][\/et_pb_column][\/et_pb_row][\/et_pb_section]<\/p>\n","protected":false},"excerpt":{"rendered":"<p>Qu\u2019est-ce qu\u2019un cookie ? Un cookie est un fichier qui est t\u00e9l\u00e9charg\u00e9 sur votre ordinateur lorsque l\u2019utilisateur acc\u00e8de \u00e0 certaines pages web. Les cookies permettent \u00e0 un site web, entre autres, de stocker et de r\u00e9cup\u00e9rer des informations sur les habitudes de navigation d\u2019un utilisateur ou de son ordinateur et, en fonction des informations qu\u2019ils [&hellip;]<\/p>\n","protected":false},"author":2,"featured_media":0,"parent":0,"menu_order":0,"comment_status":"closed","ping_status":"closed","template":"","meta":{"_acf_changed":false,"_et_pb_use_builder":"on","_et_pb_old_content":"","_et_gb_content_width":"","inline_featured_image":false,"footnotes":""},"class_list":["post-8219","page","type-page","status-publish","hentry"],"acf":[],"yoast_head":"<!-- This site is optimized with the Yoast SEO plugin v27.3 - https:\/\/yoast.com\/product\/yoast-seo-wordpress\/ -->\n<title>Politique en mati\u00e8re de cookies - Vilagrasa<\/title>\n<meta name=\"robots\" content=\"noindex, follow\" \/>\n<meta property=\"og:locale\" content=\"fr_FR\" \/>\n<meta property=\"og:type\" content=\"article\" \/>\n<meta property=\"og:title\" content=\"Politique en mati\u00e8re de cookies - Vilagrasa\" \/>\n<meta property=\"og:description\" content=\"Qu\u2019est-ce qu\u2019un cookie ? Un cookie est un fichier qui est t\u00e9l\u00e9charg\u00e9 sur votre ordinateur lorsque l\u2019utilisateur acc\u00e8de \u00e0 certaines pages web. Les cookies permettent \u00e0 un site web, entre autres, de stocker et de r\u00e9cup\u00e9rer des informations sur les habitudes de navigation d\u2019un utilisateur ou de son ordinateur et, en fonction des informations qu\u2019ils [&hellip;]\" \/>\n<meta property=\"og:url\" content=\"https:\/\/vilagrasa.com\/fr\/politique-en-matiere-de-cookies\/\" \/>\n<meta property=\"og:site_name\" content=\"Vilagrasa\" \/>\n<meta property=\"article:modified_time\" content=\"2024-11-12T07:52:50+00:00\" \/>\n<meta name=\"twitter:card\" content=\"summary_large_image\" \/>\n<script type=\"application\/ld+json\" class=\"yoast-schema-graph\">{\"@context\":\"https:\\\/\\\/schema.org\",\"@graph\":[{\"@type\":\"WebPage\",\"@id\":\"https:\\\/\\\/vilagrasa.com\\\/fr\\\/politique-en-matiere-de-cookies\\\/\",\"url\":\"https:\\\/\\\/vilagrasa.com\\\/fr\\\/politique-en-matiere-de-cookies\\\/\",\"name\":\"Politique en mati\u00e8re de cookies - Vilagrasa\",\"isPartOf\":{\"@id\":\"https:\\\/\\\/vilagrasa.com\\\/fr\\\/#website\"},\"datePublished\":\"2021-12-23T09:57:51+00:00\",\"dateModified\":\"2024-11-12T07:52:50+00:00\",\"breadcrumb\":{\"@id\":\"https:\\\/\\\/vilagrasa.com\\\/fr\\\/politique-en-matiere-de-cookies\\\/#breadcrumb\"},\"inLanguage\":\"fr-FR\",\"potentialAction\":[{\"@type\":\"ReadAction\",\"target\":[\"https:\\\/\\\/vilagrasa.com\\\/fr\\\/politique-en-matiere-de-cookies\\\/\"]}]},{\"@type\":\"BreadcrumbList\",\"@id\":\"https:\\\/\\\/vilagrasa.com\\\/fr\\\/politique-en-matiere-de-cookies\\\/#breadcrumb\",\"itemListElement\":[{\"@type\":\"ListItem\",\"position\":1,\"name\":\"Inici\",\"item\":\"https:\\\/\\\/vilagrasa.com\\\/fr\\\/\"},{\"@type\":\"ListItem\",\"position\":2,\"name\":\"Politique en mati\u00e8re de cookies\"}]},{\"@type\":\"WebSite\",\"@id\":\"https:\\\/\\\/vilagrasa.com\\\/fr\\\/#website\",\"url\":\"https:\\\/\\\/vilagrasa.com\\\/fr\\\/\",\"name\":\"Vilagrasa\",\"description\":\"Fabricante de mobiliario urbano - Papeleras de dise\u00f1o\",\"potentialAction\":[{\"@type\":\"SearchAction\",\"target\":{\"@type\":\"EntryPoint\",\"urlTemplate\":\"https:\\\/\\\/vilagrasa.com\\\/fr\\\/?s={search_term_string}\"},\"query-input\":{\"@type\":\"PropertyValueSpecification\",\"valueRequired\":true,\"valueName\":\"search_term_string\"}}],\"inLanguage\":\"fr-FR\"}]}<\/script>\n<!-- \/ Yoast SEO plugin. -->","yoast_head_json":{"title":"Politique en mati\u00e8re de cookies - Vilagrasa","robots":{"index":"noindex","follow":"follow"},"og_locale":"fr_FR","og_type":"article","og_title":"Politique en mati\u00e8re de cookies - Vilagrasa","og_description":"Qu\u2019est-ce qu\u2019un cookie ? Un cookie est un fichier qui est t\u00e9l\u00e9charg\u00e9 sur votre ordinateur lorsque l\u2019utilisateur acc\u00e8de \u00e0 certaines pages web. Les cookies permettent \u00e0 un site web, entre autres, de stocker et de r\u00e9cup\u00e9rer des informations sur les habitudes de navigation d\u2019un utilisateur ou de son ordinateur et, en fonction des informations qu\u2019ils [&hellip;]","og_url":"https:\/\/vilagrasa.com\/fr\/politique-en-matiere-de-cookies\/","og_site_name":"Vilagrasa","article_modified_time":"2024-11-12T07:52:50+00:00","twitter_card":"summary_large_image","schema":{"@context":"https:\/\/schema.org","@graph":[{"@type":"WebPage","@id":"https:\/\/vilagrasa.com\/fr\/politique-en-matiere-de-cookies\/","url":"https:\/\/vilagrasa.com\/fr\/politique-en-matiere-de-cookies\/","name":"Politique en mati\u00e8re de cookies - Vilagrasa","isPartOf":{"@id":"https:\/\/vilagrasa.com\/fr\/#website"},"datePublished":"2021-12-23T09:57:51+00:00","dateModified":"2024-11-12T07:52:50+00:00","breadcrumb":{"@id":"https:\/\/vilagrasa.com\/fr\/politique-en-matiere-de-cookies\/#breadcrumb"},"inLanguage":"fr-FR","potentialAction":[{"@type":"ReadAction","target":["https:\/\/vilagrasa.com\/fr\/politique-en-matiere-de-cookies\/"]}]},{"@type":"BreadcrumbList","@id":"https:\/\/vilagrasa.com\/fr\/politique-en-matiere-de-cookies\/#breadcrumb","itemListElement":[{"@type":"ListItem","position":1,"name":"Inici","item":"https:\/\/vilagrasa.com\/fr\/"},{"@type":"ListItem","position":2,"name":"Politique en mati\u00e8re de cookies"}]},{"@type":"WebSite","@id":"https:\/\/vilagrasa.com\/fr\/#website","url":"https:\/\/vilagrasa.com\/fr\/","name":"Vilagrasa","description":"Fabricante de mobiliario urbano - Papeleras de dise\u00f1o","potentialAction":[{"@type":"SearchAction","target":{"@type":"EntryPoint","urlTemplate":"https:\/\/vilagrasa.com\/fr\/?s={search_term_string}"},"query-input":{"@type":"PropertyValueSpecification","valueRequired":true,"valueName":"search_term_string"}}],"inLanguage":"fr-FR"}]}},"_links":{"self":[{"href":"https:\/\/vilagrasa.com\/fr\/wp-json\/wp\/v2\/pages\/8219","targetHints":{"allow":["GET"]}}],"collection":[{"href":"https:\/\/vilagrasa.com\/fr\/wp-json\/wp\/v2\/pages"}],"about":[{"href":"https:\/\/vilagrasa.com\/fr\/wp-json\/wp\/v2\/types\/page"}],"author":[{"embeddable":true,"href":"https:\/\/vilagrasa.com\/fr\/wp-json\/wp\/v2\/users\/2"}],"replies":[{"embeddable":true,"href":"https:\/\/vilagrasa.com\/fr\/wp-json\/wp\/v2\/comments?post=8219"}],"version-history":[{"count":8,"href":"https:\/\/vilagrasa.com\/fr\/wp-json\/wp\/v2\/pages\/8219\/revisions"}],"predecessor-version":[{"id":251224,"href":"https:\/\/vilagrasa.com\/fr\/wp-json\/wp\/v2\/pages\/8219\/revisions\/251224"}],"wp:attachment":[{"href":"https:\/\/vilagrasa.com\/fr\/wp-json\/wp\/v2\/media?parent=8219"}],"curies":[{"name":"wp","href":"https:\/\/api.w.org\/{rel}","templated":true}]}}