{"id":8207,"date":"2021-12-23T10:55:46","date_gmt":"2021-12-23T09:55:46","guid":{"rendered":"https:\/\/vilagrasa.omitsisdev.com\/avis-juridique\/"},"modified":"2024-11-12T08:52:01","modified_gmt":"2024-11-12T07:52:01","slug":"avis-juridique","status":"publish","type":"page","link":"https:\/\/vilagrasa.com\/fr\/avis-juridique\/","title":{"rendered":"Avis juridique"},"content":{"rendered":"<p>[et_pb_section fb_built=&#8221;1&#8243; _builder_version=&#8221;4.27.0&#8243; background_color=&#8221;#DDD7D3&#8243; width=&#8221;100%&#8221; global_colors_info=&#8221;{}&#8221;][et_pb_row _builder_version=&#8221;4.27.0&#8243; _module_preset=&#8221;default&#8221; custom_padding=&#8221;||4px|||&#8221; locked=&#8221;off&#8221; global_colors_info=&#8221;{}&#8221;][et_pb_column type=&#8221;4_4&#8243; _builder_version=&#8221;4.27.0&#8243; _module_preset=&#8221;default&#8221; pac_dcm_carousel_specific_module_num=&#8221;0&#8243; global_colors_info=&#8221;{}&#8221;][et_pb_heading title=&#8221;@ET-DC@eyJkeW5hbWljIjp0cnVlLCJjb250ZW50IjoicG9zdF90aXRsZSIsInNldHRpbmdzIjp7ImJlZm9yZSI6IiIsImFmdGVyIjoiIn19@&#8221; _builder_version=&#8221;4.27.2&#8243; _dynamic_attributes=&#8221;title&#8221; _module_preset=&#8221;default&#8221; title_text_align=&#8221;left&#8221; title_text_color=&#8221;#000000&#8243; title_font_size=&#8221;70px&#8221; locked=&#8221;off&#8221; global_colors_info=&#8221;{}&#8221;][\/et_pb_heading][\/et_pb_column][\/et_pb_row][et_pb_row _builder_version=&#8221;4.16&#8243; background_size=&#8221;initial&#8221; background_position=&#8221;top_left&#8221; background_repeat=&#8221;repeat&#8221; global_colors_info=&#8221;{}&#8221;][et_pb_column type=&#8221;4_4&#8243; _builder_version=&#8221;4.16&#8243; custom_padding=&#8221;|||&#8221; pac_dcm_carousel_specific_module_num=&#8221;0&#8243; global_colors_info=&#8221;{}&#8221; custom_padding__hover=&#8221;|||&#8221;][et_pb_text _builder_version=&#8221;4.27.0&#8243; background_size=&#8221;initial&#8221; background_position=&#8221;top_left&#8221; background_repeat=&#8221;repeat&#8221; hover_enabled=&#8221;0&#8243; custom_css_main_element=&#8221;column-count:2;||column-gap: 40px;||column-rule-style: solid;||column-rule-color: #bbb;&#8221; global_colors_info=&#8221;{}&#8221; custom_css_main_element_tablet=&#8221;column-count:0;&#8221; custom_css_main_element_phone=&#8221;column-count:0;&#8221; custom_css_main_element_last_edited=&#8221;on|phone&#8221; sticky_enabled=&#8221;0&#8243;]<\/p>\n<p>Conform\u00e9ment \u00e0 l\u2019obligation d\u2019information contenue dans l\u2019article 10 de la loi 34\/2002, du 11 juillet, sur les services de la soci\u00e9t\u00e9 de l\u2019information et le commerce \u00e9lectronique, nous vous informons que le site Web et le portail Internet www.vilagrasa.com (ci-apr\u00e8s, le &#8220;site Web&#8221;) est la propri\u00e9t\u00e9 de VILAGRASA, S.A.U., (ci-apr\u00e8s, VILAGRASA) dont le si\u00e8ge social est situ\u00e9 Ctra. Santa Coloma, km. 46 de 17178 Les Preses (Girona) avec le num\u00e9ro CIF A08543340.<\/p>\n<p>Inscrit au Registre du commerce de Barcelone, volume 3003, folio 47, section 8, page GI57470, entr\u00e9e 44.<\/p>\n<h4><strong>Communications<\/strong><\/h4>\n<p>T\u00e9l\u00e9phone : +34 972 69 47 00<\/p>\n<p>e-mail: <a href=\"mailto:vilagrasa@vilagrasa.com\">vilagrasa@vilagrasa.com<\/a><\/p>\n<p>Le pr\u00e9sent avis juridique r\u00e9git les conditions d\u2019utilisation du portail Internet susmentionn\u00e9.<\/p>\n<h4>Droit applicable et juridiction<\/h4>\n<p>En g\u00e9n\u00e9ral, les relations entre VILAGRASA et les utilisateurs de ses services t\u00e9l\u00e9matiques sur le site web sont soumises \u00e0 la l\u00e9gislation et \u00e0 la juridiction espagnoles.<\/p>\n<p>Les parties renoncent express\u00e9ment \u00e0 toute autre juridiction qui pourrait leur correspondre et se soumettent express\u00e9ment aux Cours et Tribunaux d\u2019Olot pour r\u00e9soudre tout litige pouvant survenir dans l\u2019interpr\u00e9tation ou l\u2019ex\u00e9cution des pr\u00e9sentes conditions contractuelles.<\/p>\n<h4>Acceptation de l\u2019utilisateur<\/h4>\n<p>Le pr\u00e9sent avis juridique r\u00e9git l\u2019acc\u00e8s et l\u2019utilisation du site web que VILAGRASA met \u00e0 la disposition des utilisateurs d\u2019Internet. Est consid\u00e9r\u00e9e comme utilisateur toute personne qui acc\u00e8de, navigue, utilise ou participe aux services et activit\u00e9s du site web.<\/p>\n<p>L\u2019utilisateur est inform\u00e9 et accepte que l\u2019acc\u00e8s \u00e0 ce site web n\u2019implique en aucun cas le d\u00e9but d\u2019une relation commerciale avec VILAGRASA.<\/p>\n<p>En acc\u00e9dant et en naviguant sur le site, l\u2019utilisateur accepte l\u2019ensemble des pr\u00e9sentes conditions d\u2019utilisation. En cas de d\u00e9saccord avec les conditions, l\u2019utilisateur doit s\u2019abstenir d\u2019utiliser le site web.<\/p>\n<h4>Acc\u00e8s au site web<\/h4>\n<p>L\u2019acc\u00e8s au site par les utilisateurs est gratuit. Certains services peuvent faire l\u2019objet d\u2019un contrat pr\u00e9alable.<\/p>\n<p>S\u2019il est n\u00e9cessaire que l\u2019utilisateur fournisse des donn\u00e9es personnelles pour acc\u00e9der \u00e0 l\u2019un des services, la collecte et le traitement des donn\u00e9es seront effectu\u00e9s conform\u00e9ment \u00e0 la l\u00e9gislation en vigueur, plus pr\u00e9cis\u00e9ment au RGPD. Pour de plus amples informations, veuillez consulter notre politique de confidentialit\u00e9 <a href=\"https:\/\/vilagrasa.com\/politica-de-privacidad\">ici<\/a>.<\/p>\n<h4>Contenu et utilisation<\/h4>\n<p>L\u2019utilisateur doit visiter le site Web de mani\u00e8re responsable et conform\u00e9ment \u00e0 la l\u00e9gislation en vigueur, \u00e0 la bonne foi, au pr\u00e9sent avis l\u00e9gal et au respect des droits de propri\u00e9t\u00e9 intellectuelle et industrielle appartenant \u00e0 VILAGRASA ou \u00e0 toute autre personne physique ou morale.<\/p>\n<p>L\u2019utilisation de l\u2019un des contenus du site Web \u00e0 des fins qui sont ou pourraient \u00eatre illicites est strictement interdite, de m\u00eame que la r\u00e9alisation de toute action qui cause ou pourrait causer des dommages ou des alt\u00e9rations de toute nature non consentis par VILAGRASA, au site Web ou \u00e0 ses contenus.<\/p>\n<p>Le propri\u00e9taire du site web ne s\u2019identifie pas aux opinions qui y sont exprim\u00e9es par ses collaborateurs. L\u2019entreprise se r\u00e9serve le droit d\u2019apporter les modifications qu\u2019elle juge appropri\u00e9es \u00e0 son site web sans pr\u00e9avis, et peut changer, supprimer ou ajouter aussi bien le contenu et les services fournis par le site web que la mani\u00e8re dont ils sont pr\u00e9sent\u00e9s ou situ\u00e9s sur ses serveurs.<\/p>\n<p>Il est strictement interdit d\u2019utiliser l\u2019un des contenus du site Web \u00e0 des fins illicites, ou de r\u00e9aliser toute action qui cause ou peut causer des dommages ou des alt\u00e9rations de toute nature non consentis par VILAGRASA, au site Web ou \u00e0 ses contenus.<\/p>\n<h4>Propri\u00e9t\u00e9 intellectuelle et industrielle<\/h4>\n<p>Les droits de propri\u00e9t\u00e9 intellectuelle du contenu des pages web, de leur conception graphique et des codes sont la propri\u00e9t\u00e9 de VILAGRASA et, par cons\u00e9quent, leur reproduction, distribution, communication publique, transformation ou toute autre activit\u00e9 r\u00e9alis\u00e9e avec le contenu de la page web est interdite, m\u00eame si les sources sont cit\u00e9es, sauf avec le consentement pr\u00e9alable, expr\u00e8s et \u00e9crit de VILAGRASA. Tous les noms commerciaux, marques ou signes distinctifs de toute sorte contenus dans les pages web de l\u2019entreprise sont la propri\u00e9t\u00e9 de leurs propri\u00e9taires et sont prot\u00e9g\u00e9s par la loi.<\/p>\n<p>VILAGRASA ne conc\u00e8de aucune licence ou autorisation d\u2019utilisation d\u2019aucune sorte concernant ses droits de propri\u00e9t\u00e9 intellectuelle et industrielle ou toute autre propri\u00e9t\u00e9 ou droit en rapport avec le site web, et en aucun cas il ne sera compris que l\u2019acc\u00e8s et la navigation des utilisateurs impliquent une renonciation, une transmission, une licence ou une cession totale ou partielle de ces droits par VILAGRASA.<\/p>\n<p>Toute utilisation de ces contenus non pr\u00e9alablement autoris\u00e9e par VILAGRASA sera consid\u00e9r\u00e9e comme une violation grave des droits de propri\u00e9t\u00e9 intellectuelle ou industrielle et donnera lieu aux responsabilit\u00e9s l\u00e9galement \u00e9tablies. VILAGRASA se r\u00e9serve le droit de prendre les mesures judiciaires et extrajudiciaires appropri\u00e9es contre l\u2019utilisateur.<\/p>\n<h4>Responsabilit\u00e9 et garanties<\/h4>\n<p>VILAGRASA d\u00e9clare avoir adopt\u00e9 les mesures n\u00e9cessaires, dans la limite de ses possibilit\u00e9s et de l\u2019\u00e9tat de la technologie, pour assurer le bon fonctionnement de son site web et l\u2019absence de virus et de composants nuisibles. Toutefois, VILAGRASA ne peut \u00eatre tenue responsable des situations suivantes, qui sont \u00e9num\u00e9r\u00e9es \u00e0 titre d\u2019exemple, mais non limitatif :<\/p>\n<p>La continuit\u00e9 et la disponibilit\u00e9 des contenus.<\/p>\n<p>L\u2019absence d\u2019erreurs dans lesdits Contenus ou la correction de tout d\u00e9faut qui pourrait survenir.<\/p>\n<p>L\u2019absence de virus et\/ou d\u2019autres composants nuisibles.<\/p>\n<p>Les dommages caus\u00e9s par toute personne qui viole les syst\u00e8mes de s\u00e9curit\u00e9 de VILAGRASA.<\/p>\n<p>L\u2019utilisation que les utilisateurs peuvent faire des contenus inclus dans le site web. Par cons\u00e9quent, VILAGRASA ne garantit pas que l\u2019utilisation que les utilisateurs peuvent faire des contenus inclus dans le site web, le cas \u00e9ch\u00e9ant, soit conforme au pr\u00e9sent avis l\u00e9gal, ni que l\u2019utilisation du site web soit r\u00e9alis\u00e9e de mani\u00e8re diligente.<\/p>\n<p>L\u2019utilisation par les mineurs du site web ou l\u2019envoi de leurs donn\u00e9es personnelles sans l\u2019autorisation de leurs tuteurs, ces derniers \u00e9tant responsables de l\u2019utilisation qu\u2019ils font d\u2019Internet.<\/p>\n<p>Les contenus auxquels l\u2019utilisateur peut acc\u00e9der par des liens non autoris\u00e9s ou ceux introduits par les utilisateurs par le biais de commentaires ou d\u2019outils similaires.<\/p>\n<p>L\u2019introduction de donn\u00e9es erron\u00e9es par l\u2019utilisateur ou un tiers.<\/p>\n<p>VILAGRASA peut suspendre temporairement et sans pr\u00e9avis l\u2019acc\u00e8s au site web pour des op\u00e9rations de maintenance, de r\u00e9paration, de mise \u00e0 jour ou d\u2019am\u00e9lioration. Toutefois, lorsque les circonstances le permettront, VILAGRASA informera l\u2019utilisateur, avec un pr\u00e9avis suffisant, de la date \u00e0 laquelle les contenus seront suspendus.<\/p>\n<p>De m\u00eame, conform\u00e9ment aux articles 11 et 16 de la loi 34\/2002, du 11 juillet, sur les services de la soci\u00e9t\u00e9 de l\u2019information et le commerce \u00e9lectronique (LSSICE), VILAGRASA s\u2019engage \u00e0 supprimer ou, le cas \u00e9ch\u00e9ant, \u00e0 bloquer tout contenu qui pourrait affecter ou \u00eatre contraire \u00e0 la l\u00e9gislation en vigueur, aux droits des tiers ou \u00e0 la moralit\u00e9 et \u00e0 l\u2019ordre publics.<\/p>\n<h4>Cookies<\/h4>\n<p>VILAGRASA utilise des cookies pour optimiser et personnaliser votre navigation sur le site web. Les cookies sont des fichiers d\u2019information physiques qui sont stock\u00e9s dans le propre terminal de l\u2019utilisateur. Les informations collect\u00e9es par les cookies sont utilis\u00e9es pour faciliter la navigation de l\u2019utilisateur sur le portail et pour optimiser l\u2019exp\u00e9rience de navigation. Les donn\u00e9es recueillies par le biais des cookies peuvent \u00eatre partag\u00e9es avec les cr\u00e9ateurs de ces derniers, mais en aucun cas les informations obtenues par ces derniers ne seront associ\u00e9es \u00e0 des donn\u00e9es personnelles ou \u00e0 des donn\u00e9es permettant d\u2019identifier l\u2019utilisateur.<\/p>\n<p>Toutefois, si vous ne souhaitez pas que des cookies soient install\u00e9s sur votre disque dur, vous pouvez configurer votre navigateur pour emp\u00eacher l\u2019installation de ces fichiers. Pour plus d\u2019informations, veuillez consulter notre politique en mati\u00e8re de cookies <a href=\"https:\/\/vilagrasa.com\/politica-de-cookies\">ici<\/a>.<\/p>\n<h4>Liens<\/h4>\n<p>La pr\u00e9sence de liens sur le site de VILAGRASA vers d\u2019autres sites Internet est purement informative et n\u2019implique en aucun cas une suggestion, une invitation ou une recommandation \u00e0 leur \u00e9gard. VILAGRASA n\u2019assume pas la responsabilit\u00e9 du contenu d\u2019un lien appartenant \u00e0 un autre site<br \/>\n[\/et_pb_text][\/et_pb_column][\/et_pb_row][\/et_pb_section]<\/p>\n","protected":false},"excerpt":{"rendered":"<p>Conform\u00e9ment \u00e0 l\u2019obligation d\u2019information contenue dans l\u2019article 10 de la loi 34\/2002, du 11 juillet, sur les services de la soci\u00e9t\u00e9 de l\u2019information et le commerce \u00e9lectronique, nous vous informons que le site Web et le portail Internet www.vilagrasa.com (ci-apr\u00e8s, le &#8220;site Web&#8221;) est la propri\u00e9t\u00e9 de VILAGRASA, S.A.U., (ci-apr\u00e8s, VILAGRASA) dont le si\u00e8ge social [&hellip;]<\/p>\n","protected":false},"author":2,"featured_media":0,"parent":0,"menu_order":0,"comment_status":"closed","ping_status":"closed","template":"","meta":{"_acf_changed":false,"_et_pb_use_builder":"on","_et_pb_old_content":"","_et_gb_content_width":"","inline_featured_image":false,"footnotes":""},"class_list":["post-8207","page","type-page","status-publish","hentry"],"acf":[],"yoast_head":"<!-- This site is optimized with the Yoast SEO plugin v27.3 - https:\/\/yoast.com\/product\/yoast-seo-wordpress\/ -->\n<title>Avis juridique - Vilagrasa<\/title>\n<meta name=\"robots\" content=\"noindex, follow\" \/>\n<meta property=\"og:locale\" content=\"fr_FR\" \/>\n<meta property=\"og:type\" content=\"article\" \/>\n<meta property=\"og:title\" content=\"Avis juridique - Vilagrasa\" \/>\n<meta property=\"og:description\" content=\"Conform\u00e9ment \u00e0 l\u2019obligation d\u2019information contenue dans l\u2019article 10 de la loi 34\/2002, du 11 juillet, sur les services de la soci\u00e9t\u00e9 de l\u2019information et le commerce \u00e9lectronique, nous vous informons que le site Web et le portail Internet www.vilagrasa.com (ci-apr\u00e8s, le &quot;site Web&quot;) est la propri\u00e9t\u00e9 de VILAGRASA, S.A.U., (ci-apr\u00e8s, VILAGRASA) dont le si\u00e8ge social [&hellip;]\" \/>\n<meta property=\"og:url\" content=\"https:\/\/vilagrasa.com\/fr\/avis-juridique\/\" \/>\n<meta property=\"og:site_name\" content=\"Vilagrasa\" \/>\n<meta property=\"article:modified_time\" content=\"2024-11-12T07:52:01+00:00\" \/>\n<meta name=\"twitter:card\" content=\"summary_large_image\" \/>\n<script type=\"application\/ld+json\" class=\"yoast-schema-graph\">{\"@context\":\"https:\\\/\\\/schema.org\",\"@graph\":[{\"@type\":\"WebPage\",\"@id\":\"https:\\\/\\\/vilagrasa.com\\\/fr\\\/avis-juridique\\\/\",\"url\":\"https:\\\/\\\/vilagrasa.com\\\/fr\\\/avis-juridique\\\/\",\"name\":\"Avis juridique - Vilagrasa\",\"isPartOf\":{\"@id\":\"https:\\\/\\\/vilagrasa.com\\\/fr\\\/#website\"},\"datePublished\":\"2021-12-23T09:55:46+00:00\",\"dateModified\":\"2024-11-12T07:52:01+00:00\",\"breadcrumb\":{\"@id\":\"https:\\\/\\\/vilagrasa.com\\\/fr\\\/avis-juridique\\\/#breadcrumb\"},\"inLanguage\":\"fr-FR\",\"potentialAction\":[{\"@type\":\"ReadAction\",\"target\":[\"https:\\\/\\\/vilagrasa.com\\\/fr\\\/avis-juridique\\\/\"]}]},{\"@type\":\"BreadcrumbList\",\"@id\":\"https:\\\/\\\/vilagrasa.com\\\/fr\\\/avis-juridique\\\/#breadcrumb\",\"itemListElement\":[{\"@type\":\"ListItem\",\"position\":1,\"name\":\"Inici\",\"item\":\"https:\\\/\\\/vilagrasa.com\\\/fr\\\/\"},{\"@type\":\"ListItem\",\"position\":2,\"name\":\"Avis juridique\"}]},{\"@type\":\"WebSite\",\"@id\":\"https:\\\/\\\/vilagrasa.com\\\/fr\\\/#website\",\"url\":\"https:\\\/\\\/vilagrasa.com\\\/fr\\\/\",\"name\":\"Vilagrasa\",\"description\":\"Fabricante de mobiliario urbano - Papeleras de dise\u00f1o\",\"potentialAction\":[{\"@type\":\"SearchAction\",\"target\":{\"@type\":\"EntryPoint\",\"urlTemplate\":\"https:\\\/\\\/vilagrasa.com\\\/fr\\\/?s={search_term_string}\"},\"query-input\":{\"@type\":\"PropertyValueSpecification\",\"valueRequired\":true,\"valueName\":\"search_term_string\"}}],\"inLanguage\":\"fr-FR\"}]}<\/script>\n<!-- \/ Yoast SEO plugin. -->","yoast_head_json":{"title":"Avis juridique - Vilagrasa","robots":{"index":"noindex","follow":"follow"},"og_locale":"fr_FR","og_type":"article","og_title":"Avis juridique - Vilagrasa","og_description":"Conform\u00e9ment \u00e0 l\u2019obligation d\u2019information contenue dans l\u2019article 10 de la loi 34\/2002, du 11 juillet, sur les services de la soci\u00e9t\u00e9 de l\u2019information et le commerce \u00e9lectronique, nous vous informons que le site Web et le portail Internet www.vilagrasa.com (ci-apr\u00e8s, le \"site Web\") est la propri\u00e9t\u00e9 de VILAGRASA, S.A.U., (ci-apr\u00e8s, VILAGRASA) dont le si\u00e8ge social [&hellip;]","og_url":"https:\/\/vilagrasa.com\/fr\/avis-juridique\/","og_site_name":"Vilagrasa","article_modified_time":"2024-11-12T07:52:01+00:00","twitter_card":"summary_large_image","schema":{"@context":"https:\/\/schema.org","@graph":[{"@type":"WebPage","@id":"https:\/\/vilagrasa.com\/fr\/avis-juridique\/","url":"https:\/\/vilagrasa.com\/fr\/avis-juridique\/","name":"Avis juridique - Vilagrasa","isPartOf":{"@id":"https:\/\/vilagrasa.com\/fr\/#website"},"datePublished":"2021-12-23T09:55:46+00:00","dateModified":"2024-11-12T07:52:01+00:00","breadcrumb":{"@id":"https:\/\/vilagrasa.com\/fr\/avis-juridique\/#breadcrumb"},"inLanguage":"fr-FR","potentialAction":[{"@type":"ReadAction","target":["https:\/\/vilagrasa.com\/fr\/avis-juridique\/"]}]},{"@type":"BreadcrumbList","@id":"https:\/\/vilagrasa.com\/fr\/avis-juridique\/#breadcrumb","itemListElement":[{"@type":"ListItem","position":1,"name":"Inici","item":"https:\/\/vilagrasa.com\/fr\/"},{"@type":"ListItem","position":2,"name":"Avis juridique"}]},{"@type":"WebSite","@id":"https:\/\/vilagrasa.com\/fr\/#website","url":"https:\/\/vilagrasa.com\/fr\/","name":"Vilagrasa","description":"Fabricante de mobiliario urbano - Papeleras de dise\u00f1o","potentialAction":[{"@type":"SearchAction","target":{"@type":"EntryPoint","urlTemplate":"https:\/\/vilagrasa.com\/fr\/?s={search_term_string}"},"query-input":{"@type":"PropertyValueSpecification","valueRequired":true,"valueName":"search_term_string"}}],"inLanguage":"fr-FR"}]}},"_links":{"self":[{"href":"https:\/\/vilagrasa.com\/fr\/wp-json\/wp\/v2\/pages\/8207","targetHints":{"allow":["GET"]}}],"collection":[{"href":"https:\/\/vilagrasa.com\/fr\/wp-json\/wp\/v2\/pages"}],"about":[{"href":"https:\/\/vilagrasa.com\/fr\/wp-json\/wp\/v2\/types\/page"}],"author":[{"embeddable":true,"href":"https:\/\/vilagrasa.com\/fr\/wp-json\/wp\/v2\/users\/2"}],"replies":[{"embeddable":true,"href":"https:\/\/vilagrasa.com\/fr\/wp-json\/wp\/v2\/comments?post=8207"}],"version-history":[{"count":8,"href":"https:\/\/vilagrasa.com\/fr\/wp-json\/wp\/v2\/pages\/8207\/revisions"}],"predecessor-version":[{"id":251218,"href":"https:\/\/vilagrasa.com\/fr\/wp-json\/wp\/v2\/pages\/8207\/revisions\/251218"}],"wp:attachment":[{"href":"https:\/\/vilagrasa.com\/fr\/wp-json\/wp\/v2\/media?parent=8207"}],"curies":[{"name":"wp","href":"https:\/\/api.w.org\/{rel}","templated":true}]}}