{"id":8076,"date":"2022-03-10T17:24:42","date_gmt":"2022-03-10T16:24:42","guid":{"rendered":"https:\/\/vilagrasa.omitsisdev.com\/collections\/"},"modified":"2024-12-09T22:08:54","modified_gmt":"2024-12-09T21:08:54","slug":"collections","status":"publish","type":"page","link":"https:\/\/vilagrasa.com\/fr\/collections\/","title":{"rendered":"Collections"},"content":{"rendered":"<p>[et_pb_section fb_built=&#8221;1&#8243; admin_label=&#8221;section&#8221; _builder_version=&#8221;4.16&#8243; global_colors_info=&#8221;{}&#8221;][et_pb_row admin_label=&#8221;row&#8221; _builder_version=&#8221;4.16&#8243; background_size=&#8221;initial&#8221; background_position=&#8221;top_left&#8221; background_repeat=&#8221;repeat&#8221; global_colors_info=&#8221;{}&#8221;][et_pb_column type=&#8221;4_4&#8243; _builder_version=&#8221;4.16&#8243; custom_padding=&#8221;|||&#8221; pac_dcm_carousel_specific_module_num=&#8221;0&#8243; global_colors_info=&#8221;{}&#8221; custom_padding__hover=&#8221;|||&#8221;][et_pb_text admin_label=&#8221;Text&#8221; _builder_version=&#8221;4.16&#8243; background_size=&#8221;initial&#8221; background_position=&#8221;top_left&#8221; background_repeat=&#8221;repeat&#8221; global_colors_info=&#8221;{}&#8221;]<\/p>\n<p>Chez Vilagrasa, nous nous engageons \u00e0 offrir \u00e0 nos clients du mobilier de design de la plus haute qualit\u00e9 dans le but d&#8217;am\u00e9liorer la fonctionnalit\u00e9 et l&#8217;esth\u00e9tique de tout type d&#8217;espace. C&#8217;est pourquoi nous avons d\u00e9di\u00e9 cette section aux <strong>collections de mobilier de design<\/strong> sp\u00e9cialement s\u00e9lectionn\u00e9es par nos designers, o\u00f9 vous trouverez diff\u00e9rents \u00e9l\u00e9ments, tels que des corbeilles \u00e0 papier et d&#8217;autres types d&#8217;accessoires pour bureaux, espaces publics, infrastructures, secteur contract et domicile. Des produits de haute qualit\u00e9 et de design unique.<\/p>\n<p>Notre philosophie repose sur la conception de pi\u00e8ces qui apportent \u00e0 tout type d&#8217;espace une plus grande fonctionnalit\u00e9, contribuant \u00e0 rendre la vie des personnes plus simple et plus saine. Et nous savons que chaque espace a ses propres besoins et exigences, c&#8217;est pourquoi nous vous proposons nos <strong>collections de mobilier de design<\/strong> avec une large vari\u00e9t\u00e9 d&#8217;options pour s&#8217;adapter \u00e0 chacun d&#8217;entre eux.<\/p>\n<h2><strong>Collection de meubles sp\u00e9cialement s\u00e9lectionn\u00e9s<\/strong><\/h2>\n<p>Chez Vilagrasa, nous croyons que l&#8217;une des choses les plus essentielles dans tout espace est la propret\u00e9 et l&#8217;ordre. C&#8217;est pourquoi nous proposons une large vari\u00e9t\u00e9 d&#8217;\u00e9l\u00e9ments de design pour aider \u00e0 maintenir ces espaces en parfait \u00e9tat.<\/p>\n<p>Un des produits phares de notre <strong>collection de meubles de design<\/strong> est notre gamme de corbeilles de design, qui sont le compl\u00e9ment parfait pour tout contexte, que ce soit un bureau, une zone publique ou un domicile. Con\u00e7ues avec des mat\u00e9riaux de haute qualit\u00e9 et avec un style moderne et \u00e9l\u00e9gant, ces corbeilles sont r\u00e9sistantes et durables, et s&#8217;adaptent \u00e0 tout type de d\u00e9coration.<\/p>\n<p>Il s&#8217;agit d&#8217;une solution tr\u00e8s pratique et efficace, tout en \u00e9tant attrayante. C&#8217;est pourquoi cette s\u00e9lection ne pouvait pas manquer certains de nos mod\u00e8les pr\u00e9f\u00e9r\u00e9s, comme l&#8217;Ash, au design audacieux et exceptionnel, ou nos Iconic Ciclo, des corbeilles modulaires pouvant accueillir jusqu&#8217;\u00e0 trois types de d\u00e9chets diff\u00e9rents, con\u00e7ues pour un usage int\u00e9rieur dans les zones de passage.<\/p>\n<p>Mais vous ne trouverez pas seulement des corbeilles ici. Nous proposons \u00e9galement une large gamme d&#8217;accessoires de design pour les bureaux, tels que des porte-parapluies, ou m\u00eame des poteaux directionnels avec bande ou corde, enti\u00e8rement personnalisables pour diff\u00e9rents types d&#8217;\u00e9tablissements, tels que les h\u00f4tels, les mus\u00e9es ou les mairies. Con\u00e7us sp\u00e9cialement pour supporter un trafic intense et un usage intensif, apportant plus d&#8217;ordre, de style et de sophistication.<br \/>Nous sommes convaincus que chez Vilagrasa, vous trouverez une <strong>collection de meubles de design<\/strong> qui r\u00e9pondra \u00e0 vos besoins. Tout cela avec un design contemporain qui ajoutera une touche personnelle, unique et hautement fonctionnelle \u00e0 tout environnement. Parcourez nos collections et n&#8217;h\u00e9sitez pas \u00e0 nous contacter pour un conseil personnalis\u00e9.<\/p>\n<p>[\/et_pb_text][et_pb_text _builder_version=&#8221;4.27.2&#8243; _module_preset=&#8221;default&#8221; hover_enabled=&#8221;0&#8243; global_colors_info=&#8221;{}&#8221; sticky_enabled=&#8221;0&#8243;]<\/p>\n<div class=\"ad3-wrap ad3-shortcode colecciones \">\n    <div class=\"grid-container grid-3\">\n                    <div class=\"item-coleccion\">\n                <a href=\"https:\/\/vilagrasa.com\/fr\/colecciones\/ash-fr\/\">\n                    <img decoding=\"async\" src=\"https:\/\/vilagrasa.com\/wp-content\/uploads\/2022\/06\/ASH-768x1024.jpg\" alt=\"Ash\" class=\"image-4-3\"\n                         width=\"361\" height=\"270\"  loading=\"lazy\"\n                    >\n                <\/a>\n                <h3>\n                    <a href=\"https:\/\/vilagrasa.com\/fr\/colecciones\/ash-fr\/\">\n                        Ash\n                    <\/a>\n                <\/h3>\n            <\/div>\n                    <div class=\"item-coleccion\">\n                <a href=\"https:\/\/vilagrasa.com\/fr\/colecciones\/ciclo-fr\/\">\n                    <img decoding=\"async\" src=\"https:\/\/vilagrasa.com\/wp-content\/uploads\/2022\/06\/CICLO-2-768x512.jpg\" alt=\"Ciclo\" class=\"image-4-3\"\n                         width=\"361\" height=\"270\"  loading=\"lazy\"\n                    >\n                <\/a>\n                <h3>\n                    <a href=\"https:\/\/vilagrasa.com\/fr\/colecciones\/ciclo-fr\/\">\n                        Ciclo\n                    <\/a>\n                <\/h3>\n            <\/div>\n                    <div class=\"item-coleccion\">\n                <a href=\"https:\/\/vilagrasa.com\/fr\/colecciones\/mercuri-out-fr\/\">\n                    <img decoding=\"async\" src=\"https:\/\/vilagrasa.com\/wp-content\/uploads\/2025\/04\/MERCURI-OUT-768x1024.jpg\" alt=\"Mercuri Out\" class=\"image-4-3\"\n                         width=\"361\" height=\"270\"  loading=\"lazy\"\n                    >\n                <\/a>\n                <h3>\n                    <a href=\"https:\/\/vilagrasa.com\/fr\/colecciones\/mercuri-out-fr\/\">\n                        Mercuri Out\n                    <\/a>\n                <\/h3>\n            <\/div>\n                    <div class=\"item-coleccion\">\n                <a href=\"https:\/\/vilagrasa.com\/fr\/colecciones\/mercuri-fr\/\">\n                    <img decoding=\"async\" src=\"https:\/\/vilagrasa.com\/wp-content\/uploads\/2022\/06\/MERCURI-01-2-768x512.jpg\" alt=\"Mercuri\" class=\"image-4-3\"\n                         width=\"361\" height=\"270\"  loading=\"lazy\"\n                    >\n                <\/a>\n                <h3>\n                    <a href=\"https:\/\/vilagrasa.com\/fr\/colecciones\/mercuri-fr\/\">\n                        Mercuri\n                    <\/a>\n                <\/h3>\n            <\/div>\n            <\/div>\n<\/div>\n<p>[\/et_pb_text][\/et_pb_column][\/et_pb_row][\/et_pb_section]<\/p>\n","protected":false},"excerpt":{"rendered":"<p>Chez Vilagrasa, nous nous engageons \u00e0 offrir \u00e0 nos clients du mobilier de design de la plus haute qualit\u00e9 dans le but d&#8217;am\u00e9liorer la fonctionnalit\u00e9 et l&#8217;esth\u00e9tique de tout type d&#8217;espace. C&#8217;est pourquoi nous avons d\u00e9di\u00e9 cette section aux collections de mobilier de design sp\u00e9cialement s\u00e9lectionn\u00e9es par nos designers, o\u00f9 vous trouverez diff\u00e9rents \u00e9l\u00e9ments, tels [&hellip;]<\/p>\n","protected":false},"author":2,"featured_media":0,"parent":0,"menu_order":0,"comment_status":"closed","ping_status":"closed","template":"","meta":{"_acf_changed":false,"_et_pb_use_builder":"on","_et_pb_old_content":"","_et_gb_content_width":"","inline_featured_image":false,"footnotes":""},"class_list":["post-8076","page","type-page","status-publish","hentry"],"acf":[],"yoast_head":"<!-- This site is optimized with the Yoast SEO plugin v27.3 - https:\/\/yoast.com\/product\/yoast-seo-wordpress\/ -->\n<title>Collections de Meubles Design - Vilagrasa<\/title>\n<meta name=\"description\" content=\"Nos Collections de Mobilier Design, s\u00e9lectionn\u00e9es par nos designers, con\u00e7ues aussi bien pour l&#039;ext\u00e9rieur que pour l&#039;int\u00e9rieur.\" \/>\n<meta name=\"robots\" content=\"index, follow, max-snippet:-1, max-image-preview:large, max-video-preview:-1\" \/>\n<link rel=\"canonical\" href=\"https:\/\/vilagrasa.com\/fr\/collections\/\" \/>\n<meta property=\"og:locale\" content=\"fr_FR\" \/>\n<meta property=\"og:type\" content=\"article\" \/>\n<meta property=\"og:title\" content=\"Collections de Meubles Design - Vilagrasa\" \/>\n<meta property=\"og:description\" content=\"Nos Collections de Mobilier Design, s\u00e9lectionn\u00e9es par nos designers, con\u00e7ues aussi bien pour l&#039;ext\u00e9rieur que pour l&#039;int\u00e9rieur.\" \/>\n<meta property=\"og:url\" content=\"https:\/\/vilagrasa.com\/fr\/collections\/\" \/>\n<meta property=\"og:site_name\" content=\"Vilagrasa\" \/>\n<meta property=\"article:modified_time\" content=\"2024-12-09T21:08:54+00:00\" \/>\n<meta name=\"twitter:card\" content=\"summary_large_image\" \/>\n<script type=\"application\/ld+json\" class=\"yoast-schema-graph\">{\"@context\":\"https:\\\/\\\/schema.org\",\"@graph\":[{\"@type\":\"WebPage\",\"@id\":\"https:\\\/\\\/vilagrasa.com\\\/fr\\\/collections\\\/\",\"url\":\"https:\\\/\\\/vilagrasa.com\\\/fr\\\/collections\\\/\",\"name\":\"Collections de Meubles Design - Vilagrasa\",\"isPartOf\":{\"@id\":\"https:\\\/\\\/vilagrasa.com\\\/fr\\\/#website\"},\"datePublished\":\"2022-03-10T16:24:42+00:00\",\"dateModified\":\"2024-12-09T21:08:54+00:00\",\"description\":\"Nos Collections de Mobilier Design, s\u00e9lectionn\u00e9es par nos designers, con\u00e7ues aussi bien pour l'ext\u00e9rieur que pour l'int\u00e9rieur.\",\"breadcrumb\":{\"@id\":\"https:\\\/\\\/vilagrasa.com\\\/fr\\\/collections\\\/#breadcrumb\"},\"inLanguage\":\"fr-FR\",\"potentialAction\":[{\"@type\":\"ReadAction\",\"target\":[\"https:\\\/\\\/vilagrasa.com\\\/fr\\\/collections\\\/\"]}]},{\"@type\":\"BreadcrumbList\",\"@id\":\"https:\\\/\\\/vilagrasa.com\\\/fr\\\/collections\\\/#breadcrumb\",\"itemListElement\":[{\"@type\":\"ListItem\",\"position\":1,\"name\":\"Inici\",\"item\":\"https:\\\/\\\/vilagrasa.com\\\/fr\\\/\"},{\"@type\":\"ListItem\",\"position\":2,\"name\":\"Collections\"}]},{\"@type\":\"WebSite\",\"@id\":\"https:\\\/\\\/vilagrasa.com\\\/fr\\\/#website\",\"url\":\"https:\\\/\\\/vilagrasa.com\\\/fr\\\/\",\"name\":\"Vilagrasa\",\"description\":\"Fabricante de mobiliario urbano - Papeleras de dise\u00f1o\",\"potentialAction\":[{\"@type\":\"SearchAction\",\"target\":{\"@type\":\"EntryPoint\",\"urlTemplate\":\"https:\\\/\\\/vilagrasa.com\\\/fr\\\/?s={search_term_string}\"},\"query-input\":{\"@type\":\"PropertyValueSpecification\",\"valueRequired\":true,\"valueName\":\"search_term_string\"}}],\"inLanguage\":\"fr-FR\"}]}<\/script>\n<!-- \/ Yoast SEO plugin. -->","yoast_head_json":{"title":"Collections de Meubles Design - Vilagrasa","description":"Nos Collections de Mobilier Design, s\u00e9lectionn\u00e9es par nos designers, con\u00e7ues aussi bien pour l'ext\u00e9rieur que pour l'int\u00e9rieur.","robots":{"index":"index","follow":"follow","max-snippet":"max-snippet:-1","max-image-preview":"max-image-preview:large","max-video-preview":"max-video-preview:-1"},"canonical":"https:\/\/vilagrasa.com\/fr\/collections\/","og_locale":"fr_FR","og_type":"article","og_title":"Collections de Meubles Design - Vilagrasa","og_description":"Nos Collections de Mobilier Design, s\u00e9lectionn\u00e9es par nos designers, con\u00e7ues aussi bien pour l'ext\u00e9rieur que pour l'int\u00e9rieur.","og_url":"https:\/\/vilagrasa.com\/fr\/collections\/","og_site_name":"Vilagrasa","article_modified_time":"2024-12-09T21:08:54+00:00","twitter_card":"summary_large_image","schema":{"@context":"https:\/\/schema.org","@graph":[{"@type":"WebPage","@id":"https:\/\/vilagrasa.com\/fr\/collections\/","url":"https:\/\/vilagrasa.com\/fr\/collections\/","name":"Collections de Meubles Design - Vilagrasa","isPartOf":{"@id":"https:\/\/vilagrasa.com\/fr\/#website"},"datePublished":"2022-03-10T16:24:42+00:00","dateModified":"2024-12-09T21:08:54+00:00","description":"Nos Collections de Mobilier Design, s\u00e9lectionn\u00e9es par nos designers, con\u00e7ues aussi bien pour l'ext\u00e9rieur que pour l'int\u00e9rieur.","breadcrumb":{"@id":"https:\/\/vilagrasa.com\/fr\/collections\/#breadcrumb"},"inLanguage":"fr-FR","potentialAction":[{"@type":"ReadAction","target":["https:\/\/vilagrasa.com\/fr\/collections\/"]}]},{"@type":"BreadcrumbList","@id":"https:\/\/vilagrasa.com\/fr\/collections\/#breadcrumb","itemListElement":[{"@type":"ListItem","position":1,"name":"Inici","item":"https:\/\/vilagrasa.com\/fr\/"},{"@type":"ListItem","position":2,"name":"Collections"}]},{"@type":"WebSite","@id":"https:\/\/vilagrasa.com\/fr\/#website","url":"https:\/\/vilagrasa.com\/fr\/","name":"Vilagrasa","description":"Fabricante de mobiliario urbano - Papeleras de dise\u00f1o","potentialAction":[{"@type":"SearchAction","target":{"@type":"EntryPoint","urlTemplate":"https:\/\/vilagrasa.com\/fr\/?s={search_term_string}"},"query-input":{"@type":"PropertyValueSpecification","valueRequired":true,"valueName":"search_term_string"}}],"inLanguage":"fr-FR"}]}},"_links":{"self":[{"href":"https:\/\/vilagrasa.com\/fr\/wp-json\/wp\/v2\/pages\/8076","targetHints":{"allow":["GET"]}}],"collection":[{"href":"https:\/\/vilagrasa.com\/fr\/wp-json\/wp\/v2\/pages"}],"about":[{"href":"https:\/\/vilagrasa.com\/fr\/wp-json\/wp\/v2\/types\/page"}],"author":[{"embeddable":true,"href":"https:\/\/vilagrasa.com\/fr\/wp-json\/wp\/v2\/users\/2"}],"replies":[{"embeddable":true,"href":"https:\/\/vilagrasa.com\/fr\/wp-json\/wp\/v2\/comments?post=8076"}],"version-history":[{"count":9,"href":"https:\/\/vilagrasa.com\/fr\/wp-json\/wp\/v2\/pages\/8076\/revisions"}],"predecessor-version":[{"id":252701,"href":"https:\/\/vilagrasa.com\/fr\/wp-json\/wp\/v2\/pages\/8076\/revisions\/252701"}],"wp:attachment":[{"href":"https:\/\/vilagrasa.com\/fr\/wp-json\/wp\/v2\/media?parent=8076"}],"curies":[{"name":"wp","href":"https:\/\/api.w.org\/{rel}","templated":true}]}}