{"id":4304,"date":"2022-02-18T06:11:00","date_gmt":"2022-02-18T05:11:00","guid":{"rendered":"https:\/\/vilagrasa.omitsisdev.com\/a-propos-de-nous\/"},"modified":"2025-04-15T09:33:56","modified_gmt":"2025-04-15T08:33:56","slug":"a-propos-de-nous","status":"publish","type":"page","link":"https:\/\/vilagrasa.com\/fr\/a-propos-de-nous\/","title":{"rendered":"Nous"},"content":{"rendered":"<p>[et_pb_section fb_built=&#8221;1&#8243; admin_label=&#8221;Header&#8221; _builder_version=&#8221;4.27.2&#8243; _dynamic_attributes=&#8221;background_image&#8221; _module_preset=&#8221;default&#8221; background_color=&#8221;rgba(60,72,65,0.35)&#8221; background_image=&#8221;@ET-DC@eyJkeW5hbWljIjp0cnVlLCJjb250ZW50IjoicG9zdF9mZWF0dXJlZF9pbWFnZSIsInNldHRpbmdzIjp7fX0=@&#8221; background_blend=&#8221;multiply&#8221; height=&#8221;100vh&#8221; custom_margin=&#8221;-90px||||false|false&#8221; locked=&#8221;off&#8221; global_colors_info=&#8221;{}&#8221;][et_pb_row _builder_version=&#8221;4.27.2&#8243; _module_preset=&#8221;default&#8221; positioning=&#8221;absolute&#8221; position_origin_a=&#8221;center_center&#8221; global_colors_info=&#8221;{}&#8221;][et_pb_column type=&#8221;4_4&#8243; _builder_version=&#8221;4.27.2&#8243; _module_preset=&#8221;default&#8221; global_colors_info=&#8221;{}&#8221;][et_pb_heading title=&#8221;@ET-DC@eyJkeW5hbWljIjp0cnVlLCJjb250ZW50IjoicG9zdF90aXRsZSIsInNldHRpbmdzIjp7ImJlZm9yZSI6IiIsImFmdGVyIjoiIn19@&#8221; _builder_version=&#8221;4.27.2&#8243; _dynamic_attributes=&#8221;title&#8221; _module_preset=&#8221;default&#8221; global_colors_info=&#8221;{}&#8221;][\/et_pb_heading][et_pb_text _builder_version=&#8221;4.27.2&#8243; _dynamic_attributes=&#8221;content&#8221; _module_preset=&#8221;default&#8221; text_orientation=&#8221;center&#8221; background_layout=&#8221;dark&#8221; global_colors_info=&#8221;{}&#8221;]@ET-DC@eyJkeW5hbWljIjp0cnVlLCJjb250ZW50IjoicG9zdF9leGNlcnB0Iiwic2V0dGluZ3MiOnsiYmVmb3JlIjoiIiwiYWZ0ZXIiOiIiLCJ3b3JkcyI6IiIsInJlYWRfbW9yZV9sYWJlbCI6IiJ9fQ==@[\/et_pb_text][\/et_pb_column][\/et_pb_row][et_pb_row _builder_version=&#8221;4.27.2&#8243; _module_preset=&#8221;default&#8221; positioning=&#8221;absolute&#8221; position_origin_a=&#8221;bottom_center&#8221; global_colors_info=&#8221;{}&#8221;][et_pb_column type=&#8221;4_4&#8243; _builder_version=&#8221;4.27.2&#8243; _module_preset=&#8221;default&#8221; global_colors_info=&#8221;{}&#8221;][et_pb_text _builder_version=&#8221;4.27.0&#8243; _module_preset=&#8221;default&#8221; text_text_color=&#8221;#FFFFFF&#8221; text_font_size=&#8221;70px&#8221; text_orientation=&#8221;center&#8221; locked=&#8221;off&#8221; global_colors_info=&#8221;{}&#8221;]<\/p>\n<p>&nbsp;<\/p>\n<p>[\/et_pb_text][\/et_pb_column][\/et_pb_row][\/et_pb_section][et_pb_section fb_built=&#8221;1&#8243; _builder_version=&#8221;4.27.2&#8243; background_color=&#8221;#F0F0F0&#8243; custom_padding=&#8221;|0px||||&#8221; global_colors_info=&#8221;{}&#8221;][et_pb_row column_structure=&#8221;1_2,1_2&#8243; _builder_version=&#8221;4.27.2&#8243; background_size=&#8221;initial&#8221; background_position=&#8221;top_left&#8221; background_repeat=&#8221;repeat&#8221; global_colors_info=&#8221;{}&#8221;][et_pb_column type=&#8221;1_2&#8243; _builder_version=&#8221;4.16&#8243; custom_padding=&#8221;|||&#8221; global_colors_info=&#8221;{}&#8221; custom_padding__hover=&#8221;|||&#8221;][et_pb_text _builder_version=&#8221;4.27.2&#8243; background_size=&#8221;initial&#8221; background_position=&#8221;top_left&#8221; background_repeat=&#8221;repeat&#8221; global_colors_info=&#8221;{}&#8221;]<\/p>\n<p class=\"has-text-align-left\">Vilagrasa se pr\u00e9occupe des personnes et de leur environnement depuis 1957. C\u2019est pourquoi la conception de nos produits r\u00e9pond \u00e0 leurs utilisateurs et aux usages qu\u2019ils en font, quel que soit l\u2019espace dans lequel ils vivent. <\/p>\n<p><\/p>\n<p> Les produits Vilagrasa offrent aux personnes la possibilit\u00e9 de donner leur propre empreinte \u00e0 l\u2019espace dans lequel ils sont plac\u00e9s, car ils sont le r\u00e9sultat d\u2019une analyse minutieuse des besoins \u00e0 satisfaire dans cet espace. C\u2019est une fa\u00e7on de mettre en relation l\u2019architecture et les personnes, et en ce sens, nos produits contribuent \u00e0 faire du b\u00e2timent un lieu plus humain, au-del\u00e0 d\u2019un ensemble de murs, de meubles et de machines. <\/p>\n<p><\/p>\n<h2>Fabrication locale et durable<\/h2>\n<p><\/p>\n<p>Fond\u00e9e en 1957 \u00e0 Barcelone, Vilagrasa est n\u00e9e comme un atelier sp\u00e9cialis\u00e9 dans le repoussage des m\u00e9taux qui a grandi et s\u2019est positionn\u00e9 au niveau international avec des exportations dans plus de 50 pays.<\/p>\n<p><\/p>\n<p>Depuis ses d\u00e9buts, Vilagrasa a concentr\u00e9 ses efforts sur la production locale des meilleurs accessoires pour tout espace et pour cela nous travaillons avec nos propres mati\u00e8res premi\u00e8res et des fournisseurs fiables.<\/p>\n<p><\/p>\n<p>El reciclaje es una responsabilidad para todos y una obligaci\u00f3n para nosotros que lideramos el sector de las papeleras. Nuestro compromiso est\u00e1 en que no exista ning\u00fan espacio sin un punto de reciclaje, y para ello dise\u00f1amos papeleras de reciclaje de todo tipo para que puedan adaptarse al contexto de uso y de espacio. <\/p>\n<p>[\/et_pb_text][\/et_pb_column][et_pb_column type=&#8221;1_2&#8243; _builder_version=&#8221;4.16&#8243; custom_padding=&#8221;|||&#8221; global_colors_info=&#8221;{}&#8221; custom_padding__hover=&#8221;|||&#8221;][et_pb_image src=&#8221;https:\/\/vilagrasa.com\/wp-content\/uploads\/2023\/05\/VILAGRASA-EMPRESA-1-edited-scaled-1.jpg&#8221; alt=&#8221;VILAGRASA EMPRESA 1&#8243; title_text=&#8221;VILAGRASA EMPRESA 1 edited&#8221; _builder_version=&#8221;4.27.2&#8243; _module_preset=&#8221;default&#8221; global_colors_info=&#8221;{}&#8221;][\/et_pb_image][\/et_pb_column][\/et_pb_row][\/et_pb_section][et_pb_section fb_built=&#8221;1&#8243; _builder_version=&#8221;4.27.2&#8243; _module_preset=&#8221;default&#8221; background_color=&#8221;#3C4841&#8243; global_colors_info=&#8221;{}&#8221;][et_pb_row column_structure=&#8221;1_2,1_2&#8243; _builder_version=&#8221;4.27.2&#8243; _module_preset=&#8221;default&#8221; global_colors_info=&#8221;{}&#8221;][et_pb_column type=&#8221;1_2&#8243; _builder_version=&#8221;4.27.2&#8243; _module_preset=&#8221;default&#8221; global_colors_info=&#8221;{}&#8221;][et_pb_text _builder_version=&#8221;4.27.0&#8243; _module_preset=&#8221;default&#8221; background_layout=&#8221;dark&#8221; custom_margin=&#8221;||50px|||&#8221; global_colors_info=&#8221;{}&#8221;]<\/p>\n<h2>Catalogue<\/h2>\n<p><\/p>\n<p>Nous avons le plaisir de vous pr\u00e9senter la derni\u00e8re brochure de Vilagrasa, une publication tr\u00e8s visuelle des finitions et des collections Atlas et Cosmos, con\u00e7ues par Francesc Vilar\u00f3. Atlas et Cosmos, dessin\u00e9es par Francesc Vilar\u00f3. <\/p>\n<p>[\/et_pb_text][et_pb_button button_url=&#8221;@ET-DC@eyJkeW5hbWljIjp0cnVlLCJjb250ZW50IjoicG9zdF9saW5rX3VybF9hdHRhY2htZW50Iiwic2V0dGluZ3MiOnsicG9zdF9pZCI6IjkxNjAifX0=@&#8221; button_text=&#8221;Voir plus&#8221; _builder_version=&#8221;4.27.2&#8243; _dynamic_attributes=&#8221;button_url&#8221; _module_preset=&#8221;d6b5131f-e71e-4593-8f03-eb48e882d9ea&#8221; custom_margin=&#8221;19px|||||&#8221; global_colors_info=&#8221;{}&#8221;][\/et_pb_button][\/et_pb_column][et_pb_column type=&#8221;1_2&#8243; _builder_version=&#8221;4.27.2&#8243; _module_preset=&#8221;default&#8221; global_colors_info=&#8221;{}&#8221;][et_pb_image src=&#8221;https:\/\/vilagrasa.com\/wp-content\/uploads\/2024\/10\/Catalogo_Vilagrasa_Web1.jpg&#8221; title_text=&#8221;Catalogo_Vilagrasa_Web%911%93&#8243; url=&#8221;@ET-DC@eyJkeW5hbWljIjp0cnVlLCJjb250ZW50IjoicG9zdF9saW5rX3VybF9hdHRhY2htZW50Iiwic2V0dGluZ3MiOnsicG9zdF9pZCI6IjkxNjAifX0=@&#8221; _builder_version=&#8221;4.27.2&#8243; _dynamic_attributes=&#8221;url&#8221; _module_preset=&#8221;default&#8221; global_colors_info=&#8221;{}&#8221;][\/et_pb_image][\/et_pb_column][\/et_pb_row][\/et_pb_section][et_pb_section fb_built=&#8221;1&#8243; _builder_version=&#8221;4.27.2&#8243; _module_preset=&#8221;default&#8221; background_color=&#8221;#F0F0F0&#8243; custom_padding=&#8221;28px||28px||true|&#8221; global_colors_info=&#8221;{}&#8221;][et_pb_row column_structure=&#8221;1_2,1_2&#8243; _builder_version=&#8221;4.27.2&#8243; _module_preset=&#8221;default&#8221; global_colors_info=&#8221;{}&#8221;][et_pb_column type=&#8221;1_2&#8243; _builder_version=&#8221;4.27.2&#8243; _module_preset=&#8221;default&#8221; global_colors_info=&#8221;{}&#8221;][et_pb_text _builder_version=&#8221;4.27.2&#8243; _module_preset=&#8221;default&#8221; global_colors_info=&#8221;{}&#8221;]<\/p>\n<h2>Conception et fonctionnalit\u00e9 sur mesure<\/h2>\n<p><\/p>\n<p>Notre catalogue offre une vari\u00e9t\u00e9 de produits cr\u00e9\u00e9s par des dessinateurs prestigieux qui collaborent avec l\u2019entreprise dans le but d\u2019offrir qualit\u00e9 et fonctionnalit\u00e9. Nos conceptions de corbeilles, portemanteaux et autres accessoires s\u2019adaptent aux besoins des professionnels et des particuliers dans des espaces int\u00e9rieurs et ext\u00e9rieurs. <\/p>\n<p><\/p>\n<p>Actuellement, nous exportons nos produits vers plus de 50 pays. Nous r\u00e9alisons \u00e9galement des projets au niveau international et des principaux studios d\u2019architecture et de d\u00e9coration int\u00e9rieure nous font confiance. <\/p>\n<p>[\/et_pb_text][\/et_pb_column][et_pb_column type=&#8221;1_2&#8243; _builder_version=&#8221;4.27.2&#8243; _module_preset=&#8221;default&#8221; global_colors_info=&#8221;{}&#8221;][et_pb_text _builder_version=&#8221;4.27.2&#8243; _module_preset=&#8221;default&#8221; global_colors_info=&#8221;{}&#8221;]<\/p>\n<h2>Con\u00e7us et cr\u00e9\u00e9s pour durer<\/h2>\n<p><\/p>\n<p>Ax\u00e9s sur la production locale, il est essentiel pour Vilagrasa de pouvoir offrir les meilleures solutions de mani\u00e8re durable, en tenant toujours compte du bien-\u00eatre des personnes et de leur environnement. Tous nos produits sont fabriqu\u00e9s conform\u00e9ment aux normes environnementales les plus strictes et nos collaborateurs participent \u00e9nergiquement \u00e0 leur respect pour le bien-\u00eatre de notre plan\u00e8te.<\/p>\n<p>[\/et_pb_text][\/et_pb_column][\/et_pb_row][\/et_pb_section][et_pb_section fb_built=&#8221;1&#8243; _builder_version=&#8221;4.27.2&#8243; _module_preset=&#8221;default&#8221; background_color=&#8221;#F0F0F0&#8243; custom_padding=&#8221;30px||40px|||&#8221; global_module=&#8221;250374&#8243; saved_tabs=&#8221;all&#8221; locked=&#8221;off&#8221; global_colors_info=&#8221;{}&#8221;][et_pb_row column_structure=&#8221;3_5,2_5&#8243; use_custom_gutter=&#8221;on&#8221; gutter_width=&#8221;1&#8243; _builder_version=&#8221;4.27.2&#8243; _module_preset=&#8221;default&#8221; custom_padding=&#8221;||0px|||&#8221; global_colors_info=&#8221;{}&#8221;][et_pb_column type=&#8221;3_5&#8243; admin_label=&#8221;Colonne&#8221; _builder_version=&#8221;4.27.2&#8243; _module_preset=&#8221;default&#8221; custom_padding=&#8221;||30px||false|false&#8221; global_colors_info=&#8221;{}&#8221;][et_pb_text _builder_version=&#8221;4.27.2&#8243; _module_preset=&#8221;default&#8221; global_colors_info=&#8221;{}&#8221;]<\/p>\n<h2>Dessinateurs<\/h2>\n<p><\/p>\n<p>Nous collaborons avec des dessinateurs et des architectes qui s\u2019engagent \u00e9galement en faveur d\u2019un produit durable et intemporel. Nous vous invitons \u00e0 y jeter un coup d\u2019\u0153il et \u00e0 d\u00e9couvrir pourquoi ils font tous partie de la collection Vilagrasa. <\/p>\n<p>[\/et_pb_text][\/et_pb_column][et_pb_column type=&#8221;2_5&#8243; admin_label=&#8221;Colonne&#8221; _builder_version=&#8221;4.27.2&#8243; _module_preset=&#8221;default&#8221; positioning=&#8221;absolute&#8221; position_origin_a=&#8221;bottom_right&#8221; position_origin_a_tablet=&#8221;center_right&#8221; position_origin_a_phone=&#8221;&#8221; position_origin_a_last_edited=&#8221;on|desktop&#8221; position_origin_f_tablet=&#8221;&#8221; position_origin_f_phone=&#8221;&#8221; position_origin_f_last_edited=&#8221;on|tablet&#8221; position_origin_r_tablet=&#8221;&#8221; position_origin_r_phone=&#8221;&#8221; position_origin_r_last_edited=&#8221;on|tablet&#8221; positioning_tablet=&#8221;none&#8221; positioning_phone=&#8221;&#8221; positioning_last_edited=&#8221;on|tablet&#8221; global_colors_info=&#8221;{}&#8221;][et_pb_button button_url=&#8221;@ET-DC@eyJkeW5hbWljIjp0cnVlLCJjb250ZW50IjoicG9zdF9saW5rX3VybF9wYWdlIiwic2V0dGluZ3MiOnsicG9zdF9pZCI6IjgzNSJ9fQ==@&#8221; button_text=&#8221;Apprenez \u00e0 les conna\u00eetre&#8221; button_alignment=&#8221;center&#8221; _builder_version=&#8221;4.27.2&#8243; _dynamic_attributes=&#8221;button_url&#8221; _module_preset=&#8221;1e2a1fe7-ce85-4fd2-bc8b-b42ae768f6e0&#8243; position_origin_a=&#8221;center_center&#8221; position_origin_a_last_edited=&#8221;off|tablet&#8221; position_origin_f_last_edited=&#8221;off|tablet&#8221; position_origin_r_last_edited=&#8221;off|tablet&#8221; positioning_last_edited=&#8221;off|tablet&#8221; global_colors_info=&#8221;{}&#8221;][\/et_pb_button][\/et_pb_column][\/et_pb_row][et_pb_row _builder_version=&#8221;4.27.4&#8243; _module_preset=&#8221;default&#8221; custom_padding=&#8221;0px||50px||false|false&#8221; global_colors_info=&#8221;{}&#8221;][et_pb_column type=&#8221;4_4&#8243; _builder_version=&#8221;4.27.2&#8243; _module_preset=&#8221;default&#8221; global_colors_info=&#8221;{}&#8221;][et_pb_text _builder_version=&#8221;4.27.4&#8243; _module_preset=&#8221;default&#8221; custom_margin=&#8221;||-2px|||&#8221; custom_padding=&#8221;0px||4px|||&#8221; hover_enabled=&#8221;0&#8243; global_colors_info=&#8221;{}&#8221; sticky_enabled=&#8221;0&#8243;]<\/p>\n<div class=\"ad3-wrap ad3-shortcode  vista-\">\n    <div class=\"grid-container grid-4\">\n                    <div class=\"item-taxonomia\">\n                <a href=\"https:\/\/vilagrasa.com\/fr\/disenadores\/antoni-arola-jordi-tamayo-fr\/\">\n                    <img decoding=\"async\" src=\"https:\/\/vilagrasa.com\/wp-content\/uploads\/2022\/03\/Antoni_Arola-1.jpg\" alt=\"Antoni Arola &amp;amp; Jordi Tamayo\" class=\"image-4-3\"\n                         width=\"267\" height=\"200\"  loading=\"lazy\" >\n                <\/a>\n                <div class=\"mt-10 titol\">\n                    <a href=\"https:\/\/vilagrasa.com\/fr\/disenadores\/antoni-arola-jordi-tamayo-fr\/\">\n                        Antoni Arola &amp; Jordi Tamayo\n                    <\/a>\n                <\/div>\n            <\/div>\n                    <div class=\"item-taxonomia\">\n                <a href=\"https:\/\/vilagrasa.com\/fr\/disenadores\/ricardo-bofill-taller-de-arquitectura-fr\/\">\n                    <img decoding=\"async\" src=\"https:\/\/vilagrasa.com\/wp-content\/uploads\/2022\/03\/Ricardo_Bofill-1.jpg\" alt=\"Ricardo Bofill. Taller de arquitectura\" class=\"image-4-3\"\n                         width=\"267\" height=\"200\"  loading=\"lazy\" >\n                <\/a>\n                <div class=\"mt-10 titol\">\n                    <a href=\"https:\/\/vilagrasa.com\/fr\/disenadores\/ricardo-bofill-taller-de-arquitectura-fr\/\">\n                        Ricardo Bofill. Taller de arquitectura\n                    <\/a>\n                <\/div>\n            <\/div>\n                    <div class=\"item-taxonomia\">\n                <a href=\"https:\/\/vilagrasa.com\/fr\/disenadores\/roger-vancells-fr\/\">\n                    <img decoding=\"async\" src=\"https:\/\/vilagrasa.com\/wp-content\/uploads\/2022\/03\/Roger_Vancells-1.jpg\" alt=\"Roger Vancells\" class=\"image-4-3\"\n                         width=\"267\" height=\"200\"  loading=\"lazy\" >\n                <\/a>\n                <div class=\"mt-10 titol\">\n                    <a href=\"https:\/\/vilagrasa.com\/fr\/disenadores\/roger-vancells-fr\/\">\n                        Roger Vancells\n                    <\/a>\n                <\/div>\n            <\/div>\n                    <div class=\"item-taxonomia\">\n                <a href=\"https:\/\/vilagrasa.com\/fr\/disenadores\/xavier-sole-fr\/\">\n                    <img decoding=\"async\" src=\"https:\/\/vilagrasa.com\/wp-content\/uploads\/2025\/04\/xavier-sole-768x768.jpg\" alt=\"Xavier Sol\u00e9\" class=\"image-4-3\"\n                         width=\"267\" height=\"200\"  loading=\"lazy\" >\n                <\/a>\n                <div class=\"mt-10 titol\">\n                    <a href=\"https:\/\/vilagrasa.com\/fr\/disenadores\/xavier-sole-fr\/\">\n                        Xavier Sol\u00e9\n                    <\/a>\n                <\/div>\n            <\/div>\n            <\/div>\n<\/div>\n<p>[\/et_pb_text][\/et_pb_column][\/et_pb_row][\/et_pb_section]<\/p>\n","protected":false},"excerpt":{"rendered":"<p>Notre mission consiste \u00e0 cr\u00e9er des pi\u00e8ces de qualit\u00e9 pour des espaces uniques.<\/p>\n","protected":false},"author":2,"featured_media":249832,"parent":0,"menu_order":0,"comment_status":"closed","ping_status":"closed","template":"","meta":{"_acf_changed":false,"_et_pb_use_builder":"on","_et_pb_old_content":"","_et_gb_content_width":"","inline_featured_image":false,"footnotes":""},"class_list":["post-4304","page","type-page","status-publish","has-post-thumbnail","hentry"],"acf":[],"yoast_head":"<!-- This site is optimized with the Yoast SEO plugin v27.3 - https:\/\/yoast.com\/product\/yoast-seo-wordpress\/ -->\n<title>D\u00e9couvrez qui compose notre Studio - Vilagrasa<\/title>\n<meta name=\"description\" content=\"D\u00e9couvrez l&#039;\u00e9quipe derri\u00e8re Vilagrasa, nos designers, nos installations et notre histoire\" \/>\n<meta name=\"robots\" content=\"index, follow, max-snippet:-1, max-image-preview:large, max-video-preview:-1\" \/>\n<link rel=\"canonical\" href=\"https:\/\/vilagrasa.com\/fr\/a-propos-de-nous\/\" \/>\n<meta property=\"og:locale\" content=\"fr_FR\" \/>\n<meta property=\"og:type\" content=\"article\" \/>\n<meta property=\"og:title\" content=\"D\u00e9couvrez qui compose notre Studio - Vilagrasa\" \/>\n<meta property=\"og:description\" content=\"D\u00e9couvrez l&#039;\u00e9quipe derri\u00e8re Vilagrasa, nos designers, nos installations et notre histoire\" \/>\n<meta property=\"og:url\" content=\"https:\/\/vilagrasa.com\/fr\/a-propos-de-nous\/\" \/>\n<meta property=\"og:site_name\" content=\"Vilagrasa\" \/>\n<meta property=\"article:modified_time\" content=\"2025-04-15T08:33:56+00:00\" \/>\n<meta property=\"og:image\" content=\"https:\/\/vilagrasa.com\/wp-content\/uploads\/2023\/04\/2303-11VL-RD-Atlas-8-scaled-1.jpg\" \/>\n\t<meta property=\"og:image:width\" content=\"2560\" \/>\n\t<meta property=\"og:image:height\" content=\"1440\" \/>\n\t<meta property=\"og:image:type\" content=\"image\/jpeg\" \/>\n<meta name=\"twitter:card\" content=\"summary_large_image\" \/>\n<script type=\"application\/ld+json\" class=\"yoast-schema-graph\">{\"@context\":\"https:\\\/\\\/schema.org\",\"@graph\":[{\"@type\":\"WebPage\",\"@id\":\"https:\\\/\\\/vilagrasa.com\\\/fr\\\/a-propos-de-nous\\\/\",\"url\":\"https:\\\/\\\/vilagrasa.com\\\/fr\\\/a-propos-de-nous\\\/\",\"name\":\"D\u00e9couvrez qui compose notre Studio - Vilagrasa\",\"isPartOf\":{\"@id\":\"https:\\\/\\\/vilagrasa.com\\\/fr\\\/#website\"},\"primaryImageOfPage\":{\"@id\":\"https:\\\/\\\/vilagrasa.com\\\/fr\\\/a-propos-de-nous\\\/#primaryimage\"},\"image\":{\"@id\":\"https:\\\/\\\/vilagrasa.com\\\/fr\\\/a-propos-de-nous\\\/#primaryimage\"},\"thumbnailUrl\":\"https:\\\/\\\/vilagrasa.com\\\/wp-content\\\/uploads\\\/2023\\\/04\\\/2303-11VL-RD-Atlas-8-scaled-1.jpg\",\"datePublished\":\"2022-02-18T05:11:00+00:00\",\"dateModified\":\"2025-04-15T08:33:56+00:00\",\"description\":\"D\u00e9couvrez l'\u00e9quipe derri\u00e8re Vilagrasa, nos designers, nos installations et notre histoire\",\"breadcrumb\":{\"@id\":\"https:\\\/\\\/vilagrasa.com\\\/fr\\\/a-propos-de-nous\\\/#breadcrumb\"},\"inLanguage\":\"fr-FR\",\"potentialAction\":[{\"@type\":\"ReadAction\",\"target\":[\"https:\\\/\\\/vilagrasa.com\\\/fr\\\/a-propos-de-nous\\\/\"]}]},{\"@type\":\"ImageObject\",\"inLanguage\":\"fr-FR\",\"@id\":\"https:\\\/\\\/vilagrasa.com\\\/fr\\\/a-propos-de-nous\\\/#primaryimage\",\"url\":\"https:\\\/\\\/vilagrasa.com\\\/wp-content\\\/uploads\\\/2023\\\/04\\\/2303-11VL-RD-Atlas-8-scaled-1.jpg\",\"contentUrl\":\"https:\\\/\\\/vilagrasa.com\\\/wp-content\\\/uploads\\\/2023\\\/04\\\/2303-11VL-RD-Atlas-8-scaled-1.jpg\",\"width\":2560,\"height\":1440,\"caption\":\"2303 11VL RD Atlas 8\"},{\"@type\":\"BreadcrumbList\",\"@id\":\"https:\\\/\\\/vilagrasa.com\\\/fr\\\/a-propos-de-nous\\\/#breadcrumb\",\"itemListElement\":[{\"@type\":\"ListItem\",\"position\":1,\"name\":\"Inici\",\"item\":\"https:\\\/\\\/vilagrasa.com\\\/fr\\\/\"},{\"@type\":\"ListItem\",\"position\":2,\"name\":\"Nous\"}]},{\"@type\":\"WebSite\",\"@id\":\"https:\\\/\\\/vilagrasa.com\\\/fr\\\/#website\",\"url\":\"https:\\\/\\\/vilagrasa.com\\\/fr\\\/\",\"name\":\"Vilagrasa\",\"description\":\"Fabricante de mobiliario urbano - Papeleras de dise\u00f1o\",\"potentialAction\":[{\"@type\":\"SearchAction\",\"target\":{\"@type\":\"EntryPoint\",\"urlTemplate\":\"https:\\\/\\\/vilagrasa.com\\\/fr\\\/?s={search_term_string}\"},\"query-input\":{\"@type\":\"PropertyValueSpecification\",\"valueRequired\":true,\"valueName\":\"search_term_string\"}}],\"inLanguage\":\"fr-FR\"}]}<\/script>\n<!-- \/ Yoast SEO plugin. -->","yoast_head_json":{"title":"D\u00e9couvrez qui compose notre Studio - Vilagrasa","description":"D\u00e9couvrez l'\u00e9quipe derri\u00e8re Vilagrasa, nos designers, nos installations et notre histoire","robots":{"index":"index","follow":"follow","max-snippet":"max-snippet:-1","max-image-preview":"max-image-preview:large","max-video-preview":"max-video-preview:-1"},"canonical":"https:\/\/vilagrasa.com\/fr\/a-propos-de-nous\/","og_locale":"fr_FR","og_type":"article","og_title":"D\u00e9couvrez qui compose notre Studio - Vilagrasa","og_description":"D\u00e9couvrez l'\u00e9quipe derri\u00e8re Vilagrasa, nos designers, nos installations et notre histoire","og_url":"https:\/\/vilagrasa.com\/fr\/a-propos-de-nous\/","og_site_name":"Vilagrasa","article_modified_time":"2025-04-15T08:33:56+00:00","og_image":[{"width":2560,"height":1440,"url":"https:\/\/vilagrasa.com\/wp-content\/uploads\/2023\/04\/2303-11VL-RD-Atlas-8-scaled-1.jpg","type":"image\/jpeg"}],"twitter_card":"summary_large_image","schema":{"@context":"https:\/\/schema.org","@graph":[{"@type":"WebPage","@id":"https:\/\/vilagrasa.com\/fr\/a-propos-de-nous\/","url":"https:\/\/vilagrasa.com\/fr\/a-propos-de-nous\/","name":"D\u00e9couvrez qui compose notre Studio - Vilagrasa","isPartOf":{"@id":"https:\/\/vilagrasa.com\/fr\/#website"},"primaryImageOfPage":{"@id":"https:\/\/vilagrasa.com\/fr\/a-propos-de-nous\/#primaryimage"},"image":{"@id":"https:\/\/vilagrasa.com\/fr\/a-propos-de-nous\/#primaryimage"},"thumbnailUrl":"https:\/\/vilagrasa.com\/wp-content\/uploads\/2023\/04\/2303-11VL-RD-Atlas-8-scaled-1.jpg","datePublished":"2022-02-18T05:11:00+00:00","dateModified":"2025-04-15T08:33:56+00:00","description":"D\u00e9couvrez l'\u00e9quipe derri\u00e8re Vilagrasa, nos designers, nos installations et notre histoire","breadcrumb":{"@id":"https:\/\/vilagrasa.com\/fr\/a-propos-de-nous\/#breadcrumb"},"inLanguage":"fr-FR","potentialAction":[{"@type":"ReadAction","target":["https:\/\/vilagrasa.com\/fr\/a-propos-de-nous\/"]}]},{"@type":"ImageObject","inLanguage":"fr-FR","@id":"https:\/\/vilagrasa.com\/fr\/a-propos-de-nous\/#primaryimage","url":"https:\/\/vilagrasa.com\/wp-content\/uploads\/2023\/04\/2303-11VL-RD-Atlas-8-scaled-1.jpg","contentUrl":"https:\/\/vilagrasa.com\/wp-content\/uploads\/2023\/04\/2303-11VL-RD-Atlas-8-scaled-1.jpg","width":2560,"height":1440,"caption":"2303 11VL RD Atlas 8"},{"@type":"BreadcrumbList","@id":"https:\/\/vilagrasa.com\/fr\/a-propos-de-nous\/#breadcrumb","itemListElement":[{"@type":"ListItem","position":1,"name":"Inici","item":"https:\/\/vilagrasa.com\/fr\/"},{"@type":"ListItem","position":2,"name":"Nous"}]},{"@type":"WebSite","@id":"https:\/\/vilagrasa.com\/fr\/#website","url":"https:\/\/vilagrasa.com\/fr\/","name":"Vilagrasa","description":"Fabricante de mobiliario urbano - Papeleras de dise\u00f1o","potentialAction":[{"@type":"SearchAction","target":{"@type":"EntryPoint","urlTemplate":"https:\/\/vilagrasa.com\/fr\/?s={search_term_string}"},"query-input":{"@type":"PropertyValueSpecification","valueRequired":true,"valueName":"search_term_string"}}],"inLanguage":"fr-FR"}]}},"_links":{"self":[{"href":"https:\/\/vilagrasa.com\/fr\/wp-json\/wp\/v2\/pages\/4304","targetHints":{"allow":["GET"]}}],"collection":[{"href":"https:\/\/vilagrasa.com\/fr\/wp-json\/wp\/v2\/pages"}],"about":[{"href":"https:\/\/vilagrasa.com\/fr\/wp-json\/wp\/v2\/types\/page"}],"author":[{"embeddable":true,"href":"https:\/\/vilagrasa.com\/fr\/wp-json\/wp\/v2\/users\/2"}],"replies":[{"embeddable":true,"href":"https:\/\/vilagrasa.com\/fr\/wp-json\/wp\/v2\/comments?post=4304"}],"version-history":[{"count":14,"href":"https:\/\/vilagrasa.com\/fr\/wp-json\/wp\/v2\/pages\/4304\/revisions"}],"predecessor-version":[{"id":253278,"href":"https:\/\/vilagrasa.com\/fr\/wp-json\/wp\/v2\/pages\/4304\/revisions\/253278"}],"wp:featuredmedia":[{"embeddable":true,"href":"https:\/\/vilagrasa.com\/fr\/wp-json\/wp\/v2\/media\/249832"}],"wp:attachment":[{"href":"https:\/\/vilagrasa.com\/fr\/wp-json\/wp\/v2\/media?parent=4304"}],"curies":[{"name":"wp","href":"https:\/\/api.w.org\/{rel}","templated":true}]}}