{"id":252151,"date":"2024-11-28T17:09:40","date_gmt":"2024-11-28T16:09:40","guid":{"rendered":"https:\/\/vilagrasa.omitsisdev.com\/nous-recherchons-des-talents\/"},"modified":"2024-12-10T09:36:21","modified_gmt":"2024-12-10T08:36:21","slug":"travaillez-avec-nous","status":"publish","type":"page","link":"https:\/\/vilagrasa.com\/fr\/travaillez-avec-nous\/","title":{"rendered":"Travaillez avec nous"},"content":{"rendered":"<p>[et_pb_section fb_built=&#8221;1&#8243; _builder_version=&#8221;4.27.0&#8243; _module_preset=&#8221;default&#8221; background_color=&#8221;#F0F0F0&#8243; custom_padding=&#8221;||0px||false|false&#8221; locked=&#8221;off&#8221; global_colors_info=&#8221;{}&#8221;][et_pb_row _builder_version=&#8221;4.27.0&#8243; _module_preset=&#8221;default&#8221; global_colors_info=&#8221;{}&#8221;][et_pb_column type=&#8221;4_4&#8243; _builder_version=&#8221;4.27.0&#8243; _module_preset=&#8221;default&#8221; global_colors_info=&#8221;{}&#8221;][et_pb_heading title=&#8221;@ET-DC@eyJkeW5hbWljIjp0cnVlLCJjb250ZW50IjoicG9zdF90aXRsZSIsInNldHRpbmdzIjp7ImJlZm9yZSI6IiIsImFmdGVyIjoiIn19@&#8221; _builder_version=&#8221;4.27.2&#8243; _dynamic_attributes=&#8221;title&#8221; _module_preset=&#8221;default&#8221; title_text_align=&#8221;left&#8221; title_text_color=&#8221;#000000&#8243; title_font_size=&#8221;70px&#8221; global_colors_info=&#8221;{}&#8221;][\/et_pb_heading][\/et_pb_column][\/et_pb_row][et_pb_row column_structure=&#8221;1_2,1_2&#8243; make_equal=&#8221;on&#8221; _builder_version=&#8221;4.27.0&#8243; _module_preset=&#8221;default&#8221; positioning=&#8221;none&#8221; position_origin_a=&#8221;center_center&#8221; global_colors_info=&#8221;{}&#8221;][et_pb_column type=&#8221;1_2&#8243; _builder_version=&#8221;4.27.0&#8243; _module_preset=&#8221;default&#8221; global_colors_info=&#8221;{}&#8221;][et_pb_text _builder_version=&#8221;4.25.0&#8243; _module_preset=&#8221;b607b562-2790-48f3-9a14-87832ed2e009&#8243; text_text_color=&#8221;#000000&#8243; background_layout=&#8221;dark&#8221; global_colors_info=&#8221;{}&#8221;]<\/p>\n<p>Nous cherchons continuellement des personnes avec du talent pour unir notre entreprise. Si vous souhaitez d\u00e9velopper votre carri\u00e8re professionnelle dans le cadre du design et d\u00e9velopper un produit dans une entreprise en expansion internationale, contactez-nous.<\/p>\n<p>Nous construisons des \u00e9quipes qui peuvent r\u00e9soudre des probl\u00e8mes complexes concernant la cr\u00e9ativit\u00e9, la curiosit\u00e9, l&#8217;emploi et la t\u00e9nacit\u00e9 sont des questions que nous cherchons chez les personnes. Les positions suivantes sont ouvertes \u00e0 l&#8217;esprit inquiet<\/p>\n<p>&nbsp;<\/p>\n<p>[\/et_pb_text][\/et_pb_column][et_pb_column type=&#8221;1_2&#8243; _builder_version=&#8221;4.27.0&#8243; _module_preset=&#8221;default&#8221; global_colors_info=&#8221;{}&#8221;][et_pb_contact_form use_spam_service=&#8221;on&#8221; recaptcha_list=&#8221;Default|Default-0&#8243; email=&#8221;mgutierrez@vilagrasa.com&#8221; custom_message=&#8221;||et_pb_line_break_holder||&#8212;&#8212;&#8212;&#8212;&#8212;&#8212;&#8212;&#8212;&#8212;&#8212;&#8212;&#8212;&#8212;&#8212;&#8212;&#8212;&#8212;&#8212;&#8212;&#8211;||et_pb_line_break_holder||New talent lead from web:||et_pb_line_break_holder||||et_pb_line_break_holder||Contact person: %%contacto%%||et_pb_line_break_holder||Curriculum: %%curriculum%%||et_pb_line_break_holder||Message: %%mensaje%%||et_pb_line_break_holder||||et_pb_line_break_holder||&#8212;&#8212;&#8212;&#8212;&#8212;&#8212;&#8212;&#8212;&#8212;&#8212;&#8212;&#8212;&#8212;&#8212;&#8212;&#8212;&#8212;&#8212;&#8212;&#8212;||et_pb_line_break_holder||&#8221; success_message=&#8221;&lt;p&gt;Le message a \u00e9t\u00e9 envoy\u00e9. Merci de nous avoir contact\u00e9s.&lt;\/p&gt;&#8221; submit_button_text=&#8221;Envoyer&#8221; admin_label=&#8221;Talent ES&#8221; module_id=&#8221;et_pb_contact_form_1&#8243; _builder_version=&#8221;4.27.0&#8243; _module_preset=&#8221;default&#8221; _unique_id=&#8221;40e5858d-744c-4b59-87f1-34a15f779897&#8243; form_field_background_color=&#8221;RGBA(255,255,255,0)&#8221; form_field_text_color=&#8221;#000000&#8243; form_field_focus_background_color=&#8221;RGBA(255,255,255,0)&#8221; form_field_focus_text_color=&#8221;#000000&#8243; form_field_font=&#8221;||||||||&#8221; form_field_font_size=&#8221;20px&#8221; form_field_line_height=&#8221;1.2em&#8221; custom_button=&#8221;on&#8221; button_text_size=&#8221;16px&#8221; button_text_color=&#8221;#000000&#8243; button_bg_color=&#8221;RGBA(255,255,255,0)&#8221; button_border_color=&#8221;#000000&#8243; button_border_radius=&#8221;30px&#8221; button_font=&#8221;||||||||&#8221; button_use_icon=&#8221;off&#8221; button_custom_padding=&#8221;2px|20px|2px|20px|true|true&#8221; position_origin_a=&#8221;center_center&#8221; width=&#8221;100%&#8221; custom_padding=&#8221;||||false|false&#8221; hover_enabled=&#8221;0&#8243; custom_css_free_form=&#8221;p.et_pb_contact_field{margin-bottom:0;}||.et_pb_contact_field textarea.et_pb_contact_message{min-height:0px;}||.et_pb_contact p input, .et_pb_contact p textarea{padding:5px;}||.et_pb_contact_select {padding:5px}&#8221; custom_css_contact_button=&#8221;margin-top:30px&#8221; field_label_font=&#8221;||||||||&#8221; field_label_color=&#8221;#000000&#8243; field_desc_font=&#8221;||||||||&#8221; field_desc_color=&#8221;#FFFFFF&#8221; border_color_all=&#8221;#A0A09F&#8221; border_width_bottom=&#8221;1px&#8221; border_color_bottom=&#8221;#000000&#8243; locked=&#8221;off&#8221; global_colors_info=&#8221;{}&#8221; form_field_text_color__hover_enabled=&#8221;off|hover&#8221; form_field_text_color__hover=&#8221;#FFFFFF&#8221; border_color_bottom__hover_enabled=&#8221;off|hover&#8221; border_color_bottom__hover=&#8221;#FFFFFF&#8221; border_color_all__hover_enabled=&#8221;off|hover&#8221; input_focus_border_color_last_edited=&#8221;off|desktop&#8221; button_text_color__hover=&#8221;#FFFFFF&#8221; button_text_color__hover_enabled=&#8221;on|hover&#8221; button_bg_color__hover=&#8221;#3C4841&#8243; button_bg_color__hover_enabled=&#8221;on|hover&#8221; button_border_color__hover=&#8221;RGBA(255,255,255,0)&#8221; button_border_color__hover_enabled=&#8221;on|hover&#8221; sticky_enabled=&#8221;0&#8243;][et_pb_contact_field field_id=&#8221;contacto&#8221; field_title=&#8221;Nom et pr\u00e9nom&#8221; fullwidth_field=&#8221;on&#8221; _builder_version=&#8221;4.25.0&#8243; _module_preset=&#8221;default&#8221; global_colors_info=&#8221;{}&#8221; button_text_size__hover_enabled=&#8221;off&#8221; button_one_text_size__hover_enabled=&#8221;off&#8221; button_two_text_size__hover_enabled=&#8221;off&#8221; button_text_color__hover_enabled=&#8221;off&#8221; button_one_text_color__hover_enabled=&#8221;off&#8221; button_two_text_color__hover_enabled=&#8221;off&#8221; button_border_width__hover_enabled=&#8221;off&#8221; button_one_border_width__hover_enabled=&#8221;off&#8221; button_two_border_width__hover_enabled=&#8221;off&#8221; button_border_color__hover_enabled=&#8221;off&#8221; button_one_border_color__hover_enabled=&#8221;off&#8221; button_two_border_color__hover_enabled=&#8221;off&#8221; button_border_radius__hover_enabled=&#8221;off&#8221; button_one_border_radius__hover_enabled=&#8221;off&#8221; button_two_border_radius__hover_enabled=&#8221;off&#8221; button_letter_spacing__hover_enabled=&#8221;off&#8221; button_one_letter_spacing__hover_enabled=&#8221;off&#8221; button_two_letter_spacing__hover_enabled=&#8221;off&#8221; button_bg_color__hover_enabled=&#8221;off&#8221; button_one_bg_color__hover_enabled=&#8221;off&#8221; button_two_bg_color__hover_enabled=&#8221;off&#8221; border_color_bottom__hover=&#8221;#FFFFFF&#8221; border_color_bottom__hover_enabled=&#8221;on|hover&#8221;][\/et_pb_contact_field][et_pb_contact_field field_id=&#8221;curriculum&#8221; field_title=&#8221;URL LinkedIn \/ Xing&#8221; fullwidth_field=&#8221;on&#8221; _builder_version=&#8221;4.25.0&#8243; _module_preset=&#8221;default&#8221; global_colors_info=&#8221;{}&#8221; button_text_size__hover_enabled=&#8221;off&#8221; button_one_text_size__hover_enabled=&#8221;off&#8221; button_two_text_size__hover_enabled=&#8221;off&#8221; button_text_color__hover_enabled=&#8221;off&#8221; button_one_text_color__hover_enabled=&#8221;off&#8221; button_two_text_color__hover_enabled=&#8221;off&#8221; button_border_width__hover_enabled=&#8221;off&#8221; button_one_border_width__hover_enabled=&#8221;off&#8221; button_two_border_width__hover_enabled=&#8221;off&#8221; button_border_color__hover_enabled=&#8221;off&#8221; button_one_border_color__hover_enabled=&#8221;off&#8221; button_two_border_color__hover_enabled=&#8221;off&#8221; button_border_radius__hover_enabled=&#8221;off&#8221; button_one_border_radius__hover_enabled=&#8221;off&#8221; button_two_border_radius__hover_enabled=&#8221;off&#8221; button_letter_spacing__hover_enabled=&#8221;off&#8221; button_one_letter_spacing__hover_enabled=&#8221;off&#8221; button_two_letter_spacing__hover_enabled=&#8221;off&#8221; button_bg_color__hover_enabled=&#8221;off&#8221; button_one_bg_color__hover_enabled=&#8221;off&#8221; button_two_bg_color__hover_enabled=&#8221;off&#8221; border_color_bottom__hover=&#8221;#FFFFFF&#8221; border_color_bottom__hover_enabled=&#8221;on|hover&#8221;][\/et_pb_contact_field][et_pb_contact_field field_id=&#8221;mensaje&#8221; field_title=&#8221;Parlez-nous de vous&#8221; field_type=&#8221;text&#8221; fullwidth_field=&#8221;on&#8221; _builder_version=&#8221;4.25.0&#8243; _module_preset=&#8221;default&#8221; global_colors_info=&#8221;{}&#8221; button_text_size__hover_enabled=&#8221;off&#8221; button_one_text_size__hover_enabled=&#8221;off&#8221; button_two_text_size__hover_enabled=&#8221;off&#8221; button_text_color__hover_enabled=&#8221;off&#8221; button_one_text_color__hover_enabled=&#8221;off&#8221; button_two_text_color__hover_enabled=&#8221;off&#8221; button_border_width__hover_enabled=&#8221;off&#8221; button_one_border_width__hover_enabled=&#8221;off&#8221; button_two_border_width__hover_enabled=&#8221;off&#8221; button_border_color__hover_enabled=&#8221;off&#8221; button_one_border_color__hover_enabled=&#8221;off&#8221; button_two_border_color__hover_enabled=&#8221;off&#8221; button_border_radius__hover_enabled=&#8221;off&#8221; button_one_border_radius__hover_enabled=&#8221;off&#8221; button_two_border_radius__hover_enabled=&#8221;off&#8221; button_letter_spacing__hover_enabled=&#8221;off&#8221; button_one_letter_spacing__hover_enabled=&#8221;off&#8221; button_two_letter_spacing__hover_enabled=&#8221;off&#8221; button_bg_color__hover_enabled=&#8221;off&#8221; button_one_bg_color__hover_enabled=&#8221;off&#8221; button_two_bg_color__hover_enabled=&#8221;off&#8221; border_color_bottom__hover=&#8221;#FFFFFF&#8221; border_color_bottom__hover_enabled=&#8221;on|hover&#8221;][\/et_pb_contact_field][et_pb_contact_field field_id=&#8221;politicaprivacidad&#8221; field_title=&#8221;RESPONSABLE DU TRAITEMENT : Voir les coordonn\u00e9es dans la Politique de confidentialit\u00e9 | OBJECTIF : R\u00e9pondre \u00e0 la demande de l&#039;utilisateur. | L\u00c9GITIMATION : Consentement de l&#039;int\u00e9ress\u00e9. | MISSIONS : Aucun transfert n&#039;est pr\u00e9vu, sauf obligation l\u00e9gale ou exigence judiciaire. DROITS : Acc\u00e8s, rectification, suppression, opposition, limitation, portabilit\u00e9, r\u00e9vocation du consentement Si vous consid\u00e9rez que le traitement de vos donn\u00e9es n&#039;est pas conforme \u00e0 la r\u00e9glementation, vous pouvez vous adresser \u00e0 l&#039;Autorit\u00e9 de contr\u00f4le (www.aepd.es).&#8221; field_type=&#8221;checkbox&#8221; checkbox_options=&#8221;%91{%22value%22:%22J&#039;accepte que mes donn\u00e9es soient trait\u00e9es pour r\u00e9pondre \u00e0 la demande d&#039;informations.%22,%22checked%22:0,%22dragID%22:-1,%22link_url%22:%22\\\/fr\\\/politique-de-confidentialite%22}%93&#8243; fullwidth_field=&#8221;on&#8221; _builder_version=&#8221;4.27.0&#8243; _module_preset=&#8221;default&#8221; form_field_font_size=&#8221;13px&#8221; hover_enabled=&#8221;0&#8243; custom_css_main_element=&#8221;line-height:90%;||font-weight:400;||color:#aaaaaa;&#8221; star_checked_color=&#8221;#DD5C00&#8243; global_colors_info=&#8221;{}&#8221; border_color_bottom__hover=&#8221;#FFFFFF&#8221; border_color_bottom__hover_enabled=&#8221;on|hover&#8221; sticky_enabled=&#8221;0&#8243; form_field_font=&#8221;|300|||||||&#8221;][\/et_pb_contact_field][\/et_pb_contact_form][\/et_pb_column][\/et_pb_row][\/et_pb_section]<\/p>\n","protected":false},"excerpt":{"rendered":"<p>Nous cherchons continuellement des personnes avec du talent pour unir notre entreprise. Si vous souhaitez d\u00e9velopper votre carri\u00e8re professionnelle dans le cadre du design et d\u00e9velopper un produit dans une entreprise en expansion internationale, contactez-nous. Nous construisons des \u00e9quipes qui peuvent r\u00e9soudre des probl\u00e8mes complexes concernant la cr\u00e9ativit\u00e9, la curiosit\u00e9, l&#8217;emploi et la t\u00e9nacit\u00e9 sont [&hellip;]<\/p>\n","protected":false},"author":1,"featured_media":0,"parent":0,"menu_order":0,"comment_status":"closed","ping_status":"closed","template":"","meta":{"_acf_changed":false,"_et_pb_use_builder":"on","_et_pb_old_content":"","_et_gb_content_width":"","inline_featured_image":false,"footnotes":""},"class_list":["post-252151","page","type-page","status-publish","hentry"],"acf":[],"yoast_head":"<!-- This site is optimized with the Yoast SEO plugin v27.3 - https:\/\/yoast.com\/product\/yoast-seo-wordpress\/ -->\n<title>Travaillez avec nous - Vilagrasa<\/title>\n<meta name=\"robots\" content=\"index, follow, max-snippet:-1, max-image-preview:large, max-video-preview:-1\" \/>\n<link rel=\"canonical\" href=\"https:\/\/vilagrasa.com\/fr\/travaillez-avec-nous\/\" \/>\n<meta property=\"og:locale\" content=\"fr_FR\" \/>\n<meta property=\"og:type\" content=\"article\" \/>\n<meta property=\"og:title\" content=\"Travaillez avec nous - Vilagrasa\" \/>\n<meta property=\"og:description\" content=\"Nous cherchons continuellement des personnes avec du talent pour unir notre entreprise. Si vous souhaitez d\u00e9velopper votre carri\u00e8re professionnelle dans le cadre du design et d\u00e9velopper un produit dans une entreprise en expansion internationale, contactez-nous. Nous construisons des \u00e9quipes qui peuvent r\u00e9soudre des probl\u00e8mes complexes concernant la cr\u00e9ativit\u00e9, la curiosit\u00e9, l&#039;emploi et la t\u00e9nacit\u00e9 sont [&hellip;]\" \/>\n<meta property=\"og:url\" content=\"https:\/\/vilagrasa.com\/fr\/travaillez-avec-nous\/\" \/>\n<meta property=\"og:site_name\" content=\"Vilagrasa\" \/>\n<meta property=\"article:modified_time\" content=\"2024-12-10T08:36:21+00:00\" \/>\n<meta name=\"twitter:card\" content=\"summary_large_image\" \/>\n<script type=\"application\/ld+json\" class=\"yoast-schema-graph\">{\"@context\":\"https:\\\/\\\/schema.org\",\"@graph\":[{\"@type\":\"WebPage\",\"@id\":\"https:\\\/\\\/vilagrasa.com\\\/fr\\\/travaillez-avec-nous\\\/\",\"url\":\"https:\\\/\\\/vilagrasa.com\\\/fr\\\/travaillez-avec-nous\\\/\",\"name\":\"Travaillez avec nous - Vilagrasa\",\"isPartOf\":{\"@id\":\"https:\\\/\\\/vilagrasa.com\\\/fr\\\/#website\"},\"datePublished\":\"2024-11-28T16:09:40+00:00\",\"dateModified\":\"2024-12-10T08:36:21+00:00\",\"breadcrumb\":{\"@id\":\"https:\\\/\\\/vilagrasa.com\\\/fr\\\/travaillez-avec-nous\\\/#breadcrumb\"},\"inLanguage\":\"fr-FR\",\"potentialAction\":[{\"@type\":\"ReadAction\",\"target\":[\"https:\\\/\\\/vilagrasa.com\\\/fr\\\/travaillez-avec-nous\\\/\"]}]},{\"@type\":\"BreadcrumbList\",\"@id\":\"https:\\\/\\\/vilagrasa.com\\\/fr\\\/travaillez-avec-nous\\\/#breadcrumb\",\"itemListElement\":[{\"@type\":\"ListItem\",\"position\":1,\"name\":\"Inici\",\"item\":\"https:\\\/\\\/vilagrasa.com\\\/fr\\\/\"},{\"@type\":\"ListItem\",\"position\":2,\"name\":\"Travaillez avec nous\"}]},{\"@type\":\"WebSite\",\"@id\":\"https:\\\/\\\/vilagrasa.com\\\/fr\\\/#website\",\"url\":\"https:\\\/\\\/vilagrasa.com\\\/fr\\\/\",\"name\":\"Vilagrasa\",\"description\":\"Fabricante de mobiliario urbano - Papeleras de dise\u00f1o\",\"potentialAction\":[{\"@type\":\"SearchAction\",\"target\":{\"@type\":\"EntryPoint\",\"urlTemplate\":\"https:\\\/\\\/vilagrasa.com\\\/fr\\\/?s={search_term_string}\"},\"query-input\":{\"@type\":\"PropertyValueSpecification\",\"valueRequired\":true,\"valueName\":\"search_term_string\"}}],\"inLanguage\":\"fr-FR\"}]}<\/script>\n<!-- \/ Yoast SEO plugin. -->","yoast_head_json":{"title":"Travaillez avec nous - Vilagrasa","robots":{"index":"index","follow":"follow","max-snippet":"max-snippet:-1","max-image-preview":"max-image-preview:large","max-video-preview":"max-video-preview:-1"},"canonical":"https:\/\/vilagrasa.com\/fr\/travaillez-avec-nous\/","og_locale":"fr_FR","og_type":"article","og_title":"Travaillez avec nous - Vilagrasa","og_description":"Nous cherchons continuellement des personnes avec du talent pour unir notre entreprise. Si vous souhaitez d\u00e9velopper votre carri\u00e8re professionnelle dans le cadre du design et d\u00e9velopper un produit dans une entreprise en expansion internationale, contactez-nous. Nous construisons des \u00e9quipes qui peuvent r\u00e9soudre des probl\u00e8mes complexes concernant la cr\u00e9ativit\u00e9, la curiosit\u00e9, l'emploi et la t\u00e9nacit\u00e9 sont [&hellip;]","og_url":"https:\/\/vilagrasa.com\/fr\/travaillez-avec-nous\/","og_site_name":"Vilagrasa","article_modified_time":"2024-12-10T08:36:21+00:00","twitter_card":"summary_large_image","schema":{"@context":"https:\/\/schema.org","@graph":[{"@type":"WebPage","@id":"https:\/\/vilagrasa.com\/fr\/travaillez-avec-nous\/","url":"https:\/\/vilagrasa.com\/fr\/travaillez-avec-nous\/","name":"Travaillez avec nous - Vilagrasa","isPartOf":{"@id":"https:\/\/vilagrasa.com\/fr\/#website"},"datePublished":"2024-11-28T16:09:40+00:00","dateModified":"2024-12-10T08:36:21+00:00","breadcrumb":{"@id":"https:\/\/vilagrasa.com\/fr\/travaillez-avec-nous\/#breadcrumb"},"inLanguage":"fr-FR","potentialAction":[{"@type":"ReadAction","target":["https:\/\/vilagrasa.com\/fr\/travaillez-avec-nous\/"]}]},{"@type":"BreadcrumbList","@id":"https:\/\/vilagrasa.com\/fr\/travaillez-avec-nous\/#breadcrumb","itemListElement":[{"@type":"ListItem","position":1,"name":"Inici","item":"https:\/\/vilagrasa.com\/fr\/"},{"@type":"ListItem","position":2,"name":"Travaillez avec nous"}]},{"@type":"WebSite","@id":"https:\/\/vilagrasa.com\/fr\/#website","url":"https:\/\/vilagrasa.com\/fr\/","name":"Vilagrasa","description":"Fabricante de mobiliario urbano - Papeleras de dise\u00f1o","potentialAction":[{"@type":"SearchAction","target":{"@type":"EntryPoint","urlTemplate":"https:\/\/vilagrasa.com\/fr\/?s={search_term_string}"},"query-input":{"@type":"PropertyValueSpecification","valueRequired":true,"valueName":"search_term_string"}}],"inLanguage":"fr-FR"}]}},"_links":{"self":[{"href":"https:\/\/vilagrasa.com\/fr\/wp-json\/wp\/v2\/pages\/252151","targetHints":{"allow":["GET"]}}],"collection":[{"href":"https:\/\/vilagrasa.com\/fr\/wp-json\/wp\/v2\/pages"}],"about":[{"href":"https:\/\/vilagrasa.com\/fr\/wp-json\/wp\/v2\/types\/page"}],"author":[{"embeddable":true,"href":"https:\/\/vilagrasa.com\/fr\/wp-json\/wp\/v2\/users\/1"}],"replies":[{"embeddable":true,"href":"https:\/\/vilagrasa.com\/fr\/wp-json\/wp\/v2\/comments?post=252151"}],"version-history":[{"count":8,"href":"https:\/\/vilagrasa.com\/fr\/wp-json\/wp\/v2\/pages\/252151\/revisions"}],"predecessor-version":[{"id":252764,"href":"https:\/\/vilagrasa.com\/fr\/wp-json\/wp\/v2\/pages\/252151\/revisions\/252764"}],"wp:attachment":[{"href":"https:\/\/vilagrasa.com\/fr\/wp-json\/wp\/v2\/media?parent=252151"}],"curies":[{"name":"wp","href":"https:\/\/api.w.org\/{rel}","templated":true}]}}