{"id":251278,"date":"2024-11-12T09:41:12","date_gmt":"2024-11-12T08:41:12","guid":{"rendered":"https:\/\/vilagrasa.omitsisdev.com\/politique-de-confidentialite\/"},"modified":"2024-11-12T11:07:16","modified_gmt":"2024-11-12T10:07:16","slug":"politique-de-confidentialite","status":"publish","type":"page","link":"https:\/\/vilagrasa.com\/fr\/politique-de-confidentialite\/","title":{"rendered":"Politique de confidentialit\u00e9"},"content":{"rendered":"<p>[et_pb_section fb_built=&#8221;1&#8243; _builder_version=&#8221;4.27.0&#8243; _module_preset=&#8221;default&#8221; background_color=&#8221;#DDD7D3&#8243; global_colors_info=&#8221;{}&#8221;][et_pb_row _builder_version=&#8221;4.27.0&#8243; _module_preset=&#8221;default&#8221; global_colors_info=&#8221;{}&#8221;][et_pb_column type=&#8221;4_4&#8243; _builder_version=&#8221;4.27.0&#8243; _module_preset=&#8221;default&#8221; pac_dcm_carousel_specific_module_num=&#8221;0&#8243; global_colors_info=&#8221;{}&#8221;][et_pb_text _builder_version=&#8221;4.27.0&#8243; _module_preset=&#8221;default&#8221; hover_enabled=&#8221;0&#8243; global_colors_info=&#8221;{}&#8221; sticky_enabled=&#8221;0&#8243;]<\/p>\n<h1>Politique de confidentialit\u00e9<\/h1>\n<table>\n<tbody>\n<tr>\n<td>Informations de base<\/td>\n<td>sur la protection des donn\u00e9es<\/td>\n<\/tr>\n<tr>\n<td>Responsable<\/td>\n<td>VILAGRASA, S.A.U. (ci-apr\u00e8s VILAGRASA)<\/td>\n<\/tr>\n<tr>\n<td>Finalit\u00e9<\/td>\n<td>Gestion des utilisateurs du web; communications commerciales; gestion des donn\u00e9es fournies par les candidats pour les processus de s\u00e9lection du personnel.<\/td>\n<\/tr>\n<tr>\n<td>L\u00e9gitimation<\/td>\n<td>Consentement explicite, int\u00e9r\u00eat l\u00e9gitime et respect des obligations l\u00e9gales.<\/td>\n<\/tr>\n<tr>\n<td>Destinataires<\/td>\n<td>Aucune donn\u00e9e ne sera transf\u00e9r\u00e9e \u00e0 des tiers, sauf en cas d\u2019obligation l\u00e9gale ou aux soci\u00e9t\u00e9s du groupe RESOL et \u00e0 des entreprises sp\u00e9cialis\u00e9es en s\u00e9lection de personnel.<\/td>\n<\/tr>\n<tr>\n<td>Droits<\/td>\n<td>Acc\u00e8s, rectification et suppression des donn\u00e9es, et autres droits, comme expliqu\u00e9 dans les informations compl\u00e9mentaires.<\/td>\n<\/tr>\n<tr>\n<td>Informations compl\u00e9mentaires<\/td>\n<td>Pour plus de d\u00e9tails sur la protection des donn\u00e9es, consultez : <a href=\"https:\/\/vilagrasa.com\/fr\/politique-de-confidentialite\/\">https:\/\/vilagrasa.com\/politica-de-privacidad<\/a>.<\/td>\n<\/tr>\n<\/tbody>\n<\/table>\n<p>Chez VILAGRASA, nous travaillons pour vous offrir la meilleure exp\u00e9rience possible. Parfois, il est n\u00e9cessaire de collecter des informations pour y parvenir. Nous sommes transparents \u00e0 ce sujet.<\/p>\n<p>Selon le GDPR et la LSSI, VILAGRASA informe l\u2019utilisateur que ses donn\u00e9es personnelles seront int\u00e9gr\u00e9es dans un fichier automatis\u00e9.<\/p>\n<p>Notre engagement :<\/p>\n<ul>\n<li>Vos donn\u00e9es sont collect\u00e9es pour am\u00e9liorer votre exp\u00e9rience utilisateur.<\/li>\n<li>Nous sommes transparents sur les donn\u00e9es que nous recueillons et pourquoi.<\/li>\n<li>Nous respectons la conformit\u00e9 et, si n\u00e9cessaire, nous vous demanderons votre consentement.<\/li>\n<li>Vous avez le droit de demander l&#8217;arr\u00eat de traitement de vos donn\u00e9es.<\/li>\n<li>Votre s\u00e9curit\u00e9 est notre priorit\u00e9 et nous respectons la l\u00e9gislation europ\u00e9enne.<\/li>\n<\/ul>\n<p>Pour plus d\u2019informations, veuillez consulter les sections ci-dessous :<\/p>\n<h4>Qui est responsable du traitement de vos donn\u00e9es personnelles ?<\/h4>\n<p>Nom de la soci\u00e9t\u00e9 : VILAGRASA, S.A.U.<br \/>\nNom commercial : VILAGRASA<br \/>\nSi\u00e8ge social : Ctra. Santa Coloma, km. 46, 17178 Les Preses (Girona)<br \/>\nNIF : A08543340<br \/>\nE-mail : vilagrasa@vilagrasa.com<\/p>\n<h4>Quelles donn\u00e9es personnelles collectons-nous ?<\/h4>\n<p>Donn\u00e9es que vous pouvez fournir :<\/p>\n<ul>\n<li>Nom, adresse, date de naissance<\/li>\n<li>Num\u00e9ro de t\u00e9l\u00e9phone et e-mail<\/li>\n<li>Emplacement<\/li>\n<li>Informations de paiement et de remboursement<\/li>\n<li>Adresse IP, heure d\u2019acc\u00e8s, navigateur et syst\u00e8me d\u2019exploitation<\/li>\n<li>Donn\u00e9es du CV des candidats<\/li>\n<li>Toute autre information partag\u00e9e volontairement<\/li>\n<\/ul>\n<h4>Pourquoi et comment traitons-nous vos donn\u00e9es ?<\/h4>\n<p>Nous traitons les donn\u00e9es pour :<\/p>\n<ul>\n<li>G\u00e9rer les commandes ou services, en ligne ou en magasin.<\/li>\n<li>Envoyer les informations demand\u00e9es.<\/li>\n<li>G\u00e9rer les CV des candidats pour les processus de recrutement.<\/li>\n<li>D\u00e9velopper des actions commerciales, entretenir la relation client et personnaliser le traitement selon vos besoins.<\/li>\n<li>Partager des informations avec des autorit\u00e9s ou tiers pour audits ou gestion des r\u00e9clamations.<\/li>\n<\/ul>\n<h4>Quelle est la l\u00e9gitimit\u00e9 du traitement de vos donn\u00e9es ?<\/h4>\n<p>Fondements l\u00e9gaux du traitement :<\/p>\n<ul>\n<li>Consentement pour la contractualisation de services ou demandes d\u2019information.<\/li>\n<li>Int\u00e9r\u00eat l\u00e9gitime pour les actions de marketing direct.<\/li>\n<li>Respect des obligations l\u00e9gales pour la pr\u00e9vention de la fraude et communication avec les autorit\u00e9s.<\/li>\n<\/ul>\n<h4>Combien de temps conservons-nous vos donn\u00e9es ?<\/h4>\n<p>Nous conservons les donn\u00e9es pour la dur\u00e9e n\u00e9cessaire aux objectifs pour lesquels elles ont \u00e9t\u00e9 collect\u00e9es. Les CV des candidats non retenus sont conserv\u00e9s un an.<\/p>\n<h4>\u00c0 quels destinataires vos donn\u00e9es sont-elles communiqu\u00e9es ?<\/h4>\n<p>VILAGRASA partage des donn\u00e9es avec des tiers uniquement quand c&#8217;est n\u00e9cessaire, en assurant la s\u00e9curit\u00e9 et la confidentialit\u00e9 :<\/p>\n<ul>\n<li>Prestataires externes (paiement, livraison).<\/li>\n<li>Soci\u00e9t\u00e9s du groupe RESOL.<\/li>\n<li>Entreprises sp\u00e9cialis\u00e9es en s\u00e9lection de personnel.<\/li>\n<\/ul>\n<h4>O\u00f9 sont stock\u00e9es vos donn\u00e9es ?<\/h4>\n<p>Les donn\u00e9es sont stock\u00e9es dans l\u2019UE. Si envoy\u00e9es hors UE, nous assurons un niveau de protection suffisant.<\/p>\n<h4>Quels sont vos droits et comment les exercer ?<\/h4>\n<p>Envoyez vos demandes \u00e0 : vilagrasa@vilagrasa.com<\/p>\n<p>Vous pouvez demander :<\/p>\n<ul>\n<li>Acc\u00e8s \u00e0 vos donn\u00e9es.<\/li>\n<li>Rectification de vos donn\u00e9es.<\/li>\n<li>Effacement de vos donn\u00e9es (droit \u00e0 l\u2019oubli).<\/li>\n<li>Limitation du traitement.<\/li>\n<li>Portabilit\u00e9 de vos donn\u00e9es.<\/li>\n<li>Opposition au traitement.<\/li>\n<\/ul>\n<h4>Qui est responsable de l\u2019exactitude des donn\u00e9es fournies ?<\/h4>\n<p>L\u2019utilisateur est responsable de l\u2019exactitude et de la mise \u00e0 jour de ses donn\u00e9es. VILAGRASA se r\u00e9serve le droit de r\u00e9silier les services si les informations sont fausses.<\/p>\n<h4>Comment traitons-nous les donn\u00e9es personnelles des mineurs ?<\/h4>\n<p>Nos services ne sont pas destin\u00e9s aux mineurs. Pour les utilisateurs de moins de 14 ans, le consentement des tuteurs l\u00e9gaux est requis.<\/p>\n<h4>Quelles mesures de s\u00e9curit\u00e9 appliquons-nous pour prot\u00e9ger vos donn\u00e9es ?<\/h4>\n<p>Nous appliquons des mesures de s\u00e9curit\u00e9 l\u00e9gales et techniques pour pr\u00e9venir la perte, le mauvais usage et l\u2019acc\u00e8s non autoris\u00e9 aux donn\u00e9es personnelles. Cependant, Internet n\u2019est pas compl\u00e8tement s\u00e9curis\u00e9.<\/p>\n<h4>Liens vers d\u2019autres sites web<\/h4>\n<p>Le site www.vilagrasa.com peut contenir des liens vers d\u2019autres sites web, soumis \u00e0 leurs propres politiques de confidentialit\u00e9.<\/p>\n<h4>Comment utilisons-nous les cookies ?<\/h4>\n<p>Nous utilisons des cookies pour optimiser la navigation et l&#8217;exp\u00e9rience utilisateur. Voir notre <a href=\"https:\/\/vilagrasa.com\/politica-de-cookies\">Politique de Cookies<\/a>.<\/p>\n<h4>La politique de confidentialit\u00e9 peut-elle \u00eatre modifi\u00e9e ?<\/h4>\n<p>Cette politique peut \u00eatre modifi\u00e9e. Veuillez la consulter p\u00e9riodiquement.<\/p>\n<p>[\/et_pb_text][\/et_pb_column][\/et_pb_row][\/et_pb_section]<\/p>\n","protected":false},"excerpt":{"rendered":"<p>Politique de confidentialit\u00e9 Informations de basesur la protection des donn\u00e9es ResponsableVILAGRASA, S.A.U. (ci-apr\u00e8s VILAGRASA) Finalit\u00e9Gestion des utilisateurs du web; communications commerciales; gestion des donn\u00e9es fournies par les candidats pour les processus de s\u00e9lection du personnel. L\u00e9gitimationConsentement explicite, int\u00e9r\u00eat l\u00e9gitime et respect des obligations l\u00e9gales. DestinatairesAucune donn\u00e9e ne sera transf\u00e9r\u00e9e \u00e0 des tiers, sauf en cas [&hellip;]<\/p>\n","protected":false},"author":1,"featured_media":0,"parent":0,"menu_order":0,"comment_status":"closed","ping_status":"closed","template":"","meta":{"_acf_changed":false,"_et_pb_use_builder":"on","_et_pb_old_content":"","_et_gb_content_width":"","inline_featured_image":false,"footnotes":""},"class_list":["post-251278","page","type-page","status-publish","hentry"],"acf":[],"yoast_head":"<!-- This site is optimized with the Yoast SEO plugin v27.3 - https:\/\/yoast.com\/product\/yoast-seo-wordpress\/ -->\n<title>Politique de confidentialit\u00e9 - Vilagrasa<\/title>\n<meta name=\"robots\" content=\"index, follow, max-snippet:-1, max-image-preview:large, max-video-preview:-1\" \/>\n<link rel=\"canonical\" href=\"https:\/\/vilagrasa.com\/fr\/politique-de-confidentialite\/\" \/>\n<meta property=\"og:locale\" content=\"fr_FR\" \/>\n<meta property=\"og:type\" content=\"article\" \/>\n<meta property=\"og:title\" content=\"Politique de confidentialit\u00e9 - Vilagrasa\" \/>\n<meta property=\"og:description\" content=\"Politique de confidentialit\u00e9 Informations de basesur la protection des donn\u00e9es ResponsableVILAGRASA, S.A.U. (ci-apr\u00e8s VILAGRASA) Finalit\u00e9Gestion des utilisateurs du web; communications commerciales; gestion des donn\u00e9es fournies par les candidats pour les processus de s\u00e9lection du personnel. L\u00e9gitimationConsentement explicite, int\u00e9r\u00eat l\u00e9gitime et respect des obligations l\u00e9gales. DestinatairesAucune donn\u00e9e ne sera transf\u00e9r\u00e9e \u00e0 des tiers, sauf en cas [&hellip;]\" \/>\n<meta property=\"og:url\" content=\"https:\/\/vilagrasa.com\/fr\/politique-de-confidentialite\/\" \/>\n<meta property=\"og:site_name\" content=\"Vilagrasa\" \/>\n<meta property=\"article:modified_time\" content=\"2024-11-12T10:07:16+00:00\" \/>\n<meta name=\"twitter:card\" content=\"summary_large_image\" \/>\n<script type=\"application\/ld+json\" class=\"yoast-schema-graph\">{\"@context\":\"https:\\\/\\\/schema.org\",\"@graph\":[{\"@type\":\"WebPage\",\"@id\":\"https:\\\/\\\/vilagrasa.com\\\/fr\\\/politique-de-confidentialite\\\/\",\"url\":\"https:\\\/\\\/vilagrasa.com\\\/fr\\\/politique-de-confidentialite\\\/\",\"name\":\"Politique de confidentialit\u00e9 - Vilagrasa\",\"isPartOf\":{\"@id\":\"https:\\\/\\\/vilagrasa.com\\\/fr\\\/#website\"},\"datePublished\":\"2024-11-12T08:41:12+00:00\",\"dateModified\":\"2024-11-12T10:07:16+00:00\",\"breadcrumb\":{\"@id\":\"https:\\\/\\\/vilagrasa.com\\\/fr\\\/politique-de-confidentialite\\\/#breadcrumb\"},\"inLanguage\":\"fr-FR\",\"potentialAction\":[{\"@type\":\"ReadAction\",\"target\":[\"https:\\\/\\\/vilagrasa.com\\\/fr\\\/politique-de-confidentialite\\\/\"]}]},{\"@type\":\"BreadcrumbList\",\"@id\":\"https:\\\/\\\/vilagrasa.com\\\/fr\\\/politique-de-confidentialite\\\/#breadcrumb\",\"itemListElement\":[{\"@type\":\"ListItem\",\"position\":1,\"name\":\"Inici\",\"item\":\"https:\\\/\\\/vilagrasa.com\\\/fr\\\/\"},{\"@type\":\"ListItem\",\"position\":2,\"name\":\"Politique de confidentialit\u00e9\"}]},{\"@type\":\"WebSite\",\"@id\":\"https:\\\/\\\/vilagrasa.com\\\/fr\\\/#website\",\"url\":\"https:\\\/\\\/vilagrasa.com\\\/fr\\\/\",\"name\":\"Vilagrasa\",\"description\":\"Fabricante de mobiliario urbano - Papeleras de dise\u00f1o\",\"potentialAction\":[{\"@type\":\"SearchAction\",\"target\":{\"@type\":\"EntryPoint\",\"urlTemplate\":\"https:\\\/\\\/vilagrasa.com\\\/fr\\\/?s={search_term_string}\"},\"query-input\":{\"@type\":\"PropertyValueSpecification\",\"valueRequired\":true,\"valueName\":\"search_term_string\"}}],\"inLanguage\":\"fr-FR\"}]}<\/script>\n<!-- \/ Yoast SEO plugin. -->","yoast_head_json":{"title":"Politique de confidentialit\u00e9 - Vilagrasa","robots":{"index":"index","follow":"follow","max-snippet":"max-snippet:-1","max-image-preview":"max-image-preview:large","max-video-preview":"max-video-preview:-1"},"canonical":"https:\/\/vilagrasa.com\/fr\/politique-de-confidentialite\/","og_locale":"fr_FR","og_type":"article","og_title":"Politique de confidentialit\u00e9 - Vilagrasa","og_description":"Politique de confidentialit\u00e9 Informations de basesur la protection des donn\u00e9es ResponsableVILAGRASA, S.A.U. (ci-apr\u00e8s VILAGRASA) Finalit\u00e9Gestion des utilisateurs du web; communications commerciales; gestion des donn\u00e9es fournies par les candidats pour les processus de s\u00e9lection du personnel. L\u00e9gitimationConsentement explicite, int\u00e9r\u00eat l\u00e9gitime et respect des obligations l\u00e9gales. DestinatairesAucune donn\u00e9e ne sera transf\u00e9r\u00e9e \u00e0 des tiers, sauf en cas [&hellip;]","og_url":"https:\/\/vilagrasa.com\/fr\/politique-de-confidentialite\/","og_site_name":"Vilagrasa","article_modified_time":"2024-11-12T10:07:16+00:00","twitter_card":"summary_large_image","schema":{"@context":"https:\/\/schema.org","@graph":[{"@type":"WebPage","@id":"https:\/\/vilagrasa.com\/fr\/politique-de-confidentialite\/","url":"https:\/\/vilagrasa.com\/fr\/politique-de-confidentialite\/","name":"Politique de confidentialit\u00e9 - Vilagrasa","isPartOf":{"@id":"https:\/\/vilagrasa.com\/fr\/#website"},"datePublished":"2024-11-12T08:41:12+00:00","dateModified":"2024-11-12T10:07:16+00:00","breadcrumb":{"@id":"https:\/\/vilagrasa.com\/fr\/politique-de-confidentialite\/#breadcrumb"},"inLanguage":"fr-FR","potentialAction":[{"@type":"ReadAction","target":["https:\/\/vilagrasa.com\/fr\/politique-de-confidentialite\/"]}]},{"@type":"BreadcrumbList","@id":"https:\/\/vilagrasa.com\/fr\/politique-de-confidentialite\/#breadcrumb","itemListElement":[{"@type":"ListItem","position":1,"name":"Inici","item":"https:\/\/vilagrasa.com\/fr\/"},{"@type":"ListItem","position":2,"name":"Politique de confidentialit\u00e9"}]},{"@type":"WebSite","@id":"https:\/\/vilagrasa.com\/fr\/#website","url":"https:\/\/vilagrasa.com\/fr\/","name":"Vilagrasa","description":"Fabricante de mobiliario urbano - Papeleras de dise\u00f1o","potentialAction":[{"@type":"SearchAction","target":{"@type":"EntryPoint","urlTemplate":"https:\/\/vilagrasa.com\/fr\/?s={search_term_string}"},"query-input":{"@type":"PropertyValueSpecification","valueRequired":true,"valueName":"search_term_string"}}],"inLanguage":"fr-FR"}]}},"_links":{"self":[{"href":"https:\/\/vilagrasa.com\/fr\/wp-json\/wp\/v2\/pages\/251278","targetHints":{"allow":["GET"]}}],"collection":[{"href":"https:\/\/vilagrasa.com\/fr\/wp-json\/wp\/v2\/pages"}],"about":[{"href":"https:\/\/vilagrasa.com\/fr\/wp-json\/wp\/v2\/types\/page"}],"author":[{"embeddable":true,"href":"https:\/\/vilagrasa.com\/fr\/wp-json\/wp\/v2\/users\/1"}],"replies":[{"embeddable":true,"href":"https:\/\/vilagrasa.com\/fr\/wp-json\/wp\/v2\/comments?post=251278"}],"version-history":[{"count":4,"href":"https:\/\/vilagrasa.com\/fr\/wp-json\/wp\/v2\/pages\/251278\/revisions"}],"predecessor-version":[{"id":251297,"href":"https:\/\/vilagrasa.com\/fr\/wp-json\/wp\/v2\/pages\/251278\/revisions\/251297"}],"wp:attachment":[{"href":"https:\/\/vilagrasa.com\/fr\/wp-json\/wp\/v2\/media?parent=251278"}],"curies":[{"name":"wp","href":"https:\/\/api.w.org\/{rel}","templated":true}]}}