{"id":250756,"date":"2024-10-29T11:09:54","date_gmt":"2024-10-29T10:09:54","guid":{"rendered":"https:\/\/vilagrasa.omitsisdev.com\/portefeuille\/"},"modified":"2024-12-10T09:17:42","modified_gmt":"2024-12-10T08:17:42","slug":"projets","status":"publish","type":"page","link":"https:\/\/vilagrasa.com\/fr\/projets\/","title":{"rendered":"Projets"},"content":{"rendered":"<p>[et_pb_section fb_built=&#8221;1&#8243; admin_label=&#8221;Secci\u00f3n&#8221; _builder_version=&#8221;4.27.2&#8243; _module_preset=&#8221;default&#8221; background_color=&#8221;#F0F0F0&#8243; min_height=&#8221;5591.9px&#8221; custom_margin=&#8221;-90px||||false|false&#8221; custom_padding=&#8221;120px||||false|false&#8221; global_colors_info=&#8221;{}&#8221;][et_pb_row use_custom_gutter=&#8221;on&#8221; gutter_width=&#8221;2&#8243; admin_label=&#8221;Portefeuille&#8221; _builder_version=&#8221;4.27.2&#8243; _module_preset=&#8221;default&#8221; width=&#8221;96%&#8221; max_width=&#8221;100%&#8221; custom_padding=&#8221;2px|||||&#8221; global_colors_info=&#8221;{}&#8221;][et_pb_column type=&#8221;4_4&#8243; _builder_version=&#8221;4.27.2&#8243; _module_preset=&#8221;default&#8221; global_colors_info=&#8221;{}&#8221;][et_pb_heading title=&#8221;@ET-DC@eyJkeW5hbWljIjp0cnVlLCJjb250ZW50IjoicG9zdF90aXRsZSIsInNldHRpbmdzIjp7ImJlZm9yZSI6IiIsImFmdGVyIjoiIn19@&#8221; _builder_version=&#8221;4.27.2&#8243; _dynamic_attributes=&#8221;title&#8221; _module_preset=&#8221;default&#8221; title_text_align=&#8221;left&#8221; title_text_color=&#8221;#000000&#8243; title_font_size=&#8221;70px&#8221; custom_margin=&#8221;||8px|||&#8221; global_colors_info=&#8221;{}&#8221;][\/et_pb_heading][et_pb_filterable_portfolio fullwidth=&#8221;off&#8221; posts_number=&#8221;32&#8243; show_categories=&#8221;off&#8221; show_pagination=&#8221;off&#8221; zoom_icon_color=&#8221;#3C4841&#8243; hover_overlay_color=&#8221;rgba(255,255,255,0.7)&#8221; hover_icon=&#8221;&#x4c;||divi||400&#8243; module_class=&#8221;three-column-portfolio pa-portfolio-image-16-9&#8243; _builder_version=&#8221;4.27.0&#8243; _module_preset=&#8221;default&#8221; title_font_size=&#8221;25px&#8221; title_line_height=&#8221;1em&#8221; filter_text_color=&#8221;RGBA(0,0,0,0.35)&#8221; filter_font_size=&#8221;18px&#8221; filter_line_height=&#8221;1.2em&#8221; custom_margin_tablet=&#8221;0px||||false|false&#8221; custom_margin_phone=&#8221;0px||||false|false&#8221; custom_margin_last_edited=&#8221;off|phone&#8221; title_font_size_tablet=&#8221;20px&#8221; title_font_size_phone=&#8221;20px&#8221; title_font_size_last_edited=&#8221;on|phone&#8221; filter_font_size_tablet=&#8221;18px&#8221; filter_font_size_phone=&#8221;16px&#8221; filter_font_size_last_edited=&#8221;on|phone&#8221; custom_css_free_form=&#8221;\/*portfolio image aspect ratio landscape 16:9*\/||.pa-portfolio-image-16-9 .et_portfolio_image {||  padding-top: 56.25%;||  display: block;||}||.pa-portfolio-image-16-9 .et_portfolio_image img {||  position: absolute;||  height: 100%;||  width: 100%;||  top: 0;||  left: 0;||  right: 0;||  bottom: 0;||  object-fit: cover;||}||||\/* 3 Column Portfolio *\/||@media (min-width: 981px) {||    .three-column-portfolio .et_pb_grid_item {||        width: 32%!important;||        margin-right: 2%!important;  ||    }||  ||    .three-column-portfolio .et_pb_grid_item:nth-child(3n) {||        margin-right: 0!important;||    }||  ||    .three-column-portfolio.et_pb_grid_item:nth-child(4n) {||        margin-right: 2%!important;||    }||  ||    .three-column-portfolio .et_pb_grid_item.et_pb_portfolio_item:nth-child(4n+1) {||        clear: none!important;||    }||    .three-column-portfolio .et_pb_grid_item.first_in_row {||        clear: unset;||    }||}||||.et_pb_filterable_portfolio .et_pb_portfolio_filters li a{||    padding: 10px 10px;||    border: none;||    display: block;||    height: auto;||    overflow: hidden;||    margin: 0;||    background-color: transparent;||}||||.et_pb_filterable_portfolio .et_pb_portfolio_filters li a:hover{||  background-color: transparent;||}&#8221; custom_css_portfolio_filters=&#8221;display: flex;||justify-content: flex-end; \/* Alinea els filtres a la dreta *\/||&#8221; custom_css_portfolio_title=&#8221;margin-bottom: -4%;&#8221; global_colors_info=&#8221;{}&#8221; filter_text_color__hover_enabled=&#8221;on|desktop&#8221; filter_text_color__hover=&#8221;#000000&#8243; custom_css_portfolio_filters_last_edited=&#8221;on|phone&#8221; custom_css_portfolio_filters_tablet=&#8221;display:ignore;||&#8221; custom_css_portfolio_filters_phone=&#8221;display: flex;||justify-content: flex-end; \/* Alinea els filtres a la dreta *\/||&#8221;][\/et_pb_filterable_portfolio][et_pb_code _builder_version=&#8221;4.27.2&#8243; _module_preset=&#8221;default&#8221; global_colors_info=&#8221;{}&#8221;][\/et_pb_code][\/et_pb_column][\/et_pb_row][et_pb_row admin_label=&#8221;Titres Conception de meubles&#8221; _builder_version=&#8221;4.27.2&#8243; _module_preset=&#8221;default&#8221; custom_padding=&#8221;||2px|||&#8221; global_colors_info=&#8221;{}&#8221;][et_pb_column type=&#8221;4_4&#8243; _builder_version=&#8221;4.27.2&#8243; _module_preset=&#8221;default&#8221; global_colors_info=&#8221;{}&#8221;][et_pb_text _builder_version=&#8221;4.27.2&#8243; _module_preset=&#8221;default&#8221; global_colors_info=&#8221;{}&#8221;]<\/p>\n<h2>Conception de meubles pour projets internationaux<\/h2>\n<p>[\/et_pb_text][\/et_pb_column][\/et_pb_row][et_pb_row column_structure=&#8221;1_2,1_2&#8243; admin_label=&#8221;Conception de meubles de texte&#8221; _builder_version=&#8221;4.27.2&#8243; _module_preset=&#8221;default&#8221; global_colors_info=&#8221;{}&#8221;][et_pb_column type=&#8221;1_2&#8243; admin_label=&#8221;Columna&#8221; _builder_version=&#8221;4.27.2&#8243; _module_preset=&#8221;default&#8221; global_colors_info=&#8221;{}&#8221;][et_pb_text _builder_version=&#8221;4.27.2&#8243; _module_preset=&#8221;default&#8221; global_colors_info=&#8221;{}&#8221;]<\/p>\n<p>Depuis nos d\u00e9buts en 1957, Vilagrasa est une entreprise leader, non seulement dans la production et la vente de meubles et accessoires design pour int\u00e9rieurs et ext\u00e9rieurs, mais aussi dans la planification et l&#8217;ex\u00e9cution de <strong>projets de design<\/strong> pour diff\u00e9rents secteurs. Soucieux de l&#8217;environnement et de faciliter la vie des gens, chez Vilagrasa, nous avons travaill\u00e9 sans rel\u00e2che pour offrir des solutions esth\u00e9tiques et durables avec des mat\u00e9riaux de la plus haute qualit\u00e9.<\/p>\n<p>Les <strong>projets de conception<\/strong> que nous avons r\u00e9alis\u00e9s au fil des ann\u00e9es couvrent un large \u00e9ventail d&#8217;espaces, des a\u00e9roports aux universit\u00e9s, en passant par les gares, les centres commerciaux, les espaces collectifs, les h\u00f4tels et les bureaux partout dans le monde. Dans chacun de ces <strong>projets de conception<\/strong>, chez Vilagrasa, nous avons appliqu\u00e9 des solutions innovantes et efficaces qui ont am\u00e9lior\u00e9 leur fonctionnalit\u00e9 et leur s\u00e9curit\u00e9.<\/p>\n<p>Notre exp\u00e9rience et notre engagement envers la qualit\u00e9 et l&#8217;environnement nous soutiennent et sont deux des raisons pour lesquelles nos clients continuent de nous faire confiance tant pour la conception de meubles que pour la r\u00e9alisation de projets complets que nous avons imagin\u00e9s. \u00e0 tous types de contextes et de pays.<\/p>\n<p>[\/et_pb_text][\/et_pb_column][et_pb_column type=&#8221;1_2&#8243; _builder_version=&#8221;4.27.2&#8243; _module_preset=&#8221;default&#8221; global_colors_info=&#8221;{}&#8221;][et_pb_text _builder_version=&#8221;4.27.2&#8243; _module_preset=&#8221;default&#8221; global_colors_info=&#8221;{}&#8221;]<\/p>\n<ul>\n<li><strong>Projets dans les a\u00e9roports et les gares.<\/strong> Les a\u00e9roports et les gares sont des espaces de transit et d&#8217;attente, l&#8217;efficacit\u00e9 et la s\u00e9curit\u00e9 sont donc des aspects cl\u00e9s. Chez Vilagrasa, nous avons con\u00e7u et produit pour des a\u00e9roports comme Madrid, Barcelone, Punta Cana ou Le Caire, ou des gares comme le m\u00e9tro de Bilbao.<\/li>\n<li><strong>Projets dans des centres commerciaux.<\/strong> Pour toujours offrir la meilleure exp\u00e9rience, notre conception de mobilier a contribu\u00e9 \u00e0 cr\u00e9er un environnement plus confortable et efficace dans des centres commerciaux tels que L&#8217;illa Diagonal, Las Arenas de Barcelona ou Vialia 2021.<\/li>\n<li><strong>Projets dans des espaces collectifs.<\/strong> Dans ce domaine, nous avons de l&#8217;exp\u00e9rience dans les mus\u00e9es et les grands espaces culturels, tels que le Denver Art Museum, Expo Dubai, Expo Zaragoza, le Koln Messe Exhibition Center, le Palau de les Arts ou le Mus\u00e9e Porsche.<\/li>\n<li><strong>Projets dans les h\u00f4tels.<\/strong> Les h\u00f4tels ont besoin de meubles et d&#8217;accessoires qui offrent un confort \u00e0 la fois aux clients et au personnel de service. Certains de nos projets incluent les h\u00f4tels Abba, l&#8217;h\u00f4tel Gothia Towers et l&#8217;h\u00f4tel Aquashow Park.<\/li>\n<li><strong>Projets de bureaux.<\/strong> Quel que soit le secteur, nous avons travaill\u00e9 pour am\u00e9liorer l&#8217;efficacit\u00e9 dans des environnements de travail tels que ABN Amro Bank, Banco Sabadell, DG Bank of Berlin, Sanitas, Audi Center ou Vodafone <\/. li>\n<li><strong>Projets dans les universit\u00e9s.<\/strong> Les universit\u00e9s sont le berceau de la culture, ce que nous avons voulu capturer dans nos projets de conception dans des institutions telles que l&#8217;Universit\u00e9 de Pompeu Fabra, l&#8217;Universit\u00e9 John Hopkins ou l&#8217;Acad\u00e9mie diplomatique d&#8217;Azerba\u00efdjan. Acad\u00e9mie.<\/li>\n<\/ul>\n<p>Nous vous invitons \u00e0 voir chacune de nos cr\u00e9ations de meubles pour certains des projets les plus remarquables sur lesquels nous avons travaill\u00e9. Avec plus de 40 ans d&#8217;exp\u00e9rience et des exportations dans plus de 50 pays, nous sommes tr\u00e8s fiers de notre trajectoire et nous continuons de nous am\u00e9liorer jour apr\u00e8s jour pour toujours vous offrir le meilleur.<\/p>\n<p>[\/et_pb_text][\/et_pb_column][\/et_pb_row][\/et_pb_section]<\/p>\n","protected":false},"excerpt":{"rendered":"<p>Conception de meubles pour projets internationauxDepuis nos d\u00e9buts en 1957, Vilagrasa est une entreprise leader, non seulement dans la production et la vente de meubles et accessoires design pour int\u00e9rieurs et ext\u00e9rieurs, mais aussi dans la planification et l&#8217;ex\u00e9cution de projets de design pour diff\u00e9rents secteurs. Soucieux de l&#8217;environnement et de faciliter la vie des [&hellip;]<\/p>\n","protected":false},"author":1,"featured_media":0,"parent":0,"menu_order":0,"comment_status":"closed","ping_status":"closed","template":"","meta":{"_acf_changed":false,"_et_pb_use_builder":"on","_et_pb_old_content":"","_et_gb_content_width":"","inline_featured_image":false,"footnotes":""},"class_list":["post-250756","page","type-page","status-publish","hentry"],"acf":[],"yoast_head":"<!-- This site is optimized with the Yoast SEO plugin v27.3 - https:\/\/yoast.com\/product\/yoast-seo-wordpress\/ -->\n<title>Projets - Vilagrasa<\/title>\n<meta name=\"robots\" content=\"index, follow, max-snippet:-1, max-image-preview:large, max-video-preview:-1\" \/>\n<link rel=\"canonical\" href=\"https:\/\/vilagrasa.com\/fr\/projets\/\" \/>\n<meta property=\"og:locale\" content=\"fr_FR\" \/>\n<meta property=\"og:type\" content=\"article\" \/>\n<meta property=\"og:title\" content=\"Projets - Vilagrasa\" \/>\n<meta property=\"og:description\" content=\"Conception de meubles pour projets internationauxDepuis nos d\u00e9buts en 1957, Vilagrasa est une entreprise leader, non seulement dans la production et la vente de meubles et accessoires design pour int\u00e9rieurs et ext\u00e9rieurs, mais aussi dans la planification et l&#039;ex\u00e9cution de projets de design pour diff\u00e9rents secteurs. Soucieux de l&#039;environnement et de faciliter la vie des [&hellip;]\" \/>\n<meta property=\"og:url\" content=\"https:\/\/vilagrasa.com\/fr\/projets\/\" \/>\n<meta property=\"og:site_name\" content=\"Vilagrasa\" \/>\n<meta property=\"article:modified_time\" content=\"2024-12-10T08:17:42+00:00\" \/>\n<meta name=\"twitter:card\" content=\"summary_large_image\" \/>\n<script type=\"application\/ld+json\" class=\"yoast-schema-graph\">{\"@context\":\"https:\\\/\\\/schema.org\",\"@graph\":[{\"@type\":\"WebPage\",\"@id\":\"https:\\\/\\\/vilagrasa.com\\\/fr\\\/projets\\\/\",\"url\":\"https:\\\/\\\/vilagrasa.com\\\/fr\\\/projets\\\/\",\"name\":\"Projets - Vilagrasa\",\"isPartOf\":{\"@id\":\"https:\\\/\\\/vilagrasa.com\\\/fr\\\/#website\"},\"datePublished\":\"2024-10-29T10:09:54+00:00\",\"dateModified\":\"2024-12-10T08:17:42+00:00\",\"breadcrumb\":{\"@id\":\"https:\\\/\\\/vilagrasa.com\\\/fr\\\/projets\\\/#breadcrumb\"},\"inLanguage\":\"fr-FR\",\"potentialAction\":[{\"@type\":\"ReadAction\",\"target\":[\"https:\\\/\\\/vilagrasa.com\\\/fr\\\/projets\\\/\"]}]},{\"@type\":\"BreadcrumbList\",\"@id\":\"https:\\\/\\\/vilagrasa.com\\\/fr\\\/projets\\\/#breadcrumb\",\"itemListElement\":[{\"@type\":\"ListItem\",\"position\":1,\"name\":\"Inici\",\"item\":\"https:\\\/\\\/vilagrasa.com\\\/fr\\\/\"},{\"@type\":\"ListItem\",\"position\":2,\"name\":\"Projets\"}]},{\"@type\":\"WebSite\",\"@id\":\"https:\\\/\\\/vilagrasa.com\\\/fr\\\/#website\",\"url\":\"https:\\\/\\\/vilagrasa.com\\\/fr\\\/\",\"name\":\"Vilagrasa\",\"description\":\"Fabricante de mobiliario urbano - Papeleras de dise\u00f1o\",\"potentialAction\":[{\"@type\":\"SearchAction\",\"target\":{\"@type\":\"EntryPoint\",\"urlTemplate\":\"https:\\\/\\\/vilagrasa.com\\\/fr\\\/?s={search_term_string}\"},\"query-input\":{\"@type\":\"PropertyValueSpecification\",\"valueRequired\":true,\"valueName\":\"search_term_string\"}}],\"inLanguage\":\"fr-FR\"}]}<\/script>\n<!-- \/ Yoast SEO plugin. -->","yoast_head_json":{"title":"Projets - Vilagrasa","robots":{"index":"index","follow":"follow","max-snippet":"max-snippet:-1","max-image-preview":"max-image-preview:large","max-video-preview":"max-video-preview:-1"},"canonical":"https:\/\/vilagrasa.com\/fr\/projets\/","og_locale":"fr_FR","og_type":"article","og_title":"Projets - Vilagrasa","og_description":"Conception de meubles pour projets internationauxDepuis nos d\u00e9buts en 1957, Vilagrasa est une entreprise leader, non seulement dans la production et la vente de meubles et accessoires design pour int\u00e9rieurs et ext\u00e9rieurs, mais aussi dans la planification et l'ex\u00e9cution de projets de design pour diff\u00e9rents secteurs. Soucieux de l'environnement et de faciliter la vie des [&hellip;]","og_url":"https:\/\/vilagrasa.com\/fr\/projets\/","og_site_name":"Vilagrasa","article_modified_time":"2024-12-10T08:17:42+00:00","twitter_card":"summary_large_image","schema":{"@context":"https:\/\/schema.org","@graph":[{"@type":"WebPage","@id":"https:\/\/vilagrasa.com\/fr\/projets\/","url":"https:\/\/vilagrasa.com\/fr\/projets\/","name":"Projets - Vilagrasa","isPartOf":{"@id":"https:\/\/vilagrasa.com\/fr\/#website"},"datePublished":"2024-10-29T10:09:54+00:00","dateModified":"2024-12-10T08:17:42+00:00","breadcrumb":{"@id":"https:\/\/vilagrasa.com\/fr\/projets\/#breadcrumb"},"inLanguage":"fr-FR","potentialAction":[{"@type":"ReadAction","target":["https:\/\/vilagrasa.com\/fr\/projets\/"]}]},{"@type":"BreadcrumbList","@id":"https:\/\/vilagrasa.com\/fr\/projets\/#breadcrumb","itemListElement":[{"@type":"ListItem","position":1,"name":"Inici","item":"https:\/\/vilagrasa.com\/fr\/"},{"@type":"ListItem","position":2,"name":"Projets"}]},{"@type":"WebSite","@id":"https:\/\/vilagrasa.com\/fr\/#website","url":"https:\/\/vilagrasa.com\/fr\/","name":"Vilagrasa","description":"Fabricante de mobiliario urbano - Papeleras de dise\u00f1o","potentialAction":[{"@type":"SearchAction","target":{"@type":"EntryPoint","urlTemplate":"https:\/\/vilagrasa.com\/fr\/?s={search_term_string}"},"query-input":{"@type":"PropertyValueSpecification","valueRequired":true,"valueName":"search_term_string"}}],"inLanguage":"fr-FR"}]}},"_links":{"self":[{"href":"https:\/\/vilagrasa.com\/fr\/wp-json\/wp\/v2\/pages\/250756","targetHints":{"allow":["GET"]}}],"collection":[{"href":"https:\/\/vilagrasa.com\/fr\/wp-json\/wp\/v2\/pages"}],"about":[{"href":"https:\/\/vilagrasa.com\/fr\/wp-json\/wp\/v2\/types\/page"}],"author":[{"embeddable":true,"href":"https:\/\/vilagrasa.com\/fr\/wp-json\/wp\/v2\/users\/1"}],"replies":[{"embeddable":true,"href":"https:\/\/vilagrasa.com\/fr\/wp-json\/wp\/v2\/comments?post=250756"}],"version-history":[{"count":40,"href":"https:\/\/vilagrasa.com\/fr\/wp-json\/wp\/v2\/pages\/250756\/revisions"}],"predecessor-version":[{"id":252755,"href":"https:\/\/vilagrasa.com\/fr\/wp-json\/wp\/v2\/pages\/250756\/revisions\/252755"}],"wp:attachment":[{"href":"https:\/\/vilagrasa.com\/fr\/wp-json\/wp\/v2\/media?parent=250756"}],"curies":[{"name":"wp","href":"https:\/\/api.w.org\/{rel}","templated":true}]}}