{"id":10226,"date":"2023-07-31T10:26:30","date_gmt":"2023-07-31T09:26:30","guid":{"rendered":"https:\/\/vilagrasa.omitsisdev.com\/politica-integrada-de-calidad-y-medio-ambiente\/"},"modified":"2024-11-12T08:59:10","modified_gmt":"2024-11-12T07:59:10","slug":"politica-integrada-de-calidad-y-medio-ambiente","status":"publish","type":"page","link":"https:\/\/vilagrasa.com\/fr\/politica-integrada-de-calidad-y-medio-ambiente\/","title":{"rendered":"Politique int\u00e9gr\u00e9e de qualit\u00e9 et d&#8217;environnement"},"content":{"rendered":"<p>[et_pb_section fb_built=&#8221;1&#8243; _builder_version=&#8221;4.27.0&#8243; background_color=&#8221;#DDD7D3&#8243; global_colors_info=&#8221;{}&#8221;][et_pb_row _builder_version=&#8221;4.27.0&#8243; _module_preset=&#8221;default&#8221; global_colors_info=&#8221;{}&#8221;][et_pb_column type=&#8221;4_4&#8243; _builder_version=&#8221;4.27.0&#8243; _module_preset=&#8221;default&#8221; pac_dcm_carousel_specific_module_num=&#8221;0&#8243; global_colors_info=&#8221;{}&#8221;][et_pb_heading title=&#8221;@ET-DC@eyJkeW5hbWljIjp0cnVlLCJjb250ZW50IjoicG9zdF90aXRsZSIsInNldHRpbmdzIjp7ImJlZm9yZSI6IiIsImFmdGVyIjoiIn19@&#8221; _builder_version=&#8221;4.27.2&#8243; _dynamic_attributes=&#8221;title&#8221; _module_preset=&#8221;default&#8221; title_text_align=&#8221;left&#8221; title_text_color=&#8221;#000000&#8243; title_font_size=&#8221;70px&#8221; locked=&#8221;off&#8221; global_colors_info=&#8221;{}&#8221;][\/et_pb_heading][\/et_pb_column][\/et_pb_row][et_pb_row _builder_version=&#8221;4.16&#8243; background_size=&#8221;initial&#8221; background_position=&#8221;top_left&#8221; background_repeat=&#8221;repeat&#8221; global_colors_info=&#8221;{}&#8221;][et_pb_column type=&#8221;4_4&#8243; _builder_version=&#8221;4.16&#8243; custom_padding=&#8221;|||&#8221; pac_dcm_carousel_specific_module_num=&#8221;0&#8243; global_colors_info=&#8221;{}&#8221; custom_padding__hover=&#8221;|||&#8221;][et_pb_text _builder_version=&#8221;4.27.0&#8243; background_size=&#8221;initial&#8221; background_position=&#8221;top_left&#8221; background_repeat=&#8221;repeat&#8221; hover_enabled=&#8221;0&#8243; custom_css_main_element=&#8221;column-count:2;||column-gap: 40px;||column-rule-style: solid;||column-rule-color: #bbb;&#8221; global_colors_info=&#8221;{}&#8221; custom_css_main_element_last_edited=&#8221;on|phone&#8221; custom_css_main_element_tablet=&#8221;column-count:0;&#8221; custom_css_main_element_phone=&#8221;column-count:0;&#8221; sticky_enabled=&#8221;0&#8243;]<\/p>\n<p>VILAGRASA a \u00e9t\u00e9 fond\u00e9e en 1957 en tant qu\u2019atelier sp\u00e9cialis\u00e9 dans le repoussage des m\u00e9taux et le travail des m\u00e9taux en g\u00e9n\u00e9ral. Au fil des ans, l\u2019organisation a \u00e9volu\u00e9, consid\u00e9rant que l\u2019avenir de la conception de corbeilles \u00e0 papier et d\u2019accessoires passe par l\u2019analyse du comportement des personnes qui les utilisent. Notre processus de conception et de refonte de chaque nouveau produit est le r\u00e9sultat d\u2019une \u00e9tude de la fonction, de l\u2019utilit\u00e9 et du contexte, ce qui garantit le succ\u00e8s de chacune de ses mises en \u0153uvre.<\/p>\n<p>La direction de VILAGRASA, dans le cadre du syst\u00e8me int\u00e9gr\u00e9 de gestion de la qualit\u00e9 et de l\u2019environnement, a \u00e9tabli et mis en \u0153uvre la politique int\u00e9gr\u00e9e suivante, bas\u00e9e sur l\u2019activit\u00e9 principale de l\u2019organisation, \u00e0 savoir la conception, la fabrication et la commercialisation de mobilier pour les espaces publics et professionnels, en mettant l\u2019accent sur l\u2019importance de la conception du mobilier pour doter tout type d\u2019espace d\u2019une plus grande fonctionnalit\u00e9, contribuant ainsi \u00e0 rendre la vie de nos clients plus facile et plus saine.<\/p>\n<p>Pour toutes ces raisons, VILAGRASA assume les engagements suivants :<\/p>\n<ul>\n<li>\u00c9tudier les besoins de la soci\u00e9t\u00e9 afin d\u2019offrir des conceptions de produits qui r\u00e9pondent aux besoins de nos clients.<\/li>\n<li>Collaboration avec un r\u00e9seau de fournisseurs qui collaborent \u00e0 l\u2019optimisation et \u00e0 l\u2019am\u00e9lioration des processus de conception et de fabrication.<\/li>\n<li>Respect de toutes les exigences l\u00e9gales, techniques, r\u00e9glementaires et sp\u00e9cifiques au client qui affectent la qualit\u00e9 technique du produit et du service fourni.<\/li>\n<li>Respect de toutes les exigences l\u00e9gales en mati\u00e8re d\u2019environnement qui sont applicables \u00e0 notre activit\u00e9 et des autres exigences environnementales que nous assumons avec les diff\u00e9rentes parties int\u00e9ress\u00e9es.<\/li>\n<li>Prot\u00e9ger l\u2019environnement et pr\u00e9venir la pollution, en promouvant les engagements suivants :<\/li>\n<li>\u00c9tablissement de crit\u00e8res environnementaux pour l\u2019achat de bois certifi\u00e9 provenant de for\u00eats g\u00e9r\u00e9es conform\u00e9ment aux crit\u00e8res de durabilit\u00e9.<\/li>\n<li>\u00c9tablissement de crit\u00e8res environnementaux pour l\u2019achat d\u2019aluminium recycl\u00e9 afin d\u2019\u00e9viter l\u2019impact de l\u2019extraction de mati\u00e8res premi\u00e8res de l\u2019environnement naturel et de donner une seconde vie au mat\u00e9riau d\u00e9j\u00e0 extrait.<\/li>\n<li>Recherche constante de nouveaux mat\u00e9riaux recycl\u00e9s pouvant techniquement r\u00e9pondre \u00e0 nos normes de qualit\u00e9.<\/li>\n<li>Am\u00e9liorer la performance environnementale des aspects environnementaux significatifs r\u00e9sultant de notre \u00e9valuation des aspects environnementaux.<\/li>\n<li>Promouvoir l\u2019am\u00e9lioration continue du syst\u00e8me de gestion de la qualit\u00e9 et de l\u2019environnement par l\u2019\u00e9tablissement d\u2019objectifs et d\u2019actions d\u2019am\u00e9lioration.<\/li>\n<\/ul>\n<p>Pour remplir ses engagements, VILAGRASA dispose d\u2019une \u00e9quipe de professionnels conscients de l\u2019importance de l\u2019impact de leur travail sur l\u2019am\u00e9lioration continue du syst\u00e8me de gestion int\u00e9gr\u00e9 et sur la satisfaction de nos clients.<\/p>\n<p>[\/et_pb_text][\/et_pb_column][\/et_pb_row][\/et_pb_section]<\/p>\n","protected":false},"excerpt":{"rendered":"<p>[et_pb_section fb_built=&#8221;1&#8243; _builder_version=&#8221;4.27.0&#8243; background_color=&#8221;#DDD7D3&#8243; global_colors_info=&#8221;{}&#8221;][et_pb_row _builder_version=&#8221;4.27.0&#8243; _module_preset=&#8221;default&#8221; global_colors_info=&#8221;{}&#8221;][et_pb_column type=&#8221;4_4&#8243; _builder_version=&#8221;4.27.0&#8243; _module_preset=&#8221;default&#8221; pac_dcm_carousel_specific_module_num=&#8221;0&#8243; global_colors_info=&#8221;{}&#8221;][et_pb_heading title=&#8221;@ET-DC@eyJkeW5hbWljIjp0cnVlLCJjb250ZW50IjoicG9zdF90aXRsZSIsInNldHRpbmdzIjp7ImJlZm9yZSI6IiIsImFmdGVyIjoiIn19@&#8221; _builder_version=&#8221;4.27.2&#8243; _dynamic_attributes=&#8221;title&#8221; _module_preset=&#8221;default&#8221; title_text_align=&#8221;left&#8221; title_text_color=&#8221;#000000&#8243; title_font_size=&#8221;70px&#8221; locked=&#8221;off&#8221; global_colors_info=&#8221;{}&#8221;][\/et_pb_heading][\/et_pb_column][\/et_pb_row][et_pb_row _builder_version=&#8221;4.16&#8243; background_size=&#8221;initial&#8221; background_position=&#8221;top_left&#8221; background_repeat=&#8221;repeat&#8221; global_colors_info=&#8221;{}&#8221;][et_pb_column type=&#8221;4_4&#8243; _builder_version=&#8221;4.16&#8243; custom_padding=&#8221;|||&#8221; pac_dcm_carousel_specific_module_num=&#8221;0&#8243; global_colors_info=&#8221;{}&#8221; custom_padding__hover=&#8221;|||&#8221;][et_pb_text _builder_version=&#8221;4.27.0&#8243; background_size=&#8221;initial&#8221; background_position=&#8221;top_left&#8221; background_repeat=&#8221;repeat&#8221; hover_enabled=&#8221;0&#8243; custom_css_main_element=&#8221;column-count:2;||column-gap: 40px;||column-rule-style: solid;||column-rule-color: #bbb;&#8221; global_colors_info=&#8221;{}&#8221; custom_css_main_element_last_edited=&#8221;on|phone&#8221; custom_css_main_element_tablet=&#8221;column-count:0;&#8221; custom_css_main_element_phone=&#8221;column-count:0;&#8221; sticky_enabled=&#8221;0&#8243;] VILAGRASA a \u00e9t\u00e9 fond\u00e9e en 1957 en tant [&hellip;]<\/p>\n","protected":false},"author":4,"featured_media":0,"parent":0,"menu_order":0,"comment_status":"closed","ping_status":"closed","template":"","meta":{"_acf_changed":false,"_et_pb_use_builder":"off","_et_pb_old_content":"","_et_gb_content_width":"","inline_featured_image":false,"footnotes":""},"class_list":["post-10226","page","type-page","status-publish","hentry"],"acf":[],"yoast_head":"<!-- This site is optimized with the Yoast SEO plugin v27.3 - https:\/\/yoast.com\/product\/yoast-seo-wordpress\/ -->\n<title>Politique int\u00e9gr\u00e9e de qualit\u00e9 et d&#039;environnement - Vilagrasa<\/title>\n<meta name=\"robots\" content=\"index, follow, max-snippet:-1, max-image-preview:large, max-video-preview:-1\" \/>\n<link rel=\"canonical\" href=\"https:\/\/vilagrasa.com\/fr\/politica-integrada-de-calidad-y-medio-ambiente\/\" \/>\n<meta property=\"og:locale\" content=\"fr_FR\" \/>\n<meta property=\"og:type\" content=\"article\" \/>\n<meta property=\"og:title\" content=\"Politique int\u00e9gr\u00e9e de qualit\u00e9 et d&#039;environnement - Vilagrasa\" \/>\n<meta property=\"og:description\" content=\"[et_pb_section fb_built=&#8221;1&#8243; _builder_version=&#8221;4.27.0&#8243; background_color=&#8221;#DDD7D3&#8243; global_colors_info=&#8221;{}&#8221;][et_pb_row _builder_version=&#8221;4.27.0&#8243; _module_preset=&#8221;default&#8221; global_colors_info=&#8221;{}&#8221;][et_pb_column type=&#8221;4_4&#8243; _builder_version=&#8221;4.27.0&#8243; _module_preset=&#8221;default&#8221; pac_dcm_carousel_specific_module_num=&#8221;0&#8243; global_colors_info=&#8221;{}&#8221;][et_pb_heading title=&#8221;@ET-DC@eyJkeW5hbWljIjp0cnVlLCJjb250ZW50IjoicG9zdF90aXRsZSIsInNldHRpbmdzIjp7ImJlZm9yZSI6IiIsImFmdGVyIjoiIn19@&#8221; _builder_version=&#8221;4.27.2&#8243; _dynamic_attributes=&#8221;title&#8221; _module_preset=&#8221;default&#8221; title_text_align=&#8221;left&#8221; title_text_color=&#8221;#000000&#8243; title_font_size=&#8221;70px&#8221; locked=&#8221;off&#8221; global_colors_info=&#8221;{}&#8221;][\/et_pb_heading][\/et_pb_column][\/et_pb_row][et_pb_row _builder_version=&#8221;4.16&#8243; background_size=&#8221;initial&#8221; background_position=&#8221;top_left&#8221; background_repeat=&#8221;repeat&#8221; global_colors_info=&#8221;{}&#8221;][et_pb_column type=&#8221;4_4&#8243; _builder_version=&#8221;4.16&#8243; custom_padding=&#8221;|||&#8221; pac_dcm_carousel_specific_module_num=&#8221;0&#8243; global_colors_info=&#8221;{}&#8221; custom_padding__hover=&#8221;|||&#8221;][et_pb_text _builder_version=&#8221;4.27.0&#8243; background_size=&#8221;initial&#8221; background_position=&#8221;top_left&#8221; background_repeat=&#8221;repeat&#8221; hover_enabled=&#8221;0&#8243; custom_css_main_element=&#8221;column-count:2;||column-gap: 40px;||column-rule-style: solid;||column-rule-color: #bbb;&#8221; global_colors_info=&#8221;{}&#8221; custom_css_main_element_last_edited=&#8221;on|phone&#8221; custom_css_main_element_tablet=&#8221;column-count:0;&#8221; custom_css_main_element_phone=&#8221;column-count:0;&#8221; sticky_enabled=&#8221;0&#8243;] VILAGRASA a \u00e9t\u00e9 fond\u00e9e en 1957 en tant [&hellip;]\" \/>\n<meta property=\"og:url\" content=\"https:\/\/vilagrasa.com\/fr\/politica-integrada-de-calidad-y-medio-ambiente\/\" \/>\n<meta property=\"og:site_name\" content=\"Vilagrasa\" \/>\n<meta property=\"article:modified_time\" content=\"2024-11-12T07:59:10+00:00\" \/>\n<meta name=\"twitter:card\" content=\"summary_large_image\" \/>\n<script type=\"application\/ld+json\" class=\"yoast-schema-graph\">{\"@context\":\"https:\\\/\\\/schema.org\",\"@graph\":[{\"@type\":\"WebPage\",\"@id\":\"https:\\\/\\\/vilagrasa.com\\\/fr\\\/politica-integrada-de-calidad-y-medio-ambiente\\\/\",\"url\":\"https:\\\/\\\/vilagrasa.com\\\/fr\\\/politica-integrada-de-calidad-y-medio-ambiente\\\/\",\"name\":\"Politique int\u00e9gr\u00e9e de qualit\u00e9 et d'environnement - Vilagrasa\",\"isPartOf\":{\"@id\":\"https:\\\/\\\/vilagrasa.com\\\/fr\\\/#website\"},\"datePublished\":\"2023-07-31T09:26:30+00:00\",\"dateModified\":\"2024-11-12T07:59:10+00:00\",\"breadcrumb\":{\"@id\":\"https:\\\/\\\/vilagrasa.com\\\/fr\\\/politica-integrada-de-calidad-y-medio-ambiente\\\/#breadcrumb\"},\"inLanguage\":\"fr-FR\",\"potentialAction\":[{\"@type\":\"ReadAction\",\"target\":[\"https:\\\/\\\/vilagrasa.com\\\/fr\\\/politica-integrada-de-calidad-y-medio-ambiente\\\/\"]}]},{\"@type\":\"BreadcrumbList\",\"@id\":\"https:\\\/\\\/vilagrasa.com\\\/fr\\\/politica-integrada-de-calidad-y-medio-ambiente\\\/#breadcrumb\",\"itemListElement\":[{\"@type\":\"ListItem\",\"position\":1,\"name\":\"Inici\",\"item\":\"https:\\\/\\\/vilagrasa.com\\\/fr\\\/\"},{\"@type\":\"ListItem\",\"position\":2,\"name\":\"Politique int\u00e9gr\u00e9e de qualit\u00e9 et d&#8217;environnement\"}]},{\"@type\":\"WebSite\",\"@id\":\"https:\\\/\\\/vilagrasa.com\\\/fr\\\/#website\",\"url\":\"https:\\\/\\\/vilagrasa.com\\\/fr\\\/\",\"name\":\"Vilagrasa\",\"description\":\"Fabricante de mobiliario urbano - Papeleras de dise\u00f1o\",\"potentialAction\":[{\"@type\":\"SearchAction\",\"target\":{\"@type\":\"EntryPoint\",\"urlTemplate\":\"https:\\\/\\\/vilagrasa.com\\\/fr\\\/?s={search_term_string}\"},\"query-input\":{\"@type\":\"PropertyValueSpecification\",\"valueRequired\":true,\"valueName\":\"search_term_string\"}}],\"inLanguage\":\"fr-FR\"}]}<\/script>\n<!-- \/ Yoast SEO plugin. -->","yoast_head_json":{"title":"Politique int\u00e9gr\u00e9e de qualit\u00e9 et d'environnement - Vilagrasa","robots":{"index":"index","follow":"follow","max-snippet":"max-snippet:-1","max-image-preview":"max-image-preview:large","max-video-preview":"max-video-preview:-1"},"canonical":"https:\/\/vilagrasa.com\/fr\/politica-integrada-de-calidad-y-medio-ambiente\/","og_locale":"fr_FR","og_type":"article","og_title":"Politique int\u00e9gr\u00e9e de qualit\u00e9 et d'environnement - Vilagrasa","og_description":"[et_pb_section fb_built=&#8221;1&#8243; _builder_version=&#8221;4.27.0&#8243; background_color=&#8221;#DDD7D3&#8243; global_colors_info=&#8221;{}&#8221;][et_pb_row _builder_version=&#8221;4.27.0&#8243; _module_preset=&#8221;default&#8221; global_colors_info=&#8221;{}&#8221;][et_pb_column type=&#8221;4_4&#8243; _builder_version=&#8221;4.27.0&#8243; _module_preset=&#8221;default&#8221; pac_dcm_carousel_specific_module_num=&#8221;0&#8243; global_colors_info=&#8221;{}&#8221;][et_pb_heading title=&#8221;@ET-DC@eyJkeW5hbWljIjp0cnVlLCJjb250ZW50IjoicG9zdF90aXRsZSIsInNldHRpbmdzIjp7ImJlZm9yZSI6IiIsImFmdGVyIjoiIn19@&#8221; _builder_version=&#8221;4.27.2&#8243; _dynamic_attributes=&#8221;title&#8221; _module_preset=&#8221;default&#8221; title_text_align=&#8221;left&#8221; title_text_color=&#8221;#000000&#8243; title_font_size=&#8221;70px&#8221; locked=&#8221;off&#8221; global_colors_info=&#8221;{}&#8221;][\/et_pb_heading][\/et_pb_column][\/et_pb_row][et_pb_row _builder_version=&#8221;4.16&#8243; background_size=&#8221;initial&#8221; background_position=&#8221;top_left&#8221; background_repeat=&#8221;repeat&#8221; global_colors_info=&#8221;{}&#8221;][et_pb_column type=&#8221;4_4&#8243; _builder_version=&#8221;4.16&#8243; custom_padding=&#8221;|||&#8221; pac_dcm_carousel_specific_module_num=&#8221;0&#8243; global_colors_info=&#8221;{}&#8221; custom_padding__hover=&#8221;|||&#8221;][et_pb_text _builder_version=&#8221;4.27.0&#8243; background_size=&#8221;initial&#8221; background_position=&#8221;top_left&#8221; background_repeat=&#8221;repeat&#8221; hover_enabled=&#8221;0&#8243; custom_css_main_element=&#8221;column-count:2;||column-gap: 40px;||column-rule-style: solid;||column-rule-color: #bbb;&#8221; global_colors_info=&#8221;{}&#8221; custom_css_main_element_last_edited=&#8221;on|phone&#8221; custom_css_main_element_tablet=&#8221;column-count:0;&#8221; custom_css_main_element_phone=&#8221;column-count:0;&#8221; sticky_enabled=&#8221;0&#8243;] VILAGRASA a \u00e9t\u00e9 fond\u00e9e en 1957 en tant [&hellip;]","og_url":"https:\/\/vilagrasa.com\/fr\/politica-integrada-de-calidad-y-medio-ambiente\/","og_site_name":"Vilagrasa","article_modified_time":"2024-11-12T07:59:10+00:00","twitter_card":"summary_large_image","schema":{"@context":"https:\/\/schema.org","@graph":[{"@type":"WebPage","@id":"https:\/\/vilagrasa.com\/fr\/politica-integrada-de-calidad-y-medio-ambiente\/","url":"https:\/\/vilagrasa.com\/fr\/politica-integrada-de-calidad-y-medio-ambiente\/","name":"Politique int\u00e9gr\u00e9e de qualit\u00e9 et d'environnement - Vilagrasa","isPartOf":{"@id":"https:\/\/vilagrasa.com\/fr\/#website"},"datePublished":"2023-07-31T09:26:30+00:00","dateModified":"2024-11-12T07:59:10+00:00","breadcrumb":{"@id":"https:\/\/vilagrasa.com\/fr\/politica-integrada-de-calidad-y-medio-ambiente\/#breadcrumb"},"inLanguage":"fr-FR","potentialAction":[{"@type":"ReadAction","target":["https:\/\/vilagrasa.com\/fr\/politica-integrada-de-calidad-y-medio-ambiente\/"]}]},{"@type":"BreadcrumbList","@id":"https:\/\/vilagrasa.com\/fr\/politica-integrada-de-calidad-y-medio-ambiente\/#breadcrumb","itemListElement":[{"@type":"ListItem","position":1,"name":"Inici","item":"https:\/\/vilagrasa.com\/fr\/"},{"@type":"ListItem","position":2,"name":"Politique int\u00e9gr\u00e9e de qualit\u00e9 et d&#8217;environnement"}]},{"@type":"WebSite","@id":"https:\/\/vilagrasa.com\/fr\/#website","url":"https:\/\/vilagrasa.com\/fr\/","name":"Vilagrasa","description":"Fabricante de mobiliario urbano - Papeleras de dise\u00f1o","potentialAction":[{"@type":"SearchAction","target":{"@type":"EntryPoint","urlTemplate":"https:\/\/vilagrasa.com\/fr\/?s={search_term_string}"},"query-input":{"@type":"PropertyValueSpecification","valueRequired":true,"valueName":"search_term_string"}}],"inLanguage":"fr-FR"}]}},"_links":{"self":[{"href":"https:\/\/vilagrasa.com\/fr\/wp-json\/wp\/v2\/pages\/10226","targetHints":{"allow":["GET"]}}],"collection":[{"href":"https:\/\/vilagrasa.com\/fr\/wp-json\/wp\/v2\/pages"}],"about":[{"href":"https:\/\/vilagrasa.com\/fr\/wp-json\/wp\/v2\/types\/page"}],"author":[{"embeddable":true,"href":"https:\/\/vilagrasa.com\/fr\/wp-json\/wp\/v2\/users\/4"}],"replies":[{"embeddable":true,"href":"https:\/\/vilagrasa.com\/fr\/wp-json\/wp\/v2\/comments?post=10226"}],"version-history":[{"count":5,"href":"https:\/\/vilagrasa.com\/fr\/wp-json\/wp\/v2\/pages\/10226\/revisions"}],"predecessor-version":[{"id":251239,"href":"https:\/\/vilagrasa.com\/fr\/wp-json\/wp\/v2\/pages\/10226\/revisions\/251239"}],"wp:attachment":[{"href":"https:\/\/vilagrasa.com\/fr\/wp-json\/wp\/v2\/media?parent=10226"}],"curies":[{"name":"wp","href":"https:\/\/api.w.org\/{rel}","templated":true}]}}