{"id":4302,"date":"2022-02-18T06:11:00","date_gmt":"2022-02-18T05:11:00","guid":{"rendered":"https:\/\/vilagrasa.omitsisdev.com\/about-us\/"},"modified":"2025-04-15T09:33:28","modified_gmt":"2025-04-15T08:33:28","slug":"about-us","status":"publish","type":"page","link":"https:\/\/vilagrasa.com\/en\/about-us\/","title":{"rendered":"About Us"},"content":{"rendered":"<p>[et_pb_section fb_built=&#8221;1&#8243; admin_label=&#8221;Header&#8221; _builder_version=&#8221;4.27.2&#8243; _dynamic_attributes=&#8221;background_image&#8221; _module_preset=&#8221;default&#8221; background_color=&#8221;rgba(60,72,65,0.35)&#8221; background_image=&#8221;@ET-DC@eyJkeW5hbWljIjp0cnVlLCJjb250ZW50IjoicG9zdF9mZWF0dXJlZF9pbWFnZSIsInNldHRpbmdzIjp7fX0=@&#8221; background_blend=&#8221;multiply&#8221; height=&#8221;100vh&#8221; custom_margin=&#8221;-90px||||false|false&#8221; locked=&#8221;off&#8221; global_colors_info=&#8221;{}&#8221;][et_pb_row _builder_version=&#8221;4.27.2&#8243; _module_preset=&#8221;default&#8221; positioning=&#8221;absolute&#8221; position_origin_a=&#8221;center_center&#8221; global_colors_info=&#8221;{}&#8221;][et_pb_column type=&#8221;4_4&#8243; _builder_version=&#8221;4.27.2&#8243; _module_preset=&#8221;default&#8221; global_colors_info=&#8221;{}&#8221;][et_pb_heading title=&#8221;@ET-DC@eyJkeW5hbWljIjp0cnVlLCJjb250ZW50IjoicG9zdF90aXRsZSIsInNldHRpbmdzIjp7ImJlZm9yZSI6IiIsImFmdGVyIjoiIn19@&#8221; _builder_version=&#8221;4.27.2&#8243; _dynamic_attributes=&#8221;title&#8221; _module_preset=&#8221;default&#8221; global_colors_info=&#8221;{}&#8221;][\/et_pb_heading][et_pb_text _builder_version=&#8221;4.27.2&#8243; _dynamic_attributes=&#8221;content&#8221; _module_preset=&#8221;default&#8221; text_orientation=&#8221;center&#8221; background_layout=&#8221;dark&#8221; global_colors_info=&#8221;{}&#8221;]@ET-DC@eyJkeW5hbWljIjp0cnVlLCJjb250ZW50IjoicG9zdF9leGNlcnB0Iiwic2V0dGluZ3MiOnsiYmVmb3JlIjoiIiwiYWZ0ZXIiOiIiLCJ3b3JkcyI6IiIsInJlYWRfbW9yZV9sYWJlbCI6IiJ9fQ==@[\/et_pb_text][\/et_pb_column][\/et_pb_row][et_pb_row _builder_version=&#8221;4.27.2&#8243; _module_preset=&#8221;default&#8221; positioning=&#8221;absolute&#8221; position_origin_a=&#8221;bottom_center&#8221; global_colors_info=&#8221;{}&#8221;][et_pb_column type=&#8221;4_4&#8243; _builder_version=&#8221;4.27.2&#8243; _module_preset=&#8221;default&#8221; global_colors_info=&#8221;{}&#8221;][et_pb_text _builder_version=&#8221;4.27.0&#8243; _module_preset=&#8221;default&#8221; text_text_color=&#8221;#FFFFFF&#8221; text_font_size=&#8221;70px&#8221; text_orientation=&#8221;center&#8221; locked=&#8221;off&#8221; global_colors_info=&#8221;{}&#8221;]<\/p>\n<p>.<\/p>\n<p>[\/et_pb_text][\/et_pb_column][\/et_pb_row][\/et_pb_section][et_pb_section fb_built=&#8221;1&#8243; _builder_version=&#8221;4.27.2&#8243; background_color=&#8221;#F0F0F0&#8243; custom_padding=&#8221;|0px||||&#8221; global_colors_info=&#8221;{}&#8221;][et_pb_row column_structure=&#8221;1_2,1_2&#8243; _builder_version=&#8221;4.27.2&#8243; background_size=&#8221;initial&#8221; background_position=&#8221;top_left&#8221; background_repeat=&#8221;repeat&#8221; global_colors_info=&#8221;{}&#8221;][et_pb_column type=&#8221;1_2&#8243; _builder_version=&#8221;4.16&#8243; custom_padding=&#8221;|||&#8221; global_colors_info=&#8221;{}&#8221; custom_padding__hover=&#8221;|||&#8221;][et_pb_text _builder_version=&#8221;4.27.2&#8243; background_size=&#8221;initial&#8221; background_position=&#8221;top_left&#8221; background_repeat=&#8221;repeat&#8221; global_colors_info=&#8221;{}&#8221;]<\/p>\n<p>Vilagrasa has been concerned about people and their<br \/>environment since 1957. That is why the design of our<br \/>products responds to their users and the uses they make of them, regardless of the space in which they live.<\/p>\n<p><\/p>\n<p>Vilagrasa products offer people the possibility of giving<br \/>their own seal of identity to the space in which they<br \/>are placed, because they are the result of a meticulous<br \/>analysis of the needs to be met in that space. It is a way of interrelating architecture and people, and in this sense our products contribute to making the building a more human place, beyond a set of walls, furniture and machines.<\/p>\n<p><\/p>\n<h2>Local sustainable manufacturing<\/h2>\n<p><\/p>\n<p>Founded in 1957 in Barcelona, Vilagrasa was born as a workshop specialised in metal repulsing that grew and positioned itself internationally with exports to more than 50 countries. Since its beginnings, Vilagrasa has focused its efforts on producing locally the best accessories for any space and for this we work with our own raw materials and reliable suppliers.<\/p>\n<p><\/p>\n<p>This philosophy has been the company\u2019s backbone since its inception in our efforts to provide functional solutions that evolve in order to offer utmost quality in our products and the best solution for each type of space.<\/p>\n<p>[\/et_pb_text][\/et_pb_column][et_pb_column type=&#8221;1_2&#8243; _builder_version=&#8221;4.16&#8243; custom_padding=&#8221;|||&#8221; global_colors_info=&#8221;{}&#8221; custom_padding__hover=&#8221;|||&#8221;][et_pb_image src=&#8221;https:\/\/vilagrasa.com\/wp-content\/uploads\/2023\/05\/VILAGRASA-EMPRESA-1-edited-scaled-1.jpg&#8221; alt=&#8221;VILAGRASA EMPRESA 1&#8243; title_text=&#8221;VILAGRASA EMPRESA 1 edited&#8221; _builder_version=&#8221;4.27.2&#8243; _module_preset=&#8221;default&#8221; global_colors_info=&#8221;{}&#8221;][\/et_pb_image][\/et_pb_column][\/et_pb_row][\/et_pb_section][et_pb_section fb_built=&#8221;1&#8243; _builder_version=&#8221;4.27.2&#8243; _module_preset=&#8221;default&#8221; background_color=&#8221;#3C4841&#8243; global_colors_info=&#8221;{}&#8221;][et_pb_row column_structure=&#8221;1_2,1_2&#8243; _builder_version=&#8221;4.27.2&#8243; _module_preset=&#8221;default&#8221; global_colors_info=&#8221;{}&#8221;][et_pb_column type=&#8221;1_2&#8243; _builder_version=&#8221;4.27.2&#8243; _module_preset=&#8221;default&#8221; global_colors_info=&#8221;{}&#8221;][et_pb_text _builder_version=&#8221;4.27.0&#8243; _module_preset=&#8221;default&#8221; background_layout=&#8221;dark&#8221; custom_margin=&#8221;||50px|||&#8221; global_colors_info=&#8221;{}&#8221;]<\/p>\n<h2>Brochure<\/h2>\n<p><\/p>\n<p>We are pleased to present the latest Vilagrasa brochure, a very visual publication of finishes and the Atlas and Cosmos collections, designed by Francesc Vilar\u00f3. Atlas and Cosmos, designed by Francesc Vilar\u00f3.<\/p>\n<p>[\/et_pb_text][et_pb_button button_url=&#8221;@ET-DC@eyJkeW5hbWljIjp0cnVlLCJjb250ZW50IjoicG9zdF9saW5rX3VybF9hdHRhY2htZW50Iiwic2V0dGluZ3MiOnsicG9zdF9pZCI6IjkxNjAifX0=@&#8221; button_text=&#8221;See more&#8221; _builder_version=&#8221;4.27.2&#8243; _dynamic_attributes=&#8221;button_url&#8221; _module_preset=&#8221;d6b5131f-e71e-4593-8f03-eb48e882d9ea&#8221; custom_margin=&#8221;19px|||||&#8221; global_colors_info=&#8221;{}&#8221;][\/et_pb_button][\/et_pb_column][et_pb_column type=&#8221;1_2&#8243; _builder_version=&#8221;4.27.2&#8243; _module_preset=&#8221;default&#8221; global_colors_info=&#8221;{}&#8221;][et_pb_image src=&#8221;https:\/\/vilagrasa.com\/wp-content\/uploads\/2024\/10\/Catalogo_Vilagrasa_Web1.jpg&#8221; title_text=&#8221;Catalogo_Vilagrasa_Web%911%93&#8243; url=&#8221;@ET-DC@eyJkeW5hbWljIjp0cnVlLCJjb250ZW50IjoicG9zdF9saW5rX3VybF9hdHRhY2htZW50Iiwic2V0dGluZ3MiOnsicG9zdF9pZCI6IjkxNjAifX0=@&#8221; _builder_version=&#8221;4.27.2&#8243; _dynamic_attributes=&#8221;url&#8221; _module_preset=&#8221;default&#8221; global_colors_info=&#8221;{}&#8221;][\/et_pb_image][\/et_pb_column][\/et_pb_row][\/et_pb_section][et_pb_section fb_built=&#8221;1&#8243; _builder_version=&#8221;4.27.2&#8243; _module_preset=&#8221;default&#8221; background_color=&#8221;#F0F0F0&#8243; custom_padding=&#8221;28px||28px||true|&#8221; global_colors_info=&#8221;{}&#8221;][et_pb_row column_structure=&#8221;1_2,1_2&#8243; _builder_version=&#8221;4.27.2&#8243; _module_preset=&#8221;default&#8221; global_colors_info=&#8221;{}&#8221;][et_pb_column type=&#8221;1_2&#8243; _builder_version=&#8221;4.27.2&#8243; _module_preset=&#8221;default&#8221; global_colors_info=&#8221;{}&#8221;][et_pb_text _builder_version=&#8221;4.27.2&#8243; _module_preset=&#8221;default&#8221; global_colors_info=&#8221;{}&#8221;]<\/p>\n<h2>Tailor-made design and functionality<\/h2>\n<p><\/p>\n<p>Dans notre catalogue, nous avons une grande vari\u00e9t\u00e9 de produits cr\u00e9\u00e9s par des designers prestigieux afin de fournir des accessoires fonctionnels et de qualit\u00e9. Nous collaborons avec les meilleurs designers nationaux et internationaux.<\/p>\n<p><\/p>\n<p>Actualmente exportamos nuestros productos a m\u00e1s de 50 pa\u00edses. Realizamos tambi\u00e9n proyectos a nivel internacional y contamos con la confianza de destacados estudios de arquitectura e interiorismo.<\/p>\n<p>[\/et_pb_text][\/et_pb_column][et_pb_column type=&#8221;1_2&#8243; _builder_version=&#8221;4.27.2&#8243; _module_preset=&#8221;default&#8221; global_colors_info=&#8221;{}&#8221;][et_pb_text _builder_version=&#8221;4.27.2&#8243; _module_preset=&#8221;default&#8221; global_colors_info=&#8221;{}&#8221;]<\/p>\n<h2>Designed and created to last<\/h2>\n<p><\/p>\n<p>Nous nous engageons \u00e0 assurer la durabilit\u00e9 de nos produits avec des designs intemporels et une fabrication robuste et durable, en obtenant des certificats de conformit\u00e9 aux normes environnementales.<\/p>\n<p>[\/et_pb_text][\/et_pb_column][\/et_pb_row][\/et_pb_section][et_pb_section fb_built=&#8221;1&#8243; _builder_version=&#8221;4.27.2&#8243; _module_preset=&#8221;default&#8221; background_color=&#8221;#F0F0F0&#8243; custom_padding=&#8221;30px||40px|||&#8221; global_module=&#8221;250374&#8243; saved_tabs=&#8221;all&#8221; locked=&#8221;off&#8221; global_colors_info=&#8221;{}&#8221;][et_pb_row column_structure=&#8221;3_5,2_5&#8243; use_custom_gutter=&#8221;on&#8221; gutter_width=&#8221;1&#8243; _builder_version=&#8221;4.27.2&#8243; _module_preset=&#8221;default&#8221; custom_padding=&#8221;||0px|||&#8221; global_colors_info=&#8221;{}&#8221;][et_pb_column type=&#8221;3_5&#8243; admin_label=&#8221;Column&#8221; _builder_version=&#8221;4.27.2&#8243; _module_preset=&#8221;default&#8221; custom_padding=&#8221;||30px||false|false&#8221; global_colors_info=&#8221;{}&#8221;][et_pb_text _builder_version=&#8221;4.27.2&#8243; _module_preset=&#8221;default&#8221; global_colors_info=&#8221;{}&#8221;]<\/p>\n<h2 class=\"wp-block-heading\">Designers<\/h2>\n<p><\/p>\n<p>We collaborate with designers and architects who are also committed to creating a durable, timeless and sustainable product. We invite you to take a look and discover why they are all part of the Vilagrasa collection.<\/p>\n<p>[\/et_pb_text][\/et_pb_column][et_pb_column type=&#8221;2_5&#8243; admin_label=&#8221;Column&#8221; _builder_version=&#8221;4.27.2&#8243; _module_preset=&#8221;default&#8221; positioning=&#8221;absolute&#8221; position_origin_a=&#8221;bottom_right&#8221; position_origin_a_tablet=&#8221;center_right&#8221; position_origin_a_phone=&#8221;&#8221; position_origin_a_last_edited=&#8221;on|desktop&#8221; position_origin_f_tablet=&#8221;&#8221; position_origin_f_phone=&#8221;&#8221; position_origin_f_last_edited=&#8221;on|tablet&#8221; position_origin_r_tablet=&#8221;&#8221; position_origin_r_phone=&#8221;&#8221; position_origin_r_last_edited=&#8221;on|tablet&#8221; positioning_tablet=&#8221;none&#8221; positioning_phone=&#8221;&#8221; positioning_last_edited=&#8221;on|tablet&#8221; global_colors_info=&#8221;{}&#8221;][et_pb_button button_url=&#8221;@ET-DC@eyJkeW5hbWljIjp0cnVlLCJjb250ZW50IjoicG9zdF9saW5rX3VybF9wYWdlIiwic2V0dGluZ3MiOnsicG9zdF9pZCI6IjgzNSJ9fQ==@&#8221; button_text=&#8221;Get to know them&#8221; button_alignment=&#8221;center&#8221; _builder_version=&#8221;4.27.2&#8243; _dynamic_attributes=&#8221;button_url&#8221; _module_preset=&#8221;1e2a1fe7-ce85-4fd2-bc8b-b42ae768f6e0&#8243; position_origin_a=&#8221;center_center&#8221; position_origin_a_last_edited=&#8221;off|tablet&#8221; position_origin_f_last_edited=&#8221;off|tablet&#8221; position_origin_r_last_edited=&#8221;off|tablet&#8221; positioning_last_edited=&#8221;off|tablet&#8221; global_colors_info=&#8221;{}&#8221;][\/et_pb_button][\/et_pb_column][\/et_pb_row][et_pb_row _builder_version=&#8221;4.27.4&#8243; _module_preset=&#8221;default&#8221; custom_padding=&#8221;0px||50px||false|false&#8221; global_colors_info=&#8221;{}&#8221;][et_pb_column type=&#8221;4_4&#8243; _builder_version=&#8221;4.27.2&#8243; _module_preset=&#8221;default&#8221; global_colors_info=&#8221;{}&#8221;][et_pb_text _builder_version=&#8221;4.27.4&#8243; _module_preset=&#8221;default&#8221; custom_margin=&#8221;||-2px|||&#8221; custom_padding=&#8221;0px||4px|||&#8221; hover_enabled=&#8221;0&#8243; global_colors_info=&#8221;{}&#8221; sticky_enabled=&#8221;0&#8243;]<\/p>\n<div class=\"ad3-wrap ad3-shortcode  vista-\">\n    <div class=\"grid-container grid-4\">\n                    <div class=\"item-taxonomia\">\n                <a href=\"https:\/\/vilagrasa.com\/en\/disenadores\/antoni-arola-jordi-tamayo-en\/\">\n                    <img decoding=\"async\" src=\"https:\/\/vilagrasa.com\/wp-content\/uploads\/2022\/03\/Antoni_Arola-1.jpg\" alt=\"Antoni Arola &amp;amp; Jordi Tamayo\" class=\"image-4-3\"\n                         width=\"267\" height=\"200\"  loading=\"lazy\" >\n                <\/a>\n                <div class=\"mt-10 titol\">\n                    <a href=\"https:\/\/vilagrasa.com\/en\/disenadores\/antoni-arola-jordi-tamayo-en\/\">\n                        Antoni Arola &amp; Jordi Tamayo\n                    <\/a>\n                <\/div>\n            <\/div>\n                    <div class=\"item-taxonomia\">\n                <a href=\"https:\/\/vilagrasa.com\/en\/disenadores\/ricardo-bofill-taller-de-arquitectura-en\/\">\n                    <img decoding=\"async\" src=\"https:\/\/vilagrasa.com\/wp-content\/uploads\/2022\/03\/Ricardo_Bofill-1.jpg\" alt=\"Ricardo Bofill. Taller de arquitectura\" class=\"image-4-3\"\n                         width=\"267\" height=\"200\"  loading=\"lazy\" >\n                <\/a>\n                <div class=\"mt-10 titol\">\n                    <a href=\"https:\/\/vilagrasa.com\/en\/disenadores\/ricardo-bofill-taller-de-arquitectura-en\/\">\n                        Ricardo Bofill. Taller de arquitectura\n                    <\/a>\n                <\/div>\n            <\/div>\n                    <div class=\"item-taxonomia\">\n                <a href=\"https:\/\/vilagrasa.com\/en\/disenadores\/roger-vancells-en\/\">\n                    <img decoding=\"async\" src=\"https:\/\/vilagrasa.com\/wp-content\/uploads\/2022\/03\/Roger_Vancells-1.jpg\" alt=\"Roger Vancells\" class=\"image-4-3\"\n                         width=\"267\" height=\"200\"  loading=\"lazy\" >\n                <\/a>\n                <div class=\"mt-10 titol\">\n                    <a href=\"https:\/\/vilagrasa.com\/en\/disenadores\/roger-vancells-en\/\">\n                        Roger Vancells\n                    <\/a>\n                <\/div>\n            <\/div>\n                    <div class=\"item-taxonomia\">\n                <a href=\"https:\/\/vilagrasa.com\/en\/disenadores\/xavier-sole-en\/\">\n                    <img decoding=\"async\" src=\"https:\/\/vilagrasa.com\/wp-content\/uploads\/2025\/04\/xavier-sole-768x768.jpg\" alt=\"Xavier Sol\u00e9\" class=\"image-4-3\"\n                         width=\"267\" height=\"200\"  loading=\"lazy\" >\n                <\/a>\n                <div class=\"mt-10 titol\">\n                    <a href=\"https:\/\/vilagrasa.com\/en\/disenadores\/xavier-sole-en\/\">\n                        Xavier Sol\u00e9\n                    <\/a>\n                <\/div>\n            <\/div>\n            <\/div>\n<\/div>\n<p>[\/et_pb_text][\/et_pb_column][\/et_pb_row][\/et_pb_section]<\/p>\n","protected":false},"excerpt":{"rendered":"<p>Our mission is focused on creating quality pieces for unique spaces.<\/p>\n","protected":false},"author":2,"featured_media":9264,"parent":0,"menu_order":0,"comment_status":"closed","ping_status":"closed","template":"","meta":{"_acf_changed":false,"_et_pb_use_builder":"on","_et_pb_old_content":"","_et_gb_content_width":"","inline_featured_image":false,"footnotes":""},"class_list":["post-4302","page","type-page","status-publish","has-post-thumbnail","hentry"],"acf":[],"yoast_head":"<!-- This site is optimized with the Yoast SEO plugin v27.3 - https:\/\/yoast.com\/product\/yoast-seo-wordpress\/ -->\n<title>Discover who makes up our Studio - Vilagrasa<\/title>\n<meta name=\"description\" content=\"Discover the team behind vilagrasa, our designers, facilities and history\" \/>\n<meta name=\"robots\" content=\"index, follow, max-snippet:-1, max-image-preview:large, max-video-preview:-1\" \/>\n<link rel=\"canonical\" href=\"https:\/\/vilagrasa.com\/en\/about-us\/\" \/>\n<meta property=\"og:locale\" content=\"en_US\" \/>\n<meta property=\"og:type\" content=\"article\" \/>\n<meta property=\"og:title\" content=\"Discover who makes up our Studio - Vilagrasa\" \/>\n<meta property=\"og:description\" content=\"Discover the team behind vilagrasa, our designers, facilities and history\" \/>\n<meta property=\"og:url\" content=\"https:\/\/vilagrasa.com\/en\/about-us\/\" \/>\n<meta property=\"og:site_name\" content=\"Vilagrasa\" \/>\n<meta property=\"article:modified_time\" content=\"2025-04-15T08:33:28+00:00\" \/>\n<meta property=\"og:image\" content=\"https:\/\/vilagrasa.com\/wp-content\/uploads\/2023\/04\/2303-11VL-RD-Atlas-8-scaled-2.jpg\" \/>\n\t<meta property=\"og:image:width\" content=\"2560\" \/>\n\t<meta property=\"og:image:height\" content=\"1440\" \/>\n\t<meta property=\"og:image:type\" content=\"image\/jpeg\" \/>\n<meta name=\"twitter:card\" content=\"summary_large_image\" \/>\n<script type=\"application\/ld+json\" class=\"yoast-schema-graph\">{\"@context\":\"https:\\\/\\\/schema.org\",\"@graph\":[{\"@type\":\"WebPage\",\"@id\":\"https:\\\/\\\/vilagrasa.com\\\/en\\\/about-us\\\/\",\"url\":\"https:\\\/\\\/vilagrasa.com\\\/en\\\/about-us\\\/\",\"name\":\"Discover who makes up our Studio - Vilagrasa\",\"isPartOf\":{\"@id\":\"https:\\\/\\\/vilagrasa.com\\\/en\\\/#website\"},\"primaryImageOfPage\":{\"@id\":\"https:\\\/\\\/vilagrasa.com\\\/en\\\/about-us\\\/#primaryimage\"},\"image\":{\"@id\":\"https:\\\/\\\/vilagrasa.com\\\/en\\\/about-us\\\/#primaryimage\"},\"thumbnailUrl\":\"https:\\\/\\\/vilagrasa.com\\\/wp-content\\\/uploads\\\/2023\\\/04\\\/2303-11VL-RD-Atlas-8-scaled-2.jpg\",\"datePublished\":\"2022-02-18T05:11:00+00:00\",\"dateModified\":\"2025-04-15T08:33:28+00:00\",\"description\":\"Discover the team behind vilagrasa, our designers, facilities and history\",\"breadcrumb\":{\"@id\":\"https:\\\/\\\/vilagrasa.com\\\/en\\\/about-us\\\/#breadcrumb\"},\"inLanguage\":\"en-US\",\"potentialAction\":[{\"@type\":\"ReadAction\",\"target\":[\"https:\\\/\\\/vilagrasa.com\\\/en\\\/about-us\\\/\"]}]},{\"@type\":\"ImageObject\",\"inLanguage\":\"en-US\",\"@id\":\"https:\\\/\\\/vilagrasa.com\\\/en\\\/about-us\\\/#primaryimage\",\"url\":\"https:\\\/\\\/vilagrasa.com\\\/wp-content\\\/uploads\\\/2023\\\/04\\\/2303-11VL-RD-Atlas-8-scaled-2.jpg\",\"contentUrl\":\"https:\\\/\\\/vilagrasa.com\\\/wp-content\\\/uploads\\\/2023\\\/04\\\/2303-11VL-RD-Atlas-8-scaled-2.jpg\",\"width\":2560,\"height\":1440},{\"@type\":\"BreadcrumbList\",\"@id\":\"https:\\\/\\\/vilagrasa.com\\\/en\\\/about-us\\\/#breadcrumb\",\"itemListElement\":[{\"@type\":\"ListItem\",\"position\":1,\"name\":\"Inici\",\"item\":\"https:\\\/\\\/vilagrasa.com\\\/en\\\/\"},{\"@type\":\"ListItem\",\"position\":2,\"name\":\"About Us\"}]},{\"@type\":\"WebSite\",\"@id\":\"https:\\\/\\\/vilagrasa.com\\\/en\\\/#website\",\"url\":\"https:\\\/\\\/vilagrasa.com\\\/en\\\/\",\"name\":\"Vilagrasa\",\"description\":\"Fabricante de mobiliario urbano - Papeleras de dise\u00f1o\",\"potentialAction\":[{\"@type\":\"SearchAction\",\"target\":{\"@type\":\"EntryPoint\",\"urlTemplate\":\"https:\\\/\\\/vilagrasa.com\\\/en\\\/?s={search_term_string}\"},\"query-input\":{\"@type\":\"PropertyValueSpecification\",\"valueRequired\":true,\"valueName\":\"search_term_string\"}}],\"inLanguage\":\"en-US\"}]}<\/script>\n<!-- \/ Yoast SEO plugin. -->","yoast_head_json":{"title":"Discover who makes up our Studio - Vilagrasa","description":"Discover the team behind vilagrasa, our designers, facilities and history","robots":{"index":"index","follow":"follow","max-snippet":"max-snippet:-1","max-image-preview":"max-image-preview:large","max-video-preview":"max-video-preview:-1"},"canonical":"https:\/\/vilagrasa.com\/en\/about-us\/","og_locale":"en_US","og_type":"article","og_title":"Discover who makes up our Studio - Vilagrasa","og_description":"Discover the team behind vilagrasa, our designers, facilities and history","og_url":"https:\/\/vilagrasa.com\/en\/about-us\/","og_site_name":"Vilagrasa","article_modified_time":"2025-04-15T08:33:28+00:00","og_image":[{"width":2560,"height":1440,"url":"https:\/\/vilagrasa.com\/wp-content\/uploads\/2023\/04\/2303-11VL-RD-Atlas-8-scaled-2.jpg","type":"image\/jpeg"}],"twitter_card":"summary_large_image","schema":{"@context":"https:\/\/schema.org","@graph":[{"@type":"WebPage","@id":"https:\/\/vilagrasa.com\/en\/about-us\/","url":"https:\/\/vilagrasa.com\/en\/about-us\/","name":"Discover who makes up our Studio - Vilagrasa","isPartOf":{"@id":"https:\/\/vilagrasa.com\/en\/#website"},"primaryImageOfPage":{"@id":"https:\/\/vilagrasa.com\/en\/about-us\/#primaryimage"},"image":{"@id":"https:\/\/vilagrasa.com\/en\/about-us\/#primaryimage"},"thumbnailUrl":"https:\/\/vilagrasa.com\/wp-content\/uploads\/2023\/04\/2303-11VL-RD-Atlas-8-scaled-2.jpg","datePublished":"2022-02-18T05:11:00+00:00","dateModified":"2025-04-15T08:33:28+00:00","description":"Discover the team behind vilagrasa, our designers, facilities and history","breadcrumb":{"@id":"https:\/\/vilagrasa.com\/en\/about-us\/#breadcrumb"},"inLanguage":"en-US","potentialAction":[{"@type":"ReadAction","target":["https:\/\/vilagrasa.com\/en\/about-us\/"]}]},{"@type":"ImageObject","inLanguage":"en-US","@id":"https:\/\/vilagrasa.com\/en\/about-us\/#primaryimage","url":"https:\/\/vilagrasa.com\/wp-content\/uploads\/2023\/04\/2303-11VL-RD-Atlas-8-scaled-2.jpg","contentUrl":"https:\/\/vilagrasa.com\/wp-content\/uploads\/2023\/04\/2303-11VL-RD-Atlas-8-scaled-2.jpg","width":2560,"height":1440},{"@type":"BreadcrumbList","@id":"https:\/\/vilagrasa.com\/en\/about-us\/#breadcrumb","itemListElement":[{"@type":"ListItem","position":1,"name":"Inici","item":"https:\/\/vilagrasa.com\/en\/"},{"@type":"ListItem","position":2,"name":"About Us"}]},{"@type":"WebSite","@id":"https:\/\/vilagrasa.com\/en\/#website","url":"https:\/\/vilagrasa.com\/en\/","name":"Vilagrasa","description":"Fabricante de mobiliario urbano - Papeleras de dise\u00f1o","potentialAction":[{"@type":"SearchAction","target":{"@type":"EntryPoint","urlTemplate":"https:\/\/vilagrasa.com\/en\/?s={search_term_string}"},"query-input":{"@type":"PropertyValueSpecification","valueRequired":true,"valueName":"search_term_string"}}],"inLanguage":"en-US"}]}},"_links":{"self":[{"href":"https:\/\/vilagrasa.com\/en\/wp-json\/wp\/v2\/pages\/4302","targetHints":{"allow":["GET"]}}],"collection":[{"href":"https:\/\/vilagrasa.com\/en\/wp-json\/wp\/v2\/pages"}],"about":[{"href":"https:\/\/vilagrasa.com\/en\/wp-json\/wp\/v2\/types\/page"}],"author":[{"embeddable":true,"href":"https:\/\/vilagrasa.com\/en\/wp-json\/wp\/v2\/users\/2"}],"replies":[{"embeddable":true,"href":"https:\/\/vilagrasa.com\/en\/wp-json\/wp\/v2\/comments?post=4302"}],"version-history":[{"count":17,"href":"https:\/\/vilagrasa.com\/en\/wp-json\/wp\/v2\/pages\/4302\/revisions"}],"predecessor-version":[{"id":253276,"href":"https:\/\/vilagrasa.com\/en\/wp-json\/wp\/v2\/pages\/4302\/revisions\/253276"}],"wp:featuredmedia":[{"embeddable":true,"href":"https:\/\/vilagrasa.com\/en\/wp-json\/wp\/v2\/media\/9264"}],"wp:attachment":[{"href":"https:\/\/vilagrasa.com\/en\/wp-json\/wp\/v2\/media?parent=4302"}],"curies":[{"name":"wp","href":"https:\/\/api.w.org\/{rel}","templated":true}]}}