{"id":9221,"date":"2023-04-19T11:01:29","date_gmt":"2023-04-19T10:01:29","guid":{"rendered":"https:\/\/vilagrasa.omitsisdev.com\/?page_id=9221"},"modified":"2024-10-11T09:30:00","modified_gmt":"2024-10-11T08:30:00","slug":"uber-uns","status":"publish","type":"page","link":"https:\/\/vilagrasa.com\/de\/uber-uns\/","title":{"rendered":"\u00dcber uns"},"content":{"rendered":"\n<div class=\"wp-block-cover alignfull is-light\" style=\"min-height:100vh;aspect-ratio:unset;\" id=\"banner-home\"><span aria-hidden=\"true\" class=\"wp-block-cover__background has-background-dim-0 has-background-dim\" style=\"background-color:#000000\"><\/span><img decoding=\"async\" class=\"wp-block-cover__image-background wp-image-25\" alt=\"\" src=\"https:\/\/vilagrasa.com\/wp-content\/uploads\/2021\/12\/Slider_FAMILIA_PAPELERAS.jpg\" style=\"object-position:51% 52%\" data-object-fit=\"cover\" data-object-position=\"51% 52%\"\/><div class=\"wp-block-cover__inner-container is-layout-flow wp-block-cover-is-layout-flow\">\n<h1 class=\"texto-440 wp-block-heading\">Nosotros<\/h1>\n\n\n\n<p class=\"has-ast-global-color-5-color has-text-color\"><em>Unsere Aufgabe ist es, St\u00fccke zu schaffen, die die Lebensqualit\u00e4t der Menschen verbessern.<\/em><\/p>\n<\/div><\/div>\n\n<section class=\"wp-block-uagb-section uagb-section__wrap uagb-section__background-undefined uagb-block-3520a699\" id=\"nosotros-sumario\"><div class=\"uagb-section__overlay\"><\/div><div class=\"uagb-section__inner-wrap\">\n<section class=\"wp-block-uagb-columns uagb-columns__wrap uagb-columns__background-undefined uagb-columns__stack-mobile uagb-columns__valign-undefined uagb-columns__gap-10 alignundefined uagb-block-165d9104\"><div class=\"uagb-columns__overlay\"><\/div><div class=\"uagb-columns__inner-wrap uagb-columns__columns-2\">\n<div class=\"wp-block-uagb-column uagb-column__wrap uagb-column__background-undefined uagb-block-c8ad0561 text-center\"><div class=\"uagb-column__overlay\"><\/div><div class=\"uagb-column__inner-wrap\">\n<p class=\"has-text-align-left\">Vilagrasa ist auf das Design und die Produktion von Papierk\u00f6rben und Zubeh\u00f6r f\u00fcr B\u00fcros, \u00f6ffentliche R\u00e4ume, Infrastrukturen, den Objektbereich und den Privatbereich spezialisiert.<\/p>\n\n\n\n<p class=\"has-text-align-left\">Unser Ethos basiert auf der Gestaltung von Gegenst\u00e4nden, die jede Art von Raum mit mehr Funktionalit\u00e4t ausstatten und dazu beitragen, das Leben der Menschen einfacher und ges\u00fcnder zu machen.<\/p>\n\n\n\n<h2 class=\"has-text-align-left wp-block-heading\" style=\"font-size:48px\">Wir entwerfen mit einer Vision f\u00fcr die Zukunft<\/h2>\n\n\n\n<p class=\"has-text-align-left\">Das 1957 gegr\u00fcndete Unternehmen Vilagrasa war am Anfang eine Werkstatt, die sich auf die Metalldr\u00fcckerei und auf Metallarbeiten im Allgemeinen spezialisiert hat. Wir sind der Meinung, dass die Zukunft des Designs von Papierk\u00f6rben und Zubeh\u00f6r in der Analyse des Verhaltens der Menschen liegt, die sie benutzen. Unser Prozess der Konzeption und Neugestaltung jedes Produkts ist das Ergebnis einer Studie \u00fcber Funktion, Nutzen und Kontext, die den Erfolg bei jeder seiner Implementierungen garantiert.<\/p>\n\n\n\n<p class=\"has-text-align-left\">Diese Philosophie hat die Linie des Unternehmens seit seinen Anf\u00e4ngen gepr\u00e4gt, mit dem Ziel, funktionelle L\u00f6sungen anzubieten, die sich weiterentwickeln, um die gesamte Qualit\u00e4t der Produkte und die beste L\u00f6sung f\u00fcr jede Art von Raum zu bieten.<\/p>\n\n\n\n<p><\/p>\n<\/div><\/div>\n\n\n\n<div class=\"wp-block-uagb-column uagb-column__wrap uagb-column__background-undefined uagb-block-a26c24ab\"><div class=\"uagb-column__overlay\"><\/div><div class=\"uagb-column__inner-wrap\">\n<figure class=\"wp-block-image size-full m-0\"><img decoding=\"async\" src=\"https:\/\/vilagrasa.com\/wp-content\/uploads\/2022\/05\/nosotros.png\" alt=\"\" class=\"wp-image-4819\"\/><\/figure>\n<\/div><\/div>\n<\/div><\/section>\n<\/div><\/section>\n\n<section class=\"wp-block-uagb-section uagb-section__wrap uagb-section__background-color alignfull uagb-block-f8a43bce\" id=\"nosotros-catalogo\"><div class=\"uagb-section__overlay\"><\/div><div class=\"uagb-section__inner-wrap\">\n<section class=\"wp-block-uagb-columns uagb-columns__wrap uagb-columns__background-undefined uagb-columns__stack-mobile uagb-columns__valign-undefined uagb-columns__gap-10 alignundefined uagb-block-5f5293d7\"><div class=\"uagb-columns__overlay\"><\/div><div class=\"uagb-columns__inner-wrap uagb-columns__columns-2\">\n<div class=\"wp-block-uagb-column uagb-column__wrap uagb-column__background-undefined uagb-block-1e89a991\"><div class=\"uagb-column__overlay\"><\/div><div class=\"uagb-column__inner-wrap\">\n<h2 class=\"has-text-color wp-block-heading\" style=\"color:#ddd7d3\">Katalog<\/h2>\n\n\n\n<p class=\"has-text-color\" style=\"color:#ddd7d3\">Hier k\u00f6nnen Sie die gesamte technische und kommerzielle Dokumentation von Vilagrasa herunterladen.<br\/>Wenn Sie weitere Informationen w\u00fcnschen, z\u00f6gern Sie bitte nicht, uns zu kontaktieren, um einen pers\u00f6nlichen Service zu erhalten. Wir beraten Sie gerne in jeglichen Fragen rund um Ihr Projekt.<\/p>\n\n\n\n<p class=\"ver-mas dark has-text-color\" style=\"color:#ddd7d3;font-size:18px\"><a href=\"https:\/\/vilagrasa.com\/wp-content\/uploads\/2022\/03\/Vilagrasa_2022_LO.pdf\">Mehr sehen<\/a><\/p>\n<\/div><\/div>\n\n\n\n<div class=\"wp-block-uagb-column uagb-column__wrap uagb-column__background-undefined uagb-block-0e698f9e\"><div class=\"uagb-column__overlay\"><\/div><div class=\"uagb-column__inner-wrap\">\n<figure class=\"wp-block-image aligncenter size-large\"><img decoding=\"async\" src=\"https:\/\/vilagrasa.com\/wp-content\/uploads\/2022\/03\/Catalogo_Vilagrasa_Web-1024x767.jpg\" alt=\"\" class=\"wp-image-1840\"\/><\/figure>\n<\/div><\/div>\n<\/div><\/section>\n<\/div><\/section>\n\n<section class=\"wp-block-uagb-section uagb-section__wrap uagb-section__background-undefined uagb-block-a3eebb8d\" id=\"nosotros-sumario-ii\"><div class=\"uagb-section__overlay\"><\/div><div class=\"uagb-section__inner-wrap\">\n<section class=\"wp-block-uagb-columns uagb-columns__wrap uagb-columns__background-undefined uagb-columns__stack-mobile uagb-columns__valign-undefined uagb-columns__gap-10 alignundefined uagb-block-b6f0d019\"><div class=\"uagb-columns__overlay\"><\/div><div class=\"uagb-columns__inner-wrap uagb-columns__columns-2\">\n<div class=\"wp-block-uagb-column uagb-column__wrap uagb-column__background-undefined uagb-block-110ffa3b\"><div class=\"uagb-column__overlay\"><\/div><div class=\"uagb-column__inner-wrap\">\n<h3 class=\"wp-block-heading\">Wir schaffen St\u00fccken, um alle Arten von Umgebungen zu verbessern<\/h3>\n\n\n\n<p>Unser Katalog bietet eine Vielzahl von Produkten, die von renommierten Designern entworfen wurden, die mit der Firma zusammenarbeiten, um Qualit\u00e4t und Funktionalit\u00e4t zu gew\u00e4hrleisten. Unsere Papierk\u00f6rbe, Garderobenst\u00e4nder und anderes Zubeh\u00f6r passen sich den Bed\u00fcrfnissen von Gewerbetreibenden und Privatpersonen in Innen- und Au\u00dfenbereichen an.<\/p>\n\n\n\n<p>Derzeit exportieren wir unsere Produkte in mehr als 50 L\u00e4nder. Wir f\u00fchren auch Projekte auf internationaler Ebene durch und haben das Vertrauen f\u00fchrender Architektur- und Innenarchitekturb\u00fcros.<\/p>\n<\/div><\/div>\n\n\n\n<div class=\"wp-block-uagb-column uagb-column__wrap uagb-column__background-undefined uagb-block-bdc670af\"><div class=\"uagb-column__overlay\"><\/div><div class=\"uagb-column__inner-wrap\">\n<h3 class=\"wp-block-heading\">Bekenntnis zur Nachhaltigkeit<\/h3>\n\n\n\n<p>F\u00fcr Vilagrasa ist es wichtig, die besten L\u00f6sungen auf nachhaltige Weise anzubieten und dabei das Wohlbefinden der Menschen und ihrer Umwelt im Auge zu behalten. Alle unsere Produkte werden nach den h\u00f6chsten Umweltstandards hergestellt, und unsere Mitarbeiter beteiligen sich tatkr\u00e4ftig an der Einhaltung dieser Standards zum Wohle unseres Planeten.<\/p>\n<\/div><\/div>\n<\/div><\/section>\n<\/div><\/section>\n\n<section class=\"wp-block-uagb-section uagb-section__wrap uagb-section__background-undefined uagb-block-3a3b8a95\" id=\"nosotros-design\"><div class=\"uagb-section__overlay\"><\/div><div class=\"uagb-section__inner-wrap\">\n<section class=\"wp-block-uagb-columns uagb-columns__wrap uagb-columns__background-undefined uagb-columns__stack-mobile uagb-columns__valign-center uagb-columns__gap-10 alignundefined uagb-block-66ad0797\"><div class=\"uagb-columns__overlay\"><\/div><div class=\"uagb-columns__inner-wrap uagb-columns__columns-2\">\n<div class=\"wp-block-uagb-column uagb-column__wrap uagb-column__background-undefined uagb-block-165d437a\"><div class=\"uagb-column__overlay\"><\/div><div class=\"uagb-column__inner-wrap\">\n<h2 class=\"wp-block-heading\" style=\"font-size:70px\">Entwerfer<\/h2>\n<\/div><\/div>\n\n\n\n<div class=\"wp-block-uagb-column uagb-column__wrap uagb-column__background-undefined uagb-block-0c406d89 ver-todos uag-hide-mob\"><div class=\"uagb-column__overlay\"><\/div><div class=\"uagb-column__inner-wrap\">\n<div class=\"wp-block-uagb-buttons uagb-buttons__outer-wrap uagb-block-558c2213\"><div class=\"uagb-buttons__wrap uagb-buttons-layout-wrap\">\n<div class=\"wp-block-uagb-buttons-child uagb-buttons__outer-wrap uagb-block-fd0c667e\"><div class=\"uagb-button__wrapper\"><a class=\"uagb-buttons-repeater\" href=\"https:\/\/vilagrasa.com\/disenadores\/\" rel=\"noopener noreferrer\" target=\"_self\"><div class=\"uagb-button__link\">Alles sehen<\/div><\/a><\/div><\/div>\n<\/div><\/div>\n<\/div><\/div>\n<\/div><\/section>\n\n\n\n<section class=\"wp-block-uagb-columns uagb-columns__wrap uagb-columns__background-undefined uagb-columns__stack-mobile uagb-columns__valign-undefined uagb-columns__gap-10 alignundefined uagb-block-f99326d0 lista-design\" id=\"disenadores-mini\"><div class=\"uagb-columns__overlay\"><\/div><div class=\"uagb-columns__inner-wrap uagb-columns__columns-4\">\n<div class=\"wp-block-uagb-column uagb-column__wrap uagb-column__background-undefined uagb-block-f1fd1bef\"><div class=\"uagb-column__overlay\"><\/div><div class=\"uagb-column__inner-wrap\">\n<figure class=\"wp-block-image size-full m-0\"><a href=\"https:\/\/vilagrasa.com\/disenadores\/antoni-arola-jordi-tamayo\/\"><img decoding=\"async\" src=\"https:\/\/vilagrasa.com\/wp-content\/uploads\/2022\/03\/Antoni_Arola.jpg\" alt=\"\" class=\"wp-image-1517\"\/><\/a><\/figure>\n\n\n\n<p class=\"mt-15\"><a href=\"https:\/\/vilagrasa.com\/de\/disenadores\/anton-arola-jordi-tamayo-de\/\">Antoni Arola<\/a><\/p>\n<\/div><\/div>\n\n\n\n<div class=\"wp-block-uagb-column uagb-column__wrap uagb-column__background-undefined uagb-block-773563a8\"><div class=\"uagb-column__overlay\"><\/div><div class=\"uagb-column__inner-wrap\">\n<figure class=\"wp-block-image size-full m-0\"><a href=\"https:\/\/vilagrasa.com\/disenadores\/ricardo-bofill-taller-de-arquitectura\/\"><img decoding=\"async\" src=\"https:\/\/vilagrasa.com\/wp-content\/uploads\/2022\/03\/Ricardo_Bofill.jpg\" alt=\"\" class=\"wp-image-1529\"\/><\/a><\/figure>\n\n\n\n<p class=\"mt-15\"><a href=\"https:\/\/vilagrasa.com\/disenadores\/ricardo-bofill-taller-de-arquitectura\/\">Ricardo Bofill<\/a><\/p>\n<\/div><\/div>\n\n\n\n<div class=\"wp-block-uagb-column uagb-column__wrap uagb-column__background-undefined uagb-block-0ac1ef53\"><div class=\"uagb-column__overlay\"><\/div><div class=\"uagb-column__inner-wrap\">\n<figure class=\"wp-block-image size-full m-0\"><a href=\"https:\/\/vilagrasa.com\/disenadores\/pascual-salvador\/\"><img decoding=\"async\" src=\"https:\/\/vilagrasa.com\/wp-content\/uploads\/2022\/03\/Pascual_Salvador.jpg\" alt=\"\" class=\"wp-image-1527\"\/><\/a><\/figure>\n\n\n\n<p class=\"mt-15\"><a href=\"https:\/\/vilagrasa.com\/de\/disenadores\/pascual-salvador-de\/\">Pascual Salvador<\/a><\/p>\n<\/div><\/div>\n\n\n\n<div class=\"wp-block-uagb-column uagb-column__wrap uagb-column__background-undefined uagb-block-8215fd43\"><div class=\"uagb-column__overlay\"><\/div><div class=\"uagb-column__inner-wrap\">\n<figure class=\"wp-block-image size-full m-0\"><a href=\"https:\/\/vilagrasa.com\/disenadores\/roger-vancells\/\"><img decoding=\"async\" src=\"https:\/\/vilagrasa.com\/wp-content\/uploads\/2022\/03\/Roger_Vancells.jpg\" alt=\"\" class=\"wp-image-1530\"\/><\/a><\/figure>\n\n\n\n<p class=\"mt-15\"><a href=\"https:\/\/vilagrasa.com\/de\/disenadores\/roger-vancells-de\/\">Roger Vancells<\/a><\/p>\n<\/div><\/div>\n<\/div><\/section>\n\n\n\n<div class=\"wp-block-uagb-buttons uagb-buttons__outer-wrap uagb-block-45887774 uag-hide-desktop\"><div class=\"uagb-buttons__wrap uagb-buttons-layout-wrap\">\n<div class=\"wp-block-uagb-buttons-child uagb-buttons__outer-wrap uagb-block-3d38ff36\"><div class=\"uagb-button__wrapper\"><a class=\"uagb-buttons-repeater\" href=\"https:\/\/vilagrasa.com\/disenadores\/\" rel=\"noopener noreferrer\" target=\"_self\"><div class=\"uagb-button__link\">Alles sehen<\/div><\/a><\/div><\/div>\n<\/div><\/div>\n<\/div><\/section>\n\n<section class=\"wp-block-uagb-section uagb-section__wrap uagb-section__background-color alignfull uagb-block-3c7fc7f1\"><div class=\"uagb-section__overlay\"><\/div><div class=\"uagb-section__inner-wrap\">\n<div class=\"wp-block-group alignfull has-text-color is-layout-constrained wp-block-group-is-layout-constrained\" id=\"contacto-descarga\" style=\"color:#ddd7d3\">\n<h3 class=\"alignwide fade-scroll m-xs-0 has-text-color wp-block-heading\" id=\"ofrecemos-soluciones-a-medida\" style=\"color:#ddd7d3;font-size:48px\">Wir bieten<br\/>ma\u00dfgeschneiderte L\u00f6sungen<\/h3>\n\n\n\n<div class=\"wp-block-columns alignwide fade-scroll m-xs-0 is-layout-flex wp-container-core-columns-is-layout-9d6595d7 wp-block-columns-is-layout-flex\">\n<div class=\"wp-block-column m-xs-0 is-layout-flow wp-block-column-is-layout-flow\">\n<p class=\"has-text-color has-medium-font-size\" style=\"color:#ddd7d3\">Kontaktieren Sie uns, wir k\u00f6nnen Ihnen bei Ihrem Projekt helfen. <\/p>\n\n\n\n<p class=\"has-text-color has-medium-font-size\" style=\"color:#ddd7d3\">Wir passen uns an alle Arten von Projekten an und freuen uns, Ihnen die beste L\u00f6sung anbieten zu k\u00f6nnen, einschlie\u00dflich individueller Anpassungsm\u00f6glichkeiten, um Ihre Bed\u00fcrfnisse zu erf\u00fcllen und Ihren Erfolg zu garantieren.<\/p>\n<\/div>\n\n\n\n<div class=\"wp-block-column light-form is-layout-flow wp-block-column-is-layout-flow\"><\/div>\n<\/div>\n<\/div>\n<\/div><\/section>\n","protected":false},"excerpt":{"rendered":"","protected":false},"author":2,"featured_media":0,"parent":0,"menu_order":0,"comment_status":"closed","ping_status":"closed","template":"","meta":{"_acf_changed":false,"_et_pb_use_builder":"","_et_pb_old_content":"","_et_gb_content_width":"","inline_featured_image":false,"footnotes":""},"class_list":["post-9221","page","type-page","status-publish","hentry"],"acf":[],"yoast_head":"<!-- This site is optimized with the Yoast SEO plugin v27.4 - https:\/\/yoast.com\/product\/yoast-seo-wordpress\/ -->\n<title>Entdecken Sie, wer unser Studio ausmacht | Vilagrasa<\/title>\n<meta name=\"description\" content=\"Entdecken Sie das Team hinter Vilagrasa, unsere Designer, Einrichtungen und Geschichte\" \/>\n<meta name=\"robots\" content=\"index, follow, max-snippet:-1, max-image-preview:large, max-video-preview:-1\" \/>\n<link rel=\"canonical\" href=\"https:\/\/vilagrasa.com\/de\/uber-uns\/\" \/>\n<meta property=\"og:locale\" content=\"de_DE\" \/>\n<meta property=\"og:type\" content=\"article\" \/>\n<meta property=\"og:title\" content=\"Entdecken Sie, wer unser Studio ausmacht | Vilagrasa\" \/>\n<meta property=\"og:description\" content=\"Entdecken Sie das Team hinter Vilagrasa, unsere Designer, Einrichtungen und Geschichte\" \/>\n<meta property=\"og:url\" content=\"https:\/\/vilagrasa.com\/de\/uber-uns\/\" \/>\n<meta property=\"og:site_name\" content=\"Vilagrasa\" \/>\n<meta property=\"article:modified_time\" content=\"2024-10-11T08:30:00+00:00\" \/>\n<meta property=\"og:image\" content=\"https:\/\/vilagrasa.com\/wp-content\/uploads\/2021\/12\/Slider_FAMILIA_PAPELERAS.jpg\" \/>\n<meta name=\"twitter:card\" content=\"summary_large_image\" \/>\n<script type=\"application\/ld+json\" class=\"yoast-schema-graph\">{\"@context\":\"https:\\\/\\\/schema.org\",\"@graph\":[{\"@type\":\"WebPage\",\"@id\":\"https:\\\/\\\/vilagrasa.com\\\/de\\\/uber-uns\\\/\",\"url\":\"https:\\\/\\\/vilagrasa.com\\\/de\\\/uber-uns\\\/\",\"name\":\"Entdecken Sie, wer unser Studio ausmacht | Vilagrasa\",\"isPartOf\":{\"@id\":\"https:\\\/\\\/vilagrasa.com\\\/de\\\/#website\"},\"primaryImageOfPage\":{\"@id\":\"https:\\\/\\\/vilagrasa.com\\\/de\\\/uber-uns\\\/#primaryimage\"},\"image\":{\"@id\":\"https:\\\/\\\/vilagrasa.com\\\/de\\\/uber-uns\\\/#primaryimage\"},\"thumbnailUrl\":\"https:\\\/\\\/vilagrasa.com\\\/wp-content\\\/uploads\\\/2021\\\/12\\\/Slider_FAMILIA_PAPELERAS.jpg\",\"datePublished\":\"2023-04-19T10:01:29+00:00\",\"dateModified\":\"2024-10-11T08:30:00+00:00\",\"description\":\"Entdecken Sie das Team hinter Vilagrasa, unsere Designer, Einrichtungen und Geschichte\",\"breadcrumb\":{\"@id\":\"https:\\\/\\\/vilagrasa.com\\\/de\\\/uber-uns\\\/#breadcrumb\"},\"inLanguage\":\"de-DE\",\"potentialAction\":[{\"@type\":\"ReadAction\",\"target\":[\"https:\\\/\\\/vilagrasa.com\\\/de\\\/uber-uns\\\/\"]}]},{\"@type\":\"ImageObject\",\"inLanguage\":\"de-DE\",\"@id\":\"https:\\\/\\\/vilagrasa.com\\\/de\\\/uber-uns\\\/#primaryimage\",\"url\":\"https:\\\/\\\/vilagrasa.com\\\/wp-content\\\/uploads\\\/2021\\\/12\\\/Slider_FAMILIA_PAPELERAS.jpg\",\"contentUrl\":\"https:\\\/\\\/vilagrasa.com\\\/wp-content\\\/uploads\\\/2021\\\/12\\\/Slider_FAMILIA_PAPELERAS.jpg\"},{\"@type\":\"BreadcrumbList\",\"@id\":\"https:\\\/\\\/vilagrasa.com\\\/de\\\/uber-uns\\\/#breadcrumb\",\"itemListElement\":[{\"@type\":\"ListItem\",\"position\":1,\"name\":\"Inici\",\"item\":\"https:\\\/\\\/vilagrasa.com\\\/de\\\/\"},{\"@type\":\"ListItem\",\"position\":2,\"name\":\"\u00dcber uns\"}]},{\"@type\":\"WebSite\",\"@id\":\"https:\\\/\\\/vilagrasa.com\\\/de\\\/#website\",\"url\":\"https:\\\/\\\/vilagrasa.com\\\/de\\\/\",\"name\":\"Vilagrasa\",\"description\":\"Fabricante de mobiliario urbano - Papeleras de dise\u00f1o\",\"potentialAction\":[{\"@type\":\"SearchAction\",\"target\":{\"@type\":\"EntryPoint\",\"urlTemplate\":\"https:\\\/\\\/vilagrasa.com\\\/de\\\/?s={search_term_string}\"},\"query-input\":{\"@type\":\"PropertyValueSpecification\",\"valueRequired\":true,\"valueName\":\"search_term_string\"}}],\"inLanguage\":\"de-DE\"}]}<\/script>\n<!-- \/ Yoast SEO plugin. -->","yoast_head_json":{"title":"Entdecken Sie, wer unser Studio ausmacht | Vilagrasa","description":"Entdecken Sie das Team hinter Vilagrasa, unsere Designer, Einrichtungen und Geschichte","robots":{"index":"index","follow":"follow","max-snippet":"max-snippet:-1","max-image-preview":"max-image-preview:large","max-video-preview":"max-video-preview:-1"},"canonical":"https:\/\/vilagrasa.com\/de\/uber-uns\/","og_locale":"de_DE","og_type":"article","og_title":"Entdecken Sie, wer unser Studio ausmacht | Vilagrasa","og_description":"Entdecken Sie das Team hinter Vilagrasa, unsere Designer, Einrichtungen und Geschichte","og_url":"https:\/\/vilagrasa.com\/de\/uber-uns\/","og_site_name":"Vilagrasa","article_modified_time":"2024-10-11T08:30:00+00:00","og_image":[{"url":"https:\/\/vilagrasa.com\/wp-content\/uploads\/2021\/12\/Slider_FAMILIA_PAPELERAS.jpg","type":"","width":"","height":""}],"twitter_card":"summary_large_image","schema":{"@context":"https:\/\/schema.org","@graph":[{"@type":"WebPage","@id":"https:\/\/vilagrasa.com\/de\/uber-uns\/","url":"https:\/\/vilagrasa.com\/de\/uber-uns\/","name":"Entdecken Sie, wer unser Studio ausmacht | Vilagrasa","isPartOf":{"@id":"https:\/\/vilagrasa.com\/de\/#website"},"primaryImageOfPage":{"@id":"https:\/\/vilagrasa.com\/de\/uber-uns\/#primaryimage"},"image":{"@id":"https:\/\/vilagrasa.com\/de\/uber-uns\/#primaryimage"},"thumbnailUrl":"https:\/\/vilagrasa.com\/wp-content\/uploads\/2021\/12\/Slider_FAMILIA_PAPELERAS.jpg","datePublished":"2023-04-19T10:01:29+00:00","dateModified":"2024-10-11T08:30:00+00:00","description":"Entdecken Sie das Team hinter Vilagrasa, unsere Designer, Einrichtungen und Geschichte","breadcrumb":{"@id":"https:\/\/vilagrasa.com\/de\/uber-uns\/#breadcrumb"},"inLanguage":"de-DE","potentialAction":[{"@type":"ReadAction","target":["https:\/\/vilagrasa.com\/de\/uber-uns\/"]}]},{"@type":"ImageObject","inLanguage":"de-DE","@id":"https:\/\/vilagrasa.com\/de\/uber-uns\/#primaryimage","url":"https:\/\/vilagrasa.com\/wp-content\/uploads\/2021\/12\/Slider_FAMILIA_PAPELERAS.jpg","contentUrl":"https:\/\/vilagrasa.com\/wp-content\/uploads\/2021\/12\/Slider_FAMILIA_PAPELERAS.jpg"},{"@type":"BreadcrumbList","@id":"https:\/\/vilagrasa.com\/de\/uber-uns\/#breadcrumb","itemListElement":[{"@type":"ListItem","position":1,"name":"Inici","item":"https:\/\/vilagrasa.com\/de\/"},{"@type":"ListItem","position":2,"name":"\u00dcber uns"}]},{"@type":"WebSite","@id":"https:\/\/vilagrasa.com\/de\/#website","url":"https:\/\/vilagrasa.com\/de\/","name":"Vilagrasa","description":"Fabricante de mobiliario urbano - Papeleras de dise\u00f1o","potentialAction":[{"@type":"SearchAction","target":{"@type":"EntryPoint","urlTemplate":"https:\/\/vilagrasa.com\/de\/?s={search_term_string}"},"query-input":{"@type":"PropertyValueSpecification","valueRequired":true,"valueName":"search_term_string"}}],"inLanguage":"de-DE"}]}},"_links":{"self":[{"href":"https:\/\/vilagrasa.com\/de\/wp-json\/wp\/v2\/pages\/9221","targetHints":{"allow":["GET"]}}],"collection":[{"href":"https:\/\/vilagrasa.com\/de\/wp-json\/wp\/v2\/pages"}],"about":[{"href":"https:\/\/vilagrasa.com\/de\/wp-json\/wp\/v2\/types\/page"}],"author":[{"embeddable":true,"href":"https:\/\/vilagrasa.com\/de\/wp-json\/wp\/v2\/users\/2"}],"replies":[{"embeddable":true,"href":"https:\/\/vilagrasa.com\/de\/wp-json\/wp\/v2\/comments?post=9221"}],"version-history":[{"count":2,"href":"https:\/\/vilagrasa.com\/de\/wp-json\/wp\/v2\/pages\/9221\/revisions"}],"predecessor-version":[{"id":248371,"href":"https:\/\/vilagrasa.com\/de\/wp-json\/wp\/v2\/pages\/9221\/revisions\/248371"}],"wp:attachment":[{"href":"https:\/\/vilagrasa.com\/de\/wp-json\/wp\/v2\/media?parent=9221"}],"curies":[{"name":"wp","href":"https:\/\/api.w.org\/{rel}","templated":true}]}}