{"id":8225,"date":"2021-12-23T10:57:51","date_gmt":"2021-12-23T09:57:51","guid":{"rendered":"https:\/\/vilagrasa.omitsisdev.com\/cookie-politik\/"},"modified":"2024-11-12T08:54:35","modified_gmt":"2024-11-12T07:54:35","slug":"cookie-politik","status":"publish","type":"page","link":"https:\/\/vilagrasa.com\/de\/cookie-politik\/","title":{"rendered":"Cookie-Politik"},"content":{"rendered":"<p>[et_pb_section fb_built=&#8221;1&#8243; _builder_version=&#8221;4.27.0&#8243; hover_enabled=&#8221;0&#8243; global_colors_info=&#8221;{}&#8221; background_color=&#8221;#DDD7D3&#8243; sticky_enabled=&#8221;0&#8243;][et_pb_row _builder_version=&#8221;4.27.0&#8243; _module_preset=&#8221;default&#8221; locked=&#8221;off&#8221; custom_padding=&#8221;||6px|||&#8221;][et_pb_column _builder_version=&#8221;4.27.0&#8243; _module_preset=&#8221;default&#8221; type=&#8221;4_4&#8243;][et_pb_heading title=&#8221;@ET-DC@eyJkeW5hbWljIjp0cnVlLCJjb250ZW50IjoicG9zdF90aXRsZSIsInNldHRpbmdzIjp7ImJlZm9yZSI6IiIsImFmdGVyIjoiIn19@&#8221; _builder_version=&#8221;4.27.2&#8243; _dynamic_attributes=&#8221;title&#8221; _module_preset=&#8221;default&#8221; title_text_align=&#8221;left&#8221; title_text_color=&#8221;#000000&#8243; title_font_size=&#8221;70px&#8221; global_colors_info=&#8221;{}&#8221; locked=&#8221;off&#8221;][\/et_pb_heading][\/et_pb_column][\/et_pb_row][et_pb_row _builder_version=&#8221;4.16&#8243; background_size=&#8221;initial&#8221; background_position=&#8221;top_left&#8221; background_repeat=&#8221;repeat&#8221; global_colors_info=&#8221;{}&#8221;][et_pb_column type=&#8221;4_4&#8243; _builder_version=&#8221;4.16&#8243; custom_padding=&#8221;|||&#8221; pac_dcm_carousel_specific_module_num=&#8221;0&#8243; global_colors_info=&#8221;{}&#8221; custom_padding__hover=&#8221;|||&#8221;][et_pb_text _builder_version=&#8221;4.27.0&#8243; background_size=&#8221;initial&#8221; background_position=&#8221;top_left&#8221; background_repeat=&#8221;repeat&#8221; hover_enabled=&#8221;0&#8243; global_colors_info=&#8221;{}&#8221; sticky_enabled=&#8221;0&#8243;]<\/p>\n<h4>Was ist ein Keks?<\/h4>\n<p>Ein Cookie ist eine Datei, die auf Ihren Computer heruntergeladen wird, wenn der Nutzer auf bestimmte Webseiten zugreift. Cookies erm\u00f6glichen es einer Website unter anderem, Informationen \u00fcber die Surfgewohnheiten eines Nutzers oder seines Computers zu speichern und abzurufen, und je nach den enthaltenen Informationen und der Art und Weise, wie er seinen Computer benutzt, k\u00f6nnen sie dazu verwendet werden, den Nutzer wiederzuerkennen.<\/p>\n<h4>Welche Arten von Cookies gibt es?<\/h4>\n<p>Es gibt verschiedene Arten von Cookies, die von unterschiedlichen Kriterien abh\u00e4ngen:<\/p>\n<p>Je nachdem, wie lange sie aktiviert bleiben:<\/p>\n<ul>\n<li>Sitzungs-Cookies: Diese sammeln und speichern Daten, w\u00e4hrend der Nutzer auf eine Website zugreift.<\/li>\n<li>Permanente Cookies: Diese Daten bleiben auf dem Endger\u00e4t gespeichert und k\u00f6nnen f\u00fcr einen bestimmten Zeitraum von der f\u00fcr das Cookie verantwortlichen Partei abgerufen und verarbeitet werden.<\/li>\n<\/ul>\n<p>Abh\u00e4ngig von den Besitzverh\u00e4ltnissen:<\/p>\n<ul>\n<li>Eigene Cookies: Diese geh\u00f6ren zu VILAGRASA.<\/li>\n<li>Cookies von Dritten: Im Besitz von Dritten, die nicht zu VILAGRASA geh\u00f6ren und die gesammelten Informationen verarbeiten.<\/li>\n<\/ul>\n<p>Je nach ihrem Zweck:<\/p>\n<ul>\n<li>Technische und\/oder Personalisierungs-Cookies: Dienen dazu, den Dienst zu verbessern, Vorf\u00e4lle zu lokalisieren, den Nutzer zu erkennen usw.<\/li>\n<li>Analyse- und\/oder Werbe-Cookies: Diese werden verwendet, um Informationen \u00fcber das Browsing zu analysieren und um Werbung anzubieten.<\/li>\n<\/ul>\n<h4>Welche Arten von Cookies sind am weitesten verbreitet?<\/h4>\n<p>TECHNISCH: Eigene Cookies, Sitzungs-, Identifizierungs-, Konfigurations- und Registrierungscookies, die f\u00fcr die Bereitstellung der angeforderten Dienste notwendig sind. Diese Informationen werden nur von VILAGRASA verarbeitet.<\/p>\n<p>ANALYSE: Verarbeitet von uns oder Dritten zur Analyse des Nutzungsverhaltens auf unserer Website, um unser Angebot zu verbessern.<\/p>\n<p>WERBUNG: Diese Daten werden von uns oder Dritten verarbeitet, um Werbung anzubieten, die Ihrem Surfprofil entspricht.<\/p>\n<h4>Wof\u00fcr wird ein Cookie verwendet?<\/h4>\n<p>Cookies werden verwendet, um Ihnen personalisierte Dienste anzubieten, die Funktionsweise des Systems zu analysieren, Sie als Nutzer zu erkennen und die Website-Aktivit\u00e4t zu analysieren und zu messen.<\/p>\n<h4>Ist meine Zustimmung zum Setzen eines Cookies erforderlich?<\/h4>\n<p>Die Zustimmung ist nicht erforderlich f\u00fcr technische Cookies oder solche, die f\u00fcr die Bereitstellung eines ausdr\u00fccklich gew\u00fcnschten Dienstes notwendig sind.<\/p>\n<p>In allen anderen F\u00e4llen ist Ihre Zustimmung erforderlich, die als erteilt gilt, wenn Sie die Website weiterhin nutzen, unbeschadet der M\u00f6glichkeit, die Cookies zu deaktivieren.<\/p>\n<h4>Welche Arten von Cookies werden auf dieser Website verwendet?<\/h4>\n<p>Technische Cookies: Diese werden ausschlie\u00dflich von uns erstellt und verwaltet und erm\u00f6glichen es dem Nutzer, auf unserer Website zu surfen.<\/p>\n<p>Die VILAGRASA-Website benutzt (oder kann benutzen) Google Analytics, das Cookies zur Sammlung von Informationen verwendet. Weitere Informationen finden Sie unter:<\/p>\n<p>https:\/\/developers.google.com\/analytics\/devguides\/collection\/analyticsjs\/cookie-usage<\/p>\n<p>Die Webdomain www.vilagrasa.com verwendet die folgenden Arten von Cookies:<\/p>\n<table>\n<tr>\n<td>Cookie-Name<\/td>\n<td>Zweck<\/td>\n<td>Verfall<\/td>\n<\/tr>\n<tr>\n<td>_ga<\/td>\n<td>Google Analytics-Cookie zur Unterscheidung der Nutzer.<\/td>\n<td>2 Jahre<\/td>\n<\/tr>\n<tr>\n<td>_gat_gtag_UA_11739236_37<\/td>\n<td>Wird von Google Analytics verwendet, um verschiedene Informationen zu sammeln.<\/td>\n<td>Beim Beenden der Sitzung<\/td>\n<\/tr>\n<tr>\n<td>_gid<\/td>\n<td>Google Analytics-Cookie zur Unterscheidung der Nutzer.<\/td>\n<td>24 Stunden<\/td>\n<\/tr>\n<tr>\n<td>1P_JAR<\/td>\n<td>Google-Cookie zur Daten\u00fcbertragung an Google.<\/td>\n<td>1 Woche<\/td>\n<\/tr>\n<tr>\n<td>ANID<\/td>\n<td>Werbe-Cookie zur Messung der Anzeigenleistung.<\/td>\n<td>1 Jahr<\/td>\n<\/tr>\n<tr>\n<td>CONSENT<\/td>\n<td>Google Maps, Google+ Cookie, speichert benutzerspezifische Einstellungen.<\/td>\n<td>2 Jahre<\/td>\n<\/tr>\n<tr>\n<td>NID<\/td>\n<td>Google Cookie, speichert benutzerspezifische Einstellungen.<\/td>\n<td>6 Monate<\/td>\n<\/tr>\n<\/table>\n<h4>Wie kann ich Cookies deaktivieren?<\/h4>\n<p>Sie k\u00f6nnen Cookies in den Einstellungen Ihres Browsers zulassen, blockieren oder l\u00f6schen:<\/p>\n<ul>\n<li>Firefox: <a href=\"https:\/\/support.mozilla.org\/es\/kb\/habilitar-y-deshabilitar-cookies-sitios-web-rastrear-preferencias?redirectlocale=es&#038;redirectslug=habilitar-y-deshabilitar-cookies-que-los-sitios-we\">Hilfe<\/a><\/li>\n<li>Chrome: <a href=\"https:\/\/support.google.com\/chrome\/answer\/95647?hl=es\">Hilfe<\/a><\/li>\n<li>Internet Explorer: <a href=\"https:\/\/support.microsoft.com\/es-es\/products\/windows?os=windows-10\">Hilfe<\/a><\/li>\n<li>Safari: <a href=\"https:\/\/support.apple.com\/kb\/ph5042?locale=es_ES\">Hilfe<\/a><\/li>\n<li>Safari f\u00fcr iOS: <a href=\"https:\/\/support.apple.com\/es-es\/HT201265\">Hilfe<\/a><\/li>\n<\/ul>\n<p>[\/et_pb_text][\/et_pb_column][\/et_pb_row][\/et_pb_section]<\/p>\n","protected":false},"excerpt":{"rendered":"<p>Was ist ein Keks? Ein Cookie ist eine Datei, die auf Ihren Computer heruntergeladen wird, wenn der Nutzer auf bestimmte Webseiten zugreift. Cookies erm\u00f6glichen es einer Website unter anderem, Informationen \u00fcber die Surfgewohnheiten eines Nutzers oder seines Computers zu speichern und abzurufen, und je nach den enthaltenen Informationen und der Art und Weise, wie er [&hellip;]<\/p>\n","protected":false},"author":2,"featured_media":0,"parent":0,"menu_order":0,"comment_status":"closed","ping_status":"closed","template":"","meta":{"_acf_changed":false,"_et_pb_use_builder":"on","_et_pb_old_content":"","_et_gb_content_width":"","inline_featured_image":false,"footnotes":""},"class_list":["post-8225","page","type-page","status-publish","hentry"],"acf":[],"yoast_head":"<!-- This site is optimized with the Yoast SEO plugin v27.3 - https:\/\/yoast.com\/product\/yoast-seo-wordpress\/ -->\n<title>Cookie-Politik - Vilagrasa<\/title>\n<meta name=\"robots\" content=\"noindex, follow\" \/>\n<meta property=\"og:locale\" content=\"de_DE\" \/>\n<meta property=\"og:type\" content=\"article\" \/>\n<meta property=\"og:title\" content=\"Cookie-Politik - Vilagrasa\" \/>\n<meta property=\"og:description\" content=\"Was ist ein Keks? Ein Cookie ist eine Datei, die auf Ihren Computer heruntergeladen wird, wenn der Nutzer auf bestimmte Webseiten zugreift. Cookies erm\u00f6glichen es einer Website unter anderem, Informationen \u00fcber die Surfgewohnheiten eines Nutzers oder seines Computers zu speichern und abzurufen, und je nach den enthaltenen Informationen und der Art und Weise, wie er [&hellip;]\" \/>\n<meta property=\"og:url\" content=\"https:\/\/vilagrasa.com\/de\/cookie-politik\/\" \/>\n<meta property=\"og:site_name\" content=\"Vilagrasa\" \/>\n<meta property=\"article:modified_time\" content=\"2024-11-12T07:54:35+00:00\" \/>\n<meta name=\"twitter:card\" content=\"summary_large_image\" \/>\n<script type=\"application\/ld+json\" class=\"yoast-schema-graph\">{\"@context\":\"https:\\\/\\\/schema.org\",\"@graph\":[{\"@type\":\"WebPage\",\"@id\":\"https:\\\/\\\/vilagrasa.com\\\/de\\\/cookie-politik\\\/\",\"url\":\"https:\\\/\\\/vilagrasa.com\\\/de\\\/cookie-politik\\\/\",\"name\":\"Cookie-Politik - Vilagrasa\",\"isPartOf\":{\"@id\":\"https:\\\/\\\/vilagrasa.com\\\/de\\\/#website\"},\"datePublished\":\"2021-12-23T09:57:51+00:00\",\"dateModified\":\"2024-11-12T07:54:35+00:00\",\"breadcrumb\":{\"@id\":\"https:\\\/\\\/vilagrasa.com\\\/de\\\/cookie-politik\\\/#breadcrumb\"},\"inLanguage\":\"de-DE\",\"potentialAction\":[{\"@type\":\"ReadAction\",\"target\":[\"https:\\\/\\\/vilagrasa.com\\\/de\\\/cookie-politik\\\/\"]}]},{\"@type\":\"BreadcrumbList\",\"@id\":\"https:\\\/\\\/vilagrasa.com\\\/de\\\/cookie-politik\\\/#breadcrumb\",\"itemListElement\":[{\"@type\":\"ListItem\",\"position\":1,\"name\":\"Inici\",\"item\":\"https:\\\/\\\/vilagrasa.com\\\/de\\\/\"},{\"@type\":\"ListItem\",\"position\":2,\"name\":\"Cookie-Politik\"}]},{\"@type\":\"WebSite\",\"@id\":\"https:\\\/\\\/vilagrasa.com\\\/de\\\/#website\",\"url\":\"https:\\\/\\\/vilagrasa.com\\\/de\\\/\",\"name\":\"Vilagrasa\",\"description\":\"Fabricante de mobiliario urbano - Papeleras de dise\u00f1o\",\"potentialAction\":[{\"@type\":\"SearchAction\",\"target\":{\"@type\":\"EntryPoint\",\"urlTemplate\":\"https:\\\/\\\/vilagrasa.com\\\/de\\\/?s={search_term_string}\"},\"query-input\":{\"@type\":\"PropertyValueSpecification\",\"valueRequired\":true,\"valueName\":\"search_term_string\"}}],\"inLanguage\":\"de-DE\"}]}<\/script>\n<!-- \/ Yoast SEO plugin. -->","yoast_head_json":{"title":"Cookie-Politik - Vilagrasa","robots":{"index":"noindex","follow":"follow"},"og_locale":"de_DE","og_type":"article","og_title":"Cookie-Politik - Vilagrasa","og_description":"Was ist ein Keks? Ein Cookie ist eine Datei, die auf Ihren Computer heruntergeladen wird, wenn der Nutzer auf bestimmte Webseiten zugreift. Cookies erm\u00f6glichen es einer Website unter anderem, Informationen \u00fcber die Surfgewohnheiten eines Nutzers oder seines Computers zu speichern und abzurufen, und je nach den enthaltenen Informationen und der Art und Weise, wie er [&hellip;]","og_url":"https:\/\/vilagrasa.com\/de\/cookie-politik\/","og_site_name":"Vilagrasa","article_modified_time":"2024-11-12T07:54:35+00:00","twitter_card":"summary_large_image","schema":{"@context":"https:\/\/schema.org","@graph":[{"@type":"WebPage","@id":"https:\/\/vilagrasa.com\/de\/cookie-politik\/","url":"https:\/\/vilagrasa.com\/de\/cookie-politik\/","name":"Cookie-Politik - Vilagrasa","isPartOf":{"@id":"https:\/\/vilagrasa.com\/de\/#website"},"datePublished":"2021-12-23T09:57:51+00:00","dateModified":"2024-11-12T07:54:35+00:00","breadcrumb":{"@id":"https:\/\/vilagrasa.com\/de\/cookie-politik\/#breadcrumb"},"inLanguage":"de-DE","potentialAction":[{"@type":"ReadAction","target":["https:\/\/vilagrasa.com\/de\/cookie-politik\/"]}]},{"@type":"BreadcrumbList","@id":"https:\/\/vilagrasa.com\/de\/cookie-politik\/#breadcrumb","itemListElement":[{"@type":"ListItem","position":1,"name":"Inici","item":"https:\/\/vilagrasa.com\/de\/"},{"@type":"ListItem","position":2,"name":"Cookie-Politik"}]},{"@type":"WebSite","@id":"https:\/\/vilagrasa.com\/de\/#website","url":"https:\/\/vilagrasa.com\/de\/","name":"Vilagrasa","description":"Fabricante de mobiliario urbano - Papeleras de dise\u00f1o","potentialAction":[{"@type":"SearchAction","target":{"@type":"EntryPoint","urlTemplate":"https:\/\/vilagrasa.com\/de\/?s={search_term_string}"},"query-input":{"@type":"PropertyValueSpecification","valueRequired":true,"valueName":"search_term_string"}}],"inLanguage":"de-DE"}]}},"_links":{"self":[{"href":"https:\/\/vilagrasa.com\/de\/wp-json\/wp\/v2\/pages\/8225","targetHints":{"allow":["GET"]}}],"collection":[{"href":"https:\/\/vilagrasa.com\/de\/wp-json\/wp\/v2\/pages"}],"about":[{"href":"https:\/\/vilagrasa.com\/de\/wp-json\/wp\/v2\/types\/page"}],"author":[{"embeddable":true,"href":"https:\/\/vilagrasa.com\/de\/wp-json\/wp\/v2\/users\/2"}],"replies":[{"embeddable":true,"href":"https:\/\/vilagrasa.com\/de\/wp-json\/wp\/v2\/comments?post=8225"}],"version-history":[{"count":8,"href":"https:\/\/vilagrasa.com\/de\/wp-json\/wp\/v2\/pages\/8225\/revisions"}],"predecessor-version":[{"id":251230,"href":"https:\/\/vilagrasa.com\/de\/wp-json\/wp\/v2\/pages\/8225\/revisions\/251230"}],"wp:attachment":[{"href":"https:\/\/vilagrasa.com\/de\/wp-json\/wp\/v2\/media?parent=8225"}],"curies":[{"name":"wp","href":"https:\/\/api.w.org\/{rel}","templated":true}]}}