{"id":8209,"date":"2021-12-23T10:55:46","date_gmt":"2021-12-23T09:55:46","guid":{"rendered":"https:\/\/vilagrasa.omitsisdev.com\/rechtlicher-hinweis\/"},"modified":"2024-11-12T08:52:22","modified_gmt":"2024-11-12T07:52:22","slug":"rechtlicher-hinweis","status":"publish","type":"page","link":"https:\/\/vilagrasa.com\/de\/rechtlicher-hinweis\/","title":{"rendered":"Rechtlicher Hinweis"},"content":{"rendered":"<p>[et_pb_section fb_built=&#8221;1&#8243; _builder_version=&#8221;4.27.0&#8243; background_color=&#8221;#DDD7D3&#8243; width=&#8221;100%&#8221; global_colors_info=&#8221;{}&#8221;][et_pb_row _builder_version=&#8221;4.27.0&#8243; _module_preset=&#8221;default&#8221; custom_padding=&#8221;||4px|||&#8221; locked=&#8221;off&#8221; global_colors_info=&#8221;{}&#8221;][et_pb_column type=&#8221;4_4&#8243; _builder_version=&#8221;4.27.0&#8243; _module_preset=&#8221;default&#8221; pac_dcm_carousel_specific_module_num=&#8221;0&#8243; global_colors_info=&#8221;{}&#8221;][et_pb_heading title=&#8221;@ET-DC@eyJkeW5hbWljIjp0cnVlLCJjb250ZW50IjoicG9zdF90aXRsZSIsInNldHRpbmdzIjp7ImJlZm9yZSI6IiIsImFmdGVyIjoiIn19@&#8221; _builder_version=&#8221;4.27.2&#8243; _dynamic_attributes=&#8221;title&#8221; _module_preset=&#8221;default&#8221; title_text_align=&#8221;left&#8221; title_text_color=&#8221;#000000&#8243; title_font_size=&#8221;70px&#8221; locked=&#8221;off&#8221; global_colors_info=&#8221;{}&#8221;][\/et_pb_heading][\/et_pb_column][\/et_pb_row][et_pb_row _builder_version=&#8221;4.16&#8243; background_size=&#8221;initial&#8221; background_position=&#8221;top_left&#8221; background_repeat=&#8221;repeat&#8221; global_colors_info=&#8221;{}&#8221;][et_pb_column type=&#8221;4_4&#8243; _builder_version=&#8221;4.16&#8243; custom_padding=&#8221;|||&#8221; pac_dcm_carousel_specific_module_num=&#8221;0&#8243; global_colors_info=&#8221;{}&#8221; custom_padding__hover=&#8221;|||&#8221;][et_pb_text _builder_version=&#8221;4.27.0&#8243; background_size=&#8221;initial&#8221; background_position=&#8221;top_left&#8221; background_repeat=&#8221;repeat&#8221; hover_enabled=&#8221;0&#8243; custom_css_main_element=&#8221;column-count:2;||column-gap: 40px;||column-rule-style: solid;||column-rule-color: #bbb;&#8221; global_colors_info=&#8221;{}&#8221; custom_css_main_element_tablet=&#8221;column-count:0;&#8221; custom_css_main_element_phone=&#8221;column-count:0;&#8221; custom_css_main_element_last_edited=&#8221;on|phone&#8221; sticky_enabled=&#8221;0&#8243;]<\/p>\n<p>In Erf\u00fcllung der Informationspflicht gem\u00e4\u00df Artikel 10 des Gesetzes 34\/2002 vom 11. Juli \u00fcber die Dienste der Informationsgesellschaft und den elektronischen Gesch\u00e4ftsverkehr teilen wir Ihnen mit, dass die Website und das Internetportal www.vilagrasa.com (im Folgenden die \u201eWebsite\u201c) Eigentum von VILAGRASA, S.A.U., (im Folgenden VILAGRASA) mit Sitz in Ctra. Santa Coloma, km. 46, 17178 Les Preses (Girona) mit der Steuernummer A08543340 ist.<\/p>\n<p>Eingetragen im Handelsregister von Barcelona, Band 3003, Folio 47, Sektion 8, Seite GI57470, Eintrag 44.<\/p>\n<h4><strong>Kommunikation<\/strong><\/h4>\n<p>Telefon: +34 972 69 47 00<\/p>\n<p>E-Mail: <a href=\"mailto:vilagrasa@vilagrasa.com\">vilagrasa@vilagrasa.com<\/a><\/p>\n<p>Dieser rechtliche Hinweis regelt die Nutzungsbedingungen des oben genannten Internetportals.<\/p>\n<h4>Anwendbares Recht und Gerichtsbarkeit<\/h4>\n<p>Im Allgemeinen unterliegen die Beziehungen zwischen VILAGRASA und den Nutzern ihrer Telematikdienste auf der Website der spanischen Gesetzgebung und Rechtsprechung.<\/p>\n<p>Die Parteien verzichten ausdr\u00fccklich auf jede andere Gerichtsbarkeit, die ihnen zustehen k\u00f6nnte, und unterwerfen sich ausdr\u00fccklich den Gerichten von Olot zur Beilegung von Streitigkeiten, die sich aus der Auslegung oder Ausf\u00fchrung der vorliegenden Vertragsbedingungen ergeben k\u00f6nnten.<\/p>\n<h4>Benutzerakzeptanz<\/h4>\n<p>Dieser rechtliche Hinweis regelt den Zugang zu und die Nutzung der Website, die VILAGRASA den Internetnutzern zur Verf\u00fcgung stellt. Als Nutzer gilt eine Person, die auf die Dienste und Aktivit\u00e4ten der Website zugreift, sie durchsucht, nutzt oder sich an ihnen beteiligt.<\/p>\n<p>Der Nutzer ist dar\u00fcber informiert und akzeptiert, dass der Zugriff auf diese Website in keiner Weise den Beginn einer Gesch\u00e4ftsbeziehung mit VILAGRASA bedeutet.<\/p>\n<p>Mit dem Zugriff auf die Website und dem Surfen auf ihr akzeptiert der Nutzer alle diese Nutzungsbedingungen. Wenn der Nutzer mit den Bedingungen nicht einverstanden ist, muss er von der Nutzung der Website absehen.<\/p>\n<h4>Zugang zur Website<\/h4>\n<p>Der Zugang zur Website ist f\u00fcr die Nutzer kostenlos. F\u00fcr einige Dienstleistungen ist eine vorherige Auftragsvergabe erforderlich.<\/p>\n<p>Wenn der Nutzer f\u00fcr den Zugang zu einem der Dienste personenbezogene Daten angeben muss, erfolgt die Erhebung und Verarbeitung der Daten in \u00dcbereinstimmung mit den geltenden Rechtsvorschriften, insbesondere mit der RGPD. Weitere Informationen finden Sie in unserer Datenschutzrichtlinie <a href=\"https:\/\/vilagrasa.com\/politica-de-privacidad\">hier<\/a>.<\/p>\n<h4>Inhalt und Verwendung<\/h4>\n<p>Der Nutzer muss die Website verantwortungsbewusst und in \u00dcbereinstimmung mit der geltenden Gesetzgebung, Treu und Glauben, dem vorliegenden rechtlichen Hinweis und unter Beachtung der geistigen und gewerblichen Eigentumsrechte von VILAGRASA oder anderen nat\u00fcrlichen oder juristischen Personen besuchen.<\/p>\n<p>Es ist strengstens untersagt, die Inhalte der Website f\u00fcr rechtswidrige Zwecke zu verwenden oder Handlungen vorzunehmen, die Sch\u00e4den oder Ver\u00e4nderungen jeglicher Art an der Website oder ihren Inhalten verursachen oder verursachen k\u00f6nnten, die nicht von VILAGRASA genehmigt wurden.<\/p>\n<p>Der Inhaber der Website identifiziert sich nicht mit den Meinungen, die seine Mitarbeiter auf der Website \u00e4u\u00dfern. Das Unternehmen beh\u00e4lt sich das Recht vor, ohne vorherige Ank\u00fcndigung \u00c4nderungen an seiner Website vorzunehmen, die es f\u00fcr angemessen h\u00e4lt, und kann sowohl den Inhalt und die Dienstleistungen, die \u00fcber die Website angeboten werden, als auch die Art und Weise, in der sie pr\u00e4sentiert werden oder sich auf seinen Servern befinden, \u00e4ndern, l\u00f6schen oder hinzuf\u00fcgen.<\/p>\n<p>Es ist strengstens untersagt, die Inhalte der Website f\u00fcr unerlaubte Zwecke zu nutzen oder Handlungen vorzunehmen, die Sch\u00e4den oder Ver\u00e4nderungen jeglicher Art an der Website oder ihren Inhalten verursachen oder verursachen k\u00f6nnen, die nicht von VILAGRASA genehmigt wurden.<\/p>\n<h4>Geistiges und gewerbliches Eigentum<\/h4>\n<p>Die Rechte am geistigen Eigentum des Inhalts der Webseiten, ihrer grafischen Gestaltung und der Codes sind Eigentum von VILAGRASA, und daher ist ihre Vervielf\u00e4ltigung, Verbreitung, \u00f6ffentliche Bekanntmachung, Umwandlung oder jede andere Aktivit\u00e4t, die mit dem Inhalt der Webseite durchgef\u00fchrt wird, verboten, auch wenn die Quellen angegeben werden, au\u00dfer mit der vorherigen, ausdr\u00fccklichen und schriftlichen Zustimmung von VILAGRASA. Alle Handelsnamen, Marken oder Unterscheidungszeichen jeglicher Art, die auf den Webseiten des Unternehmens enthalten sind, sind Eigentum ihrer Inhaber und gesetzlich gesch\u00fctzt.<\/p>\n<p>VILAGRASA erteilt keinerlei Lizenz oder Nutzungsgenehmigung in Bezug auf ihre geistigen und gewerblichen Eigentumsrechte oder andere mit der Website zusammenh\u00e4ngende Eigentumsrechte, und unter keinen Umst\u00e4nden kann der Zugang und das Surfen der Nutzer als Verzicht, \u00dcbertragung, Lizenz oder vollst\u00e4ndige oder teilweise Abtretung dieser Rechte durch VILAGRASA verstanden werden.<\/p>\n<p>Jede Verwendung dieser Inhalte, die nicht zuvor von VILAGRASA genehmigt wurde, wird als schwerwiegende Verletzung der Rechte an geistigem oder gewerblichem Eigentum betrachtet und zieht die gesetzlich festgelegten Verantwortlichkeiten nach sich. VILAGRASA beh\u00e4lt sich das Recht vor, die entsprechenden gerichtlichen und au\u00dfergerichtlichen Ma\u00dfnahmen gegen den Nutzer zu ergreifen.<\/p>\n<h4>Verantwortung und Garantien<\/h4>\n<p>VILAGRASA erkl\u00e4rt, dass sie im Rahmen ihrer M\u00f6glichkeiten und des Stands der Technik die erforderlichen Ma\u00dfnahmen ergriffen hat, um das ordnungsgem\u00e4\u00dfe Funktionieren ihrer Website und die Abwesenheit von Viren und sch\u00e4dlichen Komponenten zu gew\u00e4hrleisten. VILAGRASA kann jedoch nicht f\u00fcr die folgenden Situationen verantwortlich gemacht werden, die beispielhaft aufgef\u00fchrt sind, aber nicht darauf beschr\u00e4nkt sind:<\/p>\n<p>Die Kontinuit\u00e4t und Verf\u00fcgbarkeit der Inhalte.<\/p>\n<p>Die Abwesenheit von Fehlern im besagten Inhalt oder die Korrektur von eventuellen M\u00e4ngeln.<\/p>\n<p>Das Fehlen von Viren und\/oder anderen sch\u00e4dlichen Komponenten.<\/p>\n<p>Die Sch\u00e4den, die von Personen verursacht werden, die die Sicherheitssysteme von VILAGRASA verletzen.<\/p>\n<p>Die Verwendung der auf der Website enthaltenen Inhalte durch die Nutzer. Infolgedessen garantiert VILAGRASA weder, dass die Nutzung der auf der Website enthaltenen Inhalte durch die Nutzer mit den vorliegenden rechtlichen Hinweisen \u00fcbereinstimmt, noch dass die Nutzung der Website in einer sorgf\u00e4ltigen Weise erfolgt.<\/p>\n<p>Die Nutzung der Website durch Minderj\u00e4hrige oder die \u00dcbermittlung ihrer pers\u00f6nlichen Daten ohne die Erlaubnis der Erziehungsberechtigten, die f\u00fcr die Nutzung des Internets durch die Minderj\u00e4hrigen verantwortlich sind. Die Inhalte, auf die der Nutzer \u00fcber nicht autorisierte Links zugreifen kann, oder die Inhalte, die von Nutzern \u00fcber Kommentare oder \u00e4hnliche Tools eingegeben werden.<\/p>\n<p>Die Eingabe falscher Daten durch den Nutzer oder einen Dritten.<\/p>\n<p>VILAGRASA kann den Zugang zur Website ohne Vorank\u00fcndigung vor\u00fcbergehend f\u00fcr Wartungs-, Reparatur-, Aktualisierungs- oder Verbesserungsarbeiten unterbrechen. Wenn es die Umst\u00e4nde erlauben, wird VILAGRASA den Nutzer jedoch mit ausreichender Vorank\u00fcndigung \u00fcber das Datum informieren, an dem der Inhalt eingestellt wird.<\/p>\n<p>Ebenso verpflichtet sich VILAGRASA gem\u00e4\u00df den Artikeln 11 und 16 des Gesetzes 34\/2002 vom 11. Juli \u00fcber die Dienste der Informationsgesellschaft und den elektronischen Gesch\u00e4ftsverkehr (LSSICE), alle Inhalte zu entfernen oder gegebenenfalls zu sperren, die die geltende Gesetzgebung, die Rechte Dritter oder die \u00f6ffentliche Moral und Ordnung beeintr\u00e4chtigen oder verletzen k\u00f6nnten.<\/p>\n<h4>Cookies<\/h4>\n<p>VILAGRASA verwendet Cookies, um Ihre Navigation auf der Website zu optimieren und zu personalisieren. Cookies sind physische Informationsdateien, die auf dem Endger\u00e4t des Nutzers gespeichert werden. Die durch Cookies gesammelten Informationen werden verwendet, um dem Nutzer das Surfen auf dem Portal zu erleichtern und das Surfen zu optimieren. Die durch Cookies gesammelten Daten k\u00f6nnen mit den Urhebern derselben geteilt werden, aber in keinem Fall werden die durch dieselben erhaltenen Informationen mit pers\u00f6nlichen Daten oder Daten, die den Benutzer identifizieren k\u00f6nnen, in Verbindung gebracht.<\/p>\n<p>Wenn Sie jedoch nicht m\u00f6chten, dass Cookies auf Ihrer Festplatte installiert werden, k\u00f6nnen Sie Ihren Browser so konfigurieren, dass die Installation dieser Dateien verhindert wird. Weitere Informationen finden Sie in unserer <a href=\"https:\/\/vilagrasa.com\/politica-de-cookies\">Cookie-Richtlinie<\/a>.<\/p>\n<h4>Links<\/h4>\n<p>Das Vorhandensein von Links auf der VILAGRASA-Website zu anderen Internet-Seiten dient ausschlie\u00dflich Informationszwecken und stellt in keiner Weise eine Anregung, Aufforderung oder Empfehlung in Bezug auf diese Seiten dar. VILAGRASA \u00fcbernimmt keine Verantwortung f\u00fcr den Inhalt eines Links, der zu einer anderen Website geh\u00f6rt, und garantiert nicht die Zuverl\u00e4ssigkeit, Genauigkeit, Vollst\u00e4ndigkeit, Wahrhaftigkeit, G\u00fcltigkeit und technische Verf\u00fcgbarkeit.<\/p>\n<p>F\u00fcr den Fall, dass andere Websites Links zur Website von VILAGRASA einrichten, kann nicht davon ausgegangen werden, dass VILAGRASA den Link oder den Inhalt der Website, die den Link enth\u00e4lt, genehmigt hat, noch d\u00fcrfen auf der verlinkten Seite unangemessene, verleumderische, illegale, obsz\u00f6ne oder rechtswidrige Inhalte oder andere Inhalte, die gegen die geltenden Rechtsvorschriften versto\u00dfen, enthalten sein.<\/p>\n<p>VILAGRASA beh\u00e4lt sich das Recht vor, sich mit dem Inhaber der Website, auf der der Link eingerichtet ist, in Verbindung zu setzen, wenn sie der Ansicht ist, dass gegen die Vorschriften versto\u00dfen wurde, und die entsprechenden gerichtlichen und au\u00dfergerichtlichen Schritte einzuleiten.<\/p>\n<h4>\u00c4nderung der Bedingungen<\/h4>\n<p>VILAGRASA beh\u00e4lt sich ausdr\u00fccklich das Recht vor, diesen rechtlichen Hinweis einseitig, ganz oder teilweise, ohne vorherige Ank\u00fcndigung zu \u00e4ndern. Der Nutzer erkennt an und akzeptiert, dass es in seiner Verantwortung liegt, diese rechtlichen Hinweise regelm\u00e4\u00dfig zu \u00fcberpr\u00fcfen.<\/p>\n<h4>VILARASA Transportpolitik<\/h4>\n<p>PRODUKTE MIT NICHT STANDARDISIERTEN ABMESSUNGEN. Alle Produkte mit einer L\u00e4nge von mehr als 160 cm und einer H\u00f6he von mehr als 225 cm fallen nicht unter die allgemeinen Bedingungen, und der Preis f\u00fcr den Transport muss bei der Betriebsabteilung angefragt werden.<\/p>\n<p>BITTE BEACHTEN SIE, DASS TEILLIEFERUNGEN NICHT ZUL\u00c4SSIG SIND. Nur im Falle einer Genehmigung der Gesch\u00e4ftsleitung werden Teillieferungen durchgef\u00fchrt. Oder wenn der Kunde f\u00fcr die Teillieferung bezahlt und diese von der Gesch\u00e4ftsleitung mit der Best\u00e4tigung der f\u00fcr dieses Konzept angewandten Kosten in der Rechnung an den Kunden genehmigt wird.<\/p>\n<p>Die Logistiktarife sind f\u00fcr die Lieferung per LKW ohne Pritsche (Standardtransporte) kalkuliert, wobei davon ausgegangen wird, dass der Empf\u00e4nger f\u00fcr diese Art von Transporten \u00fcber Entladem\u00f6glichkeiten verf\u00fcgen muss. Stehen solche Mittel nicht zur Verf\u00fcgung, werden je nach Sendung und Bedarf zus\u00e4tzliche Kosten f\u00e4llig, die vom K\u00e4ufer zu tragen sind. Diese Tarife gelten f\u00fcr Gebiete, die f\u00fcr Anh\u00e4nger leicht zug\u00e4nglich sind. F\u00fcr alles, was in den Bergen, am Strand, in Fu\u00dfg\u00e4ngerzonen und in den oberen Stockwerke<br \/>\n[\/et_pb_text][\/et_pb_column][\/et_pb_row][\/et_pb_section]<\/p>\n","protected":false},"excerpt":{"rendered":"<p>In Erf\u00fcllung der Informationspflicht gem\u00e4\u00df Artikel 10 des Gesetzes 34\/2002 vom 11. Juli \u00fcber die Dienste der Informationsgesellschaft und den elektronischen Gesch\u00e4ftsverkehr teilen wir Ihnen mit, dass die Website und das Internetportal www.vilagrasa.com (im Folgenden die \u201eWebsite\u201c) Eigentum von VILAGRASA, S.A.U., (im Folgenden VILAGRASA) mit Sitz in Ctra. Santa Coloma, km. 46, 17178 Les Preses [&hellip;]<\/p>\n","protected":false},"author":2,"featured_media":0,"parent":0,"menu_order":0,"comment_status":"closed","ping_status":"closed","template":"","meta":{"_acf_changed":false,"_et_pb_use_builder":"on","_et_pb_old_content":"","_et_gb_content_width":"","inline_featured_image":false,"footnotes":""},"class_list":["post-8209","page","type-page","status-publish","hentry"],"acf":[],"yoast_head":"<!-- This site is optimized with the Yoast SEO plugin v27.3 - https:\/\/yoast.com\/product\/yoast-seo-wordpress\/ -->\n<title>Rechtlicher Hinweis - Vilagrasa<\/title>\n<meta name=\"robots\" content=\"noindex, follow\" \/>\n<meta property=\"og:locale\" content=\"de_DE\" \/>\n<meta property=\"og:type\" content=\"article\" \/>\n<meta property=\"og:title\" content=\"Rechtlicher Hinweis - Vilagrasa\" \/>\n<meta property=\"og:description\" content=\"In Erf\u00fcllung der Informationspflicht gem\u00e4\u00df Artikel 10 des Gesetzes 34\/2002 vom 11. Juli \u00fcber die Dienste der Informationsgesellschaft und den elektronischen Gesch\u00e4ftsverkehr teilen wir Ihnen mit, dass die Website und das Internetportal www.vilagrasa.com (im Folgenden die \u201eWebsite\u201c) Eigentum von VILAGRASA, S.A.U., (im Folgenden VILAGRASA) mit Sitz in Ctra. Santa Coloma, km. 46, 17178 Les Preses [&hellip;]\" \/>\n<meta property=\"og:url\" content=\"https:\/\/vilagrasa.com\/de\/rechtlicher-hinweis\/\" \/>\n<meta property=\"og:site_name\" content=\"Vilagrasa\" \/>\n<meta property=\"article:modified_time\" content=\"2024-11-12T07:52:22+00:00\" \/>\n<meta name=\"twitter:card\" content=\"summary_large_image\" \/>\n<script type=\"application\/ld+json\" class=\"yoast-schema-graph\">{\"@context\":\"https:\\\/\\\/schema.org\",\"@graph\":[{\"@type\":\"WebPage\",\"@id\":\"https:\\\/\\\/vilagrasa.com\\\/de\\\/rechtlicher-hinweis\\\/\",\"url\":\"https:\\\/\\\/vilagrasa.com\\\/de\\\/rechtlicher-hinweis\\\/\",\"name\":\"Rechtlicher Hinweis - Vilagrasa\",\"isPartOf\":{\"@id\":\"https:\\\/\\\/vilagrasa.com\\\/de\\\/#website\"},\"datePublished\":\"2021-12-23T09:55:46+00:00\",\"dateModified\":\"2024-11-12T07:52:22+00:00\",\"breadcrumb\":{\"@id\":\"https:\\\/\\\/vilagrasa.com\\\/de\\\/rechtlicher-hinweis\\\/#breadcrumb\"},\"inLanguage\":\"de-DE\",\"potentialAction\":[{\"@type\":\"ReadAction\",\"target\":[\"https:\\\/\\\/vilagrasa.com\\\/de\\\/rechtlicher-hinweis\\\/\"]}]},{\"@type\":\"BreadcrumbList\",\"@id\":\"https:\\\/\\\/vilagrasa.com\\\/de\\\/rechtlicher-hinweis\\\/#breadcrumb\",\"itemListElement\":[{\"@type\":\"ListItem\",\"position\":1,\"name\":\"Inici\",\"item\":\"https:\\\/\\\/vilagrasa.com\\\/de\\\/\"},{\"@type\":\"ListItem\",\"position\":2,\"name\":\"Rechtlicher Hinweis\"}]},{\"@type\":\"WebSite\",\"@id\":\"https:\\\/\\\/vilagrasa.com\\\/de\\\/#website\",\"url\":\"https:\\\/\\\/vilagrasa.com\\\/de\\\/\",\"name\":\"Vilagrasa\",\"description\":\"Fabricante de mobiliario urbano - Papeleras de dise\u00f1o\",\"potentialAction\":[{\"@type\":\"SearchAction\",\"target\":{\"@type\":\"EntryPoint\",\"urlTemplate\":\"https:\\\/\\\/vilagrasa.com\\\/de\\\/?s={search_term_string}\"},\"query-input\":{\"@type\":\"PropertyValueSpecification\",\"valueRequired\":true,\"valueName\":\"search_term_string\"}}],\"inLanguage\":\"de-DE\"}]}<\/script>\n<!-- \/ Yoast SEO plugin. -->","yoast_head_json":{"title":"Rechtlicher Hinweis - Vilagrasa","robots":{"index":"noindex","follow":"follow"},"og_locale":"de_DE","og_type":"article","og_title":"Rechtlicher Hinweis - Vilagrasa","og_description":"In Erf\u00fcllung der Informationspflicht gem\u00e4\u00df Artikel 10 des Gesetzes 34\/2002 vom 11. Juli \u00fcber die Dienste der Informationsgesellschaft und den elektronischen Gesch\u00e4ftsverkehr teilen wir Ihnen mit, dass die Website und das Internetportal www.vilagrasa.com (im Folgenden die \u201eWebsite\u201c) Eigentum von VILAGRASA, S.A.U., (im Folgenden VILAGRASA) mit Sitz in Ctra. Santa Coloma, km. 46, 17178 Les Preses [&hellip;]","og_url":"https:\/\/vilagrasa.com\/de\/rechtlicher-hinweis\/","og_site_name":"Vilagrasa","article_modified_time":"2024-11-12T07:52:22+00:00","twitter_card":"summary_large_image","schema":{"@context":"https:\/\/schema.org","@graph":[{"@type":"WebPage","@id":"https:\/\/vilagrasa.com\/de\/rechtlicher-hinweis\/","url":"https:\/\/vilagrasa.com\/de\/rechtlicher-hinweis\/","name":"Rechtlicher Hinweis - Vilagrasa","isPartOf":{"@id":"https:\/\/vilagrasa.com\/de\/#website"},"datePublished":"2021-12-23T09:55:46+00:00","dateModified":"2024-11-12T07:52:22+00:00","breadcrumb":{"@id":"https:\/\/vilagrasa.com\/de\/rechtlicher-hinweis\/#breadcrumb"},"inLanguage":"de-DE","potentialAction":[{"@type":"ReadAction","target":["https:\/\/vilagrasa.com\/de\/rechtlicher-hinweis\/"]}]},{"@type":"BreadcrumbList","@id":"https:\/\/vilagrasa.com\/de\/rechtlicher-hinweis\/#breadcrumb","itemListElement":[{"@type":"ListItem","position":1,"name":"Inici","item":"https:\/\/vilagrasa.com\/de\/"},{"@type":"ListItem","position":2,"name":"Rechtlicher Hinweis"}]},{"@type":"WebSite","@id":"https:\/\/vilagrasa.com\/de\/#website","url":"https:\/\/vilagrasa.com\/de\/","name":"Vilagrasa","description":"Fabricante de mobiliario urbano - Papeleras de dise\u00f1o","potentialAction":[{"@type":"SearchAction","target":{"@type":"EntryPoint","urlTemplate":"https:\/\/vilagrasa.com\/de\/?s={search_term_string}"},"query-input":{"@type":"PropertyValueSpecification","valueRequired":true,"valueName":"search_term_string"}}],"inLanguage":"de-DE"}]}},"_links":{"self":[{"href":"https:\/\/vilagrasa.com\/de\/wp-json\/wp\/v2\/pages\/8209","targetHints":{"allow":["GET"]}}],"collection":[{"href":"https:\/\/vilagrasa.com\/de\/wp-json\/wp\/v2\/pages"}],"about":[{"href":"https:\/\/vilagrasa.com\/de\/wp-json\/wp\/v2\/types\/page"}],"author":[{"embeddable":true,"href":"https:\/\/vilagrasa.com\/de\/wp-json\/wp\/v2\/users\/2"}],"replies":[{"embeddable":true,"href":"https:\/\/vilagrasa.com\/de\/wp-json\/wp\/v2\/comments?post=8209"}],"version-history":[{"count":11,"href":"https:\/\/vilagrasa.com\/de\/wp-json\/wp\/v2\/pages\/8209\/revisions"}],"predecessor-version":[{"id":251221,"href":"https:\/\/vilagrasa.com\/de\/wp-json\/wp\/v2\/pages\/8209\/revisions\/251221"}],"wp:attachment":[{"href":"https:\/\/vilagrasa.com\/de\/wp-json\/wp\/v2\/media?parent=8209"}],"curies":[{"name":"wp","href":"https:\/\/api.w.org\/{rel}","templated":true}]}}