{"id":8077,"date":"2022-03-10T17:24:42","date_gmt":"2022-03-10T16:24:42","guid":{"rendered":"https:\/\/vilagrasa.omitsisdev.com\/sammlungen\/"},"modified":"2024-12-09T22:08:56","modified_gmt":"2024-12-09T21:08:56","slug":"sammlungen","status":"publish","type":"page","link":"https:\/\/vilagrasa.com\/de\/sammlungen\/","title":{"rendered":"Sammlungen"},"content":{"rendered":"<p>[et_pb_section fb_built=&#8221;1&#8243; admin_label=&#8221;section&#8221; _builder_version=&#8221;4.16&#8243; global_colors_info=&#8221;{}&#8221;][et_pb_row admin_label=&#8221;row&#8221; _builder_version=&#8221;4.16&#8243; background_size=&#8221;initial&#8221; background_position=&#8221;top_left&#8221; background_repeat=&#8221;repeat&#8221; global_colors_info=&#8221;{}&#8221;][et_pb_column type=&#8221;4_4&#8243; _builder_version=&#8221;4.16&#8243; custom_padding=&#8221;|||&#8221; pac_dcm_carousel_specific_module_num=&#8221;0&#8243; global_colors_info=&#8221;{}&#8221; custom_padding__hover=&#8221;|||&#8221;][et_pb_text admin_label=&#8221;Text&#8221; _builder_version=&#8221;4.16&#8243; background_size=&#8221;initial&#8221; background_position=&#8221;top_left&#8221; background_repeat=&#8221;repeat&#8221; global_colors_info=&#8221;{}&#8221;]<\/p>\n<p>Bei Vilagrasa sind wir bestrebt, unseren Kunden Designm\u00f6bel von h\u00f6chster Qualit\u00e4t anzubieten, um die Funktionalit\u00e4t und \u00c4sthetik jeder Art von Raum zu verbessern. Daher haben wir diesen Bereich den <strong>Designm\u00f6bel-Kollektionen<\/strong> gewidmet, die speziell von unseren Designern ausgew\u00e4hlt wurden. Hier finden Sie verschiedene Elemente wie Papierk\u00f6rbe und andere Arten von Zubeh\u00f6r f\u00fcr B\u00fcros, \u00f6ffentliche R\u00e4ume, Infrastrukturen, den Contract-Sektor und Privathaushalte. Produkte von hoher Qualit\u00e4t und einzigartigem Design.<\/p>\n<p>Unsere Philosophie basiert darauf, St\u00fccke zu entwerfen, die jedem Raum mehr Funktionalit\u00e4t verleihen und das Leben der Menschen einfacher und ges\u00fcnder machen. Denn wir wissen, dass jeder Raum seine eigenen Bed\u00fcrfnisse und Anforderungen hat, und deshalb bieten wir Ihnen unsere <strong>Designm\u00f6bel-Kollektionen<\/strong> mit einer Vielzahl von Optionen, die sich an jeden Bedarf anpassen.<\/p>\n<h2><strong>Speziell ausgew\u00e4hlte M\u00f6belkollektion<\/strong><\/h2>\n<p>Bei Vilagrasa glauben wir, dass Sauberkeit und Ordnung in jedem Raum zu den wichtigsten Dingen geh\u00f6ren. Deshalb bieten wir eine gro\u00dfe Auswahl an Designelementen an, um diese R\u00e4ume in einwandfreiem Zustand zu halten.<\/p>\n<p>Eines der Highlights unserer <strong>Designm\u00f6bel-Kollektion<\/strong> ist unsere Linie von Design-Papierk\u00f6rben, die die perfekte Erg\u00e4nzung f\u00fcr jedes Umfeld darstellen, sei es ein B\u00fcro, ein \u00f6ffentlicher Bereich oder ein Zuhause. Hergestellt aus hochwertigen Materialien und mit einem modernen und eleganten Stil, sind diese Papierk\u00f6rbe robust und langlebig und passen sich jedem Dekorationsstil an.<\/p>\n<p>Es handelt sich um eine sehr praktische und effiziente L\u00f6sung, die gleichzeitig ansprechend ist. Aus diesem Grund d\u00fcrfen in dieser Auswahl einige unserer Lieblingsmodelle wie der mutige und au\u00dfergew\u00f6hnliche Ash oder unsere Iconic Ciclo, modulare Papierk\u00f6rbe f\u00fcr bis zu drei verschiedene Abfallarten f\u00fcr den Innenbereich, nicht fehlen.<\/p>\n<p>Aber hier finden Sie nicht nur Papierk\u00f6rbe. Wir bieten auch eine breite Palette von Design-Zubeh\u00f6r f\u00fcr B\u00fcros an, wie Regenschirmst\u00e4nder oder sogar Wegweiser mit Band oder Seil, die vollst\u00e4ndig an unterschiedliche Einrichtungen wie Hotels, Museen oder Rath\u00e4user anpassbar sind. Speziell entwickelt, um starkem Publikumsverkehr und intensiver Nutzung standzuhalten und mehr Ordnung, Stil und Raffinesse zu bieten.<br \/>Wir sind sicher, dass Sie bei Vilagrasa eine <strong>Designm\u00f6bel-Kollektion<\/strong> finden werden, die Ihren Bed\u00fcrfnissen entspricht. Alles mit einem zeitgen\u00f6ssischen Design, das jedem Raum eine pers\u00f6nliche, einzigartige und hochfunktionale Note verleiht. St\u00f6bern Sie durch unsere Kollektionen und z\u00f6gern Sie nicht, uns f\u00fcr eine pers\u00f6nliche Beratung zu kontaktieren.<\/p>\n<p>[\/et_pb_text][et_pb_text _builder_version=&#8221;4.27.2&#8243; _module_preset=&#8221;default&#8221; hover_enabled=&#8221;0&#8243; global_colors_info=&#8221;{}&#8221; sticky_enabled=&#8221;0&#8243;]<\/p>\n<div class=\"ad3-wrap ad3-shortcode colecciones \">\n    <div class=\"grid-container grid-3\">\n                    <div class=\"item-coleccion\">\n                <a href=\"https:\/\/vilagrasa.com\/de\/colecciones\/ash-de\/\">\n                    <img decoding=\"async\" src=\"https:\/\/vilagrasa.com\/wp-content\/uploads\/2022\/06\/ASH-768x1024.jpg\" alt=\"Ash\" class=\"image-4-3\"\n                         width=\"361\" height=\"270\"  loading=\"lazy\"\n                    >\n                <\/a>\n                <h3>\n                    <a href=\"https:\/\/vilagrasa.com\/de\/colecciones\/ash-de\/\">\n                        Ash\n                    <\/a>\n                <\/h3>\n            <\/div>\n                    <div class=\"item-coleccion\">\n                <a href=\"https:\/\/vilagrasa.com\/de\/colecciones\/ciclo-de\/\">\n                    <img decoding=\"async\" src=\"https:\/\/vilagrasa.com\/wp-content\/uploads\/2022\/06\/CICLO-2-768x512.jpg\" alt=\"Ciclo\" class=\"image-4-3\"\n                         width=\"361\" height=\"270\"  loading=\"lazy\"\n                    >\n                <\/a>\n                <h3>\n                    <a href=\"https:\/\/vilagrasa.com\/de\/colecciones\/ciclo-de\/\">\n                        Ciclo\n                    <\/a>\n                <\/h3>\n            <\/div>\n                    <div class=\"item-coleccion\">\n                <a href=\"https:\/\/vilagrasa.com\/de\/colecciones\/mercuri-out-de\/\">\n                    <img decoding=\"async\" src=\"https:\/\/vilagrasa.com\/wp-content\/uploads\/2025\/04\/MERCURI-OUT-768x1024.jpg\" alt=\"Mercuri Out\" class=\"image-4-3\"\n                         width=\"361\" height=\"270\"  loading=\"lazy\"\n                    >\n                <\/a>\n                <h3>\n                    <a href=\"https:\/\/vilagrasa.com\/de\/colecciones\/mercuri-out-de\/\">\n                        Mercuri Out\n                    <\/a>\n                <\/h3>\n            <\/div>\n                    <div class=\"item-coleccion\">\n                <a href=\"https:\/\/vilagrasa.com\/de\/colecciones\/mercuri-de\/\">\n                    <img decoding=\"async\" src=\"https:\/\/vilagrasa.com\/wp-content\/uploads\/2022\/06\/MERCURI-01-2-768x512.jpg\" alt=\"Mercuri\" class=\"image-4-3\"\n                         width=\"361\" height=\"270\"  loading=\"lazy\"\n                    >\n                <\/a>\n                <h3>\n                    <a href=\"https:\/\/vilagrasa.com\/de\/colecciones\/mercuri-de\/\">\n                        Mercuri\n                    <\/a>\n                <\/h3>\n            <\/div>\n            <\/div>\n<\/div>\n<p>[\/et_pb_text][\/et_pb_column][\/et_pb_row][\/et_pb_section]<\/p>\n","protected":false},"excerpt":{"rendered":"<p>Bei Vilagrasa sind wir bestrebt, unseren Kunden Designm\u00f6bel von h\u00f6chster Qualit\u00e4t anzubieten, um die Funktionalit\u00e4t und \u00c4sthetik jeder Art von Raum zu verbessern. Daher haben wir diesen Bereich den Designm\u00f6bel-Kollektionen gewidmet, die speziell von unseren Designern ausgew\u00e4hlt wurden. Hier finden Sie verschiedene Elemente wie Papierk\u00f6rbe und andere Arten von Zubeh\u00f6r f\u00fcr B\u00fcros, \u00f6ffentliche R\u00e4ume, Infrastrukturen, [&hellip;]<\/p>\n","protected":false},"author":2,"featured_media":0,"parent":0,"menu_order":0,"comment_status":"closed","ping_status":"closed","template":"","meta":{"_acf_changed":false,"_et_pb_use_builder":"on","_et_pb_old_content":"","_et_gb_content_width":"","inline_featured_image":false,"footnotes":""},"class_list":["post-8077","page","type-page","status-publish","hentry"],"acf":[],"yoast_head":"<!-- This site is optimized with the Yoast SEO plugin v27.3 - https:\/\/yoast.com\/product\/yoast-seo-wordpress\/ -->\n<title>Kollektionen von Designm\u00f6beln | Vilagrasa<\/title>\n<meta name=\"description\" content=\"Unsere von unseren Designern ausgew\u00e4hlten Design-M\u00f6belkollektionen, die sowohl f\u00fcr den Au\u00dfenbereich als auch f\u00fcr den Innenbereich entworfen wurden.\" \/>\n<meta name=\"robots\" content=\"index, follow, max-snippet:-1, max-image-preview:large, max-video-preview:-1\" \/>\n<link rel=\"canonical\" href=\"https:\/\/vilagrasa.com\/de\/sammlungen\/\" \/>\n<meta property=\"og:locale\" content=\"de_DE\" \/>\n<meta property=\"og:type\" content=\"article\" \/>\n<meta property=\"og:title\" content=\"Kollektionen von Designm\u00f6beln | Vilagrasa\" \/>\n<meta property=\"og:description\" content=\"Unsere von unseren Designern ausgew\u00e4hlten Design-M\u00f6belkollektionen, die sowohl f\u00fcr den Au\u00dfenbereich als auch f\u00fcr den Innenbereich entworfen wurden.\" \/>\n<meta property=\"og:url\" content=\"https:\/\/vilagrasa.com\/de\/sammlungen\/\" \/>\n<meta property=\"og:site_name\" content=\"Vilagrasa\" \/>\n<meta property=\"article:modified_time\" content=\"2024-12-09T21:08:56+00:00\" \/>\n<meta name=\"twitter:card\" content=\"summary_large_image\" \/>\n<script type=\"application\/ld+json\" class=\"yoast-schema-graph\">{\"@context\":\"https:\\\/\\\/schema.org\",\"@graph\":[{\"@type\":\"WebPage\",\"@id\":\"https:\\\/\\\/vilagrasa.com\\\/de\\\/sammlungen\\\/\",\"url\":\"https:\\\/\\\/vilagrasa.com\\\/de\\\/sammlungen\\\/\",\"name\":\"Kollektionen von Designm\u00f6beln | Vilagrasa\",\"isPartOf\":{\"@id\":\"https:\\\/\\\/vilagrasa.com\\\/de\\\/#website\"},\"datePublished\":\"2022-03-10T16:24:42+00:00\",\"dateModified\":\"2024-12-09T21:08:56+00:00\",\"description\":\"Unsere von unseren Designern ausgew\u00e4hlten Design-M\u00f6belkollektionen, die sowohl f\u00fcr den Au\u00dfenbereich als auch f\u00fcr den Innenbereich entworfen wurden.\",\"breadcrumb\":{\"@id\":\"https:\\\/\\\/vilagrasa.com\\\/de\\\/sammlungen\\\/#breadcrumb\"},\"inLanguage\":\"de-DE\",\"potentialAction\":[{\"@type\":\"ReadAction\",\"target\":[\"https:\\\/\\\/vilagrasa.com\\\/de\\\/sammlungen\\\/\"]}]},{\"@type\":\"BreadcrumbList\",\"@id\":\"https:\\\/\\\/vilagrasa.com\\\/de\\\/sammlungen\\\/#breadcrumb\",\"itemListElement\":[{\"@type\":\"ListItem\",\"position\":1,\"name\":\"Inici\",\"item\":\"https:\\\/\\\/vilagrasa.com\\\/de\\\/\"},{\"@type\":\"ListItem\",\"position\":2,\"name\":\"Sammlungen\"}]},{\"@type\":\"WebSite\",\"@id\":\"https:\\\/\\\/vilagrasa.com\\\/de\\\/#website\",\"url\":\"https:\\\/\\\/vilagrasa.com\\\/de\\\/\",\"name\":\"Vilagrasa\",\"description\":\"Fabricante de mobiliario urbano - Papeleras de dise\u00f1o\",\"potentialAction\":[{\"@type\":\"SearchAction\",\"target\":{\"@type\":\"EntryPoint\",\"urlTemplate\":\"https:\\\/\\\/vilagrasa.com\\\/de\\\/?s={search_term_string}\"},\"query-input\":{\"@type\":\"PropertyValueSpecification\",\"valueRequired\":true,\"valueName\":\"search_term_string\"}}],\"inLanguage\":\"de-DE\"}]}<\/script>\n<!-- \/ Yoast SEO plugin. -->","yoast_head_json":{"title":"Kollektionen von Designm\u00f6beln | Vilagrasa","description":"Unsere von unseren Designern ausgew\u00e4hlten Design-M\u00f6belkollektionen, die sowohl f\u00fcr den Au\u00dfenbereich als auch f\u00fcr den Innenbereich entworfen wurden.","robots":{"index":"index","follow":"follow","max-snippet":"max-snippet:-1","max-image-preview":"max-image-preview:large","max-video-preview":"max-video-preview:-1"},"canonical":"https:\/\/vilagrasa.com\/de\/sammlungen\/","og_locale":"de_DE","og_type":"article","og_title":"Kollektionen von Designm\u00f6beln | Vilagrasa","og_description":"Unsere von unseren Designern ausgew\u00e4hlten Design-M\u00f6belkollektionen, die sowohl f\u00fcr den Au\u00dfenbereich als auch f\u00fcr den Innenbereich entworfen wurden.","og_url":"https:\/\/vilagrasa.com\/de\/sammlungen\/","og_site_name":"Vilagrasa","article_modified_time":"2024-12-09T21:08:56+00:00","twitter_card":"summary_large_image","schema":{"@context":"https:\/\/schema.org","@graph":[{"@type":"WebPage","@id":"https:\/\/vilagrasa.com\/de\/sammlungen\/","url":"https:\/\/vilagrasa.com\/de\/sammlungen\/","name":"Kollektionen von Designm\u00f6beln | Vilagrasa","isPartOf":{"@id":"https:\/\/vilagrasa.com\/de\/#website"},"datePublished":"2022-03-10T16:24:42+00:00","dateModified":"2024-12-09T21:08:56+00:00","description":"Unsere von unseren Designern ausgew\u00e4hlten Design-M\u00f6belkollektionen, die sowohl f\u00fcr den Au\u00dfenbereich als auch f\u00fcr den Innenbereich entworfen wurden.","breadcrumb":{"@id":"https:\/\/vilagrasa.com\/de\/sammlungen\/#breadcrumb"},"inLanguage":"de-DE","potentialAction":[{"@type":"ReadAction","target":["https:\/\/vilagrasa.com\/de\/sammlungen\/"]}]},{"@type":"BreadcrumbList","@id":"https:\/\/vilagrasa.com\/de\/sammlungen\/#breadcrumb","itemListElement":[{"@type":"ListItem","position":1,"name":"Inici","item":"https:\/\/vilagrasa.com\/de\/"},{"@type":"ListItem","position":2,"name":"Sammlungen"}]},{"@type":"WebSite","@id":"https:\/\/vilagrasa.com\/de\/#website","url":"https:\/\/vilagrasa.com\/de\/","name":"Vilagrasa","description":"Fabricante de mobiliario urbano - Papeleras de dise\u00f1o","potentialAction":[{"@type":"SearchAction","target":{"@type":"EntryPoint","urlTemplate":"https:\/\/vilagrasa.com\/de\/?s={search_term_string}"},"query-input":{"@type":"PropertyValueSpecification","valueRequired":true,"valueName":"search_term_string"}}],"inLanguage":"de-DE"}]}},"_links":{"self":[{"href":"https:\/\/vilagrasa.com\/de\/wp-json\/wp\/v2\/pages\/8077","targetHints":{"allow":["GET"]}}],"collection":[{"href":"https:\/\/vilagrasa.com\/de\/wp-json\/wp\/v2\/pages"}],"about":[{"href":"https:\/\/vilagrasa.com\/de\/wp-json\/wp\/v2\/types\/page"}],"author":[{"embeddable":true,"href":"https:\/\/vilagrasa.com\/de\/wp-json\/wp\/v2\/users\/2"}],"replies":[{"embeddable":true,"href":"https:\/\/vilagrasa.com\/de\/wp-json\/wp\/v2\/comments?post=8077"}],"version-history":[{"count":9,"href":"https:\/\/vilagrasa.com\/de\/wp-json\/wp\/v2\/pages\/8077\/revisions"}],"predecessor-version":[{"id":252704,"href":"https:\/\/vilagrasa.com\/de\/wp-json\/wp\/v2\/pages\/8077\/revisions\/252704"}],"wp:attachment":[{"href":"https:\/\/vilagrasa.com\/de\/wp-json\/wp\/v2\/media?parent=8077"}],"curies":[{"name":"wp","href":"https:\/\/api.w.org\/{rel}","templated":true}]}}