{"id":4306,"date":"2022-02-18T06:11:00","date_gmt":"2022-02-18T05:11:00","guid":{"rendered":"https:\/\/vilagrasa.omitsisdev.com\/ueber-uns\/"},"modified":"2025-04-15T09:34:04","modified_gmt":"2025-04-15T08:34:04","slug":"ueber-uns","status":"publish","type":"page","link":"https:\/\/vilagrasa.com\/de\/ueber-uns\/","title":{"rendered":"\u00dcber uns"},"content":{"rendered":"<p>[et_pb_section fb_built=&#8221;1&#8243; admin_label=&#8221;Header&#8221; _builder_version=&#8221;4.27.2&#8243; _dynamic_attributes=&#8221;background_image&#8221; _module_preset=&#8221;default&#8221; background_color=&#8221;rgba(60,72,65,0.35)&#8221; background_image=&#8221;@ET-DC@eyJkeW5hbWljIjp0cnVlLCJjb250ZW50IjoicG9zdF9mZWF0dXJlZF9pbWFnZSIsInNldHRpbmdzIjp7fX0=@&#8221; background_blend=&#8221;multiply&#8221; height=&#8221;100vh&#8221; custom_margin=&#8221;-90px||||false|false&#8221; locked=&#8221;off&#8221; global_colors_info=&#8221;{}&#8221;][et_pb_row _builder_version=&#8221;4.27.2&#8243; _module_preset=&#8221;default&#8221; positioning=&#8221;absolute&#8221; position_origin_a=&#8221;center_center&#8221; global_colors_info=&#8221;{}&#8221;][et_pb_column type=&#8221;4_4&#8243; _builder_version=&#8221;4.27.2&#8243; _module_preset=&#8221;default&#8221; global_colors_info=&#8221;{}&#8221;][et_pb_heading title=&#8221;@ET-DC@eyJkeW5hbWljIjp0cnVlLCJjb250ZW50IjoicG9zdF90aXRsZSIsInNldHRpbmdzIjp7ImJlZm9yZSI6IiIsImFmdGVyIjoiIn19@&#8221; _builder_version=&#8221;4.27.2&#8243; _dynamic_attributes=&#8221;title&#8221; _module_preset=&#8221;default&#8221; global_colors_info=&#8221;{}&#8221;][\/et_pb_heading][et_pb_text _builder_version=&#8221;4.27.2&#8243; _dynamic_attributes=&#8221;content&#8221; _module_preset=&#8221;default&#8221; text_orientation=&#8221;center&#8221; background_layout=&#8221;dark&#8221; global_colors_info=&#8221;{}&#8221;]@ET-DC@eyJkeW5hbWljIjp0cnVlLCJjb250ZW50IjoicG9zdF9leGNlcnB0Iiwic2V0dGluZ3MiOnsiYmVmb3JlIjoiIiwiYWZ0ZXIiOiIiLCJ3b3JkcyI6IiIsInJlYWRfbW9yZV9sYWJlbCI6IiJ9fQ==@[\/et_pb_text][\/et_pb_column][\/et_pb_row][et_pb_row _builder_version=&#8221;4.27.2&#8243; _module_preset=&#8221;default&#8221; positioning=&#8221;absolute&#8221; position_origin_a=&#8221;bottom_center&#8221; global_colors_info=&#8221;{}&#8221;][et_pb_column type=&#8221;4_4&#8243; _builder_version=&#8221;4.27.2&#8243; _module_preset=&#8221;default&#8221; global_colors_info=&#8221;{}&#8221;][et_pb_text _builder_version=&#8221;4.27.0&#8243; _module_preset=&#8221;default&#8221; text_text_color=&#8221;#FFFFFF&#8221; text_font_size=&#8221;70px&#8221; text_orientation=&#8221;center&#8221; locked=&#8221;off&#8221; global_colors_info=&#8221;{}&#8221;]<\/p>\n<p>&nbsp;<\/p>\n<p>[\/et_pb_text][\/et_pb_column][\/et_pb_row][\/et_pb_section][et_pb_section fb_built=&#8221;1&#8243; _builder_version=&#8221;4.27.2&#8243; background_color=&#8221;#F0F0F0&#8243; custom_padding=&#8221;|0px||||&#8221; global_colors_info=&#8221;{}&#8221;][et_pb_row column_structure=&#8221;1_2,1_2&#8243; _builder_version=&#8221;4.27.2&#8243; background_size=&#8221;initial&#8221; background_position=&#8221;top_left&#8221; background_repeat=&#8221;repeat&#8221; global_colors_info=&#8221;{}&#8221;][et_pb_column type=&#8221;1_2&#8243; _builder_version=&#8221;4.16&#8243; custom_padding=&#8221;|||&#8221; global_colors_info=&#8221;{}&#8221; custom_padding__hover=&#8221;|||&#8221;][et_pb_text _builder_version=&#8221;4.27.2&#8243; background_size=&#8221;initial&#8221; background_position=&#8221;top_left&#8221; background_repeat=&#8221;repeat&#8221; global_colors_info=&#8221;{}&#8221;]<\/p>\n<p>Vilagrasa ist auf das Design und die Produktion von Papierk\u00f6rben und Zubeh\u00f6r f\u00fcr B\u00fcros, \u00f6ffentliche R\u00e4ume, Infrastrukturen, den Objektbereich und den Privatbereich spezialisiert.<\/p>\n<p><\/p>\n<p>Unser Ethos basiert auf der Gestaltung von Gegenst\u00e4nden, die jede Art von Raum mit mehr Funktionalit\u00e4t ausstatten und dazu beitragen, das Leben der Menschen einfacher und ges\u00fcnder zu machen.<\/p>\n<p><\/p>\n<h2>Wir entwerfen mit einer Vision f\u00fcr die Zukunft<\/h2>\n<p><\/p>\n<p>Das 1957 gegr\u00fcndete Unternehmen Vilagrasa war am Anfang eine Werkstatt, die sich auf die Metalldr\u00fcckerei und auf Metallarbeiten im Allgemeinen spezialisiert hat. Wir sind der Meinung, dass die Zukunft des Designs von Papierk\u00f6rben und Zubeh\u00f6r in der Analyse des Verhaltens der Menschen liegt, die sie benutzen. Unser Prozess der Konzeption und Neugestaltung jedes Produkts ist das Ergebnis einer Studie \u00fcber Funktion, Nutzen und Kontext, die den Erfolg bei jeder seiner Implementierungen garantiert.<\/p>\n<p><\/p>\n<p>Diese Philosophie hat die Linie des Unternehmens seit seinen Anf\u00e4ngen gepr\u00e4gt, mit dem Ziel, funktionelle L\u00f6sungen anzubieten, die sich weiterentwickeln, um die gesamte Qualit\u00e4t der Produkte und die beste L\u00f6sung f\u00fcr jede Art von Raum zu bieten.<\/p>\n<p>[\/et_pb_text][\/et_pb_column][et_pb_column type=&#8221;1_2&#8243; _builder_version=&#8221;4.16&#8243; custom_padding=&#8221;|||&#8221; global_colors_info=&#8221;{}&#8221; custom_padding__hover=&#8221;|||&#8221;][et_pb_image src=&#8221;https:\/\/vilagrasa.com\/wp-content\/uploads\/2023\/05\/VILAGRASA-EMPRESA-1-edited-scaled-1.jpg&#8221; alt=&#8221;VILAGRASA EMPRESA 1&#8243; title_text=&#8221;VILAGRASA EMPRESA 1 edited&#8221; _builder_version=&#8221;4.27.2&#8243; _module_preset=&#8221;default&#8221; global_colors_info=&#8221;{}&#8221;][\/et_pb_image][\/et_pb_column][\/et_pb_row][\/et_pb_section][et_pb_section fb_built=&#8221;1&#8243; _builder_version=&#8221;4.27.2&#8243; _module_preset=&#8221;default&#8221; background_color=&#8221;#3C4841&#8243; global_colors_info=&#8221;{}&#8221;][et_pb_row column_structure=&#8221;1_2,1_2&#8243; _builder_version=&#8221;4.27.2&#8243; _module_preset=&#8221;default&#8221; global_colors_info=&#8221;{}&#8221;][et_pb_column type=&#8221;1_2&#8243; _builder_version=&#8221;4.27.2&#8243; _module_preset=&#8221;default&#8221; global_colors_info=&#8221;{}&#8221;][et_pb_text _builder_version=&#8221;4.27.0&#8243; _module_preset=&#8221;default&#8221; background_layout=&#8221;dark&#8221; custom_margin=&#8221;||50px|||&#8221; global_colors_info=&#8221;{}&#8221;]<\/p>\n<h2>Katalog<\/h2>\n<p><\/p>\n<p>Hier k\u00f6nnen Sie die gesamte technische und kommerzielle Dokumentation von Vilagrasa herunterladen. Wenn Sie weitere Informationen w\u00fcnschen, z\u00f6gern Sie bitte nicht, uns zu kontaktieren, um einen pers\u00f6nlichen Service zu erhalten. Wir beraten Sie gerne in jeglichen Fragen rund um Ihr Projekt.<\/p>\n<p>[\/et_pb_text][et_pb_button button_url=&#8221;@ET-DC@eyJkeW5hbWljIjp0cnVlLCJjb250ZW50IjoicG9zdF9saW5rX3VybF9hdHRhY2htZW50Iiwic2V0dGluZ3MiOnsicG9zdF9pZCI6IjkxNjAifX0=@&#8221; button_text=&#8221;Ver m\u00e1s&#8221; _builder_version=&#8221;4.27.2&#8243; _dynamic_attributes=&#8221;button_url&#8221; _module_preset=&#8221;d6b5131f-e71e-4593-8f03-eb48e882d9ea&#8221; custom_margin=&#8221;19px|||||&#8221; global_colors_info=&#8221;{}&#8221;][\/et_pb_button][\/et_pb_column][et_pb_column type=&#8221;1_2&#8243; _builder_version=&#8221;4.27.2&#8243; _module_preset=&#8221;default&#8221; global_colors_info=&#8221;{}&#8221;][et_pb_image src=&#8221;https:\/\/vilagrasa.com\/wp-content\/uploads\/2024\/10\/Catalogo_Vilagrasa_Web1.jpg&#8221; title_text=&#8221;Catalogo_Vilagrasa_Web%911%93&#8243; url=&#8221;@ET-DC@eyJkeW5hbWljIjp0cnVlLCJjb250ZW50IjoicG9zdF9saW5rX3VybF9hdHRhY2htZW50Iiwic2V0dGluZ3MiOnsicG9zdF9pZCI6IjkxNjAifX0=@&#8221; _builder_version=&#8221;4.27.2&#8243; _dynamic_attributes=&#8221;url&#8221; _module_preset=&#8221;default&#8221; global_colors_info=&#8221;{}&#8221;][\/et_pb_image][\/et_pb_column][\/et_pb_row][\/et_pb_section][et_pb_section fb_built=&#8221;1&#8243; _builder_version=&#8221;4.27.2&#8243; _module_preset=&#8221;default&#8221; background_color=&#8221;#F0F0F0&#8243; custom_padding=&#8221;28px||28px||true|&#8221; global_colors_info=&#8221;{}&#8221;][et_pb_row column_structure=&#8221;1_2,1_2&#8243; _builder_version=&#8221;4.27.2&#8243; _module_preset=&#8221;default&#8221; global_colors_info=&#8221;{}&#8221;][et_pb_column type=&#8221;1_2&#8243; _builder_version=&#8221;4.27.2&#8243; _module_preset=&#8221;default&#8221; global_colors_info=&#8221;{}&#8221;][et_pb_text _builder_version=&#8221;4.27.2&#8243; _module_preset=&#8221;default&#8221; global_colors_info=&#8221;{}&#8221;]<\/p>\n<h2>Wir schaffen St\u00fccken, um alle Arten von Umgebungen zu verbessern<\/h2>\n<p><\/p>\n<p>Unser Katalog bietet eine Vielzahl von Produkten, die von renommierten Designern entworfen wurden, die mit der Firma zusammenarbeiten, um Qualit\u00e4t und Funktionalit\u00e4t zu gew\u00e4hrleisten. Unsere Papierk\u00f6rbe, Garderobenst\u00e4nder und anderes Zubeh\u00f6r passen sich den Bed\u00fcrfnissen von Gewerbetreibenden und Privatpersonen in Innen- und Au\u00dfenbereichen an.<\/p>\n<p><\/p>\n<p>Derzeit exportieren wir unsere Produkte in mehr als 50 L\u00e4nder. Wir f\u00fchren auch Projekte auf internationaler Ebene durch und haben das Vertrauen f\u00fchrender Architektur- und Innenarchitekturb\u00fcros.<\/p>\n<p>[\/et_pb_text][\/et_pb_column][et_pb_column type=&#8221;1_2&#8243; _builder_version=&#8221;4.27.2&#8243; _module_preset=&#8221;default&#8221; global_colors_info=&#8221;{}&#8221;][et_pb_text _builder_version=&#8221;4.27.2&#8243; _module_preset=&#8221;default&#8221; global_colors_info=&#8221;{}&#8221;]<\/p>\n<h2>Bekenntnis zur Nachhaltigkeit<\/h2>\n<p><\/p>\n<p>F\u00fcr Vilagrasa ist es wichtig, die besten L\u00f6sungen auf nachhaltige Weise anzubieten und dabei das Wohlbefinden der Menschen und ihrer Umwelt im Auge zu behalten. Alle unsere Produkte werden nach den h\u00f6chsten Umweltstandards hergestellt, und unsere Mitarbeiter beteiligen sich tatkr\u00e4ftig an der Einhaltung dieser Standards zum Wohle unseres Planeten.<\/p>\n<p>[\/et_pb_text][\/et_pb_column][\/et_pb_row][\/et_pb_section][et_pb_section fb_built=&#8221;1&#8243; _builder_version=&#8221;4.27.2&#8243; _module_preset=&#8221;default&#8221; background_color=&#8221;#F0F0F0&#8243; custom_padding=&#8221;30px||40px|||&#8221; global_module=&#8221;250374&#8243; saved_tabs=&#8221;all&#8221; locked=&#8221;off&#8221; global_colors_info=&#8221;{}&#8221;][et_pb_row column_structure=&#8221;3_5,2_5&#8243; use_custom_gutter=&#8221;on&#8221; gutter_width=&#8221;1&#8243; _builder_version=&#8221;4.27.2&#8243; _module_preset=&#8221;default&#8221; custom_padding=&#8221;||0px|||&#8221; global_colors_info=&#8221;{}&#8221;][et_pb_column type=&#8221;3_5&#8243; admin_label=&#8221;Columna&#8221; _builder_version=&#8221;4.27.2&#8243; _module_preset=&#8221;default&#8221; custom_padding=&#8221;||30px||false|false&#8221; global_colors_info=&#8221;{}&#8221;][et_pb_text _builder_version=&#8221;4.27.2&#8243; _module_preset=&#8221;default&#8221; global_colors_info=&#8221;{}&#8221;]<\/p>\n<h2>Entwerfer<\/h2>\n<p><\/p>\n<p>Wir arbeiten mit Designern und Architekten zusammen, die sich ebenfalls f\u00fcr ein langlebiges, zeitloses und nachhaltiges Produkt einsetzen. Wir laden Sie ein, einen Blick darauf zu werfen und zu entdecken, warum sie Teil der Vilagrasa-Kollektion sind.<\/p>\n<p>[\/et_pb_text][\/et_pb_column][et_pb_column type=&#8221;2_5&#8243; admin_label=&#8221;Columna&#8221; _builder_version=&#8221;4.27.2&#8243; _module_preset=&#8221;default&#8221; positioning=&#8221;absolute&#8221; position_origin_a=&#8221;bottom_right&#8221; position_origin_a_tablet=&#8221;center_right&#8221; position_origin_a_phone=&#8221;&#8221; position_origin_a_last_edited=&#8221;on|desktop&#8221; position_origin_f_tablet=&#8221;&#8221; position_origin_f_phone=&#8221;&#8221; position_origin_f_last_edited=&#8221;on|tablet&#8221; position_origin_r_tablet=&#8221;&#8221; position_origin_r_phone=&#8221;&#8221; position_origin_r_last_edited=&#8221;on|tablet&#8221; positioning_tablet=&#8221;none&#8221; positioning_phone=&#8221;&#8221; positioning_last_edited=&#8221;on|tablet&#8221; global_colors_info=&#8221;{}&#8221;][et_pb_button button_url=&#8221;@ET-DC@eyJkeW5hbWljIjp0cnVlLCJjb250ZW50IjoicG9zdF9saW5rX3VybF9wYWdlIiwic2V0dGluZ3MiOnsicG9zdF9pZCI6IjgzNSJ9fQ==@&#8221; button_text=&#8221;Con\u00f3celos&#8221; button_alignment=&#8221;center&#8221; _builder_version=&#8221;4.27.2&#8243; _dynamic_attributes=&#8221;button_url&#8221; _module_preset=&#8221;1e2a1fe7-ce85-4fd2-bc8b-b42ae768f6e0&#8243; position_origin_a=&#8221;center_center&#8221; position_origin_a_last_edited=&#8221;off|tablet&#8221; position_origin_f_last_edited=&#8221;off|tablet&#8221; position_origin_r_last_edited=&#8221;off|tablet&#8221; positioning_last_edited=&#8221;off|tablet&#8221; global_colors_info=&#8221;{}&#8221;][\/et_pb_button][\/et_pb_column][\/et_pb_row][et_pb_row _builder_version=&#8221;4.27.4&#8243; _module_preset=&#8221;default&#8221; custom_padding=&#8221;0px||50px||false|false&#8221; global_colors_info=&#8221;{}&#8221;][et_pb_column type=&#8221;4_4&#8243; _builder_version=&#8221;4.27.2&#8243; _module_preset=&#8221;default&#8221; global_colors_info=&#8221;{}&#8221;][et_pb_text _builder_version=&#8221;4.27.4&#8243; _module_preset=&#8221;default&#8221; custom_margin=&#8221;||-2px|||&#8221; custom_padding=&#8221;0px||4px|||&#8221; hover_enabled=&#8221;0&#8243; global_colors_info=&#8221;{}&#8221; sticky_enabled=&#8221;0&#8243;]<\/p>\n<div class=\"ad3-wrap ad3-shortcode  vista-\">\n    <div class=\"grid-container grid-4\">\n                    <div class=\"item-taxonomia\">\n                <a href=\"https:\/\/vilagrasa.com\/de\/disenadores\/antoni-arola-jordi-tamayo-de\/\">\n                    <img decoding=\"async\" src=\"https:\/\/vilagrasa.com\/wp-content\/uploads\/2022\/03\/Antoni_Arola-1.jpg\" alt=\"Antoni Arola &amp;amp; Jordi Tamayo\" class=\"image-4-3\"\n                         width=\"267\" height=\"200\"  loading=\"lazy\" >\n                <\/a>\n                <div class=\"mt-10 titol\">\n                    <a href=\"https:\/\/vilagrasa.com\/de\/disenadores\/antoni-arola-jordi-tamayo-de\/\">\n                        Antoni Arola &amp; Jordi Tamayo\n                    <\/a>\n                <\/div>\n            <\/div>\n                    <div class=\"item-taxonomia\">\n                <a href=\"https:\/\/vilagrasa.com\/de\/disenadores\/ricardo-bofill-taller-de-arquitectura-de\/\">\n                    <img decoding=\"async\" src=\"https:\/\/vilagrasa.com\/wp-content\/uploads\/2022\/03\/Ricardo_Bofill-1.jpg\" alt=\"Ricardo Bofill. Taller de arquitectura\" class=\"image-4-3\"\n                         width=\"267\" height=\"200\"  loading=\"lazy\" >\n                <\/a>\n                <div class=\"mt-10 titol\">\n                    <a href=\"https:\/\/vilagrasa.com\/de\/disenadores\/ricardo-bofill-taller-de-arquitectura-de\/\">\n                        Ricardo Bofill. Taller de arquitectura\n                    <\/a>\n                <\/div>\n            <\/div>\n                    <div class=\"item-taxonomia\">\n                <a href=\"https:\/\/vilagrasa.com\/de\/disenadores\/roger-vancells-de\/\">\n                    <img decoding=\"async\" src=\"https:\/\/vilagrasa.com\/wp-content\/uploads\/2022\/03\/Roger_Vancells-1.jpg\" alt=\"Roger Vancells\" class=\"image-4-3\"\n                         width=\"267\" height=\"200\"  loading=\"lazy\" >\n                <\/a>\n                <div class=\"mt-10 titol\">\n                    <a href=\"https:\/\/vilagrasa.com\/de\/disenadores\/roger-vancells-de\/\">\n                        Roger Vancells\n                    <\/a>\n                <\/div>\n            <\/div>\n                    <div class=\"item-taxonomia\">\n                <a href=\"https:\/\/vilagrasa.com\/de\/disenadores\/xavier-sole-de\/\">\n                    <img decoding=\"async\" src=\"https:\/\/vilagrasa.com\/wp-content\/uploads\/2025\/04\/xavier-sole-768x768.jpg\" alt=\"Xavier Sol\u00e9\" class=\"image-4-3\"\n                         width=\"267\" height=\"200\"  loading=\"lazy\" >\n                <\/a>\n                <div class=\"mt-10 titol\">\n                    <a href=\"https:\/\/vilagrasa.com\/de\/disenadores\/xavier-sole-de\/\">\n                        Xavier Sol\u00e9\n                    <\/a>\n                <\/div>\n            <\/div>\n            <\/div>\n<\/div>\n<p>[\/et_pb_text][\/et_pb_column][\/et_pb_row][\/et_pb_section]<\/p>\n","protected":false},"excerpt":{"rendered":"<p>Unsere Aufgabe ist es, St\u00fccke zu schaffen, die die Lebensqualit\u00e4t der Menschen verbessern.<\/p>\n","protected":false},"author":2,"featured_media":249831,"parent":0,"menu_order":0,"comment_status":"closed","ping_status":"closed","template":"","meta":{"_acf_changed":false,"_et_pb_use_builder":"on","_et_pb_old_content":"","_et_gb_content_width":"","inline_featured_image":false,"footnotes":""},"class_list":["post-4306","page","type-page","status-publish","has-post-thumbnail","hentry"],"acf":[],"yoast_head":"<!-- This site is optimized with the Yoast SEO plugin v27.3 - https:\/\/yoast.com\/product\/yoast-seo-wordpress\/ -->\n<title>Entdecken Sie, wer unser Studio ausmacht - Vilagrasa<\/title>\n<meta name=\"description\" content=\"Entdecken Sie das Team hinter Vilagrasa, unsere Designer, Einrichtungen und Geschichte\" \/>\n<meta name=\"robots\" content=\"index, follow, max-snippet:-1, max-image-preview:large, max-video-preview:-1\" \/>\n<link rel=\"canonical\" href=\"https:\/\/vilagrasa.com\/de\/ueber-uns\/\" \/>\n<meta property=\"og:locale\" content=\"de_DE\" \/>\n<meta property=\"og:type\" content=\"article\" \/>\n<meta property=\"og:title\" content=\"Entdecken Sie, wer unser Studio ausmacht - Vilagrasa\" \/>\n<meta property=\"og:description\" content=\"Entdecken Sie das Team hinter Vilagrasa, unsere Designer, Einrichtungen und Geschichte\" \/>\n<meta property=\"og:url\" content=\"https:\/\/vilagrasa.com\/de\/ueber-uns\/\" \/>\n<meta property=\"og:site_name\" content=\"Vilagrasa\" \/>\n<meta property=\"article:modified_time\" content=\"2025-04-15T08:34:04+00:00\" \/>\n<meta property=\"og:image\" content=\"https:\/\/vilagrasa.com\/wp-content\/uploads\/2023\/04\/2303-11VL-RD-Atlas-8-scaled-1.jpg\" \/>\n\t<meta property=\"og:image:width\" content=\"2560\" \/>\n\t<meta property=\"og:image:height\" content=\"1440\" \/>\n\t<meta property=\"og:image:type\" content=\"image\/jpeg\" \/>\n<meta name=\"twitter:card\" content=\"summary_large_image\" \/>\n<script type=\"application\/ld+json\" class=\"yoast-schema-graph\">{\"@context\":\"https:\\\/\\\/schema.org\",\"@graph\":[{\"@type\":\"WebPage\",\"@id\":\"https:\\\/\\\/vilagrasa.com\\\/de\\\/ueber-uns\\\/\",\"url\":\"https:\\\/\\\/vilagrasa.com\\\/de\\\/ueber-uns\\\/\",\"name\":\"Entdecken Sie, wer unser Studio ausmacht - Vilagrasa\",\"isPartOf\":{\"@id\":\"https:\\\/\\\/vilagrasa.com\\\/de\\\/#website\"},\"primaryImageOfPage\":{\"@id\":\"https:\\\/\\\/vilagrasa.com\\\/de\\\/ueber-uns\\\/#primaryimage\"},\"image\":{\"@id\":\"https:\\\/\\\/vilagrasa.com\\\/de\\\/ueber-uns\\\/#primaryimage\"},\"thumbnailUrl\":\"https:\\\/\\\/vilagrasa.com\\\/wp-content\\\/uploads\\\/2023\\\/04\\\/2303-11VL-RD-Atlas-8-scaled-1.jpg\",\"datePublished\":\"2022-02-18T05:11:00+00:00\",\"dateModified\":\"2025-04-15T08:34:04+00:00\",\"description\":\"Entdecken Sie das Team hinter Vilagrasa, unsere Designer, Einrichtungen und Geschichte\",\"breadcrumb\":{\"@id\":\"https:\\\/\\\/vilagrasa.com\\\/de\\\/ueber-uns\\\/#breadcrumb\"},\"inLanguage\":\"de-DE\",\"potentialAction\":[{\"@type\":\"ReadAction\",\"target\":[\"https:\\\/\\\/vilagrasa.com\\\/de\\\/ueber-uns\\\/\"]}]},{\"@type\":\"ImageObject\",\"inLanguage\":\"de-DE\",\"@id\":\"https:\\\/\\\/vilagrasa.com\\\/de\\\/ueber-uns\\\/#primaryimage\",\"url\":\"https:\\\/\\\/vilagrasa.com\\\/wp-content\\\/uploads\\\/2023\\\/04\\\/2303-11VL-RD-Atlas-8-scaled-1.jpg\",\"contentUrl\":\"https:\\\/\\\/vilagrasa.com\\\/wp-content\\\/uploads\\\/2023\\\/04\\\/2303-11VL-RD-Atlas-8-scaled-1.jpg\",\"width\":2560,\"height\":1440,\"caption\":\"2303 11VL RD Atlas 8\"},{\"@type\":\"BreadcrumbList\",\"@id\":\"https:\\\/\\\/vilagrasa.com\\\/de\\\/ueber-uns\\\/#breadcrumb\",\"itemListElement\":[{\"@type\":\"ListItem\",\"position\":1,\"name\":\"Inici\",\"item\":\"https:\\\/\\\/vilagrasa.com\\\/de\\\/\"},{\"@type\":\"ListItem\",\"position\":2,\"name\":\"\u00dcber uns\"}]},{\"@type\":\"WebSite\",\"@id\":\"https:\\\/\\\/vilagrasa.com\\\/de\\\/#website\",\"url\":\"https:\\\/\\\/vilagrasa.com\\\/de\\\/\",\"name\":\"Vilagrasa\",\"description\":\"Fabricante de mobiliario urbano - Papeleras de dise\u00f1o\",\"potentialAction\":[{\"@type\":\"SearchAction\",\"target\":{\"@type\":\"EntryPoint\",\"urlTemplate\":\"https:\\\/\\\/vilagrasa.com\\\/de\\\/?s={search_term_string}\"},\"query-input\":{\"@type\":\"PropertyValueSpecification\",\"valueRequired\":true,\"valueName\":\"search_term_string\"}}],\"inLanguage\":\"de-DE\"}]}<\/script>\n<!-- \/ Yoast SEO plugin. -->","yoast_head_json":{"title":"Entdecken Sie, wer unser Studio ausmacht - Vilagrasa","description":"Entdecken Sie das Team hinter Vilagrasa, unsere Designer, Einrichtungen und Geschichte","robots":{"index":"index","follow":"follow","max-snippet":"max-snippet:-1","max-image-preview":"max-image-preview:large","max-video-preview":"max-video-preview:-1"},"canonical":"https:\/\/vilagrasa.com\/de\/ueber-uns\/","og_locale":"de_DE","og_type":"article","og_title":"Entdecken Sie, wer unser Studio ausmacht - Vilagrasa","og_description":"Entdecken Sie das Team hinter Vilagrasa, unsere Designer, Einrichtungen und Geschichte","og_url":"https:\/\/vilagrasa.com\/de\/ueber-uns\/","og_site_name":"Vilagrasa","article_modified_time":"2025-04-15T08:34:04+00:00","og_image":[{"width":2560,"height":1440,"url":"https:\/\/vilagrasa.com\/wp-content\/uploads\/2023\/04\/2303-11VL-RD-Atlas-8-scaled-1.jpg","type":"image\/jpeg"}],"twitter_card":"summary_large_image","schema":{"@context":"https:\/\/schema.org","@graph":[{"@type":"WebPage","@id":"https:\/\/vilagrasa.com\/de\/ueber-uns\/","url":"https:\/\/vilagrasa.com\/de\/ueber-uns\/","name":"Entdecken Sie, wer unser Studio ausmacht - Vilagrasa","isPartOf":{"@id":"https:\/\/vilagrasa.com\/de\/#website"},"primaryImageOfPage":{"@id":"https:\/\/vilagrasa.com\/de\/ueber-uns\/#primaryimage"},"image":{"@id":"https:\/\/vilagrasa.com\/de\/ueber-uns\/#primaryimage"},"thumbnailUrl":"https:\/\/vilagrasa.com\/wp-content\/uploads\/2023\/04\/2303-11VL-RD-Atlas-8-scaled-1.jpg","datePublished":"2022-02-18T05:11:00+00:00","dateModified":"2025-04-15T08:34:04+00:00","description":"Entdecken Sie das Team hinter Vilagrasa, unsere Designer, Einrichtungen und Geschichte","breadcrumb":{"@id":"https:\/\/vilagrasa.com\/de\/ueber-uns\/#breadcrumb"},"inLanguage":"de-DE","potentialAction":[{"@type":"ReadAction","target":["https:\/\/vilagrasa.com\/de\/ueber-uns\/"]}]},{"@type":"ImageObject","inLanguage":"de-DE","@id":"https:\/\/vilagrasa.com\/de\/ueber-uns\/#primaryimage","url":"https:\/\/vilagrasa.com\/wp-content\/uploads\/2023\/04\/2303-11VL-RD-Atlas-8-scaled-1.jpg","contentUrl":"https:\/\/vilagrasa.com\/wp-content\/uploads\/2023\/04\/2303-11VL-RD-Atlas-8-scaled-1.jpg","width":2560,"height":1440,"caption":"2303 11VL RD Atlas 8"},{"@type":"BreadcrumbList","@id":"https:\/\/vilagrasa.com\/de\/ueber-uns\/#breadcrumb","itemListElement":[{"@type":"ListItem","position":1,"name":"Inici","item":"https:\/\/vilagrasa.com\/de\/"},{"@type":"ListItem","position":2,"name":"\u00dcber uns"}]},{"@type":"WebSite","@id":"https:\/\/vilagrasa.com\/de\/#website","url":"https:\/\/vilagrasa.com\/de\/","name":"Vilagrasa","description":"Fabricante de mobiliario urbano - Papeleras de dise\u00f1o","potentialAction":[{"@type":"SearchAction","target":{"@type":"EntryPoint","urlTemplate":"https:\/\/vilagrasa.com\/de\/?s={search_term_string}"},"query-input":{"@type":"PropertyValueSpecification","valueRequired":true,"valueName":"search_term_string"}}],"inLanguage":"de-DE"}]}},"_links":{"self":[{"href":"https:\/\/vilagrasa.com\/de\/wp-json\/wp\/v2\/pages\/4306","targetHints":{"allow":["GET"]}}],"collection":[{"href":"https:\/\/vilagrasa.com\/de\/wp-json\/wp\/v2\/pages"}],"about":[{"href":"https:\/\/vilagrasa.com\/de\/wp-json\/wp\/v2\/types\/page"}],"author":[{"embeddable":true,"href":"https:\/\/vilagrasa.com\/de\/wp-json\/wp\/v2\/users\/2"}],"replies":[{"embeddable":true,"href":"https:\/\/vilagrasa.com\/de\/wp-json\/wp\/v2\/comments?post=4306"}],"version-history":[{"count":7,"href":"https:\/\/vilagrasa.com\/de\/wp-json\/wp\/v2\/pages\/4306\/revisions"}],"predecessor-version":[{"id":253280,"href":"https:\/\/vilagrasa.com\/de\/wp-json\/wp\/v2\/pages\/4306\/revisions\/253280"}],"wp:featuredmedia":[{"embeddable":true,"href":"https:\/\/vilagrasa.com\/de\/wp-json\/wp\/v2\/media\/249831"}],"wp:attachment":[{"href":"https:\/\/vilagrasa.com\/de\/wp-json\/wp\/v2\/media?parent=4306"}],"curies":[{"name":"wp","href":"https:\/\/api.w.org\/{rel}","templated":true}]}}