{"id":252154,"date":"2024-11-28T17:09:40","date_gmt":"2024-11-28T16:09:40","guid":{"rendered":"https:\/\/vilagrasa.omitsisdev.com\/wir-suchen-talente\/"},"modified":"2024-11-28T18:09:19","modified_gmt":"2024-11-28T17:09:19","slug":"wir-suchen-talente","status":"publish","type":"page","link":"https:\/\/vilagrasa.com\/de\/wir-suchen-talente\/","title":{"rendered":"Wir suchen Talente"},"content":{"rendered":"<p>[et_pb_section fb_built=&#8221;1&#8243; _builder_version=&#8221;4.27.0&#8243; _module_preset=&#8221;default&#8221; background_color=&#8221;#F0F0F0&#8243; custom_padding=&#8221;||0px||false|false&#8221; locked=&#8221;off&#8221; global_colors_info=&#8221;{}&#8221;][et_pb_row _builder_version=&#8221;4.27.0&#8243; _module_preset=&#8221;default&#8221; global_colors_info=&#8221;{}&#8221;][et_pb_column type=&#8221;4_4&#8243; _builder_version=&#8221;4.27.0&#8243; _module_preset=&#8221;default&#8221; global_colors_info=&#8221;{}&#8221;][et_pb_heading title=&#8221;@ET-DC@eyJkeW5hbWljIjp0cnVlLCJjb250ZW50IjoicG9zdF90aXRsZSIsInNldHRpbmdzIjp7ImJlZm9yZSI6IiIsImFmdGVyIjoiIn19@&#8221; _builder_version=&#8221;4.27.2&#8243; _dynamic_attributes=&#8221;title&#8221; _module_preset=&#8221;default&#8221; title_text_align=&#8221;left&#8221; title_text_color=&#8221;#000000&#8243; title_font_size=&#8221;70px&#8221; global_colors_info=&#8221;{}&#8221;][\/et_pb_heading][\/et_pb_column][\/et_pb_row][et_pb_row column_structure=&#8221;1_2,1_2&#8243; make_equal=&#8221;on&#8221; _builder_version=&#8221;4.27.0&#8243; _module_preset=&#8221;default&#8221; positioning=&#8221;none&#8221; position_origin_a=&#8221;center_center&#8221; global_colors_info=&#8221;{}&#8221;][et_pb_column type=&#8221;1_2&#8243; _builder_version=&#8221;4.27.0&#8243; _module_preset=&#8221;default&#8221; global_colors_info=&#8221;{}&#8221;][et_pb_text _builder_version=&#8221;4.25.0&#8243; _module_preset=&#8221;b607b562-2790-48f3-9a14-87832ed2e009&#8243; text_text_color=&#8221;#000000&#8243; background_layout=&#8221;dark&#8221; global_colors_info=&#8221;{}&#8221;]<\/p>\n<p>Wir sind st\u00e4ndig auf der Suche nach talentierten Mitarbeitern f\u00fcr unser Unternehmen. Wenn Sie Ihre berufliche Laufbahn im Bereich Design und Produktentwicklung in einem international expandierenden Unternehmen weiterentwickeln m\u00f6chten, kontaktieren Sie uns.<\/p>\n<p>Wir bilden Teams, die komplexe Probleme l\u00f6sen k\u00f6nnen, wobei Kreativit\u00e4t, Neugier, Tatendrang und Hartn\u00e4ckigkeit die Dinge sind, die wir bei den Menschen suchen. Die folgenden Positionen sind offen f\u00fcr unruhige Gem\u00fcter<\/p>\n<p>&nbsp;<\/p>\n<p>[\/et_pb_text][\/et_pb_column][et_pb_column type=&#8221;1_2&#8243; _builder_version=&#8221;4.27.0&#8243; _module_preset=&#8221;default&#8221; global_colors_info=&#8221;{}&#8221;][et_pb_contact_form use_spam_service=&#8221;on&#8221; recaptcha_list=&#8221;Default|Default-0&#8243; email=&#8221;mgutierrez@vilagrasa.com&#8221; custom_message=&#8221;||et_pb_line_break_holder||&#8212;&#8212;&#8212;&#8212;&#8212;&#8212;&#8212;&#8212;&#8212;&#8212;&#8212;&#8212;&#8212;&#8212;&#8212;&#8212;&#8212;&#8212;&#8212;&#8211;||et_pb_line_break_holder||New talent lead from web:||et_pb_line_break_holder||||et_pb_line_break_holder||Contact person: %%contacto%%||et_pb_line_break_holder||Curriculum: %%curriculum%%||et_pb_line_break_holder||Message: %%mensaje%%||et_pb_line_break_holder||||et_pb_line_break_holder||&#8212;&#8212;&#8212;&#8212;&#8212;&#8212;&#8212;&#8212;&#8212;&#8212;&#8212;&#8212;&#8212;&#8212;&#8212;&#8212;&#8212;&#8212;&#8212;&#8212;||et_pb_line_break_holder||&#8221; success_message=&#8221;&lt;p&gt;Die Nachricht wurde gesendet. Vielen Dank, dass Sie uns kontaktiert haben.&lt;\/p&gt;&#8221; submit_button_text=&#8221;Schicken&#8221; admin_label=&#8221;Talent ES&#8221; module_id=&#8221;et_pb_contact_form_1&#8243; _builder_version=&#8221;4.27.0&#8243; _module_preset=&#8221;default&#8221; _unique_id=&#8221;40e5858d-744c-4b59-87f1-34a15f779897&#8243; form_field_background_color=&#8221;RGBA(255,255,255,0)&#8221; form_field_text_color=&#8221;#000000&#8243; form_field_focus_background_color=&#8221;RGBA(255,255,255,0)&#8221; form_field_focus_text_color=&#8221;#000000&#8243; form_field_font=&#8221;||||||||&#8221; form_field_font_size=&#8221;20px&#8221; form_field_line_height=&#8221;1.2em&#8221; custom_button=&#8221;on&#8221; button_text_size=&#8221;16px&#8221; button_text_color=&#8221;#000000&#8243; button_bg_color=&#8221;RGBA(255,255,255,0)&#8221; button_border_color=&#8221;#000000&#8243; button_border_radius=&#8221;30px&#8221; button_font=&#8221;||||||||&#8221; button_use_icon=&#8221;off&#8221; button_custom_padding=&#8221;2px|20px|2px|20px|true|true&#8221; position_origin_a=&#8221;center_center&#8221; width=&#8221;100%&#8221; custom_padding=&#8221;||||false|false&#8221; hover_enabled=&#8221;0&#8243; custom_css_free_form=&#8221;p.et_pb_contact_field{margin-bottom:0;}||.et_pb_contact_field textarea.et_pb_contact_message{min-height:0px;}||.et_pb_contact p input, .et_pb_contact p textarea{padding:5px;}||.et_pb_contact_select {padding:5px}&#8221; custom_css_contact_button=&#8221;margin-top:30px&#8221; field_label_font=&#8221;||||||||&#8221; field_label_color=&#8221;#000000&#8243; field_desc_font=&#8221;||||||||&#8221; field_desc_color=&#8221;#FFFFFF&#8221; border_color_all=&#8221;#A0A09F&#8221; border_width_bottom=&#8221;1px&#8221; border_color_bottom=&#8221;#000000&#8243; locked=&#8221;off&#8221; global_colors_info=&#8221;{}&#8221; form_field_text_color__hover_enabled=&#8221;off|hover&#8221; form_field_text_color__hover=&#8221;#FFFFFF&#8221; border_color_bottom__hover_enabled=&#8221;off|hover&#8221; border_color_bottom__hover=&#8221;#FFFFFF&#8221; border_color_all__hover_enabled=&#8221;off|hover&#8221; input_focus_border_color_last_edited=&#8221;off|desktop&#8221; button_text_color__hover=&#8221;#FFFFFF&#8221; button_text_color__hover_enabled=&#8221;on|hover&#8221; button_bg_color__hover=&#8221;#3C4841&#8243; button_bg_color__hover_enabled=&#8221;on|hover&#8221; button_border_color__hover=&#8221;RGBA(255,255,255,0)&#8221; button_border_color__hover_enabled=&#8221;on|hover&#8221; sticky_enabled=&#8221;0&#8243;][et_pb_contact_field field_id=&#8221;contacto&#8221; field_title=&#8221;Vollst\u00e4ndiger Name&#8221; fullwidth_field=&#8221;on&#8221; _builder_version=&#8221;4.25.0&#8243; _module_preset=&#8221;default&#8221; global_colors_info=&#8221;{}&#8221; button_text_size__hover_enabled=&#8221;off&#8221; button_one_text_size__hover_enabled=&#8221;off&#8221; button_two_text_size__hover_enabled=&#8221;off&#8221; button_text_color__hover_enabled=&#8221;off&#8221; button_one_text_color__hover_enabled=&#8221;off&#8221; button_two_text_color__hover_enabled=&#8221;off&#8221; button_border_width__hover_enabled=&#8221;off&#8221; button_one_border_width__hover_enabled=&#8221;off&#8221; button_two_border_width__hover_enabled=&#8221;off&#8221; button_border_color__hover_enabled=&#8221;off&#8221; button_one_border_color__hover_enabled=&#8221;off&#8221; button_two_border_color__hover_enabled=&#8221;off&#8221; button_border_radius__hover_enabled=&#8221;off&#8221; button_one_border_radius__hover_enabled=&#8221;off&#8221; button_two_border_radius__hover_enabled=&#8221;off&#8221; button_letter_spacing__hover_enabled=&#8221;off&#8221; button_one_letter_spacing__hover_enabled=&#8221;off&#8221; button_two_letter_spacing__hover_enabled=&#8221;off&#8221; button_bg_color__hover_enabled=&#8221;off&#8221; button_one_bg_color__hover_enabled=&#8221;off&#8221; button_two_bg_color__hover_enabled=&#8221;off&#8221; border_color_bottom__hover=&#8221;#FFFFFF&#8221; border_color_bottom__hover_enabled=&#8221;on|hover&#8221;][\/et_pb_contact_field][et_pb_contact_field field_id=&#8221;curriculum&#8221; field_title=&#8221;URL LinkedIn \/ Xing&#8221; fullwidth_field=&#8221;on&#8221; _builder_version=&#8221;4.25.0&#8243; _module_preset=&#8221;default&#8221; global_colors_info=&#8221;{}&#8221; button_text_size__hover_enabled=&#8221;off&#8221; button_one_text_size__hover_enabled=&#8221;off&#8221; button_two_text_size__hover_enabled=&#8221;off&#8221; button_text_color__hover_enabled=&#8221;off&#8221; button_one_text_color__hover_enabled=&#8221;off&#8221; button_two_text_color__hover_enabled=&#8221;off&#8221; button_border_width__hover_enabled=&#8221;off&#8221; button_one_border_width__hover_enabled=&#8221;off&#8221; button_two_border_width__hover_enabled=&#8221;off&#8221; button_border_color__hover_enabled=&#8221;off&#8221; button_one_border_color__hover_enabled=&#8221;off&#8221; button_two_border_color__hover_enabled=&#8221;off&#8221; button_border_radius__hover_enabled=&#8221;off&#8221; button_one_border_radius__hover_enabled=&#8221;off&#8221; button_two_border_radius__hover_enabled=&#8221;off&#8221; button_letter_spacing__hover_enabled=&#8221;off&#8221; button_one_letter_spacing__hover_enabled=&#8221;off&#8221; button_two_letter_spacing__hover_enabled=&#8221;off&#8221; button_bg_color__hover_enabled=&#8221;off&#8221; button_one_bg_color__hover_enabled=&#8221;off&#8221; button_two_bg_color__hover_enabled=&#8221;off&#8221; border_color_bottom__hover=&#8221;#FFFFFF&#8221; border_color_bottom__hover_enabled=&#8221;on|hover&#8221;][\/et_pb_contact_field][et_pb_contact_field field_id=&#8221;mensaje&#8221; field_title=&#8221;Erz\u00e4hlen Sie uns mehr \u00fcber sich&#8221; field_type=&#8221;text&#8221; fullwidth_field=&#8221;on&#8221; _builder_version=&#8221;4.25.0&#8243; _module_preset=&#8221;default&#8221; global_colors_info=&#8221;{}&#8221; button_text_size__hover_enabled=&#8221;off&#8221; button_one_text_size__hover_enabled=&#8221;off&#8221; button_two_text_size__hover_enabled=&#8221;off&#8221; button_text_color__hover_enabled=&#8221;off&#8221; button_one_text_color__hover_enabled=&#8221;off&#8221; button_two_text_color__hover_enabled=&#8221;off&#8221; button_border_width__hover_enabled=&#8221;off&#8221; button_one_border_width__hover_enabled=&#8221;off&#8221; button_two_border_width__hover_enabled=&#8221;off&#8221; button_border_color__hover_enabled=&#8221;off&#8221; button_one_border_color__hover_enabled=&#8221;off&#8221; button_two_border_color__hover_enabled=&#8221;off&#8221; button_border_radius__hover_enabled=&#8221;off&#8221; button_one_border_radius__hover_enabled=&#8221;off&#8221; button_two_border_radius__hover_enabled=&#8221;off&#8221; button_letter_spacing__hover_enabled=&#8221;off&#8221; button_one_letter_spacing__hover_enabled=&#8221;off&#8221; button_two_letter_spacing__hover_enabled=&#8221;off&#8221; button_bg_color__hover_enabled=&#8221;off&#8221; button_one_bg_color__hover_enabled=&#8221;off&#8221; button_two_bg_color__hover_enabled=&#8221;off&#8221; border_color_bottom__hover=&#8221;#FFFFFF&#8221; border_color_bottom__hover_enabled=&#8221;on|hover&#8221;][\/et_pb_contact_field][et_pb_contact_field field_id=&#8221;politicaprivacidad&#8221; field_title=&#8221; Verantwortlicher f\u00fcr die Verarbeitung: Siehe Kontaktdaten in der Datenschutzerkl\u00e4rung | ZWECK: Auf die Anfrage des Benutzers reagieren. | LEGITIMATION: Zustimmung der interessierten Partei. | AUFGABEN: Es sind keine \u00dcbertragungen vorgesehen, es sei denn, es liegt eine gesetzliche Verpflichtung oder eine gerichtliche Anforderung vor. RECHTE: Zugang, Berichtigung, L\u00f6schung, Widerspruch, Einschr\u00e4nkung, \u00dcbertragbarkeit, Widerruf der Einwilligung. Wenn Sie der Meinung sind, dass die Verarbeitung Ihrer Daten nicht den Vorschriften entspricht, k\u00f6nnen Sie sich an die Kontrollbeh\u00f6rde wenden (www.aepd.es).&#8221; field_type=&#8221;checkbox&#8221; checkbox_options=&#8221;%91{%22value%22:%22Ich akzeptiere die Datenschutzerkl\u00e4rung%22,%22checked%22:0,%22dragID%22:-1,%22link_url%22:%22\\\/de\\\/datenschutzbestimmungen%22}%93&#8243; fullwidth_field=&#8221;on&#8221; _builder_version=&#8221;4.27.0&#8243; _module_preset=&#8221;default&#8221; form_field_font_size=&#8221;13px&#8221; hover_enabled=&#8221;0&#8243; custom_css_main_element=&#8221;line-height:90%;||font-weight:400;||color:#aaaaaa;&#8221; star_checked_color=&#8221;#DD5C00&#8243; global_colors_info=&#8221;{}&#8221; border_color_bottom__hover=&#8221;#FFFFFF&#8221; border_color_bottom__hover_enabled=&#8221;on|hover&#8221; sticky_enabled=&#8221;0&#8243; form_field_font=&#8221;|300|||||||&#8221;][\/et_pb_contact_field][\/et_pb_contact_form][\/et_pb_column][\/et_pb_row][\/et_pb_section]<\/p>\n","protected":false},"excerpt":{"rendered":"<p>Wir sind st\u00e4ndig auf der Suche nach talentierten Mitarbeitern f\u00fcr unser Unternehmen. Wenn Sie Ihre berufliche Laufbahn im Bereich Design und Produktentwicklung in einem international expandierenden Unternehmen weiterentwickeln m\u00f6chten, kontaktieren Sie uns. Wir bilden Teams, die komplexe Probleme l\u00f6sen k\u00f6nnen, wobei Kreativit\u00e4t, Neugier, Tatendrang und Hartn\u00e4ckigkeit die Dinge sind, die wir bei den Menschen suchen. [&hellip;]<\/p>\n","protected":false},"author":1,"featured_media":0,"parent":0,"menu_order":0,"comment_status":"closed","ping_status":"closed","template":"","meta":{"_acf_changed":false,"_et_pb_use_builder":"on","_et_pb_old_content":"","_et_gb_content_width":"","inline_featured_image":false,"footnotes":""},"class_list":["post-252154","page","type-page","status-publish","hentry"],"acf":[],"yoast_head":"<!-- This site is optimized with the Yoast SEO plugin v27.3 - https:\/\/yoast.com\/product\/yoast-seo-wordpress\/ -->\n<title>Wir suchen Talente - Vilagrasa<\/title>\n<meta name=\"robots\" content=\"index, follow, max-snippet:-1, max-image-preview:large, max-video-preview:-1\" \/>\n<link rel=\"canonical\" href=\"https:\/\/vilagrasa.com\/de\/wir-suchen-talente\/\" \/>\n<meta property=\"og:locale\" content=\"de_DE\" \/>\n<meta property=\"og:type\" content=\"article\" \/>\n<meta property=\"og:title\" content=\"Wir suchen Talente - Vilagrasa\" \/>\n<meta property=\"og:description\" content=\"Wir sind st\u00e4ndig auf der Suche nach talentierten Mitarbeitern f\u00fcr unser Unternehmen. Wenn Sie Ihre berufliche Laufbahn im Bereich Design und Produktentwicklung in einem international expandierenden Unternehmen weiterentwickeln m\u00f6chten, kontaktieren Sie uns. Wir bilden Teams, die komplexe Probleme l\u00f6sen k\u00f6nnen, wobei Kreativit\u00e4t, Neugier, Tatendrang und Hartn\u00e4ckigkeit die Dinge sind, die wir bei den Menschen suchen. [&hellip;]\" \/>\n<meta property=\"og:url\" content=\"https:\/\/vilagrasa.com\/de\/wir-suchen-talente\/\" \/>\n<meta property=\"og:site_name\" content=\"Vilagrasa\" \/>\n<meta property=\"article:modified_time\" content=\"2024-11-28T17:09:19+00:00\" \/>\n<meta name=\"twitter:card\" content=\"summary_large_image\" \/>\n<script type=\"application\/ld+json\" class=\"yoast-schema-graph\">{\"@context\":\"https:\\\/\\\/schema.org\",\"@graph\":[{\"@type\":\"WebPage\",\"@id\":\"https:\\\/\\\/vilagrasa.com\\\/de\\\/wir-suchen-talente\\\/\",\"url\":\"https:\\\/\\\/vilagrasa.com\\\/de\\\/wir-suchen-talente\\\/\",\"name\":\"Wir suchen Talente - Vilagrasa\",\"isPartOf\":{\"@id\":\"https:\\\/\\\/vilagrasa.com\\\/de\\\/#website\"},\"datePublished\":\"2024-11-28T16:09:40+00:00\",\"dateModified\":\"2024-11-28T17:09:19+00:00\",\"breadcrumb\":{\"@id\":\"https:\\\/\\\/vilagrasa.com\\\/de\\\/wir-suchen-talente\\\/#breadcrumb\"},\"inLanguage\":\"de-DE\",\"potentialAction\":[{\"@type\":\"ReadAction\",\"target\":[\"https:\\\/\\\/vilagrasa.com\\\/de\\\/wir-suchen-talente\\\/\"]}]},{\"@type\":\"BreadcrumbList\",\"@id\":\"https:\\\/\\\/vilagrasa.com\\\/de\\\/wir-suchen-talente\\\/#breadcrumb\",\"itemListElement\":[{\"@type\":\"ListItem\",\"position\":1,\"name\":\"Inici\",\"item\":\"https:\\\/\\\/vilagrasa.com\\\/de\\\/\"},{\"@type\":\"ListItem\",\"position\":2,\"name\":\"Wir suchen Talente\"}]},{\"@type\":\"WebSite\",\"@id\":\"https:\\\/\\\/vilagrasa.com\\\/de\\\/#website\",\"url\":\"https:\\\/\\\/vilagrasa.com\\\/de\\\/\",\"name\":\"Vilagrasa\",\"description\":\"Fabricante de mobiliario urbano - Papeleras de dise\u00f1o\",\"potentialAction\":[{\"@type\":\"SearchAction\",\"target\":{\"@type\":\"EntryPoint\",\"urlTemplate\":\"https:\\\/\\\/vilagrasa.com\\\/de\\\/?s={search_term_string}\"},\"query-input\":{\"@type\":\"PropertyValueSpecification\",\"valueRequired\":true,\"valueName\":\"search_term_string\"}}],\"inLanguage\":\"de-DE\"}]}<\/script>\n<!-- \/ Yoast SEO plugin. -->","yoast_head_json":{"title":"Wir suchen Talente - Vilagrasa","robots":{"index":"index","follow":"follow","max-snippet":"max-snippet:-1","max-image-preview":"max-image-preview:large","max-video-preview":"max-video-preview:-1"},"canonical":"https:\/\/vilagrasa.com\/de\/wir-suchen-talente\/","og_locale":"de_DE","og_type":"article","og_title":"Wir suchen Talente - Vilagrasa","og_description":"Wir sind st\u00e4ndig auf der Suche nach talentierten Mitarbeitern f\u00fcr unser Unternehmen. Wenn Sie Ihre berufliche Laufbahn im Bereich Design und Produktentwicklung in einem international expandierenden Unternehmen weiterentwickeln m\u00f6chten, kontaktieren Sie uns. Wir bilden Teams, die komplexe Probleme l\u00f6sen k\u00f6nnen, wobei Kreativit\u00e4t, Neugier, Tatendrang und Hartn\u00e4ckigkeit die Dinge sind, die wir bei den Menschen suchen. [&hellip;]","og_url":"https:\/\/vilagrasa.com\/de\/wir-suchen-talente\/","og_site_name":"Vilagrasa","article_modified_time":"2024-11-28T17:09:19+00:00","twitter_card":"summary_large_image","schema":{"@context":"https:\/\/schema.org","@graph":[{"@type":"WebPage","@id":"https:\/\/vilagrasa.com\/de\/wir-suchen-talente\/","url":"https:\/\/vilagrasa.com\/de\/wir-suchen-talente\/","name":"Wir suchen Talente - Vilagrasa","isPartOf":{"@id":"https:\/\/vilagrasa.com\/de\/#website"},"datePublished":"2024-11-28T16:09:40+00:00","dateModified":"2024-11-28T17:09:19+00:00","breadcrumb":{"@id":"https:\/\/vilagrasa.com\/de\/wir-suchen-talente\/#breadcrumb"},"inLanguage":"de-DE","potentialAction":[{"@type":"ReadAction","target":["https:\/\/vilagrasa.com\/de\/wir-suchen-talente\/"]}]},{"@type":"BreadcrumbList","@id":"https:\/\/vilagrasa.com\/de\/wir-suchen-talente\/#breadcrumb","itemListElement":[{"@type":"ListItem","position":1,"name":"Inici","item":"https:\/\/vilagrasa.com\/de\/"},{"@type":"ListItem","position":2,"name":"Wir suchen Talente"}]},{"@type":"WebSite","@id":"https:\/\/vilagrasa.com\/de\/#website","url":"https:\/\/vilagrasa.com\/de\/","name":"Vilagrasa","description":"Fabricante de mobiliario urbano - Papeleras de dise\u00f1o","potentialAction":[{"@type":"SearchAction","target":{"@type":"EntryPoint","urlTemplate":"https:\/\/vilagrasa.com\/de\/?s={search_term_string}"},"query-input":{"@type":"PropertyValueSpecification","valueRequired":true,"valueName":"search_term_string"}}],"inLanguage":"de-DE"}]}},"_links":{"self":[{"href":"https:\/\/vilagrasa.com\/de\/wp-json\/wp\/v2\/pages\/252154","targetHints":{"allow":["GET"]}}],"collection":[{"href":"https:\/\/vilagrasa.com\/de\/wp-json\/wp\/v2\/pages"}],"about":[{"href":"https:\/\/vilagrasa.com\/de\/wp-json\/wp\/v2\/types\/page"}],"author":[{"embeddable":true,"href":"https:\/\/vilagrasa.com\/de\/wp-json\/wp\/v2\/users\/1"}],"replies":[{"embeddable":true,"href":"https:\/\/vilagrasa.com\/de\/wp-json\/wp\/v2\/comments?post=252154"}],"version-history":[{"count":13,"href":"https:\/\/vilagrasa.com\/de\/wp-json\/wp\/v2\/pages\/252154\/revisions"}],"predecessor-version":[{"id":252184,"href":"https:\/\/vilagrasa.com\/de\/wp-json\/wp\/v2\/pages\/252154\/revisions\/252184"}],"wp:attachment":[{"href":"https:\/\/vilagrasa.com\/de\/wp-json\/wp\/v2\/media?parent=252154"}],"curies":[{"name":"wp","href":"https:\/\/api.w.org\/{rel}","templated":true}]}}