{"id":250759,"date":"2024-10-29T11:09:54","date_gmt":"2024-10-29T10:09:54","guid":{"rendered":"https:\/\/vilagrasa.omitsisdev.com\/projekte\/"},"modified":"2024-12-04T18:50:50","modified_gmt":"2024-12-04T17:50:50","slug":"projekte","status":"publish","type":"page","link":"https:\/\/vilagrasa.com\/de\/projekte\/","title":{"rendered":"Projekte"},"content":{"rendered":"<p>[et_pb_section fb_built=&#8221;1&#8243; admin_label=&#8221;Secci\u00f3n&#8221; _builder_version=&#8221;4.27.2&#8243; _module_preset=&#8221;default&#8221; background_color=&#8221;#F0F0F0&#8243; min_height=&#8221;5591.9px&#8221; custom_margin=&#8221;-90px||||false|false&#8221; custom_padding=&#8221;120px||||false|false&#8221; global_colors_info=&#8221;{}&#8221;][et_pb_row use_custom_gutter=&#8221;on&#8221; gutter_width=&#8221;2&#8243; admin_label=&#8221;Portfolio&#8221; _builder_version=&#8221;4.27.2&#8243; _module_preset=&#8221;default&#8221; width=&#8221;96%&#8221; max_width=&#8221;100%&#8221; custom_padding=&#8221;2px|||||&#8221; global_colors_info=&#8221;{}&#8221;][et_pb_column type=&#8221;4_4&#8243; _builder_version=&#8221;4.27.2&#8243; _module_preset=&#8221;default&#8221; global_colors_info=&#8221;{}&#8221;][et_pb_heading title=&#8221;@ET-DC@eyJkeW5hbWljIjp0cnVlLCJjb250ZW50IjoicG9zdF90aXRsZSIsInNldHRpbmdzIjp7ImJlZm9yZSI6IiIsImFmdGVyIjoiIn19@&#8221; _builder_version=&#8221;4.27.2&#8243; _dynamic_attributes=&#8221;title&#8221; _module_preset=&#8221;default&#8221; title_text_align=&#8221;left&#8221; title_text_color=&#8221;#000000&#8243; title_font_size=&#8221;70px&#8221; custom_margin=&#8221;||8px|||&#8221; global_colors_info=&#8221;{}&#8221;][\/et_pb_heading][et_pb_filterable_portfolio fullwidth=&#8221;off&#8221; posts_number=&#8221;32&#8243; show_categories=&#8221;off&#8221; show_pagination=&#8221;off&#8221; zoom_icon_color=&#8221;#3C4841&#8243; hover_overlay_color=&#8221;rgba(255,255,255,0.7)&#8221; hover_icon=&#8221;&#x4c;||divi||400&#8243; module_class=&#8221;three-column-portfolio pa-portfolio-image-16-9&#8243; _builder_version=&#8221;4.27.0&#8243; _module_preset=&#8221;default&#8221; title_font_size=&#8221;25px&#8221; title_line_height=&#8221;1em&#8221; filter_text_color=&#8221;RGBA(0,0,0,0.35)&#8221; filter_font_size=&#8221;18px&#8221; filter_line_height=&#8221;1.2em&#8221; custom_margin_tablet=&#8221;0px||||false|false&#8221; custom_margin_phone=&#8221;0px||||false|false&#8221; custom_margin_last_edited=&#8221;off|phone&#8221; title_font_size_tablet=&#8221;20px&#8221; title_font_size_phone=&#8221;20px&#8221; title_font_size_last_edited=&#8221;on|phone&#8221; filter_font_size_tablet=&#8221;18px&#8221; filter_font_size_phone=&#8221;16px&#8221; filter_font_size_last_edited=&#8221;on|phone&#8221; custom_css_free_form=&#8221;\/*portfolio image aspect ratio landscape 16:9*\/||.pa-portfolio-image-16-9 .et_portfolio_image {||  padding-top: 56.25%;||  display: block;||}||.pa-portfolio-image-16-9 .et_portfolio_image img {||  position: absolute;||  height: 100%;||  width: 100%;||  top: 0;||  left: 0;||  right: 0;||  bottom: 0;||  object-fit: cover;||}||||\/* 3 Column Portfolio *\/||@media (min-width: 981px) {||    .three-column-portfolio .et_pb_grid_item {||        width: 32%!important;||        margin-right: 2%!important;  ||    }||  ||    .three-column-portfolio .et_pb_grid_item:nth-child(3n) {||        margin-right: 0!important;||    }||  ||    .three-column-portfolio.et_pb_grid_item:nth-child(4n) {||        margin-right: 2%!important;||    }||  ||    .three-column-portfolio .et_pb_grid_item.et_pb_portfolio_item:nth-child(4n+1) {||        clear: none!important;||    }||    .three-column-portfolio .et_pb_grid_item.first_in_row {||        clear: unset;||    }||}||||.et_pb_filterable_portfolio .et_pb_portfolio_filters li a{||    padding: 10px 10px;||    border: none;||    display: block;||    height: auto;||    overflow: hidden;||    margin: 0;||    background-color: transparent;||}||||.et_pb_filterable_portfolio .et_pb_portfolio_filters li a:hover{||  background-color: transparent;||}&#8221; custom_css_portfolio_filters=&#8221;display: flex;||justify-content: flex-end; \/* Alinea els filtres a la dreta *\/||&#8221; custom_css_portfolio_title=&#8221;margin-bottom: -4%;&#8221; global_colors_info=&#8221;{}&#8221; filter_text_color__hover_enabled=&#8221;on|desktop&#8221; filter_text_color__hover=&#8221;#000000&#8243; custom_css_portfolio_filters_last_edited=&#8221;on|phone&#8221; custom_css_portfolio_filters_tablet=&#8221;display:ignore;||&#8221; custom_css_portfolio_filters_phone=&#8221;display: flex;||justify-content: flex-end; \/* Alinea els filtres a la dreta *\/||&#8221;][\/et_pb_filterable_portfolio][et_pb_code _builder_version=&#8221;4.27.2&#8243; _module_preset=&#8221;default&#8221; global_colors_info=&#8221;{}&#8221;]<script><!-- [et_pb_line_break_holder] -->document.addEventListener(\"DOMContentLoaded\", function () {<!-- [et_pb_line_break_holder] -->    const urlParams = new URLSearchParams(window.location.search);<!-- [et_pb_line_break_holder] -->    const filter = urlParams.get('filter'); \/\/ Exemple: ?filter=disseny<!-- [et_pb_line_break_holder] --><!-- [et_pb_line_break_holder] -->    if (filter) {<!-- [et_pb_line_break_holder] -->        \/\/ Esperem uns mil\u00b7lisegons per assegurar que el DOM estigui carregat<!-- [et_pb_line_break_holder] -->        setTimeout(() => {<!-- [et_pb_line_break_holder] -->            const buttons = document.querySelectorAll('.et_pb_portfolio_filter li');<!-- [et_pb_line_break_holder] -->            buttons.forEach(button => {<!-- [et_pb_line_break_holder] -->                \/\/ Compara el text del bot\u00f3 de filtre amb el par\u00e0metre de l'URL<!-- [et_pb_line_break_holder] -->                if (button.innerText.trim().toLowerCase() === filter.toLowerCase()) {<!-- [et_pb_line_break_holder] -->                    button.click();<!-- [et_pb_line_break_holder] -->                }<!-- [et_pb_line_break_holder] -->            });<!-- [et_pb_line_break_holder] -->        }, 500); \/\/ Temps en mil\u00b7lisegons; pots ajustar-lo si cal<!-- [et_pb_line_break_holder] -->    }<!-- [et_pb_line_break_holder] -->});<!-- [et_pb_line_break_holder] --><!-- [et_pb_line_break_holder] --><\/script>[\/et_pb_code][\/et_pb_column][\/et_pb_row][et_pb_row admin_label=&#8221;Titel M\u00f6beldesign&#8221; _builder_version=&#8221;4.27.2&#8243; _module_preset=&#8221;default&#8221; custom_padding=&#8221;||2px|||&#8221; global_colors_info=&#8221;{}&#8221;][et_pb_column type=&#8221;4_4&#8243; _builder_version=&#8221;4.27.2&#8243; _module_preset=&#8221;default&#8221; global_colors_info=&#8221;{}&#8221;][et_pb_text _builder_version=&#8221;4.27.2&#8243; _module_preset=&#8221;default&#8221; global_colors_info=&#8221;{}&#8221;]<\/p>\n<h2>M\u00f6beldesign f\u00fcr internationale Projekte<\/h2>\n<p>[\/et_pb_text][\/et_pb_column][\/et_pb_row][et_pb_row column_structure=&#8221;1_2,1_2&#8243; admin_label=&#8221;Text M\u00f6beldesign&#8221; _builder_version=&#8221;4.27.2&#8243; _module_preset=&#8221;default&#8221; global_colors_info=&#8221;{}&#8221;][et_pb_column type=&#8221;1_2&#8243; admin_label=&#8221;Columna&#8221; _builder_version=&#8221;4.27.2&#8243; _module_preset=&#8221;default&#8221; global_colors_info=&#8221;{}&#8221;][et_pb_text _builder_version=&#8221;4.27.2&#8243; _module_preset=&#8221;default&#8221; global_colors_info=&#8221;{}&#8221;]<\/p>\n<p>Seit unseren Anf\u00e4ngen im Jahr 1957 sind wir bei Vilagrasa ein f\u00fchrendes Unternehmen, nicht nur in der Produktion und dem Verkauf von Designerm\u00f6beln und Accessoires f\u00fcr den Innen- und Au\u00dfenbereich, sondern auch in der Planung und Ausf\u00fchrung von <strong>Designprojekten<\/strong>\u00a0f\u00fcr verschiedene Branchen. Mit R\u00fccksicht auf die Umwelt und die Erleichterung des Lebens der Menschen haben wir bei Vilagrasa unerm\u00fcdlich daran gearbeitet, \u00e4sthetische, langlebige L\u00f6sungen mit Materialien h\u00f6chster Qualit\u00e4t anzubieten.<\/p>\n<p>Die <strong>Designprojekte<\/strong>, die wir im Laufe der Jahre durchgef\u00fchrt haben, decken ein breites Spektrum von R\u00e4umen ab, von Flugh\u00e4fen \u00fcber Universit\u00e4ten bis hin zu Bahnh\u00f6fen, Einkaufszentren, Gemeinschaftsr\u00e4umen, Hotels und B\u00fcros auf der ganzen Welt. Bei jedem dieser <strong>Designprojekte<\/strong> haben wir bei Vilagrasa innovative und effiziente L\u00f6sungen angewendet, die deren Funktionalit\u00e4t und Sicherheit verbessert haben.<\/p>\n<p>Unsere Erfahrung und unser Engagement f\u00fcr Qualit\u00e4t und Umwelt unterst\u00fctzen uns und sind zwei der Gr\u00fcnde, warum unsere Kunden uns weiterhin vertrauen, sowohl bei der Gestaltung von M\u00f6beln als auch bei der Umsetzung umfassender Projekte, die wir uns ausgedacht haben f\u00fcr alle Arten von Kontexten und L\u00e4ndern.<\/p>\n<p>[\/et_pb_text][\/et_pb_column][et_pb_column type=&#8221;1_2&#8243; _builder_version=&#8221;4.27.2&#8243; _module_preset=&#8221;default&#8221; global_colors_info=&#8221;{}&#8221;][et_pb_text _builder_version=&#8221;4.27.2&#8243; _module_preset=&#8221;default&#8221; global_colors_info=&#8221;{}&#8221;]<\/p>\n<ul>\n<li><strong>Projekte in Flugh\u00e4fen und Bahnh\u00f6fen.<\/strong> Flugh\u00e4fen und Bahnh\u00f6fe sind Transit- und Wartebereiche, daher sind Effizienz und Sicherheit zentrale Aspekte. Bei Vilagrasa haben wir f\u00fcr Flugh\u00e4fen wie Madrid, Barcelona, \u200b\u200b\u200b\u200bPunta Cana oder Kairo oder f\u00fcr Bahnh\u00f6fe wie die Metro Bilbao entworfen und produziert.<\/li>\n<li><strong>Projekte in Einkaufszentren.<\/strong> Um stets das beste Erlebnis zu bieten, hat unser M\u00f6beldesign dazu beigetragen, eine komfortablere und effizientere Umgebung in Einkaufszentren wie L&#8217;illa Diagonal, Las Arenas de Barcelona oder zu schaffen Vialia 2021.<\/li>\n<li><strong>Projekte in kollektiven R\u00e4umen.<\/strong> In diesem Bereich haben wir Erfahrung in Museen und gro\u00dfen Kulturr\u00e4umen, wie dem Denver Art Museum, der Expo Dubai, der Expo Zaragoza, dem K\u00f6lner Messegel\u00e4nde und dem Palau de les Arts oder das Porsche Museum.<\/li>\n<li><strong>Projekte in Hotels.<\/strong> Hotels ben\u00f6tigen M\u00f6bel und Accessoires, die sowohl den G\u00e4sten als auch dem Servicepersonal Komfort bieten. Zu unseren Projekten geh\u00f6ren Abba Hotels, Gothia Towers Hotel und Hotel Aquashow Park.<\/li>\n<li><strong>B\u00fcroprojekte.<\/strong> Unabh\u00e4ngig von der Branche haben wir daran gearbeitet, die Effizienz in Arbeitsumgebungen wie ABN Amro Bank, Banco Sabadell, DG Bank of Berlin, Sanitas, Audi Center oder Vodafone zu verbessern. li>\n<li><strong>Projekte an Universit\u00e4ten.<\/strong> Universit\u00e4ten sind die Wiege der Kultur, etwas, das wir in unseren Designprojekten in Institutionen wie der Universit\u00e4t Pompeu Fabra, der John Hopkins University oder dem Aserbaidschan Diplomatic einfangen wollten Akademie.<\/li>\n<\/ul>\n<p>Wir laden Sie ein, sich jedes unserer M\u00f6beldesigns f\u00fcr einige der bemerkenswertesten Projekte anzusehen, an denen wir gearbeitet haben. Mit mehr als 40 Jahren Erfahrung und Exporten in mehr als 50 L\u00e4nder sind wir sehr stolz auf unsere Entwicklung und verbessern uns Tag f\u00fcr Tag weiter, um Ihnen immer das Beste zu bieten.<\/p>\n<p>[\/et_pb_text][\/et_pb_column][\/et_pb_row][\/et_pb_section]<\/p>\n","protected":false},"excerpt":{"rendered":"<p>M\u00f6beldesign f\u00fcr internationale ProjekteSeit unseren Anf\u00e4ngen im Jahr 1957 sind wir bei Vilagrasa ein f\u00fchrendes Unternehmen, nicht nur in der Produktion und dem Verkauf von Designerm\u00f6beln und Accessoires f\u00fcr den Innen- und Au\u00dfenbereich, sondern auch in der Planung und Ausf\u00fchrung von Designprojekten\u00a0f\u00fcr verschiedene Branchen. Mit R\u00fccksicht auf die Umwelt und die Erleichterung des Lebens der [&hellip;]<\/p>\n","protected":false},"author":1,"featured_media":0,"parent":0,"menu_order":0,"comment_status":"closed","ping_status":"closed","template":"","meta":{"_acf_changed":false,"_et_pb_use_builder":"on","_et_pb_old_content":"","_et_gb_content_width":"","inline_featured_image":false,"footnotes":""},"class_list":["post-250759","page","type-page","status-publish","hentry"],"acf":[],"yoast_head":"<!-- This site is optimized with the Yoast SEO plugin v27.3 - https:\/\/yoast.com\/product\/yoast-seo-wordpress\/ -->\n<title>Projekte - Vilagrasa<\/title>\n<meta name=\"robots\" content=\"index, follow, max-snippet:-1, max-image-preview:large, max-video-preview:-1\" \/>\n<link rel=\"canonical\" href=\"https:\/\/vilagrasa.com\/de\/projekte\/\" \/>\n<meta property=\"og:locale\" content=\"de_DE\" \/>\n<meta property=\"og:type\" content=\"article\" \/>\n<meta property=\"og:title\" content=\"Projekte - Vilagrasa\" \/>\n<meta property=\"og:description\" content=\"M\u00f6beldesign f\u00fcr internationale ProjekteSeit unseren Anf\u00e4ngen im Jahr 1957 sind wir bei Vilagrasa ein f\u00fchrendes Unternehmen, nicht nur in der Produktion und dem Verkauf von Designerm\u00f6beln und Accessoires f\u00fcr den Innen- und Au\u00dfenbereich, sondern auch in der Planung und Ausf\u00fchrung von Designprojekten\u00a0f\u00fcr verschiedene Branchen. Mit R\u00fccksicht auf die Umwelt und die Erleichterung des Lebens der [&hellip;]\" \/>\n<meta property=\"og:url\" content=\"https:\/\/vilagrasa.com\/de\/projekte\/\" \/>\n<meta property=\"og:site_name\" content=\"Vilagrasa\" \/>\n<meta property=\"article:modified_time\" content=\"2024-12-04T17:50:50+00:00\" \/>\n<meta name=\"twitter:card\" content=\"summary_large_image\" \/>\n<script type=\"application\/ld+json\" class=\"yoast-schema-graph\">{\"@context\":\"https:\\\/\\\/schema.org\",\"@graph\":[{\"@type\":\"WebPage\",\"@id\":\"https:\\\/\\\/vilagrasa.com\\\/de\\\/projekte\\\/\",\"url\":\"https:\\\/\\\/vilagrasa.com\\\/de\\\/projekte\\\/\",\"name\":\"Projekte - Vilagrasa\",\"isPartOf\":{\"@id\":\"https:\\\/\\\/vilagrasa.com\\\/de\\\/#website\"},\"datePublished\":\"2024-10-29T10:09:54+00:00\",\"dateModified\":\"2024-12-04T17:50:50+00:00\",\"breadcrumb\":{\"@id\":\"https:\\\/\\\/vilagrasa.com\\\/de\\\/projekte\\\/#breadcrumb\"},\"inLanguage\":\"de-DE\",\"potentialAction\":[{\"@type\":\"ReadAction\",\"target\":[\"https:\\\/\\\/vilagrasa.com\\\/de\\\/projekte\\\/\"]}]},{\"@type\":\"BreadcrumbList\",\"@id\":\"https:\\\/\\\/vilagrasa.com\\\/de\\\/projekte\\\/#breadcrumb\",\"itemListElement\":[{\"@type\":\"ListItem\",\"position\":1,\"name\":\"Inici\",\"item\":\"https:\\\/\\\/vilagrasa.com\\\/de\\\/\"},{\"@type\":\"ListItem\",\"position\":2,\"name\":\"Projekte\"}]},{\"@type\":\"WebSite\",\"@id\":\"https:\\\/\\\/vilagrasa.com\\\/de\\\/#website\",\"url\":\"https:\\\/\\\/vilagrasa.com\\\/de\\\/\",\"name\":\"Vilagrasa\",\"description\":\"Fabricante de mobiliario urbano - Papeleras de dise\u00f1o\",\"potentialAction\":[{\"@type\":\"SearchAction\",\"target\":{\"@type\":\"EntryPoint\",\"urlTemplate\":\"https:\\\/\\\/vilagrasa.com\\\/de\\\/?s={search_term_string}\"},\"query-input\":{\"@type\":\"PropertyValueSpecification\",\"valueRequired\":true,\"valueName\":\"search_term_string\"}}],\"inLanguage\":\"de-DE\"}]}<\/script>\n<!-- \/ Yoast SEO plugin. -->","yoast_head_json":{"title":"Projekte - Vilagrasa","robots":{"index":"index","follow":"follow","max-snippet":"max-snippet:-1","max-image-preview":"max-image-preview:large","max-video-preview":"max-video-preview:-1"},"canonical":"https:\/\/vilagrasa.com\/de\/projekte\/","og_locale":"de_DE","og_type":"article","og_title":"Projekte - Vilagrasa","og_description":"M\u00f6beldesign f\u00fcr internationale ProjekteSeit unseren Anf\u00e4ngen im Jahr 1957 sind wir bei Vilagrasa ein f\u00fchrendes Unternehmen, nicht nur in der Produktion und dem Verkauf von Designerm\u00f6beln und Accessoires f\u00fcr den Innen- und Au\u00dfenbereich, sondern auch in der Planung und Ausf\u00fchrung von Designprojekten\u00a0f\u00fcr verschiedene Branchen. Mit R\u00fccksicht auf die Umwelt und die Erleichterung des Lebens der [&hellip;]","og_url":"https:\/\/vilagrasa.com\/de\/projekte\/","og_site_name":"Vilagrasa","article_modified_time":"2024-12-04T17:50:50+00:00","twitter_card":"summary_large_image","schema":{"@context":"https:\/\/schema.org","@graph":[{"@type":"WebPage","@id":"https:\/\/vilagrasa.com\/de\/projekte\/","url":"https:\/\/vilagrasa.com\/de\/projekte\/","name":"Projekte - Vilagrasa","isPartOf":{"@id":"https:\/\/vilagrasa.com\/de\/#website"},"datePublished":"2024-10-29T10:09:54+00:00","dateModified":"2024-12-04T17:50:50+00:00","breadcrumb":{"@id":"https:\/\/vilagrasa.com\/de\/projekte\/#breadcrumb"},"inLanguage":"de-DE","potentialAction":[{"@type":"ReadAction","target":["https:\/\/vilagrasa.com\/de\/projekte\/"]}]},{"@type":"BreadcrumbList","@id":"https:\/\/vilagrasa.com\/de\/projekte\/#breadcrumb","itemListElement":[{"@type":"ListItem","position":1,"name":"Inici","item":"https:\/\/vilagrasa.com\/de\/"},{"@type":"ListItem","position":2,"name":"Projekte"}]},{"@type":"WebSite","@id":"https:\/\/vilagrasa.com\/de\/#website","url":"https:\/\/vilagrasa.com\/de\/","name":"Vilagrasa","description":"Fabricante de mobiliario urbano - Papeleras de dise\u00f1o","potentialAction":[{"@type":"SearchAction","target":{"@type":"EntryPoint","urlTemplate":"https:\/\/vilagrasa.com\/de\/?s={search_term_string}"},"query-input":{"@type":"PropertyValueSpecification","valueRequired":true,"valueName":"search_term_string"}}],"inLanguage":"de-DE"}]}},"_links":{"self":[{"href":"https:\/\/vilagrasa.com\/de\/wp-json\/wp\/v2\/pages\/250759","targetHints":{"allow":["GET"]}}],"collection":[{"href":"https:\/\/vilagrasa.com\/de\/wp-json\/wp\/v2\/pages"}],"about":[{"href":"https:\/\/vilagrasa.com\/de\/wp-json\/wp\/v2\/types\/page"}],"author":[{"embeddable":true,"href":"https:\/\/vilagrasa.com\/de\/wp-json\/wp\/v2\/users\/1"}],"replies":[{"embeddable":true,"href":"https:\/\/vilagrasa.com\/de\/wp-json\/wp\/v2\/comments?post=250759"}],"version-history":[{"count":36,"href":"https:\/\/vilagrasa.com\/de\/wp-json\/wp\/v2\/pages\/250759\/revisions"}],"predecessor-version":[{"id":252584,"href":"https:\/\/vilagrasa.com\/de\/wp-json\/wp\/v2\/pages\/250759\/revisions\/252584"}],"wp:attachment":[{"href":"https:\/\/vilagrasa.com\/de\/wp-json\/wp\/v2\/media?parent=250759"}],"curies":[{"name":"wp","href":"https:\/\/api.w.org\/{rel}","templated":true}]}}