{"id":10227,"date":"2023-07-31T10:26:30","date_gmt":"2023-07-31T09:26:30","guid":{"rendered":"https:\/\/vilagrasa.omitsisdev.com\/politica-integrada-de-calidad-y-medio-ambiente\/"},"modified":"2024-11-12T08:59:43","modified_gmt":"2024-11-12T07:59:43","slug":"politica-integrada-de-calidad-y-medio-ambiente","status":"publish","type":"page","link":"https:\/\/vilagrasa.com\/de\/politica-integrada-de-calidad-y-medio-ambiente\/","title":{"rendered":"Integrierte Qualit\u00e4ts- und Umweltpolitik"},"content":{"rendered":"<p>[et_pb_section fb_built=&#8221;1&#8243; _builder_version=&#8221;4.27.0&#8243; background_color=&#8221;#DDD7D3&#8243; global_colors_info=&#8221;{}&#8221;][et_pb_row _builder_version=&#8221;4.27.0&#8243; _module_preset=&#8221;default&#8221; global_colors_info=&#8221;{}&#8221;][et_pb_column type=&#8221;4_4&#8243; _builder_version=&#8221;4.27.0&#8243; _module_preset=&#8221;default&#8221; pac_dcm_carousel_specific_module_num=&#8221;0&#8243; global_colors_info=&#8221;{}&#8221;][et_pb_heading title=&#8221;@ET-DC@eyJkeW5hbWljIjp0cnVlLCJjb250ZW50IjoicG9zdF90aXRsZSIsInNldHRpbmdzIjp7ImJlZm9yZSI6IiIsImFmdGVyIjoiIn19@&#8221; _builder_version=&#8221;4.27.2&#8243; _dynamic_attributes=&#8221;title&#8221; _module_preset=&#8221;default&#8221; title_text_align=&#8221;left&#8221; title_text_color=&#8221;#000000&#8243; title_font_size=&#8221;70px&#8221; locked=&#8221;off&#8221; global_colors_info=&#8221;{}&#8221;][\/et_pb_heading][\/et_pb_column][\/et_pb_row][et_pb_row _builder_version=&#8221;4.16&#8243; background_size=&#8221;initial&#8221; background_position=&#8221;top_left&#8221; background_repeat=&#8221;repeat&#8221; global_colors_info=&#8221;{}&#8221;][et_pb_column type=&#8221;4_4&#8243; _builder_version=&#8221;4.16&#8243; custom_padding=&#8221;|||&#8221; pac_dcm_carousel_specific_module_num=&#8221;0&#8243; global_colors_info=&#8221;{}&#8221; custom_padding__hover=&#8221;|||&#8221;][et_pb_text _builder_version=&#8221;4.27.0&#8243; background_size=&#8221;initial&#8221; background_position=&#8221;top_left&#8221; background_repeat=&#8221;repeat&#8221; hover_enabled=&#8221;0&#8243; custom_css_main_element=&#8221;column-count:2;||column-gap: 40px;||column-rule-style: solid;||column-rule-color: #bbb;&#8221; global_colors_info=&#8221;{}&#8221; custom_css_main_element_last_edited=&#8221;on|phone&#8221; custom_css_main_element_tablet=&#8221;column-count:0;&#8221; custom_css_main_element_phone=&#8221;column-count:0;&#8221; sticky_enabled=&#8221;0&#8243;]<\/p>\n<p><em>VILAGRASA wurde 1957 als Werkstatt gegr\u00fcndet, die sich auf Metallabsto\u00dfung und Metallarbeiten im Allgemeinen spezialisierte. Im Laufe der Jahre hat sich das Unternehmen weiterentwickelt, da die Zukunft des Designs von Papierk\u00f6rben und Zubeh\u00f6r in der Analyse des Verhaltens der Menschen liegt, die sie benutzen. Unser Prozess der Konzeption und Neugestaltung jedes neuen Produkts ist das Ergebnis einer Studie der Funktion, des Nutzens und des Kontextes, was den Erfolg bei jeder seiner Implementierungen garantiert.<\/em><\/p>\n<p><em>Die Gesch\u00e4ftsleitung von VILAGRASA hat im Rahmen des integrierten Qualit\u00e4ts- und Umweltmanagementsystems die folgende integrierte Politik entwickelt und umgesetzt, die sich auf die Hauptt\u00e4tigkeit des Unternehmens st\u00fctzt, n\u00e4mlich den Entwurf, die Herstellung und den Vertrieb von M\u00f6beln f\u00fcr \u00f6ffentliche und gewerbliche R\u00e4ume, wobei der Schwerpunkt auf der Bedeutung des M\u00f6beldesigns liegt, um jede Art von Raum mit gr\u00f6\u00dferer Funktionalit\u00e4t auszustatten und das Leben unserer Kunden einfacher und ges\u00fcnder zu machen.<\/em><\/p>\n<p><em>VILAGRASA geht daher die folgenden Verpflichtungen ein:<\/em><\/p>\n<ol>\n<li>Untersuchung der Bed\u00fcrfnisse der Gesellschaft, um Produktdesigns anzubieten, die den Bed\u00fcrfnissen unserer Kunden entsprechen.<\/li>\n<li>Zusammenarbeit mit einem Netzwerk von Zulieferern, die an der Optimierung und Verbesserung der Design- und Fertigungsprozesse mitwirken.<\/li>\n<li>Einhaltung aller rechtlichen, technischen, beh\u00f6rdlichen und kundenspezifischen Anforderungen, die sich auf die technische Qualit\u00e4t der Produkte und Dienstleistungen auswirken.<\/li>\n<li>Einhaltung aller umweltrechtlichen Anforderungen, die auf unsere T\u00e4tigkeit anwendbar sind, und anderer Umweltanforderungen, die wir mit den verschiedenen interessierten Parteien vereinbaren.<\/li>\n<li>Schutz der Umwelt und Vermeidung von Umweltverschmutzung durch die F\u00f6rderung der folgenden Verpflichtungen:<\/li>\n<li>Aufstellung von Umweltkriterien f\u00fcr den Kauf von zertifiziertem Holz aus W\u00e4ldern, die nach Kriterien der Nachhaltigkeit bewirtschaftet werden.<\/li>\n<li>Festlegung von Umweltkriterien f\u00fcr den Kauf von recyceltem Aluminium, um die Auswirkungen der Rohstoffgewinnung aus der nat\u00fcrlichen Umwelt zu vermeiden und dem bereits gewonnenen Material ein zweites Leben zu geben.<\/li>\n<li>St\u00e4ndige Suche nach neuen recycelten Materialien, die technisch unseren Qualit\u00e4tsstandards entsprechen k\u00f6nnen.<\/li>\n<li>Verbesserung der Umweltleistung in Bezug auf die wesentlichen Umweltaspekte, die sich aus unserer Bewertung der Umweltaspekte ergeben.<\/li>\n<li>F\u00f6rderung der kontinuierlichen Verbesserung des Qualit\u00e4ts- und Umweltmanagementsystems durch die Festlegung von Zielen und Verbesserungsma\u00dfnahmen.<\/li>\n<\/ol>\n<p><em>Um seinen Verpflichtungen nachzukommen, verf\u00fcgt VILAGRASA \u00fcber ein Team von Fachleuten, die sich der Bedeutung der Auswirkungen ihrer Arbeit auf die kontinuierliche Verbesserung des integrierten Managementsystems und die Zufriedenheit unserer Kunden bewusst sind.<\/em><\/p>\n<p>[\/et_pb_text][\/et_pb_column][\/et_pb_row][\/et_pb_section]<\/p>\n","protected":false},"excerpt":{"rendered":"<p>[et_pb_section fb_built=&#8221;1&#8243; _builder_version=&#8221;4.27.0&#8243; background_color=&#8221;#DDD7D3&#8243; global_colors_info=&#8221;{}&#8221;][et_pb_row _builder_version=&#8221;4.27.0&#8243; _module_preset=&#8221;default&#8221; global_colors_info=&#8221;{}&#8221;][et_pb_column type=&#8221;4_4&#8243; _builder_version=&#8221;4.27.0&#8243; _module_preset=&#8221;default&#8221; pac_dcm_carousel_specific_module_num=&#8221;0&#8243; global_colors_info=&#8221;{}&#8221;][et_pb_heading title=&#8221;@ET-DC@eyJkeW5hbWljIjp0cnVlLCJjb250ZW50IjoicG9zdF90aXRsZSIsInNldHRpbmdzIjp7ImJlZm9yZSI6IiIsImFmdGVyIjoiIn19@&#8221; _builder_version=&#8221;4.27.2&#8243; _dynamic_attributes=&#8221;title&#8221; _module_preset=&#8221;default&#8221; title_text_align=&#8221;left&#8221; title_text_color=&#8221;#000000&#8243; title_font_size=&#8221;70px&#8221; locked=&#8221;off&#8221; global_colors_info=&#8221;{}&#8221;][\/et_pb_heading][\/et_pb_column][\/et_pb_row][et_pb_row _builder_version=&#8221;4.16&#8243; background_size=&#8221;initial&#8221; background_position=&#8221;top_left&#8221; background_repeat=&#8221;repeat&#8221; global_colors_info=&#8221;{}&#8221;][et_pb_column type=&#8221;4_4&#8243; _builder_version=&#8221;4.16&#8243; custom_padding=&#8221;|||&#8221; pac_dcm_carousel_specific_module_num=&#8221;0&#8243; global_colors_info=&#8221;{}&#8221; custom_padding__hover=&#8221;|||&#8221;][et_pb_text _builder_version=&#8221;4.27.0&#8243; background_size=&#8221;initial&#8221; background_position=&#8221;top_left&#8221; background_repeat=&#8221;repeat&#8221; hover_enabled=&#8221;0&#8243; custom_css_main_element=&#8221;column-count:2;||column-gap: 40px;||column-rule-style: solid;||column-rule-color: #bbb;&#8221; global_colors_info=&#8221;{}&#8221; custom_css_main_element_last_edited=&#8221;on|phone&#8221; custom_css_main_element_tablet=&#8221;column-count:0;&#8221; custom_css_main_element_phone=&#8221;column-count:0;&#8221; sticky_enabled=&#8221;0&#8243;] VILAGRASA wurde 1957 als Werkstatt gegr\u00fcndet, die sich [&hellip;]<\/p>\n","protected":false},"author":4,"featured_media":0,"parent":0,"menu_order":0,"comment_status":"closed","ping_status":"closed","template":"","meta":{"_acf_changed":false,"_et_pb_use_builder":"off","_et_pb_old_content":"","_et_gb_content_width":"","inline_featured_image":false,"footnotes":""},"class_list":["post-10227","page","type-page","status-publish","hentry"],"acf":[],"yoast_head":"<!-- This site is optimized with the Yoast SEO plugin v27.3 - https:\/\/yoast.com\/product\/yoast-seo-wordpress\/ -->\n<title>Integrierte Qualit\u00e4ts- und Umweltpolitik - Vilagrasa<\/title>\n<meta name=\"robots\" content=\"index, follow, max-snippet:-1, max-image-preview:large, max-video-preview:-1\" \/>\n<link rel=\"canonical\" href=\"https:\/\/vilagrasa.com\/de\/politica-integrada-de-calidad-y-medio-ambiente\/\" \/>\n<meta property=\"og:locale\" content=\"de_DE\" \/>\n<meta property=\"og:type\" content=\"article\" \/>\n<meta property=\"og:title\" content=\"Integrierte Qualit\u00e4ts- und Umweltpolitik - Vilagrasa\" \/>\n<meta property=\"og:description\" content=\"[et_pb_section fb_built=&#8221;1&#8243; _builder_version=&#8221;4.27.0&#8243; background_color=&#8221;#DDD7D3&#8243; global_colors_info=&#8221;{}&#8221;][et_pb_row _builder_version=&#8221;4.27.0&#8243; _module_preset=&#8221;default&#8221; global_colors_info=&#8221;{}&#8221;][et_pb_column type=&#8221;4_4&#8243; _builder_version=&#8221;4.27.0&#8243; _module_preset=&#8221;default&#8221; pac_dcm_carousel_specific_module_num=&#8221;0&#8243; global_colors_info=&#8221;{}&#8221;][et_pb_heading title=&#8221;@ET-DC@eyJkeW5hbWljIjp0cnVlLCJjb250ZW50IjoicG9zdF90aXRsZSIsInNldHRpbmdzIjp7ImJlZm9yZSI6IiIsImFmdGVyIjoiIn19@&#8221; _builder_version=&#8221;4.27.2&#8243; _dynamic_attributes=&#8221;title&#8221; _module_preset=&#8221;default&#8221; title_text_align=&#8221;left&#8221; title_text_color=&#8221;#000000&#8243; title_font_size=&#8221;70px&#8221; locked=&#8221;off&#8221; global_colors_info=&#8221;{}&#8221;][\/et_pb_heading][\/et_pb_column][\/et_pb_row][et_pb_row _builder_version=&#8221;4.16&#8243; background_size=&#8221;initial&#8221; background_position=&#8221;top_left&#8221; background_repeat=&#8221;repeat&#8221; global_colors_info=&#8221;{}&#8221;][et_pb_column type=&#8221;4_4&#8243; _builder_version=&#8221;4.16&#8243; custom_padding=&#8221;|||&#8221; pac_dcm_carousel_specific_module_num=&#8221;0&#8243; global_colors_info=&#8221;{}&#8221; custom_padding__hover=&#8221;|||&#8221;][et_pb_text _builder_version=&#8221;4.27.0&#8243; background_size=&#8221;initial&#8221; background_position=&#8221;top_left&#8221; background_repeat=&#8221;repeat&#8221; hover_enabled=&#8221;0&#8243; custom_css_main_element=&#8221;column-count:2;||column-gap: 40px;||column-rule-style: solid;||column-rule-color: #bbb;&#8221; global_colors_info=&#8221;{}&#8221; custom_css_main_element_last_edited=&#8221;on|phone&#8221; custom_css_main_element_tablet=&#8221;column-count:0;&#8221; custom_css_main_element_phone=&#8221;column-count:0;&#8221; sticky_enabled=&#8221;0&#8243;] VILAGRASA wurde 1957 als Werkstatt gegr\u00fcndet, die sich [&hellip;]\" \/>\n<meta property=\"og:url\" content=\"https:\/\/vilagrasa.com\/de\/politica-integrada-de-calidad-y-medio-ambiente\/\" \/>\n<meta property=\"og:site_name\" content=\"Vilagrasa\" \/>\n<meta property=\"article:modified_time\" content=\"2024-11-12T07:59:43+00:00\" \/>\n<meta name=\"twitter:card\" content=\"summary_large_image\" \/>\n<script type=\"application\/ld+json\" class=\"yoast-schema-graph\">{\"@context\":\"https:\\\/\\\/schema.org\",\"@graph\":[{\"@type\":\"WebPage\",\"@id\":\"https:\\\/\\\/vilagrasa.com\\\/de\\\/politica-integrada-de-calidad-y-medio-ambiente\\\/\",\"url\":\"https:\\\/\\\/vilagrasa.com\\\/de\\\/politica-integrada-de-calidad-y-medio-ambiente\\\/\",\"name\":\"Integrierte Qualit\u00e4ts- und Umweltpolitik - Vilagrasa\",\"isPartOf\":{\"@id\":\"https:\\\/\\\/vilagrasa.com\\\/de\\\/#website\"},\"datePublished\":\"2023-07-31T09:26:30+00:00\",\"dateModified\":\"2024-11-12T07:59:43+00:00\",\"breadcrumb\":{\"@id\":\"https:\\\/\\\/vilagrasa.com\\\/de\\\/politica-integrada-de-calidad-y-medio-ambiente\\\/#breadcrumb\"},\"inLanguage\":\"de-DE\",\"potentialAction\":[{\"@type\":\"ReadAction\",\"target\":[\"https:\\\/\\\/vilagrasa.com\\\/de\\\/politica-integrada-de-calidad-y-medio-ambiente\\\/\"]}]},{\"@type\":\"BreadcrumbList\",\"@id\":\"https:\\\/\\\/vilagrasa.com\\\/de\\\/politica-integrada-de-calidad-y-medio-ambiente\\\/#breadcrumb\",\"itemListElement\":[{\"@type\":\"ListItem\",\"position\":1,\"name\":\"Inici\",\"item\":\"https:\\\/\\\/vilagrasa.com\\\/de\\\/\"},{\"@type\":\"ListItem\",\"position\":2,\"name\":\"Integrierte Qualit\u00e4ts- und Umweltpolitik\"}]},{\"@type\":\"WebSite\",\"@id\":\"https:\\\/\\\/vilagrasa.com\\\/de\\\/#website\",\"url\":\"https:\\\/\\\/vilagrasa.com\\\/de\\\/\",\"name\":\"Vilagrasa\",\"description\":\"Fabricante de mobiliario urbano - Papeleras de dise\u00f1o\",\"potentialAction\":[{\"@type\":\"SearchAction\",\"target\":{\"@type\":\"EntryPoint\",\"urlTemplate\":\"https:\\\/\\\/vilagrasa.com\\\/de\\\/?s={search_term_string}\"},\"query-input\":{\"@type\":\"PropertyValueSpecification\",\"valueRequired\":true,\"valueName\":\"search_term_string\"}}],\"inLanguage\":\"de-DE\"}]}<\/script>\n<!-- \/ Yoast SEO plugin. -->","yoast_head_json":{"title":"Integrierte Qualit\u00e4ts- und Umweltpolitik - Vilagrasa","robots":{"index":"index","follow":"follow","max-snippet":"max-snippet:-1","max-image-preview":"max-image-preview:large","max-video-preview":"max-video-preview:-1"},"canonical":"https:\/\/vilagrasa.com\/de\/politica-integrada-de-calidad-y-medio-ambiente\/","og_locale":"de_DE","og_type":"article","og_title":"Integrierte Qualit\u00e4ts- und Umweltpolitik - Vilagrasa","og_description":"[et_pb_section fb_built=&#8221;1&#8243; _builder_version=&#8221;4.27.0&#8243; background_color=&#8221;#DDD7D3&#8243; global_colors_info=&#8221;{}&#8221;][et_pb_row _builder_version=&#8221;4.27.0&#8243; _module_preset=&#8221;default&#8221; global_colors_info=&#8221;{}&#8221;][et_pb_column type=&#8221;4_4&#8243; _builder_version=&#8221;4.27.0&#8243; _module_preset=&#8221;default&#8221; pac_dcm_carousel_specific_module_num=&#8221;0&#8243; global_colors_info=&#8221;{}&#8221;][et_pb_heading title=&#8221;@ET-DC@eyJkeW5hbWljIjp0cnVlLCJjb250ZW50IjoicG9zdF90aXRsZSIsInNldHRpbmdzIjp7ImJlZm9yZSI6IiIsImFmdGVyIjoiIn19@&#8221; _builder_version=&#8221;4.27.2&#8243; _dynamic_attributes=&#8221;title&#8221; _module_preset=&#8221;default&#8221; title_text_align=&#8221;left&#8221; title_text_color=&#8221;#000000&#8243; title_font_size=&#8221;70px&#8221; locked=&#8221;off&#8221; global_colors_info=&#8221;{}&#8221;][\/et_pb_heading][\/et_pb_column][\/et_pb_row][et_pb_row _builder_version=&#8221;4.16&#8243; background_size=&#8221;initial&#8221; background_position=&#8221;top_left&#8221; background_repeat=&#8221;repeat&#8221; global_colors_info=&#8221;{}&#8221;][et_pb_column type=&#8221;4_4&#8243; _builder_version=&#8221;4.16&#8243; custom_padding=&#8221;|||&#8221; pac_dcm_carousel_specific_module_num=&#8221;0&#8243; global_colors_info=&#8221;{}&#8221; custom_padding__hover=&#8221;|||&#8221;][et_pb_text _builder_version=&#8221;4.27.0&#8243; background_size=&#8221;initial&#8221; background_position=&#8221;top_left&#8221; background_repeat=&#8221;repeat&#8221; hover_enabled=&#8221;0&#8243; custom_css_main_element=&#8221;column-count:2;||column-gap: 40px;||column-rule-style: solid;||column-rule-color: #bbb;&#8221; global_colors_info=&#8221;{}&#8221; custom_css_main_element_last_edited=&#8221;on|phone&#8221; custom_css_main_element_tablet=&#8221;column-count:0;&#8221; custom_css_main_element_phone=&#8221;column-count:0;&#8221; sticky_enabled=&#8221;0&#8243;] VILAGRASA wurde 1957 als Werkstatt gegr\u00fcndet, die sich [&hellip;]","og_url":"https:\/\/vilagrasa.com\/de\/politica-integrada-de-calidad-y-medio-ambiente\/","og_site_name":"Vilagrasa","article_modified_time":"2024-11-12T07:59:43+00:00","twitter_card":"summary_large_image","schema":{"@context":"https:\/\/schema.org","@graph":[{"@type":"WebPage","@id":"https:\/\/vilagrasa.com\/de\/politica-integrada-de-calidad-y-medio-ambiente\/","url":"https:\/\/vilagrasa.com\/de\/politica-integrada-de-calidad-y-medio-ambiente\/","name":"Integrierte Qualit\u00e4ts- und Umweltpolitik - Vilagrasa","isPartOf":{"@id":"https:\/\/vilagrasa.com\/de\/#website"},"datePublished":"2023-07-31T09:26:30+00:00","dateModified":"2024-11-12T07:59:43+00:00","breadcrumb":{"@id":"https:\/\/vilagrasa.com\/de\/politica-integrada-de-calidad-y-medio-ambiente\/#breadcrumb"},"inLanguage":"de-DE","potentialAction":[{"@type":"ReadAction","target":["https:\/\/vilagrasa.com\/de\/politica-integrada-de-calidad-y-medio-ambiente\/"]}]},{"@type":"BreadcrumbList","@id":"https:\/\/vilagrasa.com\/de\/politica-integrada-de-calidad-y-medio-ambiente\/#breadcrumb","itemListElement":[{"@type":"ListItem","position":1,"name":"Inici","item":"https:\/\/vilagrasa.com\/de\/"},{"@type":"ListItem","position":2,"name":"Integrierte Qualit\u00e4ts- und Umweltpolitik"}]},{"@type":"WebSite","@id":"https:\/\/vilagrasa.com\/de\/#website","url":"https:\/\/vilagrasa.com\/de\/","name":"Vilagrasa","description":"Fabricante de mobiliario urbano - Papeleras de dise\u00f1o","potentialAction":[{"@type":"SearchAction","target":{"@type":"EntryPoint","urlTemplate":"https:\/\/vilagrasa.com\/de\/?s={search_term_string}"},"query-input":{"@type":"PropertyValueSpecification","valueRequired":true,"valueName":"search_term_string"}}],"inLanguage":"de-DE"}]}},"_links":{"self":[{"href":"https:\/\/vilagrasa.com\/de\/wp-json\/wp\/v2\/pages\/10227","targetHints":{"allow":["GET"]}}],"collection":[{"href":"https:\/\/vilagrasa.com\/de\/wp-json\/wp\/v2\/pages"}],"about":[{"href":"https:\/\/vilagrasa.com\/de\/wp-json\/wp\/v2\/types\/page"}],"author":[{"embeddable":true,"href":"https:\/\/vilagrasa.com\/de\/wp-json\/wp\/v2\/users\/4"}],"replies":[{"embeddable":true,"href":"https:\/\/vilagrasa.com\/de\/wp-json\/wp\/v2\/comments?post=10227"}],"version-history":[{"count":5,"href":"https:\/\/vilagrasa.com\/de\/wp-json\/wp\/v2\/pages\/10227\/revisions"}],"predecessor-version":[{"id":251242,"href":"https:\/\/vilagrasa.com\/de\/wp-json\/wp\/v2\/pages\/10227\/revisions\/251242"}],"wp:attachment":[{"href":"https:\/\/vilagrasa.com\/de\/wp-json\/wp\/v2\/media?parent=10227"}],"curies":[{"name":"wp","href":"https:\/\/api.w.org\/{rel}","templated":true}]}}